{"id":9298,"date":"2018-07-21T11:19:32","date_gmt":"2018-07-21T11:19:32","guid":{"rendered":"https:\/\/lagh-univ.dz\/technologie-departement-electrotechnique-formations-master\/"},"modified":"2019-12-15T06:57:25","modified_gmt":"2019-12-15T08:57:25","slug":"technologie-departement-electrotechnique-formations-master","status":"publish","type":"page","link":"https:\/\/lagh-univ.dz\/fr\/technologie-departement-electrotechnique\/technologie-departement-electrotechnique-formations-master\/","title":{"rendered":"Technologie-Departement- \u00e9lectrotechnique- formations-master"},"content":{"rendered":"<p>&nbsp;<\/p>\n<p><img decoding=\"async\" class=\"wp-image-20851 alignleft\" src=\"https:\/\/lagh-univ.dz\/wp-content\/uploads\/2019\/12\/img.jpg\" alt=\"\" width=\"91\" height=\"96\" \/><\/p>\n<table class=\" alignleft\" style=\"height: 378px;width: 490px\" width=\"558\">\n<tbody>\n<tr style=\"height: 52px\">\n<td style=\"background-color: #f2c613;height: 52px;width: 222.708px;text-align: left\"><strong><span style=\"font-family: 'Book Antiqua', Palatino;font-size: 14pt\">fili\u00e8re<\/span><\/strong><\/td>\n<td style=\"background-color: #f2c613;height: 52px;width: 256.042px;text-align: left\"><strong><span style=\"font-family: 'Book Antiqua', Palatino;font-size: 14pt\">sp\u00e9cialit\u00e9<\/span><\/strong><\/td>\n<\/tr>\n<tr style=\"height: 52px\">\n<td style=\"height: 208px;width: 222.708px;text-align: left\" rowspan=\"4\"><span style=\"font-family: 'Book Antiqua', Palatino;font-size: 14pt\">\u00c9lectrotechnique<\/span><\/td>\n<td style=\"height: 52px;width: 256.042px;text-align: left\"><span style=\"font-family: 'Book Antiqua', Palatino;font-size: 14pt\">R\u00e9seaux \u00e9lectrique<\/span><\/td>\n<\/tr>\n<tr style=\"height: 52px\">\n<td style=\"height: 52px;width: 256.042px;text-align: left\"><span style=\"font-family: 'Book Antiqua', Palatino;font-size: 14pt\">Commande \u00e9lectrique<\/span><\/td>\n<\/tr>\n<tr style=\"height: 52px\">\n<td style=\"height: 52px;width: 256.042px;text-align: left\"><span style=\"font-family: 'Book Antiqua', Palatino;font-size: 14pt\">Machines \u00e9lectrique<\/span><\/td>\n<\/tr>\n<tr style=\"height: 52px\">\n<td style=\"height: 52px;width: 256.042px;text-align: left\"><span style=\"font-family: 'Book Antiqua', Palatino;font-size: 14pt\">\u00c9lectrotechnique industrielle<\/span><\/td>\n<\/tr>\n<tr style=\"height: 52px\">\n<td style=\"height: 52px;width: 222.708px;text-align: left\"><span style=\"font-family: 'Book Antiqua', Palatino;font-size: 14pt\">Automatique<\/span><\/td>\n<td style=\"height: 52px;width: 256.042px;text-align: left\"><span style=\"font-family: 'Book Antiqua', Palatino;font-size: 14pt\">Automatique et syst\u00e8me<\/span><\/td>\n<\/tr>\n<tr style=\"height: 52px\">\n<td style=\"height: 52px;width: 222.708px;text-align: left\"><span style=\"font-family: 'Book Antiqua', Palatino;font-size: 14pt\">\u00c9lectrom\u00e9canique<\/span><\/td>\n<td style=\"height: 52px;width: 256.042px;text-align: left\"><span style=\"font-family: 'Book Antiqua', Palatino;font-size: 14pt\">\u00c9lectrom\u00e9canique<\/span><\/td>\n<\/tr>\n<\/tbody>\n<\/table>\n","protected":false},"excerpt":{"rendered":"<p>&nbsp; fili\u00e8re sp\u00e9cialit\u00e9 \u00c9lectrotechnique R\u00e9seaux \u00e9lectrique Commande \u00e9lectrique Machines \u00e9lectrique \u00c9lectrotechnique industrielle Automatique Automatique et syst\u00e8me \u00c9lectrom\u00e9canique \u00c9lectrom\u00e9canique<\/p>\n","protected":false},"author":13,"featured_media":0,"parent":9221,"menu_order":0,"comment_status":"closed","ping_status":"closed","template":"elementor_header_footer","meta":{"_exactmetrics_skip_tracking":false,"_exactmetrics_sitenote_active":false,"_exactmetrics_sitenote_note":"","_exactmetrics_sitenote_category":0,"footnotes":""},"coauthors":[533],"class_list":["post-9298","page","type-page","status-publish","hentry"],"_links":{"self":[{"href":"https:\/\/lagh-univ.dz\/fr\/wp-json\/wp\/v2\/pages\/9298","targetHints":{"allow":["GET"]}}],"collection":[{"href":"https:\/\/lagh-univ.dz\/fr\/wp-json\/wp\/v2\/pages"}],"about":[{"href":"https:\/\/lagh-univ.dz\/fr\/wp-json\/wp\/v2\/types\/page"}],"author":[{"embeddable":true,"href":"https:\/\/lagh-univ.dz\/fr\/wp-json\/wp\/v2\/users\/13"}],"replies":[{"embeddable":true,"href":"https:\/\/lagh-univ.dz\/fr\/wp-json\/wp\/v2\/comments?post=9298"}],"version-history":[{"count":6,"href":"https:\/\/lagh-univ.dz\/fr\/wp-json\/wp\/v2\/pages\/9298\/revisions"}],"predecessor-version":[{"id":20865,"href":"https:\/\/lagh-univ.dz\/fr\/wp-json\/wp\/v2\/pages\/9298\/revisions\/20865"}],"up":[{"embeddable":true,"href":"https:\/\/lagh-univ.dz\/fr\/wp-json\/wp\/v2\/pages\/9221"}],"wp:attachment":[{"href":"https:\/\/lagh-univ.dz\/fr\/wp-json\/wp\/v2\/media?parent=9298"}],"wp:term":[{"taxonomy":"author","embeddable":true,"href":"https:\/\/lagh-univ.dz\/fr\/wp-json\/wp\/v2\/coauthors?post=9298"}],"curies":[{"name":"wp","href":"https:\/\/api.w.org\/{rel}","templated":true}]}}