{"id":9304,"date":"2018-07-21T11:17:52","date_gmt":"2018-07-21T11:17:52","guid":{"rendered":"https:\/\/lagh-univ.dz\/technologie-departement-electronique-administration\/"},"modified":"2019-12-16T06:33:01","modified_gmt":"2019-12-16T08:33:01","slug":"technologie-departement-electronique-administration","status":"publish","type":"page","link":"https:\/\/lagh-univ.dz\/fr\/technologie-departement-electronique\/technologie-departement-electronique-administration\/","title":{"rendered":"Technologie-Departement- Electronique-administration"},"content":{"rendered":"<p>&nbsp;<\/p>\n<table style=\"width: 939px;height: 163px\">\n<tbody>\n<tr style=\"height: 50px\">\n<td style=\"width: 374.931px;background-color: #f0ad05;text-align: left;height: 50px\"><span style=\"font-family: 'Book Antiqua', Palatino;font-size: 14pt\"><strong>Chef du D\u00e9partement<\/strong><\/span><\/td>\n<td style=\"width: 552.708px;background-color: #f0ad05;text-align: left;height: 50px\"><span style=\"font-family: 'Book Antiqua', Palatino;font-size: 14pt\"><strong>Adjoint Chef du D\u00e9partement Charg\u00e9 des \u00c9tudes de Graduation<\/strong><\/span><\/td>\n<\/tr>\n<tr style=\"height: 113px\">\n<td style=\"width: 374.931px;text-align: right;height: 113px\">\n<ul>\n<li style=\"text-align: left\"><span style=\"font-family: 'Book Antiqua', Palatino;font-size: 14pt\">MERAH Lahcen<\/span><\/li>\n<li style=\"text-align: left\"><span style=\"font-family: 'Book Antiqua', Palatino;font-size: 14pt\">Email: <span style=\"color: #3366ff\">l.merah@lagh-univ.dz<\/span><\/span><\/li>\n<li style=\"text-align: left\"><span style=\"font-family: 'Book Antiqua', Palatino;font-size: 14pt\">Tel : 029115258\/130\u00a0<\/span><\/li>\n<\/ul>\n<\/td>\n<td style=\"width: 552.708px;text-align: right;height: 113px\">\n<ul>\n<li style=\"text-align: left\"><span style=\"font-family: 'Book Antiqua', Palatino;font-size: 14pt\">DELASSI Mustapha<\/span><\/li>\n<li style=\"text-align: left\"><span style=\"font-family: 'Book Antiqua', Palatino;font-size: 14pt\">Email:<span style=\"color: #3366ff\">mu.delassi@lagh-univ.dz<\/span><\/span><\/li>\n<li style=\"text-align: left\"><span style=\"font-family: 'Book Antiqua', Palatino;font-size: 14pt\">Tel : 029115258\/137<\/span><\/li>\n<\/ul>\n<\/td>\n<\/tr>\n<\/tbody>\n<\/table>\n","protected":false},"excerpt":{"rendered":"<p>&nbsp; Chef du D\u00e9partement Adjoint Chef du D\u00e9partement Charg\u00e9 des \u00c9tudes de Graduation MERAH Lahcen Email: l.merah@lagh-univ.dz Tel : 029115258\/130\u00a0 DELASSI Mustapha Email:mu.delassi@lagh-univ.dz Tel : 029115258\/137<\/p>\n","protected":false},"author":13,"featured_media":0,"parent":9223,"menu_order":0,"comment_status":"closed","ping_status":"closed","template":"elementor_header_footer","meta":{"_exactmetrics_skip_tracking":false,"_exactmetrics_sitenote_active":false,"_exactmetrics_sitenote_note":"","_exactmetrics_sitenote_category":0,"footnotes":""},"coauthors":[533],"class_list":["post-9304","page","type-page","status-publish","hentry"],"_links":{"self":[{"href":"https:\/\/lagh-univ.dz\/fr\/wp-json\/wp\/v2\/pages\/9304","targetHints":{"allow":["GET"]}}],"collection":[{"href":"https:\/\/lagh-univ.dz\/fr\/wp-json\/wp\/v2\/pages"}],"about":[{"href":"https:\/\/lagh-univ.dz\/fr\/wp-json\/wp\/v2\/types\/page"}],"author":[{"embeddable":true,"href":"https:\/\/lagh-univ.dz\/fr\/wp-json\/wp\/v2\/users\/13"}],"replies":[{"embeddable":true,"href":"https:\/\/lagh-univ.dz\/fr\/wp-json\/wp\/v2\/comments?post=9304"}],"version-history":[{"count":6,"href":"https:\/\/lagh-univ.dz\/fr\/wp-json\/wp\/v2\/pages\/9304\/revisions"}],"predecessor-version":[{"id":20930,"href":"https:\/\/lagh-univ.dz\/fr\/wp-json\/wp\/v2\/pages\/9304\/revisions\/20930"}],"up":[{"embeddable":true,"href":"https:\/\/lagh-univ.dz\/fr\/wp-json\/wp\/v2\/pages\/9223"}],"wp:attachment":[{"href":"https:\/\/lagh-univ.dz\/fr\/wp-json\/wp\/v2\/media?parent=9304"}],"wp:term":[{"taxonomy":"author","embeddable":true,"href":"https:\/\/lagh-univ.dz\/fr\/wp-json\/wp\/v2\/coauthors?post=9304"}],"curies":[{"name":"wp","href":"https:\/\/api.w.org\/{rel}","templated":true}]}}