{"id":9332,"date":"2018-07-21T11:18:42","date_gmt":"2018-07-21T11:18:42","guid":{"rendered":"https:\/\/lagh-univ.dz\/technologie-departement-genie-des-procedes-formations-licence\/"},"modified":"2019-12-04T07:33:13","modified_gmt":"2019-12-04T09:33:13","slug":"technologie-departement-genie-des-procedes-formations-licence","status":"publish","type":"page","link":"https:\/\/lagh-univ.dz\/fr\/technologie-departement-genie-des-procedes\/technologie-departement-genie-des-procedes-formations-licence\/","title":{"rendered":"Technologie-Departement- g\u00e9nie des proc\u00e9d\u00e9s-formations -licence"},"content":{"rendered":"<table class=\" alignleft\" style=\"height: 45px;width: 533px\" width=\"442\">\n<tbody>\n<tr style=\"height: 44px\">\n<td dir=\"rtl\" style=\"width: 523px;background-color: #f5bc11;border-color: #e88307;height: 44px;text-align: left\"><span style=\"font-family: 'Book Antiqua', Palatino;font-size: 14pt;color: #000000\">les fili\u00e8res et les sp\u00e9cialit\u00e9s licence en G\u00e9nie des Proc\u00e9d\u00e9s\u00a0 <u><br \/>\n<\/u><\/span><\/td>\n<\/tr>\n<\/tbody>\n<\/table>\n<p>&nbsp;<\/p>\n<table class=\"alignleft\" style=\"width: 558px\" border=\"1\" width=\"558\">\n<tbody>\n<tr>\n<td dir=\"ltr\" style=\"background-color: #1f7adb;border-color: #faf7f7;border-style: solid\" width=\"272\" height=\"40\"><span style=\"color: #ffffff;font-family: 'Book Antiqua', Palatino;font-size: 14pt\"><strong>fili\u00e8re<\/strong><\/span><\/td>\n<td dir=\"ltr\" style=\"background-color: #1f7adb;border-color: #faf7f7;border-style: solid\" width=\"286\"><span style=\"color: #ffffff;font-family: 'Book Antiqua', Palatino;font-size: 14pt\"><strong>sp\u00e9cialit\u00e9<\/strong><\/span><\/td>\n<\/tr>\n<tr>\n<td dir=\"ltr\" width=\"272\" height=\"20\"><span style=\"font-family: 'Book Antiqua', Palatino;font-size: 14pt\">Hygi\u00e8ne et s\u00e9curit\u00e9 industrielle<\/span><\/td>\n<td dir=\"ltr\" width=\"286\" height=\"20\"><span style=\"font-family: 'Book Antiqua', Palatino;font-size: 14pt\">Hygi\u00e8ne et s\u00e9curit\u00e9 industrielle<\/span><\/td>\n<\/tr>\n<tr>\n<td dir=\"ltr\" width=\"272\" height=\"20\"><span style=\"font-family: 'Book Antiqua', Palatino;font-size: 14pt\">Industriels P\u00e9trochimiques<\/span><\/td>\n<td dir=\"ltr\" width=\"286\" height=\"20\"><span style=\"font-family: 'Book Antiqua', Palatino;font-size: 14pt\">Raffinage et P\u00e9trochimie<\/span><\/td>\n<\/tr>\n<tr>\n<td dir=\"ltr\" width=\"272\" height=\"20\"><span style=\"font-family: 'Book Antiqua', Palatino;font-size: 14pt\">Hydrocarbures<\/span><\/td>\n<td dir=\"ltr\" width=\"286\" height=\"20\"><span style=\"font-family: 'Book Antiqua', Palatino;font-size: 14pt\">Hydrocarbures<\/span><\/td>\n<\/tr>\n<\/tbody>\n<\/table>\n","protected":false},"excerpt":{"rendered":"<p>les fili\u00e8res et les sp\u00e9cialit\u00e9s licence en G\u00e9nie des Proc\u00e9d\u00e9s\u00a0 &nbsp; fili\u00e8re sp\u00e9cialit\u00e9 Hygi\u00e8ne et s\u00e9curit\u00e9 industrielle Hygi\u00e8ne et s\u00e9curit\u00e9 industrielle Industriels P\u00e9trochimiques Raffinage et P\u00e9trochimie Hydrocarbures Hydrocarbures<\/p>\n","protected":false},"author":13,"featured_media":0,"parent":9225,"menu_order":0,"comment_status":"closed","ping_status":"closed","template":"elementor_header_footer","meta":{"_exactmetrics_skip_tracking":false,"_exactmetrics_sitenote_active":false,"_exactmetrics_sitenote_note":"","_exactmetrics_sitenote_category":0,"footnotes":""},"coauthors":[533],"class_list":["post-9332","page","type-page","status-publish","hentry"],"_links":{"self":[{"href":"https:\/\/lagh-univ.dz\/fr\/wp-json\/wp\/v2\/pages\/9332","targetHints":{"allow":["GET"]}}],"collection":[{"href":"https:\/\/lagh-univ.dz\/fr\/wp-json\/wp\/v2\/pages"}],"about":[{"href":"https:\/\/lagh-univ.dz\/fr\/wp-json\/wp\/v2\/types\/page"}],"author":[{"embeddable":true,"href":"https:\/\/lagh-univ.dz\/fr\/wp-json\/wp\/v2\/users\/13"}],"replies":[{"embeddable":true,"href":"https:\/\/lagh-univ.dz\/fr\/wp-json\/wp\/v2\/comments?post=9332"}],"version-history":[{"count":9,"href":"https:\/\/lagh-univ.dz\/fr\/wp-json\/wp\/v2\/pages\/9332\/revisions"}],"predecessor-version":[{"id":20160,"href":"https:\/\/lagh-univ.dz\/fr\/wp-json\/wp\/v2\/pages\/9332\/revisions\/20160"}],"up":[{"embeddable":true,"href":"https:\/\/lagh-univ.dz\/fr\/wp-json\/wp\/v2\/pages\/9225"}],"wp:attachment":[{"href":"https:\/\/lagh-univ.dz\/fr\/wp-json\/wp\/v2\/media?parent=9332"}],"wp:term":[{"taxonomy":"author","embeddable":true,"href":"https:\/\/lagh-univ.dz\/fr\/wp-json\/wp\/v2\/coauthors?post=9332"}],"curies":[{"name":"wp","href":"https:\/\/api.w.org\/{rel}","templated":true}]}}