{"id":9334,"date":"2018-07-21T11:19:19","date_gmt":"2018-07-21T11:19:19","guid":{"rendered":"https:\/\/lagh-univ.dz\/technologie-departement-genie-des-procedes-formations-master\/"},"modified":"2019-12-04T07:45:39","modified_gmt":"2019-12-04T09:45:39","slug":"technologie-departement-genie-des-procedes-formations-master","status":"publish","type":"page","link":"https:\/\/lagh-univ.dz\/fr\/technologie-departement-genie-des-procedes\/technologie-departement-genie-des-procedes-formations-master\/","title":{"rendered":"Technologie-Departement- g\u00e9nie des proc\u00e9d\u00e9s-formations -master"},"content":{"rendered":"<table class=\" alignleft\" style=\"height: 45px;width: 533px\" width=\"442\">\n<tbody>\n<tr style=\"height: 44px\">\n<td dir=\"rtl\" style=\"width: 523px;background-color: #f5bc11;border-color: #e88307;height: 44px;text-align: left\"><span style=\"font-family: 'Book Antiqua', Palatino;font-size: 14pt;color: #000000\">les fili\u00e8res et les sp\u00e9cialit\u00e9s de Master en G\u00e9nie des Proc\u00e9d\u00e9s\u00a0 <u><br \/>\n<\/u><\/span><\/td>\n<\/tr>\n<\/tbody>\n<\/table>\n<p>.<\/p>\n<p>&nbsp;<\/p>\n<table class=\"aligncenter\" style=\"width: 659px;height: 264px\" border=\"1\" width=\"621\">\n<tbody>\n<tr>\n<td style=\"width: 322px;text-align: left;background-color: #11abed\"><span style=\"color: #ffffff;font-family: 'Book Antiqua', Palatino;font-size: 14pt\"><strong>fili\u00e8re<\/strong><\/span><\/td>\n<td style=\"width: 321px;text-align: left;background-color: #11abed\"><span style=\"color: #ffffff;font-family: 'Book Antiqua', Palatino;font-size: 14pt\"><strong>sp\u00e9cialit\u00e9<\/strong><\/span><\/td>\n<\/tr>\n<tr>\n<td style=\"width: 322px;text-align: left;vertical-align: middle\" rowspan=\"3\"><span style=\"font-family: 'Book Antiqua', Palatino;font-size: 14pt\">G\u00e9nie des proc\u00e9d\u00e9s<\/span><\/td>\n<td style=\"width: 321px;text-align: left\" height=\"20\"><span style=\"font-family: 'Book Antiqua', Palatino;font-size: 14pt\">G\u00e9nie Chimique<\/span><\/td>\n<\/tr>\n<tr>\n<td style=\"width: 321px;text-align: left\" height=\"20\"><span style=\"font-family: 'Book Antiqua', Palatino;font-size: 14pt\">G\u00e9nie des Proc\u00e9d\u00e9s pharmaceutiques<\/span><\/td>\n<\/tr>\n<tr>\n<td style=\"width: 321px;text-align: left\" height=\"20\"><span style=\"font-family: 'Book Antiqua', Palatino;font-size: 14pt\">G\u00e9nie des Proc\u00e9d\u00e9s des mat\u00e9riaux<\/span><\/td>\n<\/tr>\n<tr>\n<td style=\"width: 322px;text-align: left\"><span style=\"font-family: 'Book Antiqua', Palatino;font-size: 14pt\">Sciences et g\u00e9nie de l\u2019environnement<\/span><\/td>\n<td style=\"width: 321px;text-align: left\"><span style=\"font-family: 'Book Antiqua', Palatino;font-size: 14pt\">G\u00e9nie des proc\u00e9d\u00e9s de l\u2019environnement<\/span><\/td>\n<\/tr>\n<tr>\n<td style=\"width: 322px;text-align: left\"><span style=\"font-family: 'Book Antiqua', Palatino;font-size: 14pt\">hydrocarbure<\/span><\/td>\n<td style=\"width: 321px;text-align: left\" height=\"20\"><span style=\"font-family: 'Book Antiqua', Palatino;font-size: 14pt\">hydrocarbure<\/span><\/td>\n<\/tr>\n<tr>\n<td style=\"width: 322px;text-align: left\" height=\"20\"><span style=\"font-family: 'Book Antiqua', Palatino;font-size: 14pt\">Industries P\u00e9trochimiques<\/span><\/td>\n<td dir=\"ltr\" style=\"width: 321px;text-align: left\" height=\"20\"><span style=\"font-family: 'Book Antiqua', Palatino;font-size: 14pt\">P\u00e9trochimie<\/span><\/td>\n<\/tr>\n<\/tbody>\n<\/table>\n","protected":false},"excerpt":{"rendered":"<p>les fili\u00e8res et les sp\u00e9cialit\u00e9s de Master en G\u00e9nie des Proc\u00e9d\u00e9s\u00a0 . &nbsp; fili\u00e8re sp\u00e9cialit\u00e9 G\u00e9nie des proc\u00e9d\u00e9s G\u00e9nie Chimique G\u00e9nie des Proc\u00e9d\u00e9s pharmaceutiques G\u00e9nie des Proc\u00e9d\u00e9s des mat\u00e9riaux Sciences et g\u00e9nie de l\u2019environnement G\u00e9nie des proc\u00e9d\u00e9s de l\u2019environnement hydrocarbure hydrocarbure Industries P\u00e9trochimiques P\u00e9trochimie<\/p>\n","protected":false},"author":13,"featured_media":0,"parent":9225,"menu_order":0,"comment_status":"closed","ping_status":"closed","template":"elementor_header_footer","meta":{"_exactmetrics_skip_tracking":false,"_exactmetrics_sitenote_active":false,"_exactmetrics_sitenote_note":"","_exactmetrics_sitenote_category":0,"footnotes":""},"coauthors":[533],"class_list":["post-9334","page","type-page","status-publish","hentry"],"_links":{"self":[{"href":"https:\/\/lagh-univ.dz\/fr\/wp-json\/wp\/v2\/pages\/9334","targetHints":{"allow":["GET"]}}],"collection":[{"href":"https:\/\/lagh-univ.dz\/fr\/wp-json\/wp\/v2\/pages"}],"about":[{"href":"https:\/\/lagh-univ.dz\/fr\/wp-json\/wp\/v2\/types\/page"}],"author":[{"embeddable":true,"href":"https:\/\/lagh-univ.dz\/fr\/wp-json\/wp\/v2\/users\/13"}],"replies":[{"embeddable":true,"href":"https:\/\/lagh-univ.dz\/fr\/wp-json\/wp\/v2\/comments?post=9334"}],"version-history":[{"count":8,"href":"https:\/\/lagh-univ.dz\/fr\/wp-json\/wp\/v2\/pages\/9334\/revisions"}],"predecessor-version":[{"id":20169,"href":"https:\/\/lagh-univ.dz\/fr\/wp-json\/wp\/v2\/pages\/9334\/revisions\/20169"}],"up":[{"embeddable":true,"href":"https:\/\/lagh-univ.dz\/fr\/wp-json\/wp\/v2\/pages\/9225"}],"wp:attachment":[{"href":"https:\/\/lagh-univ.dz\/fr\/wp-json\/wp\/v2\/media?parent=9334"}],"wp:term":[{"taxonomy":"author","embeddable":true,"href":"https:\/\/lagh-univ.dz\/fr\/wp-json\/wp\/v2\/coauthors?post=9334"}],"curies":[{"name":"wp","href":"https:\/\/api.w.org\/{rel}","templated":true}]}}