{"id":9362,"date":"2018-07-21T11:21:57","date_gmt":"2018-07-21T11:21:57","guid":{"rendered":"https:\/\/lagh-univ.dz\/science-departement-agronomie\/"},"modified":"2020-02-18T17:37:01","modified_gmt":"2020-02-18T19:37:01","slug":"science-departement-agronomie","status":"publish","type":"page","link":"https:\/\/lagh-univ.dz\/fr\/science-departement-agronomie\/","title":{"rendered":"Science-Departement- Agronomie"},"content":{"rendered":"<p dir=\"ltr\"><img fetchpriority=\"high\" decoding=\"async\" class=\"aligncenter wp-image-29030\" src=\"https:\/\/lagh-univ.dz\/wp-content\/uploads\/2020\/02\/AGR-300x59.png\" alt=\"\" width=\"727\" height=\"143\" srcset=\"https:\/\/lagh-univ.dz\/wp-content\/uploads\/2020\/02\/AGR-300x59.png 300w, https:\/\/lagh-univ.dz\/wp-content\/uploads\/2020\/02\/AGR-768x150.png 768w, https:\/\/lagh-univ.dz\/wp-content\/uploads\/2020\/02\/AGR.png 1005w\" sizes=\"(max-width: 727px) 100vw, 727px\" \/><\/p>\n<p dir=\"ltr\" style=\"text-align: center\"><span style=\"font-size: 14pt\"><strong><span style=\"color: #ff0000\">D\u00e9partement des Sciences Agronomiques et de Sciences alimentaires<\/span><\/strong><\/span><\/p>\n<p dir=\"ltr\" style=\"text-align: left\">\u00a0 \u00a0 \u00a0 \u00a0 \u00a0Le D\u00e9partement des Sciences Agronomiques et de Sciences alimentaires de la Facult\u00e9 des Sciences\u00a0 a \u00e9t\u00e9 cr\u00e9\u00e9 suite\u00a0 \u00a0\u00e0 un arr\u00eat\u00e9 minist\u00e9riel \u00a0n\u00b0 55 du 20 Janvier 2016. Il est compos\u00e9 d\u2019une trentaine d\u2019enseignants-chercheurs sp\u00e9cialistes dans diff\u00e9rentes disciplines des Sciences Agronomiques et des sciences Alimentaires. \u00a0Il vise \u00e0 former des sp\u00e9cialistes en premier cycle (Licence) et deuxi\u00e8me cycle (Master) avec des connaissances et des comp\u00e9tences\u00a0 requises et n\u00e9cessaires dans les secteurs professionnels.<\/p>\n<p dir=\"ltr\" style=\"text-align: left\">Le d\u00e9partement des Sciences Agronomiques et de Sciences alimentaires propose des sp\u00e9cialit\u00e9s acad\u00e9miques suivantes :<\/p>\n<ul>\n<li style=\"text-align: left\">Licence en Production v\u00e9g\u00e9tale<\/li>\n<li style=\"text-align: left\">Licence en Technologie Agroalimentaire et Contr\u00f4le de Qualit\u00e9<\/li>\n<li style=\"text-align: left\">Master en Am\u00e9lioration des plantes<\/li>\n<li style=\"text-align: left\">Master en Protection des v\u00e9g\u00e9taux<\/li>\n<li style=\"text-align: left\">Master en Agroalimentaire et contr\u00f4le de qualit\u00e9<\/li>\n<\/ul>\n<p style=\"text-align: center\"><img decoding=\"async\" class=\"alignnone size-medium wp-image-27153\" src=\"https:\/\/lagh-univ.dz\/wp-content\/uploads\/2020\/02\/Agro-300x169.png\" alt=\"\" width=\"300\" height=\"169\" srcset=\"https:\/\/lagh-univ.dz\/wp-content\/uploads\/2020\/02\/Agro-300x169.png 300w, https:\/\/lagh-univ.dz\/wp-content\/uploads\/2020\/02\/Agro-768x432.png 768w, https:\/\/lagh-univ.dz\/wp-content\/uploads\/2020\/02\/Agro-1024x575.png 1024w, https:\/\/lagh-univ.dz\/wp-content\/uploads\/2020\/02\/Agro-1062x596.png 1062w, https:\/\/lagh-univ.dz\/wp-content\/uploads\/2020\/02\/Agro-770x433.png 770w, https:\/\/lagh-univ.dz\/wp-content\/uploads\/2020\/02\/Agro-243x137.png 243w, https:\/\/lagh-univ.dz\/wp-content\/uploads\/2020\/02\/Agro-171x96.png 171w\" sizes=\"(max-width: 300px) 100vw, 300px\" \/><\/p>\n","protected":false},"excerpt":{"rendered":"<p>D\u00e9partement des Sciences Agronomiques et de Sciences alimentaires \u00a0 \u00a0 \u00a0 \u00a0 \u00a0Le D\u00e9partement des Sciences Agronomiques et de Sciences alimentaires de la Facult\u00e9 des Sciences\u00a0 a \u00e9t\u00e9 cr\u00e9\u00e9 suite\u00a0 \u00a0\u00e0 un arr\u00eat\u00e9 minist\u00e9riel \u00a0n\u00b0 55 du 20 Janvier 2016. Il est compos\u00e9 d\u2019une trentaine d\u2019enseignants-chercheurs sp\u00e9cialistes dans diff\u00e9rentes disciplines des Sciences Agronomiques et des [&hellip;]<\/p>\n","protected":false},"author":11,"featured_media":0,"parent":0,"menu_order":0,"comment_status":"closed","ping_status":"closed","template":"elementor_header_footer","meta":{"_exactmetrics_skip_tracking":false,"_exactmetrics_sitenote_active":false,"_exactmetrics_sitenote_note":"","_exactmetrics_sitenote_category":0,"footnotes":""},"coauthors":[530],"class_list":["post-9362","page","type-page","status-publish","hentry"],"_links":{"self":[{"href":"https:\/\/lagh-univ.dz\/fr\/wp-json\/wp\/v2\/pages\/9362","targetHints":{"allow":["GET"]}}],"collection":[{"href":"https:\/\/lagh-univ.dz\/fr\/wp-json\/wp\/v2\/pages"}],"about":[{"href":"https:\/\/lagh-univ.dz\/fr\/wp-json\/wp\/v2\/types\/page"}],"author":[{"embeddable":true,"href":"https:\/\/lagh-univ.dz\/fr\/wp-json\/wp\/v2\/users\/11"}],"replies":[{"embeddable":true,"href":"https:\/\/lagh-univ.dz\/fr\/wp-json\/wp\/v2\/comments?post=9362"}],"version-history":[{"count":7,"href":"https:\/\/lagh-univ.dz\/fr\/wp-json\/wp\/v2\/pages\/9362\/revisions"}],"predecessor-version":[{"id":29033,"href":"https:\/\/lagh-univ.dz\/fr\/wp-json\/wp\/v2\/pages\/9362\/revisions\/29033"}],"wp:attachment":[{"href":"https:\/\/lagh-univ.dz\/fr\/wp-json\/wp\/v2\/media?parent=9362"}],"wp:term":[{"taxonomy":"author","embeddable":true,"href":"https:\/\/lagh-univ.dz\/fr\/wp-json\/wp\/v2\/coauthors?post=9362"}],"curies":[{"name":"wp","href":"https:\/\/api.w.org\/{rel}","templated":true}]}}