{"id":9384,"date":"2018-07-18T19:23:21","date_gmt":"2018-07-18T19:23:21","guid":{"rendered":"https:\/\/lagh-univ.dz\/science-post-graduation-mot-de-vice-doyen\/"},"modified":"2024-12-10T10:14:24","modified_gmt":"2024-12-10T09:14:24","slug":"science-post-graduation-mot-de-vice-doyen","status":"publish","type":"page","link":"https:\/\/lagh-univ.dz\/fr\/science-formation\/science-post-graduation-mot-de-vice-doyen\/","title":{"rendered":"Science &#8211; post Graduation-mot de vice doyen"},"content":{"rendered":"<p dir=\"ltr\" style=\"text-align: left\"><strong><span style=\"font-size: 18pt;color: #0000ff\"><span style=\"font-family: 'Book Antiqua', Palatino\">Vice Doyen charg\u00e9 de la\u00a0post-graduation, de la recherche scientifique et des relations ext\u00e9rieures\u00a0<\/span><\/span><\/strong><\/p>\n<p dir=\"ltr\" style=\"text-align: left\"><strong><span style=\"font-size: 18pt;color: #0000ff\"><span style=\"font-family: 'Book Antiqua', Palatino\">Dr. BOUAKKAZ Mustapha<\/span><\/span><\/strong><\/p>\n<p dir=\"ltr\"><span style=\"font-family: 'Book Antiqua', Palatino;font-size: 14pt\"><strong style=\"line-height: 24px\"><img decoding=\"async\" class=\"size-full wp-image-62881 alignright\" src=\"https:\/\/lagh-univ.dz\/wp-content\/uploads\/2024\/12\/BOUAKKAZ.jpg\" alt=\"\" width=\"204\" height=\"192\" \/><\/strong><\/span><\/p>\n<p dir=\"ltr\" style=\"text-align: left\"><span style=\"font-family: 'Book Antiqua', Palatino;font-size: 14pt\"><strong>\u00a0<\/strong><\/span><\/p>\n<p dir=\"ltr\" style=\"text-align: left\"><span style=\"font-family: 'Book Antiqua', Palatino;font-size: 14pt;color: #000000\">Nous avons comme objective de continuer les efforts pour cultiver l\u2019excellence en recherche et en enseignement et suivre finement la formation de nos enseignants chercheurs et de nos \u00e9tudiants doctorants en sciences et LMD. Nous nous occupons par ailleurs \u00e0 travers le conseil scientifique de la Facult\u00e9 et les comit\u00e9s scientifiques des d\u00e9partements au bon d\u00e9roulement des\u00a0 manifestations scientifiques nationales et internationales. Des efforts seront \u00e9galement poursuivis pour continuer \u00e0 d\u00e9velopper les liens avec notre facult\u00e9 pour mieux faire conna\u00eetre les d\u00e9fis scientifiques de notre temps.<\/span><\/p>\n<p dir=\"ltr\"><strong><span style=\"color: #0000ff\"><span style=\"font-family: 'Book Antiqua', Palatino;font-size: 14pt\">Mission :<\/span><\/span><\/strong><\/p>\n<p dir=\"ltr\" style=\"text-align: left\"><span style=\"font-family: 'Book Antiqua', Palatino;font-size: 14pt;color: #000000\">Assure le suivi du d\u00e9roulement des concours d\u2019acc\u00e8s \u00e0 la post-graduation\u00a0et le\u00a0 bon fonctionnement des formations et des soutenances de\u00a0 th\u00e8ses de post-graduation. Il coordonne la politique de recherche de la facult\u00e9 et son suivi, en lien avec les directeurs des laboratoires rattach\u00e9s \u00e0 la facult\u00e9 des sciences. Sous l&rsquo;autorit\u00e9 du doyen, Il coordonne la politique de coop\u00e9ration interuniversitaire nationale et internationale en mati\u00e8re de formation et de recherche, et il initie des actions de partenariat avec les secteurs socio-\u00e9conomiques. Il met en \u0153uvre les programmes de perfectionnements et de recyclage des enseignants\u00a0et assure le suivi du fonctionnement du conseil scientifique de la facult\u00e9 et conserve ses archives.\u00a0<\/span><\/p>\n<p dir=\"ltr\" style=\"text-align: left\"><strong><span style=\"color: #0000ff\"><span style=\"font-family: 'Book Antiqua', Palatino;font-size: 14pt\">Assist\u00e9 par\u00a0:<\/span><\/span><\/strong><\/p>\n<ul style=\"text-align: left\">\n<li><span style=\"font-family: 'Book Antiqua', Palatino;font-size: 14pt;color: #000000\">Le Chef de service du suivi de la formation de post-graduation\u00a0;<\/span><\/li>\n<li><span style=\"font-family: 'Book Antiqua', Palatino;font-size: 14pt;color: #000000\">Le Chef de service du suivi des activit\u00e9s de recherche\u00a0;<\/span><\/li>\n<li><span style=\"font-family: 'Book Antiqua', Palatino;font-size: 14pt;color: #000000\">Le Che de service de la coop\u00e9ration et des relations ext\u00e9rieurs.<\/span><\/li>\n<\/ul>\n<p dir=\"ltr\" style=\"text-align: left\"><span style=\"font-family: 'Book Antiqua', Palatino;font-size: 14pt;color: #000000\">\u00a0<\/span><\/p>\n<p dir=\"ltr\" style=\"text-align: left\">\n","protected":false},"excerpt":{"rendered":"<p>Vice Doyen charg\u00e9 de la\u00a0post-graduation, de la recherche scientifique et des relations ext\u00e9rieures\u00a0 Dr. BOUAKKAZ Mustapha \u00a0 Nous avons comme objective de continuer les efforts pour cultiver l\u2019excellence en recherche et en enseignement et suivre finement la formation de nos enseignants chercheurs et de nos \u00e9tudiants doctorants en sciences et LMD. Nous nous occupons par [&hellip;]<\/p>\n","protected":false},"author":1,"featured_media":0,"parent":9398,"menu_order":0,"comment_status":"closed","ping_status":"closed","template":"elementor_header_footer","meta":{"_exactmetrics_skip_tracking":false,"_exactmetrics_sitenote_active":false,"_exactmetrics_sitenote_note":"","_exactmetrics_sitenote_category":0,"footnotes":""},"coauthors":[217,530],"class_list":["post-9384","page","type-page","status-publish","hentry"],"_links":{"self":[{"href":"https:\/\/lagh-univ.dz\/fr\/wp-json\/wp\/v2\/pages\/9384","targetHints":{"allow":["GET"]}}],"collection":[{"href":"https:\/\/lagh-univ.dz\/fr\/wp-json\/wp\/v2\/pages"}],"about":[{"href":"https:\/\/lagh-univ.dz\/fr\/wp-json\/wp\/v2\/types\/page"}],"author":[{"embeddable":true,"href":"https:\/\/lagh-univ.dz\/fr\/wp-json\/wp\/v2\/users\/1"}],"replies":[{"embeddable":true,"href":"https:\/\/lagh-univ.dz\/fr\/wp-json\/wp\/v2\/comments?post=9384"}],"version-history":[{"count":11,"href":"https:\/\/lagh-univ.dz\/fr\/wp-json\/wp\/v2\/pages\/9384\/revisions"}],"predecessor-version":[{"id":62902,"href":"https:\/\/lagh-univ.dz\/fr\/wp-json\/wp\/v2\/pages\/9384\/revisions\/62902"}],"up":[{"embeddable":true,"href":"https:\/\/lagh-univ.dz\/fr\/wp-json\/wp\/v2\/pages\/9398"}],"wp:attachment":[{"href":"https:\/\/lagh-univ.dz\/fr\/wp-json\/wp\/v2\/media?parent=9384"}],"wp:term":[{"taxonomy":"author","embeddable":true,"href":"https:\/\/lagh-univ.dz\/fr\/wp-json\/wp\/v2\/coauthors?post=9384"}],"curies":[{"name":"wp","href":"https:\/\/api.w.org\/{rel}","templated":true}]}}