{"id":9390,"date":"2018-07-18T19:30:07","date_gmt":"2018-07-18T19:30:07","guid":{"rendered":"https:\/\/lagh-univ.dz\/science-post-graduation-service-de-suivit-des-activites-des-recherches\/"},"modified":"2020-03-12T07:37:39","modified_gmt":"2020-03-12T09:37:39","slug":"science-post-graduation-service-de-suivit-des-activites-des-recherches","status":"publish","type":"page","link":"https:\/\/lagh-univ.dz\/fr\/science-formation\/science-post-graduation-service-de-suivit-des-activites-des-recherches\/","title":{"rendered":"Science &#8211; post Graduation-service de suivit des activit\u00e9s des recherches"},"content":{"rendered":"<p style=\"text-align: center\"><strong><span style=\"color: #0000ff\"><span style=\"font-family: 'Book Antiqua', Palatino;font-size: 18pt\">Service du suivi des activit\u00e9s de recherche<\/span><\/span><\/strong><\/p>\n<p dir=\"ltr\" style=\"text-align: left\"><span style=\"color: #000000;font-family: 'Book Antiqua', Palatino;font-size: 14pt\">Le service du suivi des activit\u00e9s de recherche a pour\u00a0t\u00e2ches de suivre le d\u00e9roulement des activit\u00e9s de recherche scientifique, collecter et diffuser les informations sur les activit\u00e9s de recherche men\u00e9es par la Facult\u00e9.<\/span><\/p>\n<p dir=\"ltr\" style=\"text-align: left\"><span style=\"color: #000000;font-family: 'Book Antiqua', Palatino;font-size: 14pt\"><strong>Chef de service: <\/strong>M<sup>elle<\/sup>\u00a0 Hamama Masouda<\/span><\/p>\n<p dir=\"ltr\" style=\"text-align: left\"><span style=\"color: #000000;font-family: 'Book Antiqua', Palatino;font-size: 14pt\"><strong>Contact:<\/strong> m.hamama@lagh-univ.dz<\/span><\/p>\n<p dir=\"rtl\" style=\"text-align: center\"><strong><span style=\"color: #0000ff\"><span style=\"font-family: 'Book Antiqua', Palatino;font-size: 14pt\"><u>Liste des projets PRFU 2018<\/u><\/span><\/span><\/strong><\/p>\n<table class=\" aligncenter\" dir=\"rtl\">\n<tbody>\n<tr>\n<td style=\"text-align: left;background-color: #fabd2f\" width=\"444\"><span style=\"font-family: 'Book Antiqua', Palatino;font-size: 14pt;color: #000000\"><strong>Intitul\u00e9<\/strong><\/span><\/td>\n<td style=\"text-align: left;background-color: #fabd2f\" width=\"180\"><span style=\"font-family: 'Book Antiqua', Palatino;font-size: 14pt;color: #000000\"><strong>Code du projet<\/strong><\/span><\/td>\n<td style=\"text-align: left;background-color: #fabd2f\" width=\"66\"><span style=\"font-family: 'Book Antiqua', Palatino;font-size: 14pt;color: #000000\"><strong>Grade<\/strong><\/span><\/td>\n<td style=\"text-align: left;background-color: #fabd2f\" width=\"160\"><span style=\"font-family: 'Book Antiqua', Palatino;font-size: 14pt;color: #000000\"><strong>Chef de projet<\/strong><\/span><\/td>\n<td style=\"text-align: left;background-color: #fabd2f\" width=\"59\"><span style=\"font-family: 'Book Antiqua', Palatino;font-size: 14pt;color: #000000\"><strong>N\u00b0<\/strong><\/span><\/td>\n<\/tr>\n<tr>\n<td style=\"text-align: left\" width=\"444\"><span style=\"font-family: 'Book Antiqua', Palatino;font-size: 14pt;color: #000000\">Synth\u00e8se, caract\u00e9risation et valorisation des nouveaux nano-composites hybrides (polym\u00e8res \/oxydes)<\/span><\/td>\n<td style=\"text-align: left\" width=\"180\"><span style=\"font-family: 'Book Antiqua', Palatino;font-size: 14pt;color: #000000\">B00L01UN030120180001<\/span><\/td>\n<td style=\"text-align: left\" width=\"66\"><span style=\"font-family: 'Book Antiqua', Palatino;font-size: 14pt;color: #000000\">MCA<\/span><\/td>\n<td style=\"text-align: left\" width=\"160\"><span style=\"font-family: 'Book Antiqua', Palatino;font-size: 14pt;color: #000000\">ZOUKEL Abdelhalim<\/span><\/td>\n<td style=\"text-align: left;background-color: #fabd2f\" width=\"59\"><span style=\"font-family: 'Book Antiqua', Palatino;font-size: 14pt;color: #000000\">1<\/span><\/td>\n<\/tr>\n<tr>\n<td style=\"text-align: left\" width=\"444\"><span style=\"font-family: 'Book Antiqua', Palatino;font-size: 14pt;color: #000000\">Utilisation des techniques\u00a0 d\u2019extraction de connaissances pour l\u2019analyse et\u00a0 des donn\u00e9es climatique<\/span><\/td>\n<td style=\"text-align: left\" width=\"180\"><span style=\"font-family: 'Book Antiqua', Palatino;font-size: 14pt;color: #000000\">C00L07UN030120180001<\/span><\/td>\n<td style=\"text-align: left\" width=\"66\"><span style=\"font-family: 'Book Antiqua', Palatino;font-size: 14pt;color: #000000\">PR<\/span><\/td>\n<td style=\"text-align: left\" width=\"160\"><span style=\"font-family: 'Book Antiqua', Palatino;font-size: 14pt;color: #000000\">Ouinten\u00a0 Youcef<\/span><\/td>\n<td style=\"text-align: left;background-color: #fabd2f\" width=\"59\"><span style=\"font-family: 'Book Antiqua', Palatino;font-size: 14pt;color: #000000\">2<\/span><\/td>\n<\/tr>\n<tr>\n<td style=\"text-align: left\" width=\"444\"><span style=\"font-family: 'Book Antiqua', Palatino;font-size: 14pt;color: #000000\">Traitement automatique de la langue arabe\u00a0: applications<\/span><\/td>\n<td style=\"text-align: left\" width=\"180\"><span style=\"font-family: 'Book Antiqua', Palatino;font-size: 14pt;color: #000000\">C00L07UN030120180002<\/span><\/td>\n<td style=\"text-align: left\" width=\"66\"><span style=\"font-family: 'Book Antiqua', Palatino;font-size: 14pt;color: #000000\">PR<\/span><\/td>\n<td style=\"text-align: left\" width=\"160\"><span style=\"font-family: 'Book Antiqua', Palatino;font-size: 14pt;color: #000000\">CHERROUN Hadda<\/span><\/td>\n<td style=\"text-align: left;background-color: #fabd2f\" width=\"59\"><span style=\"font-family: 'Book Antiqua', Palatino;font-size: 14pt;color: #000000\">3<\/span><\/td>\n<\/tr>\n<tr>\n<td style=\"text-align: left\" width=\"444\"><span style=\"font-family: 'Book Antiqua', Palatino;font-size: 14pt;color: #000000\">Contr\u00f4le de la dynamique des alliages liquides par un champ magn\u00e9tique\u00a0: exp\u00e9riences et simulations<\/span><\/td>\n<td style=\"text-align: left\" width=\"180\"><span style=\"font-family: 'Book Antiqua', Palatino;font-size: 14pt;color: #000000\">B00L02UN030120180001<\/span><\/td>\n<td style=\"text-align: left\" width=\"66\"><span style=\"font-family: 'Book Antiqua', Palatino;font-size: 14pt;color: #000000\">MCA<\/span><\/td>\n<td style=\"text-align: left\" width=\"160\"><span style=\"font-family: 'Book Antiqua', Palatino;font-size: 14pt;color: #000000\">HACHANI Lakhdar<\/span><\/td>\n<td style=\"text-align: left;background-color: #fabd2f\" width=\"59\"><span style=\"font-family: 'Book Antiqua', Palatino;font-size: 14pt;color: #000000\">4<\/span><\/td>\n<\/tr>\n<tr>\n<td style=\"text-align: left\" width=\"444\"><span style=\"font-family: 'Book Antiqua', Palatino;font-size: 14pt;color: #000000\">Etude de quelques probl\u00e8mes aux limites avec retard\u00a0: existence, stabilit\u00e9 et explosion en temps fini des solutions<\/span><\/td>\n<td style=\"text-align: left\" width=\"180\"><span style=\"font-family: 'Book Antiqua', Palatino;font-size: 14pt;color: #000000\">C00L03UN030120180001<\/span><\/td>\n<td style=\"text-align: left\" width=\"66\"><span style=\"font-family: 'Book Antiqua', Palatino;font-size: 14pt;color: #000000\">MCA<\/span><\/td>\n<td style=\"text-align: left\" width=\"160\"><span style=\"font-family: 'Book Antiqua', Palatino;font-size: 14pt;color: #000000\">BOUKHATEM Yamna<\/span><\/td>\n<td style=\"text-align: left;background-color: #fabd2f\" width=\"59\"><span style=\"font-family: 'Book Antiqua', Palatino;font-size: 14pt;color: #000000\">5<\/span><\/td>\n<\/tr>\n<tr>\n<td style=\"text-align: left\" width=\"444\"><span style=\"font-family: 'Book Antiqua', Palatino;font-size: 14pt;color: #000000\">Activit\u00e9 antimicrobienne des huiles essentielles de plantes spontan\u00e9es aux milieux aride et semi-ari<\/span><span style=\"font-family: 'Book Antiqua', Palatino;font-size: 14pt;color: #000000\">de<\/span><\/td>\n<td style=\"text-align: left\" width=\"180\"><span style=\"font-family: 'Book Antiqua', Palatino;font-size: 14pt;color: #000000\">D01N01UN03012080001<\/span><\/td>\n<td style=\"text-align: left\" width=\"66\"><span style=\"font-family: 'Book Antiqua', Palatino;font-size: 14pt;color: #000000\">PR<\/span><\/td>\n<td style=\"text-align: left\" width=\"160\"><span style=\"font-family: 'Book Antiqua', Palatino;font-size: 14pt;color: #000000\">OUINTEN\u00a0 Mohamed<\/span><\/td>\n<td style=\"text-align: left;background-color: #fabd2f\" width=\"59\"><span style=\"font-family: 'Book Antiqua', Palatino;font-size: 14pt;color: #000000\">6<\/span><\/td>\n<\/tr>\n<tr>\n<td style=\"text-align: left\" width=\"444\"><span style=\"font-family: 'Book Antiqua', Palatino;font-size: 14pt;color: #000000\">\u00c9tude de la variabilit\u00e9 de la composition chimique des m\u00e9tabolites primaires (polyph\u00e9nols, acides gras, tocoph\u00e9rols) et secondaires (huiles essentielles) pour une s\u00e9lection de plantes m\u00e9dicinales locales, puis l\u2019investigation de l\u2019effet cette variabilit\u00e9 (ch\u00e9motypes) sur l\u2019activit\u00e9 biologique et\/ou <\/span><span style=\"font-family: 'Book Antiqua', Palatino;font-size: 14pt;color: #000000\">antioxyante.<\/span><\/td>\n<td style=\"text-align: left\" width=\"180\"><span style=\"font-family: 'Book Antiqua', Palatino;font-size: 14pt;color: #000000\">B00L01UN030120180003<\/span><\/td>\n<td style=\"text-align: left\" width=\"66\"><span style=\"font-family: 'Book Antiqua', Palatino;font-size: 14pt;color: #000000\">PR<\/span><\/td>\n<td style=\"text-align: left\" width=\"160\"><span style=\"font-family: 'Book Antiqua', Palatino;font-size: 14pt;color: #000000\">GOURINE Nadhir<\/span><\/td>\n<td style=\"text-align: left;background-color: #fabd2f\" width=\"59\"><span style=\"font-family: 'Book Antiqua', Palatino;font-size: 14pt;color: #000000\">7<\/span><\/td>\n<\/tr>\n<\/tbody>\n<\/table>\n<p dir=\"rtl\" style=\"text-align: center\"><strong><span style=\"color: #0000ff\"><span style=\"font-family: 'Book Antiqua', Palatino;font-size: 14pt\"><u>Liste des projets PRFU 2019<\/u><\/span><\/span><\/strong><\/p>\n<table class=\" alignright\" dir=\"rtl\" style=\"height: 802px\" width=\"923\">\n<tbody>\n<tr style=\"height: 28px\">\n<td style=\"height: 28px;width: 403px;text-align: left;background-color: #fabd2f\"><span style=\"font-family: 'Book Antiqua', Palatino;font-size: 14pt;color: #000000\"><strong>Intitul\u00e9<\/strong><\/span><\/td>\n<td style=\"height: 28px;width: 211px;text-align: left;background-color: #fabd2f\"><span style=\"font-family: 'Book Antiqua', Palatino;font-size: 14pt;color: #000000\"><strong>Code du projet<\/strong><\/span><\/td>\n<td style=\"height: 28px;width: 65px;text-align: left;background-color: #fabd2f\"><span style=\"font-family: 'Book Antiqua', Palatino;font-size: 14pt;color: #000000\"><strong>Grade<\/strong><\/span><\/td>\n<td style=\"height: 28px;width: 154px;text-align: left;background-color: #fabd2f\"><span style=\"font-family: 'Book Antiqua', Palatino;font-size: 14pt;color: #000000\"><strong>Chef de projet<\/strong><\/span><\/td>\n<td style=\"height: 28px;width: 56px;text-align: left;background-color: #fabd2f\"><span style=\"font-family: 'Book Antiqua', Palatino;font-size: 14pt;color: #000000\"><strong>N\u00b0<\/strong><\/span><\/td>\n<\/tr>\n<tr style=\"height: 84px\">\n<td style=\"height: 84px;width: 403px;text-align: left\"><span style=\"font-family: 'Book Antiqua', Palatino;font-size: 14pt;color: #000000\">Evaluation de l\u2019effet inhibiteur de ressources v\u00e9g\u00e9tales locales sur des hydrolases en relation avec quelques maladies m\u00e9taboliques<\/span><\/td>\n<td style=\"height: 84px;width: 211px;text-align: left\"><span style=\"font-family: 'Book Antiqua', Palatino;font-size: 14pt;color: #000000\">D01N01 UN0301 2019 0001<\/span><\/td>\n<td style=\"height: 84px;width: 65px;text-align: left\"><span style=\"font-family: 'Book Antiqua', Palatino;font-size: 14pt;color: #000000\">MCA<\/span><\/td>\n<td style=\"height: 84px;width: 154px;text-align: left\"><span style=\"font-family: 'Book Antiqua', Palatino;font-size: 14pt;color: #000000\">KHACHEBA\u00a0 Ihcen<\/span><\/td>\n<td style=\"height: 84px;width: 56px;text-align: left;background-color: #fabd2f\"><span style=\"font-family: 'Book Antiqua', Palatino;font-size: 14pt;color: #000000\">1<\/span><\/td>\n<\/tr>\n<tr style=\"height: 222px\">\n<td style=\"height: 222px;width: 403px;text-align: left\"><span style=\"font-family: 'Book Antiqua', Palatino;font-size: 14pt;color: #000000\">Contribution \u00e0 l\u2019\u00e9tude des compos\u00e9s ternaires appartenant aux familles ABQ<sub>n<\/sub> (n=2,3 et 4) et A<sub>2<\/sub>BQ (A\u00a0: atome alcalin, B\u00a0: m\u00e9tal de transition ou un \u00e9l\u00e9ment du groupe III, Q\u00a0: un \u00e9l\u00e9ment du groupe V ou groupe VI)<\/span><\/p>\n<p><span style=\"font-family: 'Book Antiqua', Palatino;font-size: 14pt;color: #000000\">\u00a0<\/span><\/td>\n<td style=\"height: 222px;width: 211px;text-align: left\"><span style=\"font-family: 'Book Antiqua', Palatino;font-size: 14pt;color: #000000\">B00L02UN030120190002<\/span><\/td>\n<td style=\"height: 222px;width: 65px;text-align: left\"><span style=\"font-family: 'Book Antiqua', Palatino;font-size: 14pt;color: #000000\">MCA<\/span><\/td>\n<td style=\"height: 222px;width: 154px;text-align: left\"><span style=\"font-family: 'Book Antiqua', Palatino;font-size: 14pt;color: #000000\">HALIT\u00a0 Mohamed<\/span><\/td>\n<td style=\"height: 222px;width: 56px;text-align: left;background-color: #fabd2f\"><span style=\"font-family: 'Book Antiqua', Palatino;font-size: 14pt;color: #000000\">2<\/span><\/td>\n<\/tr>\n<tr style=\"height: 112px\">\n<td style=\"height: 112px;width: 403px;text-align: left\"><span style=\"font-family: 'Book Antiqua', Palatino;font-size: 14pt;color: #000000\">Investigation des fractions lipidiques et ph\u00e9noliques des diff\u00e9rentes parties du Pistachier de l&rsquo;Atlas (<em>Pistaciaatlantica<\/em>Desf.) par rapport aux propri\u00e9t\u00e9s biologiques<\/span><\/td>\n<td style=\"height: 112px;width: 211px;text-align: left\"><span style=\"font-family: 'Book Antiqua', Palatino;font-size: 14pt;color: #000000\">B00L01 UN0301 2019 0001<\/span><\/td>\n<td style=\"height: 112px;width: 65px;text-align: left\"><span style=\"font-family: 'Book Antiqua', Palatino;font-size: 14pt;color: #000000\">PR<\/span><\/td>\n<td style=\"height: 112px;width: 154px;text-align: left\"><span style=\"font-family: 'Book Antiqua', Palatino;font-size: 14pt;color: #000000\">YOUSFI\u00a0 Mohamed<\/span><\/td>\n<td style=\"height: 112px;width: 56px;text-align: left;background-color: #fabd2f\"><span style=\"font-family: 'Book Antiqua', Palatino;font-size: 14pt;color: #000000\">3<\/span><\/td>\n<\/tr>\n<tr style=\"height: 140px\">\n<td style=\"height: 140px;width: 403px;text-align: left\"><span style=\"font-family: 'Book Antiqua', Palatino;font-size: 14pt;color: #000000\">D\u00e9veloppement d\u2019une plate forme d\u2019acquisition, d\u2019analyse et d\u2019inversion des donn\u00e9es en contr\u00f4le par bruit barkhausen des pipelines de transport des hydrocarbures de la branche TRC- sonatrach<\/span><\/td>\n<td style=\"height: 140px;width: 211px;text-align: left\"><span style=\"font-family: 'Book Antiqua', Palatino;font-size: 14pt;color: #000000\">B00L02 UN0301 2019 0003<\/span><\/td>\n<td style=\"height: 140px;width: 65px;text-align: left\"><span style=\"font-family: 'Book Antiqua', Palatino;font-size: 14pt;color: #000000\">MCA<\/span><\/td>\n<td style=\"height: 140px;width: 154px;text-align: left\"><span style=\"font-family: 'Book Antiqua', Palatino;font-size: 14pt;color: #000000\">HELIFA Bachir<\/span><\/td>\n<td style=\"height: 140px;width: 56px;text-align: left;background-color: #fabd2f\"><span style=\"font-family: 'Book Antiqua', Palatino;font-size: 14pt;color: #000000\">4<\/span><\/td>\n<\/tr>\n<tr style=\"height: 84px\">\n<td style=\"height: 84px;width: 403px;text-align: left\"><span style=\"font-family: 'Book Antiqua', Palatino;font-size: 14pt;color: #000000\">Mod\u00e9lisation mol\u00e9culaire et activit\u00e9s biologiques des extraits naturels et mol\u00e9cules bioactives<\/span><\/td>\n<td style=\"height: 84px;width: 211px;text-align: left\"><span style=\"font-family: 'Book Antiqua', Palatino;font-size: 14pt;color: #000000\">D01N01UN030120190002<\/span><\/td>\n<td style=\"height: 84px;width: 65px;text-align: left\"><span style=\"font-family: 'Book Antiqua', Palatino;font-size: 14pt;color: #000000\">MCA<\/span><\/td>\n<td style=\"height: 84px;width: 154px;text-align: left\"><span style=\"font-family: 'Book Antiqua', Palatino;font-size: 14pt;color: #000000\">BENAROUS Khedidja<\/span><\/td>\n<td style=\"height: 84px;width: 56px;text-align: left;background-color: #fabd2f\"><span style=\"font-family: 'Book Antiqua', Palatino;font-size: 14pt;color: #000000\">5<\/span><\/td>\n<\/tr>\n<tr style=\"height: 132px\">\n<td style=\"height: 132px;width: 403px;text-align: left\"><span style=\"font-family: 'Book Antiqua', Palatino;font-size: 14pt;color: #000000\">Activit\u00e9s antidiab\u00e9tiques des extraits de <\/span><span style=\"font-family: 'Book Antiqua', Palatino;font-size: 14pt;color: #000000\">quelques esp\u00e8ces v\u00e9g\u00e9tales locales<\/span><\/td>\n<td style=\"height: 132px;width: 211px;text-align: left\"><span style=\"font-family: 'Book Antiqua', Palatino;font-size: 14pt;color: #000000\">B00L01 UN0301 2019 0002<\/span><\/td>\n<td style=\"height: 132px;width: 65px;text-align: left\"><span style=\"font-family: 'Book Antiqua', Palatino;font-size: 14pt;color: #000000\">PR<\/span><\/td>\n<td style=\"height: 132px;width: 154px;text-align: left\"><span style=\"font-family: 'Book Antiqua', Palatino;font-size: 14pt;color: #000000\">DJERIDANE Amar <\/span><\/p>\n<p><span style=\"font-family: 'Book Antiqua', Palatino;font-size: 14pt;color: #000000\">\u00a0<\/span><\/td>\n<td style=\"height: 132px;width: 56px;text-align: left;background-color: #fabd2f\"><span style=\"font-family: 'Book Antiqua', Palatino;font-size: 14pt;color: #000000\">6<\/span><\/td>\n<\/tr>\n<\/tbody>\n<\/table>\n","protected":false},"excerpt":{"rendered":"<p>Service du suivi des activit\u00e9s de recherche Le service du suivi des activit\u00e9s de recherche a pour\u00a0t\u00e2ches de suivre le d\u00e9roulement des activit\u00e9s de recherche scientifique, collecter et diffuser les informations sur les activit\u00e9s de recherche men\u00e9es par la Facult\u00e9. Chef de service: Melle\u00a0 Hamama Masouda Contact: m.hamama@lagh-univ.dz Liste des projets PRFU 2018 Intitul\u00e9 Code [&hellip;]<\/p>\n","protected":false},"author":1,"featured_media":0,"parent":9398,"menu_order":0,"comment_status":"closed","ping_status":"closed","template":"elementor_header_footer","meta":{"_exactmetrics_skip_tracking":false,"_exactmetrics_sitenote_active":false,"_exactmetrics_sitenote_note":"","_exactmetrics_sitenote_category":0,"footnotes":""},"coauthors":[217,530],"class_list":["post-9390","page","type-page","status-publish","hentry"],"_links":{"self":[{"href":"https:\/\/lagh-univ.dz\/fr\/wp-json\/wp\/v2\/pages\/9390","targetHints":{"allow":["GET"]}}],"collection":[{"href":"https:\/\/lagh-univ.dz\/fr\/wp-json\/wp\/v2\/pages"}],"about":[{"href":"https:\/\/lagh-univ.dz\/fr\/wp-json\/wp\/v2\/types\/page"}],"author":[{"embeddable":true,"href":"https:\/\/lagh-univ.dz\/fr\/wp-json\/wp\/v2\/users\/1"}],"replies":[{"embeddable":true,"href":"https:\/\/lagh-univ.dz\/fr\/wp-json\/wp\/v2\/comments?post=9390"}],"version-history":[{"count":16,"href":"https:\/\/lagh-univ.dz\/fr\/wp-json\/wp\/v2\/pages\/9390\/revisions"}],"predecessor-version":[{"id":33150,"href":"https:\/\/lagh-univ.dz\/fr\/wp-json\/wp\/v2\/pages\/9390\/revisions\/33150"}],"up":[{"embeddable":true,"href":"https:\/\/lagh-univ.dz\/fr\/wp-json\/wp\/v2\/pages\/9398"}],"wp:attachment":[{"href":"https:\/\/lagh-univ.dz\/fr\/wp-json\/wp\/v2\/media?parent=9390"}],"wp:term":[{"taxonomy":"author","embeddable":true,"href":"https:\/\/lagh-univ.dz\/fr\/wp-json\/wp\/v2\/coauthors?post=9390"}],"curies":[{"name":"wp","href":"https:\/\/api.w.org\/{rel}","templated":true}]}}