{"id":9400,"date":"2018-07-18T19:36:45","date_gmt":"2018-07-18T21:36:45","guid":{"rendered":"https:\/\/lagh-univ.dz\/science-formation-licence\/"},"modified":"2024-01-14T14:27:07","modified_gmt":"2024-01-14T13:27:07","slug":"science-formation-licence","status":"publish","type":"page","link":"https:\/\/lagh-univ.dz\/fr\/science-formation\/science-formation-licence\/","title":{"rendered":"Science &#8211; formation -licence"},"content":{"rendered":"<p style=\"text-align: center\"><span style=\"font-size: 18pt\"><strong><span style=\"font-family: 'Book Antiqua', Palatino;color: #ff0000\">Formation Licence en Facult\u00e9 des Sciences<\/span><\/strong><\/span><\/p>\n<table style=\"height: 858px;width: 95.3337%\" width=\"514\">\n<tbody>\n<tr style=\"height: 54px\">\n<td style=\"height: 54px;width: 25.8333%;background-color: #b8c9f2;text-align: center\"><strong><span style=\"font-family: 'Book Antiqua', Palatino;font-size: 14pt;color: #000000\">Domaine<\/span><\/strong><\/td>\n<td style=\"height: 54px;width: 27.6389%;background-color: #b8c9f2;text-align: center\"><strong><span style=\"font-family: 'Book Antiqua', Palatino;font-size: 14pt;color: #000000\">Fili\u00e8re<\/span><\/strong><\/td>\n<td style=\"height: 54px;width: 26.3889%;background-color: #b8c9f2;text-align: center\"><strong><span style=\"font-family: 'Book Antiqua', Palatino;font-size: 14pt;color: #000000\">Sp\u00e9cialit\u00e9<\/span><\/strong><\/td>\n<td style=\"height: 54px;width: 28.3998%;background-color: #b8c9f2;text-align: center\"><strong><span style=\"font-family: 'Book Antiqua', Palatino;font-size: 14pt;color: #000000\">Arr\u00eat\u00e9 N\u00b0:<\/span><\/strong><\/td>\n<\/tr>\n<tr style=\"height: 54px\">\n<td style=\"text-align: center;height: 216px;width: 25.8333%\" rowspan=\"3\"><span style=\"font-family: 'Book Antiqua', Palatino;font-size: 14pt;color: #000000\">Sciences de la Mati\u00e8re<\/span><\/p>\n<p><span style=\"font-family: 'Book Antiqua', Palatino;font-size: 14pt;color: #000000\">\u00a0<\/span><\/p>\n<p><span style=\"font-family: 'Book Antiqua', Palatino;font-size: 14pt;color: #000000\">D 02<\/span><\/td>\n<td style=\"text-align: center;height: 108px;width: 27.6389%\"><span style=\"font-family: 'Book Antiqua', Palatino;font-size: 14pt;color: #000000\">Chimie<\/span><\/p>\n<p><span style=\"font-family: 'Book Antiqua', Palatino;font-size: 14pt;color: #000000\">\u00a0<\/span><\/td>\n<td style=\"text-align: center;height: 108px;width: 26.3889%\"><span style=\"font-family: 'Book Antiqua', Palatino;font-size: 14pt;color: #000000\">Chimie Fondamentale<\/span><\/td>\n<td style=\"text-align: center;height: 108px;width: 28.3998%\"><span style=\"font-family: 'Book Antiqua', Palatino;font-size: 14pt;color: #000000\">809\u00a0<\/span><\/p>\n<p><span style=\"font-family: 'Book Antiqua', Palatino;font-size: 14pt;color: #000000\"> du\u00a0 05\/08\/2015<\/span><\/td>\n<\/tr>\n<tr style=\"height: 54px\">\n<td style=\"text-align: center;height: 108px;width: 27.6389%\" rowspan=\"2\"><span style=\"font-family: 'Book Antiqua', Palatino;font-size: 14pt;color: #000000\">Physique<\/span><\/p>\n<p><span style=\"font-family: 'Book Antiqua', Palatino;font-size: 14pt;color: #000000\">\u00a0<\/span><\/p>\n<p>&nbsp;<\/td>\n<td style=\"text-align: center;height: 54px;width: 26.3889%\"><span style=\"font-family: 'Book Antiqua', Palatino;font-size: 14pt;color: #000000\">Physique des Mat\u00e9riaux<\/span><\/td>\n<td style=\"text-align: center;height: 54px;width: 28.3998%\"><span style=\"font-size: 14pt;font-family: Book Antiqua, Palatino;color: #000000\">252<\/span><\/p>\n<p><span style=\"font-size: 14pt;font-family: Book Antiqua, Palatino;color: #000000\">\u00a0 du\u00a0 18\/04\/2016<\/span><\/td>\n<\/tr>\n<tr style=\"height: 54px\">\n<td style=\"text-align: center;height: 54px;width: 26.3889%\"><span style=\"font-family: 'Book Antiqua', Palatino;font-size: 14pt;color: #000000\">Physique des Rayonnements<\/span><\/td>\n<td style=\"text-align: center;height: 54px;width: 28.3998%\"><span style=\"font-family: 'Book Antiqua', Palatino;font-size: 14pt;color: #000000\">809<\/span><\/p>\n<p><span style=\"font-family: 'Book Antiqua', Palatino;font-size: 14pt;color: #000000\">\u00a0 du\u00a0 05\/08\/2015<\/span><\/td>\n<\/tr>\n<tr style=\"height: 102px\">\n<td style=\"text-align: center;height: 380px;width: 25.8333%\" rowspan=\"7\"><span style=\"font-family: 'Book Antiqua', Palatino;font-size: 14pt;color: #000000\">Sciences de la Nature et de la Vie<\/span><\/p>\n<p><span style=\"font-family: 'Book Antiqua', Palatino;font-size: 14pt;color: #000000\">\u00a0<\/span><\/p>\n<p><span style=\"font-family: 'Book Antiqua', Palatino;font-size: 14pt;color: #000000\">D 04<\/span><\/td>\n<td style=\"text-align: center;height: 20px;width: 27.6389%\" rowspan=\"3\"><span style=\"font-family: 'Book Antiqua', Palatino;font-size: 14pt;color: #000000\">Sciences Biologiques<\/span><\/p>\n<p><span style=\"font-family: 'Book Antiqua', Palatino;font-size: 14pt;color: #000000\">\u00a0<\/span><\/p>\n<p>&nbsp;<\/p>\n<p>&nbsp;<\/p>\n<p>&nbsp;<\/p>\n<p><span style=\"font-family: 'Book Antiqua', Palatino;font-size: 14pt;color: #000000\">\u00a0<\/span><\/td>\n<td style=\"text-align: center;height: 10px;width: 26.3889%\"><span style=\"font-family: 'Book Antiqua', Palatino;font-size: 14pt;color: #000000\">Biochimie<\/span><\/td>\n<td style=\"text-align: center;height: 10px;width: 28.3998%\"><span style=\"color: #000000;font-size: 14pt;font-family: Book Antiqua, Palatino\">1588<\/span><\/p>\n<p><span style=\"color: #000000;font-size: 14pt;font-family: Book Antiqua, Palatino\"> du\u00a0 06\/10\/2016<\/span><\/td>\n<\/tr>\n<tr style=\"height: 156px\">\n<td style=\"text-align: center;height: 10px;width: 26.3889%\"><span style=\"font-size: 14pt;font-family: Book Antiqua, Palatino;color: #000000\">Microbiologie<\/span><\/td>\n<td style=\"text-align: center;height: 10px;width: 28.3998%\"><span style=\"font-size: 14pt;font-family: Book Antiqua, Palatino;color: #000000\">1588<\/span><\/p>\n<p><span style=\"font-size: 14pt;font-family: Book Antiqua, Palatino;color: #000000\"> du\u00a0 06\/10\/2016<\/span><\/td>\n<\/tr>\n<tr>\n<td style=\"text-align: center;width: 26.3889%\"><span style=\"font-family: arabic-kufi;font-size: 14pt;color: #000000\">Parasitologie <\/span><\/p>\n<p><span style=\"font-size: 14pt;font-family: arabic-kufi;color: #000000\">\u00a0<\/span><\/td>\n<td style=\"text-align: center;width: 28.3998%\"><span style=\"font-size: 14pt;font-family: Book Antiqua, Palatino;color: #000000\">1024<\/span><\/p>\n<p><span style=\"font-size: 14pt;font-family: Book Antiqua, Palatino;color: #000000\"> du 25\/07\/2023<\/span><\/td>\n<\/tr>\n<tr style=\"height: 94px\">\n<td style=\"text-align: center;width: 27.6389%;height: 94px\"><span style=\"font-family: 'Book Antiqua', Palatino;font-size: 14pt;color: #000000\">Ecologie et Environnement<\/span><\/td>\n<td style=\"text-align: center;width: 26.3889%;height: 94px\"><span style=\"font-family: 'Book Antiqua', Palatino;font-size: 14pt;color: #000000\">Ecologie et Environnement<\/span><\/td>\n<td style=\"text-align: center;width: 28.3998%;height: 94px\"><span style=\"color: #000000;font-size: 14pt;font-family: Book Antiqua, Palatino\">1588<\/span><\/p>\n<p><span style=\"color: #000000;font-size: 14pt;font-family: Book Antiqua, Palatino\"> du\u00a0 06\/10\/2016<\/span><\/td>\n<\/tr>\n<tr style=\"height: 129px\">\n<td style=\"text-align: center;height: 234px;width: 27.6389%\" rowspan=\"2\"><span style=\"font-family: 'Book Antiqua', Palatino;font-size: 14pt;color: #000000\">Sciences Agronomiques<\/span><\/p>\n<p><span style=\"font-family: 'Book Antiqua', Palatino;font-size: 14pt;color: #000000\">\u00a0<\/span><\/p>\n<p><span style=\"font-family: 'Book Antiqua', Palatino;font-size: 14pt;color: #000000\">\u00a0<\/span><\/td>\n<td style=\"text-align: center;height: 129px;width: 26.3889%\"><span style=\"font-family: 'Book Antiqua', Palatino;font-size: 14pt;color: #000000\">Production V\u00e9g\u00e9tale<\/span><span style=\"font-family: 'Book Antiqua', Palatino;font-size: 14pt;color: #000000\">\u00a0<\/span><\/td>\n<td style=\"text-align: center;height: 129px;width: 28.3998%\"><span style=\"color: #000000;font-size: 14pt;font-family: Book Antiqua, Palatino\">1588<\/span><\/p>\n<p><span style=\"color: #000000;font-size: 14pt;font-family: Book Antiqua, Palatino\"> du\u00a0 06\/10\/2016<\/span><\/td>\n<\/tr>\n<tr style=\"height: 105px\">\n<td style=\"text-align: center;width: 26.3889%;height: 105px\"><span style=\"font-size: 14pt;font-family: Book Antiqua, Palatino;color: #000000\">Protection <\/span><span style=\"font-size: 14pt;font-family: Book Antiqua, Palatino;color: #000000\">des V\u00e9g\u00e9taux<\/span><\/td>\n<td style=\"text-align: center;width: 28.3998%;height: 105px\"><span style=\"color: #000000;font-size: 14pt;font-family: Book Antiqua, Palatino\">1123<\/span><\/p>\n<p><span style=\"color: #000000;font-size: 14pt;font-family: Book Antiqua, Palatino\"> du\u00a0 20\/08\/2022<\/span><\/td>\n<\/tr>\n<tr style=\"height: 237px\">\n<td style=\"text-align: center;height: 32px;width: 27.6389%\"><span style=\"font-family: 'Book Antiqua', Palatino;font-size: 14pt;color: #000000\">Sciences Alimentaires<\/span><\/p>\n<p><span style=\"font-family: 'Book Antiqua', Palatino;font-size: 14pt;color: #000000\">\u00a0<\/span><\/td>\n<td style=\"text-align: center;height: 32px;width: 26.3889%\"><span style=\"font-family: 'Book Antiqua', Palatino;font-size: 14pt;color: #000000\">Technologie Agroalimentaire et Contr\u00f4le de Qualit\u00e9<\/span><\/td>\n<td style=\"text-align: center;height: 32px;width: 28.3998%\"><span style=\"font-family: 'Book Antiqua', Palatino;font-size: 14pt;color: #000000\">752<\/span><\/p>\n<p><span style=\"font-family: 'Book Antiqua', Palatino;font-size: 14pt;color: #000000\">\u00a0 du 26\/08\/2018<\/span><\/td>\n<\/tr>\n<tr style=\"height: 102px\">\n<td style=\"text-align: center;height: 208px;width: 25.8333%\" rowspan=\"3\"><span style=\"font-family: 'Book Antiqua', Palatino;font-size: 14pt;color: #000000\">Math\u00e9matiques\u00a0 <\/span><\/p>\n<p><span style=\"font-family: 'Book Antiqua', Palatino;font-size: 14pt;color: #000000\">et Informatique<\/span><\/p>\n<p><span style=\"font-family: 'Book Antiqua', Palatino;font-size: 14pt;color: #000000\">\u00a0<\/span><\/p>\n<p><span style=\"font-family: 'Book Antiqua', Palatino;font-size: 14pt;color: #000000\">D 03<\/span><\/td>\n<td style=\"text-align: center;height: 102px;width: 27.6389%\"><span style=\"font-family: 'Book Antiqua', Palatino;font-size: 14pt;color: #000000\">Math\u00e9matiques<\/span><\/td>\n<td style=\"text-align: center;height: 102px;width: 26.3889%\"><span style=\"font-family: 'Book Antiqua', Palatino;font-size: 14pt;color: #000000\">Math\u00e9matiques<\/span><\/td>\n<td style=\"text-align: center;height: 102px;width: 28.3998%\"><span style=\"font-size: 14pt;font-family: Book Antiqua, Palatino;color: #000000\">575\u00a0<\/span><\/p>\n<p><span style=\"font-size: 14pt;font-family: Book Antiqua, Palatino;color: #000000\"> du\u00a0 05\/08\/2015<\/span><\/td>\n<\/tr>\n<tr>\n<td style=\"text-align: center;width: 27.6389%\"><span style=\"font-family: arabic-kufi;font-size: 14pt;color: #000000\">Math\u00e9matiques Appliqu\u00e9es<\/span><\/td>\n<td style=\"text-align: center;width: 26.3889%\"><span style=\"font-family: arabic-kufi;font-size: 14pt;color: #000000\">Math\u00e9matiques Appliqu\u00e9es<\/span><\/td>\n<td style=\"text-align: center;width: 28.3998%\"><span style=\"font-size: 14pt;font-family: arabic-kufi;color: #000000\">1029<\/span><\/p>\n<p><span style=\"font-size: 14pt;font-family: arabic-kufi;color: #000000\"> du 01\/08\/2023<\/span><\/td>\n<\/tr>\n<tr style=\"height: 129px\">\n<td style=\"text-align: center;height: 106px;width: 27.6389%\"><span style=\"font-family: 'Book Antiqua', Palatino;font-size: 14pt;color: #000000\">Informatique<\/span><\/td>\n<td style=\"text-align: center;height: 106px;width: 26.3889%\"><span style=\"font-family: 'Book Antiqua', Palatino;font-size: 14pt;color: #000000\">Syst\u00e8mes\u00a0 Informatiques<\/span><\/td>\n<td style=\"text-align: center;height: 106px;width: 28.3998%\"><span style=\"font-size: 14pt;font-family: Book Antiqua, Palatino;color: #000000\">\u00a0 879 <\/span><\/p>\n<p><span style=\"font-size: 14pt;font-family: Book Antiqua, Palatino;color: #000000\">du 26\/07\/2016<\/span><\/td>\n<\/tr>\n<\/tbody>\n<\/table>\n<p>&nbsp;<\/p>\n<p style=\"text-align: center\"><span style=\"text-align: center;font-size: 18pt;color: #ff0000;font-family: Book Antiqua, Palatino\"><b>\u00a0 \u00a0 Formation <\/b><\/span><span style=\"text-align: center;color: #ff0000;font-family: Book Antiqua, Palatino\"><span style=\"font-size: 24px\"><b>Syst\u00e8me<\/b><\/span><\/span><span style=\"text-align: center;font-size: 18pt;color: #ff0000;font-family: Book Antiqua, Palatino\"><b> Classique I<span style=\"text-align: center;font-size: 18pt;color: #ff0000;font-family: Book Antiqua, Palatino\">ng\u00e9nieur\u00a0 <\/span><\/b><\/span><\/p>\n<p>&nbsp;<\/p>\n<table style=\"border-collapse: collapse;width: 88.7613%\">\n<tbody>\n<tr style=\"height: 28px\">\n<td style=\"width: 17.2919%;height: 28px;background-color: #b9dbeb;text-align: center\"><strong><span style=\"font-family: 'Book Antiqua', Palatino;font-size: 14pt;color: #000000\">Fili\u00e8re<\/span><\/strong><\/td>\n<td style=\"width: 18.6%;height: 28px;background-color: #b9dbeb;text-align: center\"><strong><span style=\"font-family: 'Book Antiqua', Palatino;font-size: 14pt;color: #000000\">Sp\u00e9cialit\u00e9<\/span><\/strong><\/td>\n<td style=\"width: 12.3415%;background-color: #b9dbeb;text-align: center\"><strong><span style=\"font-family: 'Book Antiqua', Palatino;font-size: 14pt;color: #000000\">Arr\u00eat\u00e9 N\u00b0:<\/span><\/strong><\/td>\n<\/tr>\n<tr>\n<td style=\"width: 17.2919%;text-align: center\"><span style=\"font-family: arabic-kufi;font-size: 14pt;color: #000000\">Informatique<\/span><\/td>\n<td style=\"width: 18.6%\">\n<p style=\"text-align: center\"><span style=\"font-family: arabic-kufi;font-size: 14pt;color: #000000\">Informatique<\/span><\/p>\n<\/td>\n<td style=\"width: 12.3415%\">\n<p style=\"text-align: center\"><span style=\"font-family: arabic-kufi;font-size: 14pt;color: #000000\">\u00a0<\/span><\/p>\n<\/td>\n<\/tr>\n<tr>\n<td style=\"width: 17.2919%;text-align: center\"><span style=\"font-family: arabic-kufi;font-size: 14pt;color: #000000\">Sciences Agronomiques<\/span><\/td>\n<td style=\"width: 18.6%\">\n<p style=\"text-align: center\"><span style=\"font-family: arabic-kufi;color: #000000;font-size: 14pt\">Ing\u00e9nieur Sciences Agronomiques<\/span><\/p>\n<\/td>\n<td style=\"width: 12.3415%\">\n<p style=\"text-align: center\"><span style=\"font-family: arabic-kufi;color: #000000;font-size: 14pt\">1237<\/span><\/p>\n<p style=\"text-align: center\"><span style=\"font-family: arabic-kufi;color: #000000;font-size: 14pt\">\u00a0 du\u00a0 19\/09\/2023<\/span><\/p>\n<\/td>\n<\/tr>\n<tr>\n<td style=\"width: 17.2919%;text-align: center\"><span style=\"font-family: arabic-kufi;font-size: 14pt;color: #000000\">Sciences V\u00e9t\u00e9rinaires<\/span><\/td>\n<td style=\"width: 18.6%\">\n<p style=\"text-align: center\"><span style=\"font-family: arabic-kufi;color: #000000;font-size: 14pt\">Docteur en M\u00e9decine V\u00e9t\u00e9rinaire<\/span><\/p>\n<\/td>\n<td style=\"width: 12.3415%\">\n<p style=\"text-align: center\"><span style=\"font-family: arabic-kufi;color: #000000;font-size: 14pt\">1237<\/span><\/p>\n<p style=\"text-align: center\"><span style=\"font-family: arabic-kufi;color: #000000;font-size: 14pt\">\u00a0 du\u00a0 19\/09\/2023<\/span><\/p>\n<\/td>\n<\/tr>\n<\/tbody>\n<\/table>\n<p style=\"text-align: center\"><span style=\"text-align: center;font-size: 18pt;color: #ff0000;font-family: Book Antiqua, Palatino\"><b><span style=\"text-align: center;font-size: 18pt;color: #ff0000;font-family: Book Antiqua, Palatino\">\u00a0 \u00a0 \u00a0 \u00a0\u00a0<\/span><\/b><\/span><\/p>\n","protected":false},"excerpt":{"rendered":"<p>Formation Licence en Facult\u00e9 des Sciences Domaine Fili\u00e8re Sp\u00e9cialit\u00e9 Arr\u00eat\u00e9 N\u00b0: Sciences de la Mati\u00e8re \u00a0 D 02 Chimie \u00a0 Chimie Fondamentale 809\u00a0 du\u00a0 05\/08\/2015 Physique \u00a0 &nbsp; Physique des Mat\u00e9riaux 252 \u00a0 du\u00a0 18\/04\/2016 Physique des Rayonnements 809 \u00a0 du\u00a0 05\/08\/2015 Sciences de la Nature et de la Vie \u00a0 D 04 Sciences Biologiques [&hellip;]<\/p>\n","protected":false},"author":1,"featured_media":0,"parent":9398,"menu_order":0,"comment_status":"closed","ping_status":"closed","template":"elementor_header_footer","meta":{"_exactmetrics_skip_tracking":false,"_exactmetrics_sitenote_active":false,"_exactmetrics_sitenote_note":"","_exactmetrics_sitenote_category":0,"footnotes":""},"coauthors":[217,530],"class_list":["post-9400","page","type-page","status-publish","hentry"],"_links":{"self":[{"href":"https:\/\/lagh-univ.dz\/fr\/wp-json\/wp\/v2\/pages\/9400","targetHints":{"allow":["GET"]}}],"collection":[{"href":"https:\/\/lagh-univ.dz\/fr\/wp-json\/wp\/v2\/pages"}],"about":[{"href":"https:\/\/lagh-univ.dz\/fr\/wp-json\/wp\/v2\/types\/page"}],"author":[{"embeddable":true,"href":"https:\/\/lagh-univ.dz\/fr\/wp-json\/wp\/v2\/users\/1"}],"replies":[{"embeddable":true,"href":"https:\/\/lagh-univ.dz\/fr\/wp-json\/wp\/v2\/comments?post=9400"}],"version-history":[{"count":22,"href":"https:\/\/lagh-univ.dz\/fr\/wp-json\/wp\/v2\/pages\/9400\/revisions"}],"predecessor-version":[{"id":56953,"href":"https:\/\/lagh-univ.dz\/fr\/wp-json\/wp\/v2\/pages\/9400\/revisions\/56953"}],"up":[{"embeddable":true,"href":"https:\/\/lagh-univ.dz\/fr\/wp-json\/wp\/v2\/pages\/9398"}],"wp:attachment":[{"href":"https:\/\/lagh-univ.dz\/fr\/wp-json\/wp\/v2\/media?parent=9400"}],"wp:term":[{"taxonomy":"author","embeddable":true,"href":"https:\/\/lagh-univ.dz\/fr\/wp-json\/wp\/v2\/coauthors?post=9400"}],"curies":[{"name":"wp","href":"https:\/\/api.w.org\/{rel}","templated":true}]}}