{"id":9404,"date":"2018-07-18T19:42:32","date_gmt":"2018-07-18T21:42:32","guid":{"rendered":"https:\/\/lagh-univ.dz\/science-formation-doctorat\/"},"modified":"2023-05-24T10:31:15","modified_gmt":"2023-05-24T09:31:15","slug":"science-formation-doctorat","status":"publish","type":"page","link":"https:\/\/lagh-univ.dz\/fr\/science-formation\/science-formation-doctorat\/","title":{"rendered":"Science &#8211; formation -doctorat"},"content":{"rendered":"<p style=\"text-align: center\"><strong><span style=\"font-size: 18pt;font-family: 'Book Antiqua', Palatino;color: #ff0000\">Doctorat L.M.D en Facult\u00e9 des Sciences<\/span><\/strong><\/p>\n<p>&nbsp;<\/p>\n<table style=\"width: 87.2391%;height: 261px\" width=\"425\">\n<tbody>\n<tr style=\"height: 42px\">\n<td style=\"width: 25.3635%;text-align: center;background-color: #d471f0;height: 42px\"><span style=\"font-family: 'Book Antiqua', Palatino;font-size: 14pt;color: #000000\"><strong>Domaine<\/strong><\/span><\/td>\n<td style=\"width: 27.6252%;text-align: center;background-color: #d471f0;height: 42px\"><span style=\"font-family: 'Book Antiqua', Palatino;font-size: 14pt;color: #000000\"><strong>Fili\u00e8re<\/strong><\/span><\/td>\n<td style=\"width: 63.571%;text-align: center;background-color: #d471f0;height: 42px\"><span style=\"font-family: 'Book Antiqua', Palatino;font-size: 14pt;color: #000000\"><strong>Option<\/strong><\/span><\/td>\n<\/tr>\n<tr style=\"height: 41px\">\n<td style=\"width: 25.3635%;text-align: center;height: 84px\" rowspan=\"4\"><span style=\"font-family: 'Book Antiqua', Palatino;font-size: 14pt;color: #000000\">Sciences de la Mati\u00e8re<\/span><br \/>\n<span style=\"font-family: 'Book Antiqua', Palatino;font-size: 14pt;color: #000000\"><br \/>\n<\/span><span style=\"font-family: 'Book Antiqua', Palatino;font-size: 14pt;color: #000000\"><br \/>\n<\/span><\/td>\n<td style=\"width: 27.6252%;text-align: center;height: 41px\"><span style=\"font-family: 'Book Antiqua', Palatino;font-size: 14pt;color: #000000\">Chimie<\/span><\/td>\n<td style=\"width: 63.571%;text-align: center;height: 41px\"><span style=\"font-family: 'Book Antiqua', Palatino;font-size: 14pt;color: #000000\">Physico-chimie des Mat\u00e9riaux<\/span><\/td>\n<\/tr>\n<tr style=\"height: 43px\">\n<td style=\"width: 27.6252%;text-align: center;height: 43px\" rowspan=\"3\"><span style=\"font-family: 'Book Antiqua', Palatino;font-size: 14pt;color: #000000\">Physique<\/span><br \/>\n<span style=\"font-family: 'Book Antiqua', Palatino;font-size: 14pt;color: #000000\"><br \/>\n<\/span><span style=\"font-family: 'Book Antiqua', Palatino;font-size: 14pt;color: #000000\"><br \/>\n<\/span><\/td>\n<td style=\"width: 63.571%;text-align: center;height: 43px\"><span style=\"font-family: 'Book Antiqua', Palatino;font-size: 14pt;color: #000000\">Physique des Mat\u00e9riaux<\/span><\/td>\n<\/tr>\n<tr>\n<td style=\"width: 63.571%;text-align: center\"><span style=\"font-size: 14pt;color: #000000\"><span style=\"font-family: Book Antiqua, Palatino\">Physique Des Mat\u00e9riaux<\/span> <\/span><\/p>\n<p><span style=\"font-family: Book Antiqua, Palatino;font-size: 14pt;color: #000000\">et Nanostructure<\/span><\/td>\n<\/tr>\n<tr>\n<td style=\"width: 63.571%;text-align: center\"><span style=\"color: #000000;font-family: Book Antiqua, Palatino\"><span style=\"font-size: 14pt\">Physique Appliqu\u00e9e<\/span><\/span><\/td>\n<\/tr>\n<tr style=\"height: 41px\">\n<td style=\"width: 25.3635%;text-align: center;height: 79px\" rowspan=\"4\"><span style=\"font-family: 'Book Antiqua', Palatino;font-size: 14pt;color: #000000\">Math\u00e9matiques <\/span><\/p>\n<p><span style=\"font-family: 'Book Antiqua', Palatino;font-size: 14pt;color: #000000\">et Informatique<\/span><\/td>\n<td style=\"width: 27.6252%;text-align: center;height: 41px\" rowspan=\"3\"><span style=\"font-family: 'Book Antiqua', Palatino;font-size: 14pt;color: #000000\">Informatique<\/span><br \/>\n<span style=\"font-family: 'Book Antiqua', Palatino;font-size: 14pt;color: #000000\"><br \/>\n<\/span><span style=\"font-family: 'Book Antiqua', Palatino;font-size: 14pt;color: #000000\"><br \/>\n<\/span><\/td>\n<td style=\"width: 63.571%;text-align: center;height: 41px\"><span style=\"font-family: 'Book Antiqua', Palatino;font-size: 14pt;color: #000000\">Syst\u00e8mes Intelligents <\/span><\/p>\n<p><span style=\"font-family: 'Book Antiqua', Palatino;font-size: 14pt;color: #000000\">et Apprentissage Automatique<\/span><\/td>\n<\/tr>\n<tr>\n<td style=\"width: 63.571%;text-align: center\"><span style=\"font-family: 'Book Antiqua', Palatino;font-size: 14pt;color: #000000\">R\u00e9seaux et S\u00e9curit\u00e9<\/span><\/td>\n<\/tr>\n<tr>\n<td style=\"width: 63.571%;text-align: center\"><span style=\"font-family: 'Book Antiqua', Palatino;font-size: 14pt;color: #000000\">Data Science<\/span><\/td>\n<\/tr>\n<tr style=\"height: 38px\">\n<td style=\"width: 27.6252%;text-align: center;height: 38px\"><span style=\"font-family: 'Book Antiqua', Palatino;font-size: 14pt;color: #000000\">Math\u00e9matiques<\/span><\/td>\n<td style=\"width: 63.571%;text-align: center;height: 38px\"><span style=\"font-family: 'Book Antiqua', Palatino;font-size: 14pt;color: #000000\">Analyse Math\u00e9matique <\/span><\/p>\n<p><span style=\"font-family: 'Book Antiqua', Palatino;font-size: 14pt;color: #000000\">et Application<\/span><\/td>\n<\/tr>\n<tr style=\"height: 56px\">\n<td style=\"width: 25.3635%;text-align: center;height: 56px\" rowspan=\"5\"><span style=\"font-family: 'Book Antiqua', Palatino;font-size: 14pt;color: #000000\">Sciences <\/span><\/p>\n<p><span style=\"font-family: 'Book Antiqua', Palatino;font-size: 14pt;color: #000000\">de la Nature <\/span><\/p>\n<p><span style=\"font-family: 'Book Antiqua', Palatino;font-size: 14pt;color: #000000\">et de la vie<\/span><br \/>\n<span style=\"font-family: 'Book Antiqua', Palatino;font-size: 14pt;color: #000000\"><br \/>\n<\/span><span style=\"font-family: 'Book Antiqua', Palatino;font-size: 14pt;color: #000000\"><br \/>\n<\/span><span style=\"font-family: 'Book Antiqua', Palatino;font-size: 14pt;color: #000000\"><br \/>\n<\/span><\/td>\n<td style=\"width: 27.6252%;text-align: center;height: 56px\" rowspan=\"2\"><span style=\"font-family: 'Book Antiqua', Palatino;font-size: 14pt;color: #000000\">Sciences Biologiques<\/span><span style=\"font-family: 'Book Antiqua', Palatino;font-size: 14pt;color: #000000\"><br \/>\n<\/span><\/td>\n<td style=\"width: 63.571%;text-align: center;height: 56px\"><span style=\"font-family: 'Book Antiqua', Palatino;font-size: 14pt;color: #000000\">Biochimie\u00a0<\/span><\/td>\n<\/tr>\n<tr>\n<td style=\"width: 63.571%;text-align: center\"><span style=\"font-family: 'Book Antiqua', Palatino;font-size: 14pt;color: #000000\">Microbiologie<\/span><\/td>\n<\/tr>\n<tr>\n<td style=\"width: 27.6252%;text-align: center\"><span style=\"font-family: 'Book Antiqua', Palatino;font-size: 14pt;color: #000000\">Sciences Alimentaires<\/span><\/td>\n<td style=\"width: 63.571%;text-align: center\"><span style=\"font-family: 'Book Antiqua', Palatino;font-size: 14pt;color: #000000\">Transformation <\/span><\/p>\n<p><span style=\"font-family: 'Book Antiqua', Palatino;font-size: 14pt;color: #000000\">et Valorisation <\/span><\/p>\n<p><span style=\"font-family: 'Book Antiqua', Palatino;font-size: 14pt;color: #000000\">en Agroalimentaire<\/span><\/td>\n<\/tr>\n<tr>\n<td style=\"width: 27.6252%;text-align: center\" rowspan=\"2\"><span style=\"font-family: 'Book Antiqua', Palatino;font-size: 14pt;color: #000000\">Sciences Agronomiques<\/span><br \/>\n<span style=\"font-family: 'Book Antiqua', Palatino;font-size: 14pt;color: #000000\"><br \/>\n<\/span><\/td>\n<td style=\"width: 63.571%;text-align: center\"><span style=\"font-family: 'Book Antiqua', Palatino;font-size: 14pt;color: #000000\">Am\u00e9lioration des Plantes<\/span><\/td>\n<\/tr>\n<tr>\n<td style=\"width: 63.571%;text-align: center\"><span style=\"font-family: 'Book Antiqua', Palatino;font-size: 14pt;color: #000000\">Protection des V\u00e9g\u00e9taux<\/span><\/td>\n<\/tr>\n<\/tbody>\n<\/table>\n<p>&nbsp;<\/p>\n<p style=\"text-align: center\"><strong><span style=\"color: #ff0000\"><span style=\"font-size: 18pt;font-family: 'Book Antiqua', Palatino\">Doctorat en Sciences\u00a0<\/span><\/span><\/strong><\/p>\n<p>&nbsp;<\/p>\n<table style=\"width: 86.8371%;height: 207px\">\n<tbody>\n<tr style=\"height: 35px\">\n<td style=\"text-align: center;width: 32.9134%;background-color: #d471f0;height: 35px\" width=\"205\"><span style=\"font-family: 'Book Antiqua', Palatino;color: #000000;font-size: 14pt\"><strong>Domaine<\/strong><\/span><\/td>\n<td style=\"text-align: center;width: 32.7559%;background-color: #d471f0;height: 35px\" width=\"205\"><span style=\"font-family: 'Book Antiqua', Palatino;color: #000000;font-size: 14pt\"><strong>Fili\u00e8re<\/strong><\/span><\/td>\n<td style=\"text-align: center;width: 45.4756%;background-color: #d471f0;height: 35px\" width=\"205\"><span style=\"font-family: 'Book Antiqua', Palatino;color: #000000;font-size: 14pt\"><strong>Option<\/strong><\/span><\/td>\n<\/tr>\n<tr style=\"height: 43px\">\n<td style=\"text-align: center;width: 32.9134%;height: 85px\" rowspan=\"2\" width=\"205\"><span style=\"font-family: 'Book Antiqua', Palatino;color: #000000;font-size: 14pt\">Sciences de la Mati\u00e8re<\/span><\/td>\n<td style=\"text-align: center;width: 32.7559%;height: 43px\" width=\"205\"><span style=\"font-family: 'Book Antiqua', Palatino;color: #000000;font-size: 14pt\">Chimie<\/span><\/td>\n<td style=\"text-align: center;width: 45.4756%;height: 43px\" width=\"205\"><span style=\"font-family: 'Book Antiqua', Palatino;color: #000000;font-size: 14pt\">Chimie<\/span><\/td>\n<\/tr>\n<tr style=\"height: 42px\">\n<td style=\"text-align: center;width: 32.7559%;height: 42px\" width=\"205\"><span style=\"font-family: 'Book Antiqua', Palatino;color: #000000;font-size: 14pt\">Physique<\/span><\/td>\n<td style=\"text-align: center;width: 45.4756%;height: 42px\" width=\"205\"><span style=\"font-family: 'Book Antiqua', Palatino;color: #000000;font-size: 14pt\">Physique<\/span><\/td>\n<\/tr>\n<tr style=\"height: 56px\">\n<td style=\"text-align: center;width: 32.9134%;height: 56px\" width=\"205\"><span style=\"font-family: 'Book Antiqua', Palatino;color: #000000;font-size: 14pt\">Math\u00e9matiques <\/span><\/p>\n<p><span style=\"font-family: 'Book Antiqua', Palatino;color: #000000;font-size: 14pt\">et Informatique<\/span><\/td>\n<td style=\"text-align: center;width: 32.7559%;height: 56px\" width=\"205\"><span style=\"font-family: 'Book Antiqua', Palatino;color: #000000;font-size: 14pt\">Informatique<\/span><\/td>\n<td style=\"text-align: center;width: 45.4756%;height: 56px\" width=\"205\"><span style=\"font-family: 'Book Antiqua', Palatino;color: #000000;font-size: 14pt\">Informatique<\/span><\/td>\n<\/tr>\n<tr style=\"height: 31px\">\n<td style=\"text-align: center;width: 32.9134%;height: 31px\" width=\"205\"><span style=\"font-family: 'Book Antiqua', Palatino;color: #000000;font-size: 14pt\">Sciences de la Nature <\/span><\/p>\n<p><span style=\"font-family: 'Book Antiqua', Palatino;color: #000000;font-size: 14pt\">et de la vie<\/span><\/td>\n<td style=\"text-align: center;width: 32.7559%;height: 31px\" width=\"205\"><span style=\"font-family: 'Book Antiqua', Palatino;color: #000000;font-size: 14pt\">Biologie<\/span><\/td>\n<td style=\"text-align: center;width: 45.4756%;height: 31px\" width=\"205\"><span style=\"font-family: 'Book Antiqua', Palatino;color: #000000;font-size: 14pt\">Biologie<\/span><\/td>\n<\/tr>\n<\/tbody>\n<\/table>\n","protected":false},"excerpt":{"rendered":"<p>Doctorat L.M.D en Facult\u00e9 des Sciences &nbsp; Domaine Fili\u00e8re Option Sciences de la Mati\u00e8re Chimie Physico-chimie des Mat\u00e9riaux Physique Physique des Mat\u00e9riaux Physique Des Mat\u00e9riaux et Nanostructure Physique Appliqu\u00e9e Math\u00e9matiques et Informatique Informatique Syst\u00e8mes Intelligents et Apprentissage Automatique R\u00e9seaux et S\u00e9curit\u00e9 Data Science Math\u00e9matiques Analyse Math\u00e9matique et Application Sciences de la Nature et de la [&hellip;]<\/p>\n","protected":false},"author":1,"featured_media":0,"parent":9398,"menu_order":0,"comment_status":"closed","ping_status":"closed","template":"elementor_header_footer","meta":{"_exactmetrics_skip_tracking":false,"_exactmetrics_sitenote_active":false,"_exactmetrics_sitenote_note":"","_exactmetrics_sitenote_category":0,"footnotes":""},"coauthors":[217,530],"class_list":["post-9404","page","type-page","status-publish","hentry"],"_links":{"self":[{"href":"https:\/\/lagh-univ.dz\/fr\/wp-json\/wp\/v2\/pages\/9404","targetHints":{"allow":["GET"]}}],"collection":[{"href":"https:\/\/lagh-univ.dz\/fr\/wp-json\/wp\/v2\/pages"}],"about":[{"href":"https:\/\/lagh-univ.dz\/fr\/wp-json\/wp\/v2\/types\/page"}],"author":[{"embeddable":true,"href":"https:\/\/lagh-univ.dz\/fr\/wp-json\/wp\/v2\/users\/1"}],"replies":[{"embeddable":true,"href":"https:\/\/lagh-univ.dz\/fr\/wp-json\/wp\/v2\/comments?post=9404"}],"version-history":[{"count":12,"href":"https:\/\/lagh-univ.dz\/fr\/wp-json\/wp\/v2\/pages\/9404\/revisions"}],"predecessor-version":[{"id":52172,"href":"https:\/\/lagh-univ.dz\/fr\/wp-json\/wp\/v2\/pages\/9404\/revisions\/52172"}],"up":[{"embeddable":true,"href":"https:\/\/lagh-univ.dz\/fr\/wp-json\/wp\/v2\/pages\/9398"}],"wp:attachment":[{"href":"https:\/\/lagh-univ.dz\/fr\/wp-json\/wp\/v2\/media?parent=9404"}],"wp:term":[{"taxonomy":"author","embeddable":true,"href":"https:\/\/lagh-univ.dz\/fr\/wp-json\/wp\/v2\/coauthors?post=9404"}],"curies":[{"name":"wp","href":"https:\/\/api.w.org\/{rel}","templated":true}]}}