{"id":9408,"date":"2018-07-18T19:10:23","date_gmt":"2018-07-18T19:10:23","guid":{"rendered":"https:\/\/lagh-univ.dz\/science-faculte-mot-de-doyen\/"},"modified":"2020-03-12T07:11:32","modified_gmt":"2020-03-12T09:11:32","slug":"science-faculte-mot-de-doyen","status":"publish","type":"page","link":"https:\/\/lagh-univ.dz\/fr\/science-formation\/science-faculte-mot-de-doyen\/","title":{"rendered":"Science -Facult\u00e9- mot de doyen"},"content":{"rendered":"<p dir=\"ltr\" style=\"text-align: center\"><strong><span style=\"color: #0000ff\"><span style=\"font-size: 18pt;font-family: 'Book Antiqua', Palatino\">\u00a0Mot du Doyen de Facult\u00e9 des Sciences<\/span><\/span><\/strong><\/p>\n<p><span style=\"font-family: 'Book Antiqua', Palatino;color: #000000;font-size: 14pt\"><img decoding=\"async\" class=\"alignright wp-image-26116\" src=\"https:\/\/lagh-univ.dz\/wp-content\/uploads\/2020\/02\/doyen-y.png\" alt=\"\" width=\"88\" height=\"104\" \/><\/span><\/p>\n<p dir=\"ltr\" style=\"text-align: left\"><span style=\"font-family: 'Book Antiqua', Palatino;color: #000000;font-size: 14pt\">\u00a0 \u00a0 \u00a0 \u00a0 \u00a0De tout temps, le savoir \u00e9tait consid\u00e9r\u00e9 comme un vecteur de puissance,<\/span><span style=\"font-family: 'Book Antiqua', Palatino;color: #000000;font-size: 14pt\"> de richesse et de bien-\u00eatre.<\/span><\/p>\n<p dir=\"ltr\" style=\"text-align: left\"><span style=\"font-family: 'Book Antiqua', Palatino;color: #000000;font-size: 14pt\">\u00a0Plusieurs nations n\u2019ont pu rayonner sur le monde que gr\u00e2ce \u00e0 l\u2019\u00e9tendue de leur savoir dans divers domaines. Aujourd\u2019hui plus qu\u2019hier, le savoir et la maitrise de la technologie sont le centre d\u2019int\u00e9r\u00eat de toutes les nations et c\u2019est aux universit\u00e9s qu\u2019a \u00e9t\u00e9 assign\u00e9e la mission de diffusion et de production du savoir-faire.<\/span><\/p>\n<p dir=\"ltr\" style=\"text-align: left\"><span style=\"font-family: 'Book Antiqua', Palatino;color: #000000;font-size: 14pt\">Soucieux d\u2019aider chaque \u00e9tudiant \u00e0 d\u00e9velopper au mieux ses capacit\u00e9s, le personnel de la facult\u00e9 se d\u00e9voue sans compter pour donner un enseignement et un encadrement de tr\u00e8s grande qualit\u00e9 Tout le staff acad\u00e9mique et administratif de la facult\u00e9 des sciences \u0153uvre pour une p\u00e9dagogie de qualit\u00e9 et une recherche de pointe pour contribuer \u00e0 l\u2019\u00e9volution de notre universit\u00e9.<\/span><\/p>\n","protected":false},"excerpt":{"rendered":"<p>\u00a0Mot du Doyen de Facult\u00e9 des Sciences \u00a0 \u00a0 \u00a0 \u00a0 \u00a0De tout temps, le savoir \u00e9tait consid\u00e9r\u00e9 comme un vecteur de puissance, de richesse et de bien-\u00eatre. \u00a0Plusieurs nations n\u2019ont pu rayonner sur le monde que gr\u00e2ce \u00e0 l\u2019\u00e9tendue de leur savoir dans divers domaines. Aujourd\u2019hui plus qu\u2019hier, le savoir et la maitrise de [&hellip;]<\/p>\n","protected":false},"author":1,"featured_media":0,"parent":9398,"menu_order":0,"comment_status":"closed","ping_status":"closed","template":"elementor_header_footer","meta":{"_exactmetrics_skip_tracking":false,"_exactmetrics_sitenote_active":false,"_exactmetrics_sitenote_note":"","_exactmetrics_sitenote_category":0,"footnotes":""},"coauthors":[217,530],"class_list":["post-9408","page","type-page","status-publish","hentry"],"_links":{"self":[{"href":"https:\/\/lagh-univ.dz\/fr\/wp-json\/wp\/v2\/pages\/9408","targetHints":{"allow":["GET"]}}],"collection":[{"href":"https:\/\/lagh-univ.dz\/fr\/wp-json\/wp\/v2\/pages"}],"about":[{"href":"https:\/\/lagh-univ.dz\/fr\/wp-json\/wp\/v2\/types\/page"}],"author":[{"embeddable":true,"href":"https:\/\/lagh-univ.dz\/fr\/wp-json\/wp\/v2\/users\/1"}],"replies":[{"embeddable":true,"href":"https:\/\/lagh-univ.dz\/fr\/wp-json\/wp\/v2\/comments?post=9408"}],"version-history":[{"count":8,"href":"https:\/\/lagh-univ.dz\/fr\/wp-json\/wp\/v2\/pages\/9408\/revisions"}],"predecessor-version":[{"id":33120,"href":"https:\/\/lagh-univ.dz\/fr\/wp-json\/wp\/v2\/pages\/9408\/revisions\/33120"}],"up":[{"embeddable":true,"href":"https:\/\/lagh-univ.dz\/fr\/wp-json\/wp\/v2\/pages\/9398"}],"wp:attachment":[{"href":"https:\/\/lagh-univ.dz\/fr\/wp-json\/wp\/v2\/media?parent=9408"}],"wp:term":[{"taxonomy":"author","embeddable":true,"href":"https:\/\/lagh-univ.dz\/fr\/wp-json\/wp\/v2\/coauthors?post=9408"}],"curies":[{"name":"wp","href":"https:\/\/api.w.org\/{rel}","templated":true}]}}