{"id":9414,"date":"2018-07-18T18:58:19","date_gmt":"2018-07-18T20:58:19","guid":{"rendered":"https:\/\/lagh-univ.dz\/science-faculte-secretaire-generale\/"},"modified":"2023-01-29T10:53:42","modified_gmt":"2023-01-29T09:53:42","slug":"science-faculte-secretaire-generale","status":"publish","type":"page","link":"https:\/\/lagh-univ.dz\/fr\/science-faculte-secretaire-generale\/","title":{"rendered":"Science -Facult\u00e9-Secr\u00e9taire g\u00e9n\u00e9rale"},"content":{"rendered":"<p dir=\"ltr\" style=\"text-align: center\"><strong><span style=\"color: #0000ff\"><span style=\"font-size: 18pt;font-family: 'Book Antiqua', Palatino\">Secr\u00e9tariat G\u00e9n\u00e9ral<\/span><\/span><\/strong><\/p>\n<p><span style=\"color: #000000\"><img decoding=\"async\" class=\"alignright wp-image-26631 size-full\" style=\"font-family: 'Book Antiqua', Palatino;font-size: 18.6667px;line-height: 28px\" src=\"https:\/\/lagh-univ.dz\/wp-content\/uploads\/2020\/02\/otmani.jpg\" alt=\"\" width=\"95\" height=\"124\" \/><\/span><\/p>\n<p dir=\"ltr\" style=\"text-align: left\"><strong><span style=\"color: #0000ff\"><span style=\"font-family: 'Book Antiqua', Palatino;font-size: 14pt\">Secr\u00e9taire G\u00e9n\u00e9ral :<\/span><\/span><\/strong><\/p>\n<p dir=\"ltr\" style=\"text-align: left\"><span style=\"font-family: 'Book Antiqua', Palatino;color: #000000;font-size: 14pt\"><strong>Melle :<\/strong>\u00a0\u00a0OTMANI Fadila<\/span><\/p>\n<p dir=\"ltr\" style=\"text-align: left\"><span style=\"font-family: 'Book Antiqua', Palatino;color: #000000;font-size: 14pt\"><strong>E-mail :<\/strong>\u00a0f.otmani @mail.lagh-univ.dz<\/span><\/p>\n<p dir=\"ltr\" style=\"text-align: left\"><span style=\"font-family: 'Book Antiqua', Palatino;color: #000000;font-size: 14pt\"><strong>T\u00e9l :<\/strong>\u00a0029 14 53 00<\/span><\/p>\n<p dir=\"ltr\"><span style=\"color: #0000ff;font-size: 14pt;font-family: Book Antiqua, Palatino\"><strong>Service Personnel :<\/strong><\/span><\/p>\n<p dir=\"ltr\" style=\"text-align: left\"><span style=\"color: #000000;font-size: 14pt;font-family: Book Antiqua, Palatino\"><strong>Mr : \/<\/strong> <\/span><\/p>\n<p dir=\"ltr\" style=\"text-align: left\"><span style=\"color: #000000;font-size: 14pt;font-family: Book Antiqua, Palatino\"><strong>E-mail : \/<br \/>\n<\/strong><\/span><\/p>\n<p dir=\"ltr\"><span style=\"color: #000000;font-size: 14pt;font-family: Book Antiqua, Palatino\"><strong>T\u00e9l :<\/strong> \/<\/span><\/p>\n<p><span style=\"color: #000000\"><img decoding=\"async\" class=\"alignright wp-image-26634\" style=\"font-family: 'Book Antiqua', Palatino;font-size: 18.6667px;line-height: 28px\" src=\"https:\/\/lagh-univ.dz\/wp-content\/uploads\/2020\/02\/\u0628\u0644\u0639\u064a\u062f\u064a-\u0623\u062d\u0645\u062f-\u0646\u0635\u0631-\u0627\u0644\u062f\u064a\u0646.jpg\" alt=\"\" width=\"105\" height=\"135\" \/><\/span><\/p>\n<p dir=\"ltr\"><strong><span style=\"color: #0000ff\"><span style=\"font-family: 'Book Antiqua', Palatino;font-size: 14pt\">Service des budget et comptabilit\u00e9:<\/span><\/span><\/strong><\/p>\n<p style=\"text-align: left\"><span style=\"color: #000000\"><strong style=\"font-family: 'Book Antiqua', Palatino;font-size: 14pt;line-height: 1.5\">Mr :<\/strong><span style=\"font-family: 'Book Antiqua', Palatino;font-size: 14pt;line-height: 1.5\">\u00a0Belaidi Ahmed<\/span><\/span><\/p>\n<p style=\"text-align: left\"><span style=\"color: #000000\"><strong style=\"font-family: 'Book Antiqua', Palatino;font-size: 14pt;line-height: 1.5\">E-mail :<\/strong><span style=\"font-family: 'Book Antiqua', Palatino;font-size: 14pt;line-height: 1.5\"> a.belaidi@lagh-univ.dz<\/span><\/span><\/p>\n<p dir=\"ltr\"><span style=\"font-family: 'Book Antiqua', Palatino;color: #000000;font-size: 14pt\"><strong>T\u00e9l :<\/strong>\u00a0029 14 53 00<\/span><\/p>\n<p dir=\"ltr\" style=\"text-align: left\"><strong><span style=\"color: #0000ff\"><span style=\"font-family: 'Book Antiqua', Palatino;font-size: 14pt\">Service des Moyen g\u00e9n\u00e9raux et Maintenance:<\/span><\/span><\/strong><\/p>\n<p><span style=\"color: #000000\"><img decoding=\"async\" class=\"alignright wp-image-26637 \" style=\"font-family: 'Book Antiqua', Palatino;font-size: 18.6667px;line-height: 28px\" src=\"https:\/\/lagh-univ.dz\/wp-content\/uploads\/2020\/02\/Aouay-205x300.jpg\" alt=\"\" width=\"89\" height=\"131\" srcset=\"https:\/\/lagh-univ.dz\/wp-content\/uploads\/2020\/02\/Aouay-205x300.jpg 205w, https:\/\/lagh-univ.dz\/wp-content\/uploads\/2020\/02\/Aouay.jpg 361w\" sizes=\"(max-width: 89px) 100vw, 89px\" \/><\/span><\/p>\n<p style=\"line-height: 24px;text-align: left\"><span style=\"color: #000000\"><strong style=\"font-family: 'Book Antiqua', Palatino;font-size: 14pt;line-height: 1.5\">Mr :<\/strong><span style=\"font-family: 'Book Antiqua', Palatino;font-size: 14pt;line-height: 1.5\"> Aouay Mohamed<\/span><\/span><\/p>\n<p dir=\"ltr\" style=\"text-align: left\"><span style=\"font-family: 'Book Antiqua', Palatino;color: #000000;font-size: 14pt\"><strong>E-mail :<\/strong> m.aouay@lagh-univ.dz<br \/>\n<\/span><\/p>\n<p style=\"text-align: left\"><span style=\"color: #000000\"><strong style=\"font-family: 'Book Antiqua', Palatino;font-size: 14pt;line-height: 1.5\">T\u00e9l :<\/strong><span style=\"font-family: 'Book Antiqua', Palatino;font-size: 14pt;line-height: 1.5\">\u00a0029 14 53 00<\/span><\/span><\/p>\n","protected":false},"excerpt":{"rendered":"<p>Secr\u00e9tariat G\u00e9n\u00e9ral Secr\u00e9taire G\u00e9n\u00e9ral : Melle :\u00a0\u00a0OTMANI Fadila E-mail :\u00a0f.otmani @mail.lagh-univ.dz T\u00e9l :\u00a0029 14 53 00 Service Personnel : Mr : \/ E-mail : \/ T\u00e9l : \/ Service des budget et comptabilit\u00e9: Mr :\u00a0Belaidi Ahmed E-mail : a.belaidi@lagh-univ.dz T\u00e9l :\u00a0029 14 53 00 Service des Moyen g\u00e9n\u00e9raux et Maintenance: Mr : Aouay Mohamed E-mail [&hellip;]<\/p>\n","protected":false},"author":1,"featured_media":0,"parent":0,"menu_order":0,"comment_status":"closed","ping_status":"closed","template":"elementor_header_footer","meta":{"_exactmetrics_skip_tracking":false,"_exactmetrics_sitenote_active":false,"_exactmetrics_sitenote_note":"","_exactmetrics_sitenote_category":0,"footnotes":""},"coauthors":[217,530],"class_list":["post-9414","page","type-page","status-publish","hentry"],"_links":{"self":[{"href":"https:\/\/lagh-univ.dz\/fr\/wp-json\/wp\/v2\/pages\/9414","targetHints":{"allow":["GET"]}}],"collection":[{"href":"https:\/\/lagh-univ.dz\/fr\/wp-json\/wp\/v2\/pages"}],"about":[{"href":"https:\/\/lagh-univ.dz\/fr\/wp-json\/wp\/v2\/types\/page"}],"author":[{"embeddable":true,"href":"https:\/\/lagh-univ.dz\/fr\/wp-json\/wp\/v2\/users\/1"}],"replies":[{"embeddable":true,"href":"https:\/\/lagh-univ.dz\/fr\/wp-json\/wp\/v2\/comments?post=9414"}],"version-history":[{"count":19,"href":"https:\/\/lagh-univ.dz\/fr\/wp-json\/wp\/v2\/pages\/9414\/revisions"}],"predecessor-version":[{"id":49224,"href":"https:\/\/lagh-univ.dz\/fr\/wp-json\/wp\/v2\/pages\/9414\/revisions\/49224"}],"wp:attachment":[{"href":"https:\/\/lagh-univ.dz\/fr\/wp-json\/wp\/v2\/media?parent=9414"}],"wp:term":[{"taxonomy":"author","embeddable":true,"href":"https:\/\/lagh-univ.dz\/fr\/wp-json\/wp\/v2\/coauthors?post=9414"}],"curies":[{"name":"wp","href":"https:\/\/api.w.org\/{rel}","templated":true}]}}