{"id":9418,"date":"2018-07-18T19:01:44","date_gmt":"2018-07-18T19:01:44","guid":{"rendered":"https:\/\/lagh-univ.dz\/science-faculte-conseil-scientifque\/"},"modified":"2024-12-10T11:01:59","modified_gmt":"2024-12-10T10:01:59","slug":"science-faculte-conseil-scientifque","status":"publish","type":"page","link":"https:\/\/lagh-univ.dz\/fr\/science-formation\/science-faculte-conseil-scientifque\/","title":{"rendered":"Science -Facult\u00c3\u0083\u00c2\u0083\u00c3\u0082\u00c2\u00a9- conseil scientifque"},"content":{"rendered":"<p style=\"text-align: center\"><strong><span style=\"color: #0000ff\"><span style=\"font-size: 18pt;font-family: 'Book Antiqua', Palatino\">Conseil Scientifique de la Facult\u00e9 des Sciences<\/span><\/span><\/strong><\/p>\n<table class=\" alignright\" style=\"height: 1726px;width: 62.8016%\">\n<tbody>\n<tr style=\"height: 60px\">\n<td style=\"text-align: center;width: 1.0627%;height: 60px\" width=\"45\">\n<p style=\"text-align: right\"><span style=\"font-family: 'Book Antiqua', Palatino;font-size: 14pt;color: #000000\"><strong>N\u00b0<\/strong><\/span><\/p>\n<\/td>\n<td style=\"text-align: center;width: 25.0169%;height: 60px\" width=\"161\"><span style=\"font-family: 'Book Antiqua', Palatino;font-size: 14pt;color: #000000\"><strong>Nom\u00a0 et Pr\u00e9nom<\/strong><\/span><\/td>\n<td style=\"text-align: center;width: 82.5228%;height: 60px\" width=\"408\"><span style=\"font-family: 'Book Antiqua', Palatino;font-size: 14pt;color: #000000\"><strong>Fonction<\/strong><\/span><\/td>\n<\/tr>\n<tr style=\"height: 104px\">\n<td style=\"width: 1.0627%;height: 104px;text-align: center\" width=\"45\"><span style=\"font-family: 'Book Antiqua', Palatino;font-size: 14pt;color: #000000\">01<\/span><\/td>\n<td style=\"width: 25.0169%;height: 104px;text-align: center\" width=\"161\"><span style=\"font-family: 'Book Antiqua', Palatino;font-size: 14pt;color: #000000\">GUIBADJ Abdelnasser<\/span><\/td>\n<td style=\"width: 82.5228%;height: 104px;text-align: center\" width=\"408\"><span style=\"font-family: 'Book Antiqua', Palatino;font-size: 14pt;color: #000000\">Pr\u00e9sident du Conseil Scientifique de la Facult\u00e9,<\/span><\/p>\n<p><span style=\"font-family: 'Book Antiqua', Palatino;font-size: 14pt;color: #000000\">Repr\u00e9sentant des enseignants du D\u00e9p. SM<\/span><\/td>\n<\/tr>\n<tr style=\"height: 56px\">\n<td style=\"width: 1.0627%;height: 56px;text-align: center\" width=\"45\"><span style=\"font-family: 'Book Antiqua', Palatino;font-size: 14pt;color: #000000\">02<\/span><\/td>\n<td style=\"width: 25.0169%;height: 56px;text-align: center\" width=\"161\"><span style=\"font-family: 'Book Antiqua', Palatino;font-size: 14pt;color: #000000\">YAGOUBI Mohamed Bachir<\/span><\/td>\n<td style=\"width: 82.5228%;height: 56px;text-align: center\" width=\"408\"><span style=\"font-family: 'Book Antiqua', Palatino;font-size: 14pt;color: #000000\">Doyen de la facult\u00e9<\/span><\/td>\n<\/tr>\n<tr style=\"height: 56px\">\n<td style=\"width: 1.0627%;height: 56px;text-align: center\" width=\"45\"><span style=\"font-family: 'Book Antiqua', Palatino;font-size: 14pt;color: #000000\">03<\/span><\/td>\n<td style=\"width: 25.0169%;height: 56px;text-align: center\" width=\"161\"><span style=\"font-family: 'Book Antiqua', Palatino;font-size: 14pt;color: #000000\">BOUAKKAZ Mustapha<\/span><\/td>\n<td style=\"width: 82.5228%;height: 56px;text-align: center\" width=\"408\"><span style=\"font-family: 'Book Antiqua', Palatino;font-size: 14pt;color: #000000\">Vice doyen charg\u00e9 de la formation en post graduation, de la recherche scientifique et des relations ext\u00e9rieures<\/span><\/td>\n<\/tr>\n<tr style=\"height: 28px\">\n<td style=\"width: 1.0627%;height: 28px;text-align: center\" width=\"45\"><span style=\"font-family: 'Book Antiqua', Palatino;font-size: 14pt;color: #000000\">04<\/span><\/td>\n<td style=\"width: 25.0169%;height: 28px;text-align: center\" width=\"161\"><span style=\"font-family: 'Book Antiqua', Palatino;font-size: 14pt;color: #000000\">BENGHIA Ali<\/span><\/td>\n<td style=\"width: 82.5228%;height: 28px;text-align: center\" width=\"408\"><span style=\"font-family: 'Book Antiqua', Palatino;font-size: 14pt;color: #000000\">Vice doyen charg\u00e9 des \u00e9tudes et des questions li\u00e9es aux \u00e9tudiants<\/span><\/td>\n<\/tr>\n<tr style=\"height: 28px\">\n<td style=\"width: 1.0627%;height: 28px;text-align: center\" width=\"45\"><span style=\"font-family: 'Book Antiqua', Palatino;font-size: 14pt;color: #000000\">05<\/span><\/td>\n<td style=\"width: 25.0169%;height: 28px;text-align: center\" width=\"161\"><span style=\"font-family: 'Book Antiqua', Palatino;font-size: 14pt;color: #000000\">HAMDI Ahmed<\/span><\/td>\n<td style=\"width: 82.5228%;height: 28px;text-align: center\" width=\"408\"><span style=\"font-family: 'Book Antiqua', Palatino;font-size: 14pt;color: #000000\">Chef du d\u00e9partement Sciences de la mati\u00e8re<\/span><\/td>\n<\/tr>\n<tr style=\"height: 28px\">\n<td style=\"width: 1.0627%;height: 28px;text-align: center\" width=\"45\"><span style=\"font-family: 'Book Antiqua', Palatino;font-size: 14pt;color: #000000\">06<\/span><\/td>\n<td style=\"width: 25.0169%;height: 28px;text-align: center\" width=\"161\"><span style=\"font-family: 'Book Antiqua', Palatino;font-size: 14pt;color: #000000\">CHAIBI Rachid<\/span><\/td>\n<td style=\"width: 82.5228%;height: 28px;text-align: center\" width=\"408\"><span style=\"font-family: 'Book Antiqua', Palatino;font-size: 14pt;color: #000000\">Chef du d\u00e9partement Sciences biologiques<\/span><\/td>\n<\/tr>\n<tr style=\"height: 56px\">\n<td style=\"width: 1.0627%;height: 56px;text-align: center\" width=\"45\"><span style=\"font-family: 'Book Antiqua', Palatino;font-size: 14pt;color: #000000\">07<\/span><\/td>\n<td style=\"width: 25.0169%;height: 56px;text-align: center\" width=\"161\"><span style=\"font-family: 'Book Antiqua', Palatino;font-size: 14pt;color: #000000\">BENCHETTOUH Ahmed<\/span><\/td>\n<td style=\"width: 82.5228%;height: 56px;text-align: center\" width=\"408\"><span style=\"font-family: 'Book Antiqua', Palatino;font-size: 14pt;color: #000000\">Chef du d\u00e9partement Sciences agronomiques<\/span><\/td>\n<\/tr>\n<tr style=\"height: 28px\">\n<td style=\"width: 1.0627%;height: 28px;text-align: center\" width=\"45\"><span style=\"font-family: 'Book Antiqua', Palatino;font-size: 14pt;color: #000000\">08<\/span><\/td>\n<td style=\"width: 25.0169%;height: 28px;text-align: center\" width=\"161\"><span style=\"font-family: 'Book Antiqua', Palatino;font-size: 14pt;color: #000000\">YAZID Far\u00e9s<\/span><\/td>\n<td style=\"width: 82.5228%;height: 28px;text-align: center\" width=\"408\"><span style=\"font-family: 'Book Antiqua', Palatino;font-size: 14pt;color: #000000\">Chef du d\u00e9partement Math\u00e9matiques<\/span><\/td>\n<\/tr>\n<tr style=\"height: 56px\">\n<td style=\"width: 1.0627%;height: 56px;text-align: center\" width=\"45\"><span style=\"font-family: 'Book Antiqua', Palatino;font-size: 14pt;color: #000000\">09<\/span><\/td>\n<td style=\"width: 25.0169%;height: 56px;text-align: center\" width=\"161\"><span style=\"font-family: 'Book Antiqua', Palatino;font-size: 14pt;color: #000000\">ALLAOUI Tahar<\/span><\/td>\n<td style=\"width: 82.5228%;height: 56px;text-align: center\" width=\"408\"><span style=\"font-family: 'Book Antiqua', Palatino;font-size: 14pt;color: #000000\">Chef du d\u00e9partement Informatique<\/span><\/td>\n<\/tr>\n<tr style=\"height: 28px\">\n<td style=\"width: 1.0627%;height: 28px;text-align: center\" width=\"45\"><span style=\"font-family: 'Book Antiqua', Palatino;font-size: 14pt;color: #000000\">10<\/span><\/td>\n<td style=\"width: 25.0169%;height: 28px;text-align: center\" width=\"161\"><span style=\"font-family: 'Book Antiqua', Palatino;font-size: 14pt;color: #000000\">YOUSEFI Mustapha Naceur<\/span><\/td>\n<td style=\"width: 82.5228%;height: 28px;text-align: center\" width=\"408\"><span style=\"font-family: 'Book Antiqua', Palatino;font-size: 14pt;color: #000000\">Chef du d\u00e9partement tronc commun en sciences de la nature et de la vie<\/span><\/td>\n<\/tr>\n<tr style=\"height: 56px\">\n<td style=\"width: 1.0627%;height: 56px;text-align: center\" width=\"45\"><span style=\"font-family: 'Book Antiqua', Palatino;font-size: 14pt;color: #000000\">11<\/span><\/td>\n<td style=\"width: 25.0169%;height: 56px;text-align: center\" width=\"161\"><span style=\"font-family: 'Book Antiqua', Palatino;font-size: 14pt;color: #000000\">BENAHMED Ziyad<\/span><\/td>\n<td style=\"width: 82.5228%;height: 56px;text-align: center\" width=\"408\"><span style=\"font-family: 'Book Antiqua', Palatino;font-size: 14pt;color: #000000\">Pr\u00e9sident du CSD Sciences de la mati\u00e8re<\/span><\/td>\n<\/tr>\n<tr style=\"height: 56px\">\n<td style=\"width: 1.0627%;height: 56px;text-align: center\" width=\"45\"><span style=\"font-family: 'Book Antiqua', Palatino;font-size: 14pt;color: #000000\">12<\/span><\/td>\n<td style=\"width: 25.0169%;height: 56px;text-align: center\" width=\"161\"><span style=\"font-family: 'Book Antiqua', Palatino;font-size: 14pt;color: #000000\">OUINTEN Mohamed<\/span><\/td>\n<td style=\"width: 82.5228%;height: 56px;text-align: center\" width=\"408\"><span style=\"font-family: 'Book Antiqua', Palatino;font-size: 14pt;color: #000000\">Pr\u00e9sident du CSD Sciences biologiques<\/span><\/td>\n<\/tr>\n<tr style=\"height: 56px\">\n<td style=\"width: 1.0627%;height: 56px;text-align: center\" width=\"45\"><span style=\"font-family: 'Book Antiqua', Palatino;font-size: 14pt;color: #000000\">13<\/span><\/td>\n<td style=\"width: 25.0169%;height: 56px;text-align: center\" width=\"161\"><span style=\"font-family: 'Book Antiqua', Palatino;font-size: 14pt;color: #000000\">ALLALI Khadidja<\/span><\/td>\n<td style=\"width: 82.5228%;height: 56px;text-align: center\" width=\"408\"><span style=\"font-family: 'Book Antiqua', Palatino;font-size: 14pt;color: #000000\">Pr\u00e9sidente du CSD Sciences agronomiques<\/span><\/td>\n<\/tr>\n<tr style=\"height: 28px\">\n<td style=\"width: 1.0627%;height: 28px;text-align: center\" width=\"45\"><span style=\"font-family: 'Book Antiqua', Palatino;font-size: 14pt;color: #000000\">14<\/span><\/td>\n<td style=\"width: 25.0169%;height: 28px;text-align: center\" width=\"161\"><span style=\"font-family: 'Book Antiqua', Palatino;font-size: 14pt;color: #000000\">BELACEL Amar<\/span><\/td>\n<td style=\"width: 82.5228%;height: 28px;text-align: center\" width=\"408\"><span style=\"font-family: 'Book Antiqua', Palatino;font-size: 14pt;color: #000000\">Pr\u00e9sident du CSD Math\u00e9matiques<\/span><\/td>\n<\/tr>\n<tr style=\"height: 56px\">\n<td style=\"width: 1.0627%;height: 56px;text-align: center\" width=\"45\"><span style=\"font-family: 'Book Antiqua', Palatino;font-size: 14pt;color: #000000\">15<\/span><\/td>\n<td style=\"width: 25.0169%;height: 56px;text-align: center\" width=\"161\"><span style=\"font-family: 'Book Antiqua', Palatino;font-size: 14pt;color: #000000\">BOUAKKAZ Mustapha<\/span><\/td>\n<td style=\"width: 82.5228%;height: 56px;text-align: center\" width=\"408\"><span style=\"font-family: 'Book Antiqua', Palatino;font-size: 14pt;color: #000000\">Pr\u00e9sident du CSD Informatique<\/span><\/td>\n<\/tr>\n<tr style=\"height: 56px\">\n<td style=\"width: 1.0627%;height: 56px;text-align: center\" width=\"45\"><span style=\"font-family: 'Book Antiqua', Palatino;font-size: 14pt;color: #000000\">16<\/span><\/td>\n<td style=\"width: 25.0169%;height: 56px;text-align: center\" width=\"161\"><span style=\"font-family: 'Book Antiqua', Palatino;font-size: 14pt;color: #000000\">GUELLOUMA Younes<\/span><\/td>\n<td style=\"width: 82.5228%;height: 56px;text-align: center\" width=\"408\"><span style=\"font-family: 'Book Antiqua', Palatino;font-size: 14pt;color: #000000\">Repr\u00e9sentant du d\u00e9partement Informatique<\/span><\/td>\n<\/tr>\n<tr style=\"height: 56px\">\n<td style=\"width: 1.0627%;height: 56px;text-align: center\" width=\"45\"><span style=\"font-family: 'Book Antiqua', Palatino;font-size: 14pt;color: #000000\">17<\/span><\/td>\n<td style=\"width: 25.0169%;height: 56px;text-align: center\" width=\"161\"><span style=\"font-family: 'Book Antiqua', Palatino;font-size: 14pt;color: #000000\">BENDOUMA Tahar<\/span><\/td>\n<td style=\"width: 82.5228%;height: 56px;text-align: center\" width=\"408\"><span style=\"font-family: 'Book Antiqua', Palatino;font-size: 14pt;color: #000000\">Repr\u00e9sentant du d\u00e9partement Informatique<\/span><\/td>\n<\/tr>\n<tr style=\"height: 28px\">\n<td style=\"width: 1.0627%;height: 28px;text-align: center\" width=\"45\"><span style=\"font-family: 'Book Antiqua', Palatino;font-size: 14pt;color: #000000\">18<\/span><\/td>\n<td style=\"width: 25.0169%;height: 28px;text-align: center\" width=\"161\"><span style=\"font-family: 'Book Antiqua', Palatino;font-size: 14pt;color: #000000\">YAGOUB Ameur<\/span><\/td>\n<td style=\"width: 82.5228%;height: 28px;text-align: center\" width=\"408\"><span style=\"font-family: 'Book Antiqua', Palatino;font-size: 14pt;color: #000000\">Repr\u00e9sentant du d\u00e9partement Math\u00e9matiques<\/span><\/td>\n<\/tr>\n<tr style=\"height: 28px\">\n<td style=\"width: 1.0627%;height: 28px;text-align: center\" width=\"45\"><span style=\"font-family: 'Book Antiqua', Palatino;font-size: 14pt;color: #000000\">19<\/span><\/td>\n<td style=\"width: 25.0169%;height: 28px;text-align: center\" width=\"161\"><span style=\"font-family: 'Book Antiqua', Palatino;font-size: 14pt;color: #000000\">SAIDI Radhwane<\/span><\/td>\n<td style=\"width: 82.5228%;height: 28px;text-align: center\" width=\"408\"><span style=\"font-family: 'Book Antiqua', Palatino;font-size: 14pt;color: #000000\">Repr\u00e9sentant du d\u00e9partement Sciences agronomiques<\/span><\/td>\n<\/tr>\n<tr style=\"height: 56px\">\n<td style=\"width: 1.0627%;height: 56px;text-align: center\" width=\"45\"><span style=\"font-family: 'Book Antiqua', Palatino;font-size: 14pt;color: #000000\">20<\/span><\/td>\n<td style=\"width: 25.0169%;height: 56px;text-align: center\" width=\"161\"><span style=\"font-family: 'Book Antiqua', Palatino;font-size: 14pt;color: #000000\">BENAROUS Khedidja<\/span><\/td>\n<td style=\"width: 82.5228%;height: 56px;text-align: center\" width=\"408\"><span style=\"font-family: 'Book Antiqua', Palatino;font-size: 14pt;color: #000000\">Repr\u00e9sentante du d\u00e9partement Sciences biologiques<\/span><\/td>\n<\/tr>\n<tr style=\"height: 28px\">\n<td style=\"width: 1.0627%;height: 28px;text-align: center\" width=\"45\"><span style=\"font-family: 'Book Antiqua', Palatino;font-size: 14pt;color: #000000\">21<\/span><\/td>\n<td style=\"width: 25.0169%;height: 28px;text-align: center\" width=\"161\"><span style=\"font-family: 'Book Antiqua', Palatino;font-size: 14pt;color: #000000\">REDJEM Fethi<\/span><\/td>\n<td style=\"width: 82.5228%;height: 28px;text-align: center\" width=\"408\"><span style=\"font-family: 'Book Antiqua', Palatino;font-size: 14pt;color: #000000\">Repr\u00e9sentant des Maitres Assistants<\/span><\/td>\n<\/tr>\n<tr style=\"height: 28px\">\n<td style=\"width: 1.0627%;height: 28px;text-align: center\" width=\"45\"><span style=\"font-family: 'Book Antiqua', Palatino;font-size: 14pt;color: #000000\">22<\/span><\/td>\n<td style=\"width: 25.0169%;height: 28px;text-align: center\" width=\"161\"><span style=\"font-family: 'Book Antiqua', Palatino;font-size: 14pt;color: #000000\">TAKHI Djalila<\/span><\/td>\n<td style=\"width: 82.5228%;height: 28px;text-align: center\" width=\"408\"><span style=\"font-family: 'Book Antiqua', Palatino;font-size: 14pt;color: #000000\">Repr\u00e9sentante des Maitres Assistants<\/span><\/td>\n<\/tr>\n<tr style=\"height: 56px\">\n<td style=\"width: 1.0627%;height: 56px;text-align: center\" width=\"45\"><span style=\"font-family: 'Book Antiqua', Palatino;font-size: 14pt;color: #000000\">23<\/span><\/td>\n<td style=\"width: 25.0169%;height: 56px;text-align: center\" width=\"161\"><span style=\"font-family: 'Book Antiqua', Palatino;font-size: 14pt;color: #000000\">YOUSFI Mohamed<\/span><\/td>\n<td style=\"width: 82.5228%;height: 56px;text-align: center\" width=\"408\"><span style=\"font-family: 'Book Antiqua', Palatino;font-size: 14pt;color: #000000\">Directeur de laboratoire de recherche<\/span><\/td>\n<\/tr>\n<tr style=\"height: 28px\">\n<td style=\"width: 1.0627%;height: 28px;text-align: center\" width=\"45\"><span style=\"font-family: 'Book Antiqua', Palatino;font-size: 14pt;color: #000000\">24<\/span><\/td>\n<td style=\"width: 25.0169%;height: 28px;text-align: center\" width=\"161\"><span style=\"font-family: 'Book Antiqua', Palatino;font-size: 14pt;color: #000000\">HELIFA Bachir<\/span><\/td>\n<td style=\"width: 82.5228%;height: 28px;text-align: center\" width=\"408\"><span style=\"font-family: 'Book Antiqua', Palatino;font-size: 14pt;color: #000000\">Directeur de laboratoire de recherche<\/span><\/td>\n<\/tr>\n<tr style=\"height: 84px\">\n<td style=\"width: 1.0627%;height: 84px;text-align: center\" width=\"45\"><span style=\"font-family: 'Book Antiqua', Palatino;font-size: 14pt;color: #000000\">25<\/span><\/td>\n<td style=\"width: 25.0169%;height: 84px;text-align: center\" width=\"161\"><span style=\"font-family: 'Book Antiqua', Palatino;font-size: 14pt;color: #000000\">TAOUTI Mohamed benabdallah<\/span><\/td>\n<td style=\"width: 82.5228%;height: 84px;text-align: center\" width=\"408\"><span style=\"font-family: 'Book Antiqua', Palatino;font-size: 14pt;color: #000000\">Directeur de laboratoire de recherche<\/span><\/td>\n<\/tr>\n<tr style=\"height: 56px\">\n<td style=\"width: 1.0627%;height: 56px;text-align: center\" width=\"45\"><span style=\"font-family: 'Book Antiqua', Palatino;font-size: 14pt;color: #000000\">26<\/span><\/td>\n<td style=\"width: 25.0169%;height: 56px;text-align: center\" width=\"161\"><span style=\"font-family: 'Book Antiqua', Palatino;font-size: 14pt;color: #000000\">KERRACHE chaker Abdelaziz<\/span><\/td>\n<td style=\"width: 82.5228%;height: 56px;text-align: center\" width=\"408\"><span style=\"font-family: 'Book Antiqua', Palatino;font-size: 14pt;color: #000000\">Directeur de laboratoire de recherche<\/span><\/td>\n<\/tr>\n<tr style=\"height: 56px\">\n<td style=\"width: 1.0627%;height: 56px;text-align: center\" width=\"45\"><span style=\"font-family: 'Book Antiqua', Palatino;font-size: 14pt;color: #000000\">27<\/span><\/td>\n<td style=\"width: 25.0169%;height: 56px;text-align: center\" width=\"161\"><span style=\"font-family: 'Book Antiqua', Palatino;font-size: 14pt;color: #000000\">HALIT Mohamed<\/span><\/td>\n<td style=\"width: 82.5228%;height: 56px;text-align: center\" width=\"408\"><span style=\"font-family: 'Book Antiqua', Palatino;font-size: 14pt;color: #000000\">Directeur de laboratoire de recherche<\/span><\/td>\n<\/tr>\n<tr style=\"height: 28px\">\n<td style=\"width: 1.0627%;height: 28px;text-align: center\" width=\"45\"><span style=\"font-family: 'Book Antiqua', Palatino;font-size: 14pt;color: #000000\">28<\/span><\/td>\n<td style=\"width: 25.0169%;height: 28px;text-align: center\" width=\"161\"><span style=\"font-family: 'Book Antiqua', Palatino;font-size: 14pt;color: #000000\">GOUZI Hicham<\/span><\/td>\n<td style=\"width: 82.5228%;height: 28px;text-align: center\" width=\"408\"><span style=\"font-family: 'Book Antiqua', Palatino;font-size: 14pt;color: #000000\">Directeur de laboratoire de recherche<\/span><\/td>\n<\/tr>\n<tr style=\"height: 56px\">\n<td style=\"width: 1.0627%;height: 56px;text-align: center\" width=\"45\"><span style=\"font-family: 'Book Antiqua', Palatino;font-size: 14pt;color: #000000\">29<\/span><\/td>\n<td style=\"width: 25.0169%;height: 56px;text-align: center\" width=\"161\"><span style=\"font-family: 'Book Antiqua', Palatino;font-size: 14pt;color: #000000\">BENTOUBACHE Mohand<\/span><\/td>\n<td style=\"width: 82.5228%;height: 56px;text-align: center\" width=\"408\"><span style=\"font-family: 'Book Antiqua', Palatino;font-size: 14pt;color: #000000\">Directeur de laboratoire de recherche<\/span><\/td>\n<\/tr>\n<tr style=\"height: 56px\">\n<td style=\"width: 1.0627%;height: 56px;text-align: center\" width=\"45\"><span style=\"font-family: 'Book Antiqua', Palatino;font-size: 14pt;color: #000000\">30<\/span><\/td>\n<td style=\"width: 25.0169%;height: 56px;text-align: center\" width=\"161\"><span style=\"font-family: 'Book Antiqua', Palatino;font-size: 14pt;color: #000000\">MEDJDOUB Belkacem<\/span><\/td>\n<td style=\"width: 82.5228%;height: 56px;text-align: center\" width=\"408\"><span style=\"font-family: 'Book Antiqua', Palatino;font-size: 14pt;color: #000000\">Responsable de la biblioth\u00e8que de la facult\u00e9<\/span><\/td>\n<\/tr>\n<\/tbody>\n<\/table>\n","protected":false},"excerpt":{"rendered":"<p>Conseil Scientifique de la Facult\u00e9 des Sciences N\u00b0 Nom\u00a0 et Pr\u00e9nom Fonction 01 GUIBADJ Abdelnasser Pr\u00e9sident du Conseil Scientifique de la Facult\u00e9, Repr\u00e9sentant des enseignants du D\u00e9p. SM 02 YAGOUBI Mohamed Bachir Doyen de la facult\u00e9 03 BOUAKKAZ Mustapha Vice doyen charg\u00e9 de la formation en post graduation, de la recherche scientifique et des relations [&hellip;]<\/p>\n","protected":false},"author":1,"featured_media":0,"parent":9398,"menu_order":0,"comment_status":"closed","ping_status":"closed","template":"elementor_header_footer","meta":{"_exactmetrics_skip_tracking":false,"_exactmetrics_sitenote_active":false,"_exactmetrics_sitenote_note":"","_exactmetrics_sitenote_category":0,"footnotes":""},"coauthors":[217,530],"class_list":["post-9418","page","type-page","status-publish","hentry"],"_links":{"self":[{"href":"https:\/\/lagh-univ.dz\/fr\/wp-json\/wp\/v2\/pages\/9418","targetHints":{"allow":["GET"]}}],"collection":[{"href":"https:\/\/lagh-univ.dz\/fr\/wp-json\/wp\/v2\/pages"}],"about":[{"href":"https:\/\/lagh-univ.dz\/fr\/wp-json\/wp\/v2\/types\/page"}],"author":[{"embeddable":true,"href":"https:\/\/lagh-univ.dz\/fr\/wp-json\/wp\/v2\/users\/1"}],"replies":[{"embeddable":true,"href":"https:\/\/lagh-univ.dz\/fr\/wp-json\/wp\/v2\/comments?post=9418"}],"version-history":[{"count":26,"href":"https:\/\/lagh-univ.dz\/fr\/wp-json\/wp\/v2\/pages\/9418\/revisions"}],"predecessor-version":[{"id":62940,"href":"https:\/\/lagh-univ.dz\/fr\/wp-json\/wp\/v2\/pages\/9418\/revisions\/62940"}],"up":[{"embeddable":true,"href":"https:\/\/lagh-univ.dz\/fr\/wp-json\/wp\/v2\/pages\/9398"}],"wp:attachment":[{"href":"https:\/\/lagh-univ.dz\/fr\/wp-json\/wp\/v2\/media?parent=9418"}],"wp:term":[{"taxonomy":"author","embeddable":true,"href":"https:\/\/lagh-univ.dz\/fr\/wp-json\/wp\/v2\/coauthors?post=9418"}],"curies":[{"name":"wp","href":"https:\/\/api.w.org\/{rel}","templated":true}]}}