{"id":9432,"date":"2018-07-21T11:25:26","date_gmt":"2018-07-21T11:25:26","guid":{"rendered":"https:\/\/lagh-univ.dz\/science-departement-science-de-la-matiere-formations-licence\/"},"modified":"2020-03-04T19:27:02","modified_gmt":"2020-03-04T21:27:02","slug":"science-departement-science-de-la-matiere-formations-licence","status":"publish","type":"page","link":"https:\/\/lagh-univ.dz\/fr\/science-departement-science-de-la-matiere\/science-departement-science-de-la-matiere-formations-licence\/","title":{"rendered":"Science-Departement- science de la mati\u00e9re &#8211; formations -licence"},"content":{"rendered":"<p dir=\"ltr\" style=\"text-align: center\"><span style=\"color: #000000\"><b style=\"font-family: arabic-kufi;font-size: 18pt\"> <\/b><strong><span style=\"font-size: 18pt;font-family: arabic-kufi\"><span style=\"color: #0000ff\">D\u00e9partement des Sciences de la Mati\u00e9re<\/span><\/span><\/strong><\/span><\/p>\n<p dir=\"ltr\" style=\"text-align: center\"><strong><span style=\"font-size: 14pt;font-family: arabic-kufi;color: #0000ff\">Formation Licence<\/span><\/strong><\/p>\n<p dir=\"ltr\">\n<p dir=\"ltr\" style=\"text-align: left\"><span style=\"font-family: arabic-kufi;font-size: 14pt;color: #000000\">La formation en Licence est organis\u00e9e en deux sp\u00e9cialit\u00e9s:<\/span><\/p>\n<ul>\n<li style=\"text-align: left\"><span style=\"color: #0000ff\"><a style=\"color: #0000ff\" href=\"https:\/\/lagh-univ.dz\/wp-content\/uploads\/2020\/03\/Licence-Chimie_Fran\u00e7ais.pdf\" target=\"_blank\" rel=\"noopener noreferrer\"><span style=\"font-family: arabic-kufi;font-size: 14pt\">Chimie Fondamentale<\/span><\/a><\/span><\/li>\n<li style=\"text-align: left\"><span style=\"color: #0000ff\"><a style=\"color: #0000ff\" href=\"https:\/\/lagh-univ.dz\/wp-content\/uploads\/2020\/03\/Licence-Chimie_Fran\u00e7ais.pdf\" target=\"_blank\" rel=\"noopener noreferrer\"><span style=\"font-family: arabic-kufi;font-size: 14pt\">Physique des Mat\u00e9riaux<\/span><\/a><\/span><\/li>\n<\/ul>\n","protected":false},"excerpt":{"rendered":"<p>D\u00e9partement des Sciences de la Mati\u00e9re Formation Licence La formation en Licence est organis\u00e9e en deux sp\u00e9cialit\u00e9s: Chimie Fondamentale Physique des Mat\u00e9riaux<\/p>\n","protected":false},"author":11,"featured_media":0,"parent":9358,"menu_order":0,"comment_status":"closed","ping_status":"closed","template":"elementor_header_footer","meta":{"_exactmetrics_skip_tracking":false,"_exactmetrics_sitenote_active":false,"_exactmetrics_sitenote_note":"","_exactmetrics_sitenote_category":0,"footnotes":""},"coauthors":[530],"class_list":["post-9432","page","type-page","status-publish","hentry"],"_links":{"self":[{"href":"https:\/\/lagh-univ.dz\/fr\/wp-json\/wp\/v2\/pages\/9432","targetHints":{"allow":["GET"]}}],"collection":[{"href":"https:\/\/lagh-univ.dz\/fr\/wp-json\/wp\/v2\/pages"}],"about":[{"href":"https:\/\/lagh-univ.dz\/fr\/wp-json\/wp\/v2\/types\/page"}],"author":[{"embeddable":true,"href":"https:\/\/lagh-univ.dz\/fr\/wp-json\/wp\/v2\/users\/11"}],"replies":[{"embeddable":true,"href":"https:\/\/lagh-univ.dz\/fr\/wp-json\/wp\/v2\/comments?post=9432"}],"version-history":[{"count":14,"href":"https:\/\/lagh-univ.dz\/fr\/wp-json\/wp\/v2\/pages\/9432\/revisions"}],"predecessor-version":[{"id":32247,"href":"https:\/\/lagh-univ.dz\/fr\/wp-json\/wp\/v2\/pages\/9432\/revisions\/32247"}],"up":[{"embeddable":true,"href":"https:\/\/lagh-univ.dz\/fr\/wp-json\/wp\/v2\/pages\/9358"}],"wp:attachment":[{"href":"https:\/\/lagh-univ.dz\/fr\/wp-json\/wp\/v2\/media?parent=9432"}],"wp:term":[{"taxonomy":"author","embeddable":true,"href":"https:\/\/lagh-univ.dz\/fr\/wp-json\/wp\/v2\/coauthors?post=9432"}],"curies":[{"name":"wp","href":"https:\/\/api.w.org\/{rel}","templated":true}]}}