{"id":9436,"date":"2018-07-21T11:27:50","date_gmt":"2018-07-21T11:27:50","guid":{"rendered":"https:\/\/lagh-univ.dz\/science-departement-science-de-la-matiere-liste-des-enseignants\/"},"modified":"2024-01-22T10:14:45","modified_gmt":"2024-01-22T09:14:45","slug":"science-departement-science-de-la-matiere-liste-des-enseignants","status":"publish","type":"page","link":"https:\/\/lagh-univ.dz\/fr\/science-departement-science-de-la-matiere\/science-departement-science-de-la-matiere-liste-des-enseignants\/","title":{"rendered":"Science-Departement- science de la mati\u00e9re &#8211; liste des enseignants"},"content":{"rendered":"<p dir=\"ltr\" style=\"text-align: center\"><span style=\"font-size: 18pt\"><strong><span style=\"color: #0000ff;font-family: arabic-kufi\">D\u00e9partement des Sciences de la Mati\u00e8re\u00a0<\/span><\/strong><\/span><\/p>\n<p dir=\"ltr\" style=\"text-align: center\"><strong><span style=\"color: #0000ff;font-size: 14pt;font-family: arabic-kufi\">Liste des Enseignants<\/span><\/strong><\/p>\n<table class=\" aligncenter\" width=\"867\">\n<tbody>\n<tr>\n<td width=\"87\"><strong><span style=\"font-family: arabic-kufi;color: #000000\">Nom<\/span><\/strong><\/td>\n<td width=\"126\"><strong><span style=\"font-family: arabic-kufi;color: #000000\">Pr\u00e9nom<\/span><\/strong><\/td>\n<td width=\"173\"><strong><span style=\"font-family: arabic-kufi;color: #000000\">Mail<\/span><\/strong><\/td>\n<td width=\"212\"><strong><span style=\"font-family: arabic-kufi;color: #000000\">Grade<\/span><\/strong><\/td>\n<td width=\"269\"><strong><span style=\"font-family: arabic-kufi;color: #000000\">Specialit\u00e9<\/span><\/strong><\/td>\n<\/tr>\n<tr>\n<td><span style=\"font-family: arabic-kufi;color: #000000\">BENTRIA<\/span><\/td>\n<td><span style=\"font-family: arabic-kufi;color: #000000\">BACHIR<\/span><\/td>\n<td><span style=\"font-family: arabic-kufi;color: #000000\">b.bentria@lagh-univ.dz<\/span><\/td>\n<td><span style=\"font-family: arabic-kufi;color: #000000\">Professeur<\/span><\/td>\n<td><span style=\"font-family: arabic-kufi;color: #000000\">\u00a0physique des materiaux<\/span><\/td>\n<\/tr>\n<tr>\n<td><span style=\"font-family: arabic-kufi;color: #000000\">LEFKAIER<\/span><\/td>\n<td><span style=\"font-family: arabic-kufi;color: #000000\">\u00a0IBN KHALDOUNE<\/span><\/td>\n<td><span style=\"font-family: arabic-kufi;color: #000000\">ik.lefkaier@lagh-univ.dz<\/span><\/td>\n<td><span style=\"font-family: arabic-kufi;color: #000000\">Professeur<\/span><\/td>\n<td><span style=\"font-family: arabic-kufi;color: #000000\">physique<\/span><\/td>\n<\/tr>\n<tr>\n<td><span style=\"font-family: arabic-kufi;color: #000000\">GUIBADJ<\/span><\/td>\n<td><span style=\"font-family: arabic-kufi;color: #000000\">ABDENACEUR<\/span><\/td>\n<td><span style=\"font-family: arabic-kufi;color: #000000\">abdenacer.guibadj@gcom<\/span><\/td>\n<td><span style=\"font-family: arabic-kufi;color: #000000\">Professeur<\/span><\/td>\n<td><span style=\"font-family: arabic-kufi;color: #000000\">physique applique\u00e9<\/span><\/td>\n<\/tr>\n<tr>\n<td><span style=\"font-family: arabic-kufi;color: #000000\">HALIT<\/span><\/td>\n<td><span style=\"font-family: arabic-kufi;color: #000000\">MOHAMED<\/span><\/td>\n<td><span style=\"font-family: arabic-kufi;color: #000000\">m.halit@lagh_univ.dz<\/span><\/td>\n<td><span style=\"font-family: arabic-kufi;color: #000000\">Ma\u00eetre de conf\u00e9rences de classe A<\/span><\/td>\n<td><span style=\"font-family: arabic-kufi;color: #000000\">physique des materiaux<\/span><\/td>\n<\/tr>\n<tr>\n<td><span style=\"font-family: arabic-kufi;color: #000000\">FERHAT<\/span><\/td>\n<td><span style=\"font-family: arabic-kufi;color: #000000\">MAHMOUD<\/span><\/td>\n<td><span style=\"font-family: arabic-kufi;color: #000000\">m.ferhat@lagh_univ.dz<\/span><\/td>\n<td><span style=\"font-family: arabic-kufi;color: #000000\">Ma\u00eetre de conf\u00e9rences de classe A<\/span><\/td>\n<td><span style=\"font-family: arabic-kufi;color: #000000\">chimie des materiaux<\/span><\/td>\n<\/tr>\n<tr>\n<td><span style=\"font-family: arabic-kufi;color: #000000\">HAMDI<\/span><\/td>\n<td><span style=\"font-family: arabic-kufi;color: #000000\">REGUIA<\/span><\/td>\n<td><span style=\"font-family: arabic-kufi;color: #000000\"><a style=\"color: #000000\" href=\"mailto:rga_hamdi@yahoo.fr\">rga_hamdi@yahoo.fr<\/a><\/span><\/td>\n<td><span style=\"font-family: arabic-kufi;color: #000000\">Ma\u00eetre assistant de classe A<\/span><\/td>\n<td><span style=\"font-family: arabic-kufi;color: #000000\">physique th\u00e9orique<\/span><\/td>\n<\/tr>\n<tr>\n<td><span style=\"font-family: arabic-kufi;color: #000000\">GHOBSI<\/span><\/td>\n<td><span style=\"font-family: arabic-kufi;color: #000000\">ABDELKADER<\/span><\/td>\n<td><span style=\"font-family: arabic-kufi;color: #000000\"><a style=\"color: #000000\" href=\"mailto:a.ghobsi@lagh-univ.dz\">a.ghobsi@lagh-univ.dz<\/a><\/span><\/td>\n<td><span style=\"font-family: arabic-kufi;color: #000000\">Ma\u00eetre assistant de classe A<\/span><\/td>\n<td><span style=\"font-family: arabic-kufi;color: #000000\">chimie<\/span><\/td>\n<\/tr>\n<tr>\n<td><span style=\"font-family: arabic-kufi;color: #000000\">SAIDAT<\/span><\/td>\n<td><span style=\"font-family: arabic-kufi;color: #000000\">BOUBAKEUR<\/span><\/td>\n<td><span style=\"font-family: arabic-kufi;color: #000000\">b.saidat@lagh-univ.dz<\/span><\/td>\n<td><span style=\"font-family: arabic-kufi;color: #000000\">Professeur<\/span><\/td>\n<td><span style=\"font-family: arabic-kufi;color: #000000\">chimie<\/span><\/td>\n<\/tr>\n<tr>\n<td><span style=\"font-family: arabic-kufi;color: #000000\">GHRIB<\/span><\/td>\n<td><span style=\"font-family: arabic-kufi;color: #000000\">ABDELAZIZ<\/span><\/td>\n<td><span style=\"font-family: arabic-kufi;color: #000000\">a.gherib@lagh-univ.dz<\/span><\/td>\n<td><span style=\"font-family: arabic-kufi;color: #000000\">Professeur<\/span><\/td>\n<td><span style=\"font-family: arabic-kufi;color: #000000\">chimie<\/span><\/td>\n<\/tr>\n<tr>\n<td><span style=\"font-family: arabic-kufi;color: #000000\">ARAR<\/span><\/td>\n<td><span style=\"font-family: arabic-kufi;color: #000000\">RABIE<\/span><\/td>\n<td><span style=\"font-family: arabic-kufi;color: #000000\">r.arar@lagh-univ.dz<\/span><\/td>\n<td><span style=\"font-family: arabic-kufi;color: #000000\">Ma\u00eetre assistant de classe A<\/span><\/td>\n<td><span style=\"font-family: arabic-kufi;color: #000000\">physique<\/span><\/td>\n<\/tr>\n<tr>\n<td><span style=\"font-family: arabic-kufi;color: #000000\">ALLAOUI<\/span><\/td>\n<td><span style=\"font-family: arabic-kufi;color: #000000\">SALAHEDDINE<\/span><\/td>\n<td><span style=\"font-family: arabic-kufi;color: #000000\"><a style=\"color: #000000\" href=\"mailto:shalloui@yahoo.fr\">shalloui@yahoo.fr<\/a><\/span><\/td>\n<td><span style=\"font-family: arabic-kufi;color: #000000\">Professeur<\/span><\/td>\n<td><span style=\"font-family: arabic-kufi;color: #000000\">math\u00e9matique<\/span><\/td>\n<\/tr>\n<tr>\n<td><span style=\"font-family: arabic-kufi;color: #000000\">HELIFA<\/span><\/td>\n<td><span style=\"font-family: arabic-kufi;color: #000000\">BACHIR<\/span><\/td>\n<td><span style=\"font-family: arabic-kufi;color: #000000\">b.halifa@lagh_univ.dz<\/span><\/td>\n<td><span style=\"font-family: arabic-kufi;color: #000000\">Ma\u00eetre de conf\u00e9rences de classe A<\/span><\/td>\n<td><span style=\"font-family: arabic-kufi;color: #000000\">physique<\/span><\/td>\n<\/tr>\n<tr>\n<td><span style=\"font-family: arabic-kufi;color: #000000\">KADIRI<\/span><\/td>\n<td><span style=\"font-family: arabic-kufi;color: #000000\">CHEIKH<\/span><\/td>\n<td><span style=\"font-family: arabic-kufi;color: #000000\"><a style=\"color: #000000\" href=\"mailto:kadiri_c@yahoo.fr\">kadiri_c@yahoo.fr<\/a><\/span><\/td>\n<td><span style=\"font-family: arabic-kufi;color: #000000\">Ma\u00eetre assistant de classe A<\/span><\/td>\n<td><span style=\"font-family: arabic-kufi;color: #000000\">physique des materiaux<\/span><\/td>\n<\/tr>\n<tr>\n<td><span style=\"font-family: arabic-kufi;color: #000000\">LOKBAICHI<\/span><\/td>\n<td><span style=\"font-family: arabic-kufi;color: #000000\">AHMED<\/span><\/td>\n<td><span style=\"font-family: arabic-kufi;color: #000000\">a.lokbaichi@lagh_univ.dz<\/span><\/td>\n<td><span style=\"font-family: arabic-kufi;color: #000000\">Ma\u00eetre assistant de classe A<\/span><\/td>\n<td><span style=\"font-family: arabic-kufi;color: #000000\">chimie<\/span><\/td>\n<\/tr>\n<tr>\n<td><span style=\"font-family: arabic-kufi;color: #000000\">HEBOUL<\/span><\/td>\n<td><span style=\"font-family: arabic-kufi;color: #000000\">ZOULIKHA<\/span><\/td>\n<td><span style=\"font-family: arabic-kufi;color: #000000\">z.hebboul@lagh_univ.dz<\/span><\/td>\n<td><span style=\"font-family: arabic-kufi;color: #000000\">Ma\u00eetre de conf\u00e9rences de classe A<\/span><\/td>\n<td><span style=\"font-family: arabic-kufi;color: #000000\">chimie<\/span><\/td>\n<\/tr>\n<tr>\n<td><span style=\"font-family: arabic-kufi;color: #000000\">BOUCHENAFA<\/span><\/td>\n<td><span style=\"font-family: arabic-kufi;color: #000000\">MOHAMED<\/span><\/td>\n<td><span style=\"font-family: arabic-kufi;color: #000000\">m.bouchenafa@lagh_univ.dz<\/span><\/td>\n<td><span style=\"font-family: arabic-kufi;color: #000000\">Ma\u00eetre assistant de classe A<\/span><\/td>\n<td><span style=\"font-family: arabic-kufi;color: #000000\">physique des materiaux<\/span><\/td>\n<\/tr>\n<tr>\n<td><span style=\"font-family: arabic-kufi;color: #000000\">ZERGUINI<\/span><\/td>\n<td><span style=\"font-family: arabic-kufi;color: #000000\">HOCINE<\/span><\/td>\n<td><span style=\"font-family: arabic-kufi;color: #000000\">h.zerguini@lagh_univ.dz<\/span><\/td>\n<td><span style=\"font-family: arabic-kufi;color: #000000\">Ma\u00eetre assistant de classe A<\/span><\/td>\n<td><span style=\"font-family: arabic-kufi;color: #000000\">physique th\u00e9orique<\/span><\/td>\n<\/tr>\n<tr>\n<td><span style=\"font-family: arabic-kufi;color: #000000\">HAMMIA<\/span><\/td>\n<td><span style=\"font-family: arabic-kufi;color: #000000\">CHAHRAZED<\/span><\/td>\n<td><span style=\"font-family: arabic-kufi;color: #000000\"><a style=\"color: #000000\" href=\"mailto:ch_hamia@hotmail.com\">ch_hamia@hotmail.com<\/a><\/span><\/td>\n<td><span style=\"font-family: arabic-kufi;color: #000000\">Ma\u00eetre de conf\u00e9rences de classe B<\/span><\/td>\n<td><span style=\"font-family: arabic-kufi;color: #000000\">chimie<\/span><\/td>\n<\/tr>\n<tr>\n<td><span style=\"font-family: arabic-kufi;color: #000000\">HADBAOUI<\/span><\/td>\n<td><span style=\"font-family: arabic-kufi;color: #000000\">ZINEB<\/span><\/td>\n<td><span style=\"font-family: arabic-kufi;color: #000000\">z.hadbaoui@mail_gcom<\/span><\/td>\n<td><span style=\"font-family: arabic-kufi;color: #000000\">Ma\u00eetre de conf\u00e9rences de classe B<\/span><\/td>\n<td><span style=\"font-family: arabic-kufi;color: #000000\">chimie<\/span><\/td>\n<\/tr>\n<tr>\n<td><span style=\"font-family: arabic-kufi;color: #000000\">KORIBA<\/span><\/td>\n<td><span style=\"font-family: arabic-kufi;color: #000000\">BAKHTI<\/span><\/td>\n<td><span style=\"font-family: arabic-kufi;color: #000000\">b.koriba@lagh_univ.dz<\/span><\/td>\n<td><span style=\"font-family: arabic-kufi;color: #000000\">Ma\u00eetre assistant de classe A<\/span><\/td>\n<td><span style=\"font-family: arabic-kufi;color: #000000\">g\u00e9nie des procedes<\/span><\/td>\n<\/tr>\n<tr>\n<td><span style=\"font-family: arabic-kufi;color: #000000\">BENALIA<\/span><\/td>\n<td><span style=\"font-family: arabic-kufi;color: #000000\">MOHAMED<\/span><\/td>\n<td><span style=\"font-family: arabic-kufi;color: #000000\">med.benalia@lagh_univ.dz<\/span><\/td>\n<td><span style=\"font-family: arabic-kufi;color: #000000\">Ma\u00eetre de conf\u00e9rences de classe B<\/span><\/td>\n<td><span style=\"font-family: arabic-kufi;color: #000000\">chimie<\/span><\/td>\n<\/tr>\n<tr>\n<td><span style=\"font-family: arabic-kufi;color: #000000\">YOUSFI<\/span><\/td>\n<td><span style=\"font-family: arabic-kufi;color: #000000\">MOHAMED<\/span><\/td>\n<td><span style=\"font-family: arabic-kufi;color: #000000\"><a style=\"color: #000000\" href=\"mailto:yousfim8@gmail.com\">yousfim8@gmail.com<\/a><\/span><\/td>\n<td><span style=\"font-family: arabic-kufi;color: #000000\">Professeur<\/span><\/td>\n<td><span style=\"font-family: arabic-kufi;color: #000000\">chimie organique<\/span><\/td>\n<\/tr>\n<tr>\n<td><span style=\"font-family: arabic-kufi;color: #000000\">BENGHIA<\/span><\/td>\n<td><span style=\"font-family: arabic-kufi;color: #000000\">ALI<\/span><\/td>\n<td><span style=\"font-family: arabic-kufi;color: #000000\">benghia11@gcom<\/span><\/td>\n<td><span style=\"font-family: arabic-kufi;color: #000000\">Ma\u00eetre assistant de classe B<\/span><\/td>\n<td><span style=\"font-family: arabic-kufi;color: #000000\">sciences de la matiere des materiaux<\/span><\/td>\n<\/tr>\n<tr>\n<td><span style=\"font-family: arabic-kufi;color: #000000\">BOUROUROU<\/span><\/td>\n<td><span style=\"font-family: arabic-kufi;color: #000000\">YAHIA<\/span><\/td>\n<td><span style=\"font-family: arabic-kufi;color: #000000\">byahiamail@gcom<\/span><\/td>\n<td><span style=\"font-family: arabic-kufi;color: #000000\">Ma\u00eetre assistant de classe B<\/span><\/td>\n<td><span style=\"font-family: arabic-kufi;color: #000000\">physique<\/span><\/td>\n<\/tr>\n<tr>\n<td><span style=\"font-family: arabic-kufi;color: #000000\">NOURI<\/span><\/td>\n<td><span style=\"font-family: arabic-kufi;color: #000000\">ABDALLAH<\/span><\/td>\n<td><span style=\"font-family: arabic-kufi;color: #000000\">nouri.abdallah3.gcom<\/span><\/td>\n<td><span style=\"font-family: arabic-kufi;color: #000000\">Ma\u00eetre assistant de classe B<\/span><\/td>\n<td><span style=\"font-family: arabic-kufi;color: #000000\">physique energetique<\/span><\/td>\n<\/tr>\n<tr>\n<td><span style=\"font-family: arabic-kufi;color: #000000\">DJERIDANE<\/span><\/td>\n<td><span style=\"font-family: arabic-kufi;color: #000000\">AMAR<\/span><\/td>\n<td><span style=\"font-family: arabic-kufi;color: #000000\">a.djeridane@lagh-univ.dz<\/span><\/td>\n<td><span style=\"font-family: arabic-kufi;color: #000000\">Professeur<\/span><\/td>\n<td><span style=\"font-family: arabic-kufi;color: #000000\">chimie<\/span><\/td>\n<\/tr>\n<tr>\n<td><span style=\"font-family: arabic-kufi;color: #000000\">HAMDI<\/span><\/td>\n<td><span style=\"font-family: arabic-kufi;color: #000000\">AHMED<\/span><\/td>\n<td><span style=\"font-family: arabic-kufi;color: #000000\">ah.hamdi@lagh_univ.dz<\/span><\/td>\n<td><span style=\"font-family: arabic-kufi;color: #000000\">Ma\u00eetre de conf\u00e9rences de classe A<\/span><\/td>\n<td><span style=\"font-family: arabic-kufi;color: #000000\">chimie<\/span><\/td>\n<\/tr>\n<tr>\n<td><span style=\"font-family: arabic-kufi;color: #000000\">BEN AHMED<\/span><\/td>\n<td><span style=\"font-family: arabic-kufi;color: #000000\">ZIYAD<\/span><\/td>\n<td><span style=\"font-family: arabic-kufi;color: #000000\">z.benahmed@lagh_univ.dz<\/span><\/td>\n<td><span style=\"font-family: arabic-kufi;color: #000000\">Ma\u00eetre de conf\u00e9rences de classe A<\/span><\/td>\n<td><span style=\"font-family: arabic-kufi;color: #000000\">chimie<\/span><\/td>\n<\/tr>\n<tr>\n<td><span style=\"font-family: arabic-kufi;color: #000000\">KHENCHOUL<\/span><\/td>\n<td><span style=\"font-family: arabic-kufi;color: #000000\">SALAH<\/span><\/td>\n<td><span style=\"font-family: arabic-kufi;color: #000000\">s.khenchoul@lagh_univ.dz<\/span><\/td>\n<td><span style=\"font-family: arabic-kufi;color: #000000\">Ma\u00eetre de conf\u00e9rences de classe B<\/span><\/td>\n<td><span style=\"font-family: arabic-kufi;color: #000000\">physique<\/span><\/td>\n<\/tr>\n<tr>\n<td><span style=\"font-family: arabic-kufi;color: #000000\">LAGOUN<\/span><\/td>\n<td><span style=\"font-family: arabic-kufi;color: #000000\">BRAHIM<\/span><\/td>\n<td><span style=\"font-family: arabic-kufi;color: #000000\">b.lagoun@lagh_univ<\/span><\/td>\n<td><span style=\"font-family: arabic-kufi;color: #000000\">Ma\u00eetre de conf\u00e9rences de classe A<\/span><\/td>\n<td><span style=\"font-family: arabic-kufi;color: #000000\">chimie physique des materiaux<\/span><\/td>\n<\/tr>\n<tr>\n<td><span style=\"font-family: arabic-kufi;color: #000000\">NOUIOUA<\/span><\/td>\n<td><span style=\"font-family: arabic-kufi;color: #000000\">ISMAIL<\/span><\/td>\n<td><span style=\"font-family: arabic-kufi;color: #000000\">i.nouioua@lagh_univ.dz<\/span><\/td>\n<td><span style=\"font-family: arabic-kufi;color: #000000\">Ma\u00eetre assistant de classe A<\/span><\/td>\n<td><\/td>\n<\/tr>\n<tr>\n<td><span style=\"font-family: arabic-kufi;color: #000000\">BATANA<\/span><\/td>\n<td><span style=\"font-family: arabic-kufi;color: #000000\">FATIMA ZOHRA<\/span><\/td>\n<td><span style=\"font-family: arabic-kufi;color: #000000\">f.batana@lagh-univ.dz<\/span><\/td>\n<td><span style=\"font-family: arabic-kufi;color: #000000\">Ma\u00eetre assistant de classe A<\/span><\/td>\n<td><span style=\"font-family: arabic-kufi;color: #000000\">sciences et technique de l&rsquo;environnement<\/span><\/td>\n<\/tr>\n<tr>\n<td><span style=\"font-family: arabic-kufi;color: #000000\">CHERIET<\/span><\/td>\n<td><span style=\"font-family: arabic-kufi;color: #000000\">ABDERRAHMANE<\/span><\/td>\n<td><span style=\"font-family: arabic-kufi;color: #000000\">a.cheriet@yahoo.fr<\/span><\/td>\n<td><span style=\"font-family: arabic-kufi;color: #000000\">Ma\u00eetre assistant de classe A<\/span><\/td>\n<td><span style=\"font-family: arabic-kufi;color: #000000\">physique du solide<\/span><\/td>\n<\/tr>\n<tr>\n<td><span style=\"font-family: arabic-kufi;color: #000000\">NADIR<\/span><\/td>\n<td><span style=\"font-family: arabic-kufi;color: #000000\">ZINELAABIDINE<\/span><\/td>\n<td><span style=\"font-family: arabic-kufi;color: #000000\">z.nadir@yahoo.com<\/span><\/td>\n<td><span style=\"font-family: arabic-kufi;color: #000000\">Ma\u00eetre assistant de classe A<\/span><\/td>\n<td><span style=\"font-family: arabic-kufi;color: #000000\">informatique<\/span><\/td>\n<\/tr>\n<tr>\n<td><span style=\"font-family: arabic-kufi;color: #000000\">MOUATTAH<\/span><\/td>\n<td><span style=\"font-family: arabic-kufi;color: #000000\">DALILA<\/span><\/td>\n<td><span style=\"font-family: arabic-kufi;color: #000000\">d.mouttah@lagh_univ.dz<\/span><\/td>\n<td><span style=\"font-family: arabic-kufi;color: #000000\">Ma\u00eetre assistant de classe A<\/span><\/td>\n<td><span style=\"font-family: arabic-kufi;color: #000000\">g\u00e9nie des mat\u00e9riaux<\/span><\/td>\n<\/tr>\n<tr>\n<td><span style=\"font-family: arabic-kufi;color: #000000\">BOUZIANE<\/span><\/td>\n<td><span style=\"font-family: arabic-kufi;color: #000000\">AMEL<\/span><\/td>\n<td><span style=\"font-family: arabic-kufi;color: #000000\">a.bouziane@lagh_univ.dz<\/span><\/td>\n<td><span style=\"font-family: arabic-kufi;color: #000000\">Ma\u00eetre assistant de classe A<\/span><\/td>\n<td><span style=\"font-family: arabic-kufi;color: #000000\">physique chimie des materiaux<\/span><\/td>\n<\/tr>\n<tr>\n<td><span style=\"font-family: arabic-kufi;color: #000000\">NOUREDDINE<\/span><\/td>\n<td><span style=\"font-family: arabic-kufi;color: #000000\">ASMAA<\/span><\/td>\n<td><span style=\"font-family: arabic-kufi;color: #000000\">a.noureddine@lagh_univ.dz<\/span><\/td>\n<td><span style=\"font-family: arabic-kufi;color: #000000\">Ma\u00eetre assistant de classe A<\/span><\/td>\n<td><span style=\"font-family: arabic-kufi;color: #000000\">chimie appliqu\u00e9e<\/span><\/td>\n<\/tr>\n<tr>\n<td><span style=\"font-family: arabic-kufi;color: #000000\">AMI<\/span><\/td>\n<td><span style=\"font-family: arabic-kufi;color: #000000\">YASMINA<\/span><\/td>\n<td><span style=\"font-family: arabic-kufi;color: #000000\">y.ami@.lagh_univ.dz<\/span><\/td>\n<td><span style=\"font-family: arabic-kufi;color: #000000\">Ma\u00eetre assistant de classe A<\/span><\/td>\n<td><span style=\"font-family: arabic-kufi;color: #000000\">sciences et technique de l&rsquo;environnement<\/span><\/td>\n<\/tr>\n<tr>\n<td><span style=\"font-family: arabic-kufi;color: #000000\">BOUREGAA<\/span><\/td>\n<td><span style=\"font-family: arabic-kufi;color: #000000\">ABDELDJABAR<\/span><\/td>\n<td><span style=\"font-family: arabic-kufi;color: #000000\">a.bourega@lagh_univ.dz<\/span><\/td>\n<td><span style=\"font-family: arabic-kufi;color: #000000\">Ma\u00eetre assistant de classe A<\/span><\/td>\n<td><span style=\"font-family: arabic-kufi;color: #000000\">math\u00e9matique<\/span><\/td>\n<\/tr>\n<tr>\n<td><span style=\"font-family: arabic-kufi;color: #000000\">BENARROUDJ<\/span><\/td>\n<td><span style=\"font-family: arabic-kufi;color: #000000\">ABDELKRIM<\/span><\/td>\n<td><span style=\"font-family: arabic-kufi;color: #000000\">a.benarroudj@lagh_univ.dz<\/span><\/td>\n<td><span style=\"font-family: arabic-kufi;color: #000000\">Ma\u00eetre assistant de classe A<\/span><\/td>\n<td><span style=\"font-family: arabic-kufi;color: #000000\">physique solide<\/span><\/td>\n<\/tr>\n<tr>\n<td><span style=\"font-family: arabic-kufi;color: #000000\">Hamdi<\/span><\/td>\n<td><span style=\"font-family: arabic-kufi;color: #000000\">Fatima Zohra karima<\/span><\/td>\n<td><span style=\"font-family: arabic-kufi;color: #000000\">f.hamdi@lagh_univ.dz<\/span><\/td>\n<td><span style=\"font-family: arabic-kufi;color: #000000\">Ma\u00eetre assistant de classe A<\/span><\/td>\n<td><span style=\"font-family: arabic-kufi;color: #000000\">chimie organique<\/span><\/td>\n<\/tr>\n<tr>\n<td><span style=\"font-family: arabic-kufi;color: #000000\">MEBARKI<\/span><\/td>\n<td><span style=\"font-family: arabic-kufi;color: #000000\">HANIFI<\/span><\/td>\n<td><span style=\"font-family: arabic-kufi;color: #000000\">hani-phy77@live.fr<\/span><\/td>\n<td><span style=\"font-family: arabic-kufi;color: #000000\">Ma\u00eetre assistant de classe A<\/span><\/td>\n<td><span style=\"font-family: arabic-kufi;color: #000000\">physique chimie des materiaux<\/span><\/td>\n<\/tr>\n<tr>\n<td><span style=\"font-family: arabic-kufi;color: #000000\">SEBIANE<\/span><\/td>\n<td><span style=\"font-family: arabic-kufi;color: #000000\">SOFIANE<\/span><\/td>\n<td><span style=\"font-family: arabic-kufi;color: #000000\">sebiane.sofiane@gcom<\/span><\/td>\n<td><span style=\"font-family: arabic-kufi;color: #000000\">Ma\u00eetre assistant de classe A<\/span><\/td>\n<td><span style=\"font-family: arabic-kufi;color: #000000\">chimie physique des materiaux<\/span><\/td>\n<\/tr>\n<tr>\n<td><span style=\"font-family: arabic-kufi;color: #000000\">ABDELLAH<\/span><\/td>\n<td><span style=\"font-family: arabic-kufi;color: #000000\">ABDELWAHAB<\/span><\/td>\n<td><span style=\"font-family: arabic-kufi;color: #000000\">abdellah.2005@yahoo.fr<\/span><\/td>\n<td><span style=\"font-family: arabic-kufi;color: #000000\">Ma\u00eetre assistant de classe A<\/span><\/td>\n<td><span style=\"font-family: arabic-kufi;color: #000000\">physique des materiaux<\/span><\/td>\n<\/tr>\n<tr>\n<td><span style=\"font-family: arabic-kufi;color: #000000\">CHORANA<\/span><\/td>\n<td><span style=\"font-family: arabic-kufi;color: #000000\">AICHA<\/span><\/td>\n<td><span style=\"font-family: arabic-kufi;color: #000000\">a.chorana@lagh_univ.dz<\/span><\/td>\n<td><span style=\"font-family: arabic-kufi;color: #000000\">Ma\u00eetre assistant de classe A<\/span><\/td>\n<td><span style=\"font-family: arabic-kufi;color: #000000\">informatique r\u00e9partie et mobile<\/span><\/td>\n<\/tr>\n<tr>\n<td><span style=\"font-family: arabic-kufi;color: #000000\">AISSOUS<\/span><\/td>\n<td><span style=\"font-family: arabic-kufi;color: #000000\">BASMA<\/span><\/td>\n<td><span style=\"font-family: arabic-kufi;color: #000000\"><a style=\"color: #000000\" href=\"mailto:Aissous.basma@gmail.com\">Aissous.basma@gmail.com<\/a><\/span><\/td>\n<td><span style=\"font-family: arabic-kufi;color: #000000\">Ma\u00eetre assistant de classe B<\/span><\/td>\n<td><span style=\"font-family: arabic-kufi;color: #000000\">science nucl\u00e9aire<\/span><\/td>\n<\/tr>\n<tr>\n<td><span style=\"font-family: arabic-kufi;color: #000000\">REDJEM<\/span><\/td>\n<td><span style=\"font-family: arabic-kufi;color: #000000\">FATHI<\/span><\/td>\n<td><span style=\"font-family: arabic-kufi;color: #000000\">f.redjem@lagh_univ.dz<\/span><\/td>\n<td><span style=\"font-family: arabic-kufi;color: #000000\">Ma\u00eetre assistant de classe B<\/span><\/td>\n<td><span style=\"font-family: arabic-kufi;color: #000000\">science nucl\u00e9aire<\/span><\/td>\n<\/tr>\n<tr>\n<td><span style=\"font-family: arabic-kufi;color: #000000\">CHOUCHA<\/span><\/td>\n<td><span style=\"font-family: arabic-kufi;color: #000000\">ABDELBAKI<\/span><\/td>\n<td><span style=\"font-family: arabic-kufi;color: #000000\"><a style=\"color: #000000\" href=\"mailto:chouchaof@yahoo.com\">chouchaof@yahoo.com<\/a><\/span><\/td>\n<td><span style=\"font-family: arabic-kufi;color: #000000\">Ma\u00eetre assistant de classe A<\/span><\/td>\n<td><span style=\"font-family: arabic-kufi;color: #000000\">math\u00e9matique<\/span><\/td>\n<\/tr>\n<\/tbody>\n<\/table>\n","protected":false},"excerpt":{"rendered":"<p>D\u00e9partement des Sciences de la Mati\u00e8re\u00a0 Liste des Enseignants Nom Pr\u00e9nom Mail Grade Specialit\u00e9 BENTRIA BACHIR b.bentria@lagh-univ.dz Professeur \u00a0physique des materiaux LEFKAIER \u00a0IBN KHALDOUNE ik.lefkaier@lagh-univ.dz Professeur physique GUIBADJ ABDENACEUR abdenacer.guibadj@gcom Professeur physique applique\u00e9 HALIT MOHAMED m.halit@lagh_univ.dz Ma\u00eetre de conf\u00e9rences de classe A physique des materiaux FERHAT MAHMOUD m.ferhat@lagh_univ.dz Ma\u00eetre de conf\u00e9rences de classe A chimie [&hellip;]<\/p>\n","protected":false},"author":11,"featured_media":0,"parent":9358,"menu_order":0,"comment_status":"closed","ping_status":"closed","template":"elementor_header_footer","meta":{"_exactmetrics_skip_tracking":false,"_exactmetrics_sitenote_active":false,"_exactmetrics_sitenote_note":"","_exactmetrics_sitenote_category":0,"footnotes":""},"coauthors":[530],"class_list":["post-9436","page","type-page","status-publish","hentry"],"_links":{"self":[{"href":"https:\/\/lagh-univ.dz\/fr\/wp-json\/wp\/v2\/pages\/9436","targetHints":{"allow":["GET"]}}],"collection":[{"href":"https:\/\/lagh-univ.dz\/fr\/wp-json\/wp\/v2\/pages"}],"about":[{"href":"https:\/\/lagh-univ.dz\/fr\/wp-json\/wp\/v2\/types\/page"}],"author":[{"embeddable":true,"href":"https:\/\/lagh-univ.dz\/fr\/wp-json\/wp\/v2\/users\/11"}],"replies":[{"embeddable":true,"href":"https:\/\/lagh-univ.dz\/fr\/wp-json\/wp\/v2\/comments?post=9436"}],"version-history":[{"count":9,"href":"https:\/\/lagh-univ.dz\/fr\/wp-json\/wp\/v2\/pages\/9436\/revisions"}],"predecessor-version":[{"id":57178,"href":"https:\/\/lagh-univ.dz\/fr\/wp-json\/wp\/v2\/pages\/9436\/revisions\/57178"}],"up":[{"embeddable":true,"href":"https:\/\/lagh-univ.dz\/fr\/wp-json\/wp\/v2\/pages\/9358"}],"wp:attachment":[{"href":"https:\/\/lagh-univ.dz\/fr\/wp-json\/wp\/v2\/media?parent=9436"}],"wp:term":[{"taxonomy":"author","embeddable":true,"href":"https:\/\/lagh-univ.dz\/fr\/wp-json\/wp\/v2\/coauthors?post=9436"}],"curies":[{"name":"wp","href":"https:\/\/api.w.org\/{rel}","templated":true}]}}