{"id":9452,"date":"2018-07-21T11:26:12","date_gmt":"2018-07-21T11:26:12","guid":{"rendered":"https:\/\/lagh-univ.dz\/science-departement-biologie-formations-master\/"},"modified":"2024-02-04T10:43:38","modified_gmt":"2024-02-04T09:43:38","slug":"science-departement-biologie-formations-master","status":"publish","type":"page","link":"https:\/\/lagh-univ.dz\/fr\/science-departement-biologie\/science-departement-biologie-formations-master\/","title":{"rendered":"Science-Departement- biologie- formations-master"},"content":{"rendered":"<p style=\"text-align: center\"><span style=\"font-size: 14pt;color: #0000ff;font-family: 'Book Antiqua', Palatino\"><strong>D\u00e9partement de Biologie<\/strong><\/span><\/p>\n<p dir=\"ltr\" style=\"text-align: center\"><span style=\"font-size: 14pt;color: #0000ff;font-family: 'Book Antiqua', Palatino\"><strong>Formation Master<\/strong><\/span><\/p>\n<table style=\"width: 90.5023%\">\n<tbody>\n<tr style=\"height: 54px\">\n<td style=\"text-align: center;height: 54px;width: 19.4748%;background-color: #6365f7\"><span style=\"font-family: 'Book Antiqua', Palatino\"><strong><span style=\"font-size: 14pt;color: #000000\">Fili\u00e8re<\/span><\/strong><\/span><\/td>\n<td style=\"text-align: center;height: 54px;width: 27.0241%;background-color: #6365f7\"><span style=\"font-family: 'Book Antiqua', Palatino\"><strong><span style=\"font-size: 14pt;color: #000000\">Sp\u00e9cialit\u00e9<\/span><\/strong><\/span><\/td>\n<td style=\"text-align: center;height: 54px;width: 32.1474%;background-color: #6365f7\"><span style=\"font-family: 'Book Antiqua', Palatino\"><strong><span style=\"font-size: 14pt;color: #000000\">Arr\u00eat\u00e9 N\u00b0:<\/span><\/strong><\/span><\/td>\n<\/tr>\n<tr style=\"height: 27px\">\n<td style=\"text-align: center;height: 238px;width: 19.4748%\" rowspan=\"4\"><span style=\"font-family: 'Book Antiqua', Palatino;font-size: 14pt;color: #000000\">Sciences Biologiques<\/span><\/p>\n<p><span style=\"font-family: 'Book Antiqua', Palatino;font-size: 14pt;color: #000000\">\u00a0<\/span><\/p>\n<p>&nbsp;<\/p>\n<p>&nbsp;<\/p>\n<p>&nbsp;<\/p>\n<p><span style=\"font-family: 'Book Antiqua', Palatino;font-size: 14pt;color: #000000\">\u00a0<\/span><\/td>\n<td style=\"text-align: center;height: 27px;width: 27.0241%\"><span style=\"color: #3366ff;font-family: 'Book Antiqua', Palatino\"><a style=\"color: #3366ff\" href=\"https:\/\/lagh-univ.dz\/wp-content\/uploads\/2023\/01\/Fiche-harmonisation-Master-Parasitologie_Lagh_Univ.pdf\" target=\"_blank\" rel=\"noopener\"><span style=\"font-size: 14pt\">Parasitologie<\/span><\/a><\/span><\/td>\n<td style=\"text-align: center;height: 27px;width: 32.1474%\"><span style=\"font-family: 'Book Antiqua', Palatino;font-size: 14pt;color: #000000\">1152<\/span><\/p>\n<p><span style=\"font-family: 'Book Antiqua', Palatino;font-size: 14pt;color: #000000\">\u00a0 du\u00a0 09\/08\/2016<\/span><\/td>\n<\/tr>\n<tr style=\"height: 54px\">\n<td style=\"text-align: center;height: 54px;width: 27.0241%\"><span style=\"color: #3366ff;font-family: 'Book Antiqua', Palatino\"><a style=\"color: #3366ff\" href=\"https:\/\/lagh-univ.dz\/wp-content\/uploads\/2023\/01\/Fiche-harmonisation-Master-Microbiologie-APPLIQUEE_Lagh_Univ.pdf\" target=\"_blank\" rel=\"noopener\"><span style=\"font-size: 14pt\">Microbiologie Appliqu\u00e9e<\/span><\/a><\/span><\/td>\n<td style=\"text-align: center;height: 54px;width: 32.1474%\"><span style=\"font-family: 'Book Antiqua', Palatino;font-size: 14pt;color: #000000\">1152<\/span><\/p>\n<p><span style=\"font-family: 'Book Antiqua', Palatino;font-size: 14pt;color: #000000\">\u00a0 du\u00a0 09\/08\/2016<\/span><\/td>\n<\/tr>\n<tr style=\"height: 54px\">\n<td style=\"text-align: center;height: 54px;width: 27.0241%\"><span style=\"color: #3366ff;font-family: 'Book Antiqua', Palatino\"><a style=\"color: #3366ff\" href=\"https:\/\/lagh-univ.dz\/wp-content\/uploads\/2023\/01\/Fiche-Harmonisation-Master-Biochimie-appliquee_Lagh-Univ-.pdf\" target=\"_blank\" rel=\"noopener\"><span style=\"font-size: 14pt\">Biochimie Appliqu\u00e9e<\/span><\/a><\/span><\/td>\n<td style=\"text-align: center;height: 54px;width: 32.1474%\"><span style=\"font-family: 'Book Antiqua', Palatino;font-size: 14pt;color: #000000\">1152<\/span><\/p>\n<p><span style=\"font-family: 'Book Antiqua', Palatino;font-size: 14pt;color: #000000\">\u00a0 du\u00a0 09\/08\/2016<\/span><\/td>\n<\/tr>\n<tr style=\"height: 103px\">\n<td style=\"text-align: center;width: 27.0241%;height: 103px\"><span style=\"color: #3366ff;font-family: 'Book Antiqua', Palatino\"><span style=\"font-size: 14pt\"><span style=\"font-family: arabic-kufi;font-size: 14pt;color: #000000\">Pharmacotoxicologie<\/span><\/span><\/span><\/td>\n<td style=\"text-align: center;width: 32.1474%;height: 103px\"><span style=\"font-family: arabic-kufi;font-size: 14pt;color: #000000\">1024<\/span><\/p>\n<p><span style=\"font-family: arabic-kufi;font-size: 14pt;color: #000000\"> du 25\/07\/2023<\/span><\/td>\n<\/tr>\n<tr style=\"height: 81px\">\n<td style=\"text-align: center;height: 81px;width: 19.4748%\"><span style=\"font-family: 'Book Antiqua', Palatino;font-size: 14pt;color: #000000\">Ecologie <\/span><\/p>\n<p><span style=\"font-family: 'Book Antiqua', Palatino;font-size: 14pt;color: #000000\">et Environnement<\/span><\/td>\n<td style=\"text-align: center;height: 81px;width: 27.0241%\"><span style=\"color: #3366ff;font-family: 'Book Antiqua', Palatino\"><a style=\"color: #3366ff\" href=\"https:\/\/lagh-univ.dz\/wp-content\/uploads\/2023\/01\/Fiche_Harmonisation_d_offre_de_formation_de_Master__ECOLOGIE_VEGETALE_ET_ENVIRONNEMENT.pdf\" target=\"_blank\" rel=\"noopener\"><span style=\"font-size: 14pt\">Ecologie V\u00e9g\u00e9tale <\/span><\/a><\/span><\/p>\n<p><span style=\"color: #3366ff;font-family: 'Book Antiqua', Palatino\"><a style=\"color: #3366ff\" href=\"https:\/\/lagh-univ.dz\/wp-content\/uploads\/2023\/01\/Fiche_Harmonisation_d_offre_de_formation_de_Master__ECOLOGIE_VEGETALE_ET_ENVIRONNEMENT.pdf\" target=\"_blank\" rel=\"noopener\"><span style=\"font-size: 14pt\">et Environnement<\/span><\/a><\/span><\/td>\n<td style=\"text-align: center;height: 81px;width: 32.1474%\"><span style=\"font-family: 'Book Antiqua', Palatino;font-size: 14pt;color: #000000\">1152<\/span><\/p>\n<p><span style=\"font-family: 'Book Antiqua', Palatino;font-size: 14pt;color: #000000\">\u00a0 du\u00a0 09\/08\/2016<\/span><\/td>\n<\/tr>\n<\/tbody>\n<\/table>\n","protected":false},"excerpt":{"rendered":"<p>D\u00e9partement de Biologie Formation Master Fili\u00e8re Sp\u00e9cialit\u00e9 Arr\u00eat\u00e9 N\u00b0: Sciences Biologiques \u00a0 &nbsp; &nbsp; &nbsp; \u00a0 Parasitologie 1152 \u00a0 du\u00a0 09\/08\/2016 Microbiologie Appliqu\u00e9e 1152 \u00a0 du\u00a0 09\/08\/2016 Biochimie Appliqu\u00e9e 1152 \u00a0 du\u00a0 09\/08\/2016 Pharmacotoxicologie 1024 du 25\/07\/2023 Ecologie et Environnement Ecologie V\u00e9g\u00e9tale et Environnement 1152 \u00a0 du\u00a0 09\/08\/2016<\/p>\n","protected":false},"author":11,"featured_media":0,"parent":9360,"menu_order":0,"comment_status":"closed","ping_status":"closed","template":"elementor_header_footer","meta":{"_exactmetrics_skip_tracking":false,"_exactmetrics_sitenote_active":false,"_exactmetrics_sitenote_note":"","_exactmetrics_sitenote_category":0,"footnotes":""},"coauthors":[530],"class_list":["post-9452","page","type-page","status-publish","hentry"],"_links":{"self":[{"href":"https:\/\/lagh-univ.dz\/fr\/wp-json\/wp\/v2\/pages\/9452","targetHints":{"allow":["GET"]}}],"collection":[{"href":"https:\/\/lagh-univ.dz\/fr\/wp-json\/wp\/v2\/pages"}],"about":[{"href":"https:\/\/lagh-univ.dz\/fr\/wp-json\/wp\/v2\/types\/page"}],"author":[{"embeddable":true,"href":"https:\/\/lagh-univ.dz\/fr\/wp-json\/wp\/v2\/users\/11"}],"replies":[{"embeddable":true,"href":"https:\/\/lagh-univ.dz\/fr\/wp-json\/wp\/v2\/comments?post=9452"}],"version-history":[{"count":10,"href":"https:\/\/lagh-univ.dz\/fr\/wp-json\/wp\/v2\/pages\/9452\/revisions"}],"predecessor-version":[{"id":57689,"href":"https:\/\/lagh-univ.dz\/fr\/wp-json\/wp\/v2\/pages\/9452\/revisions\/57689"}],"up":[{"embeddable":true,"href":"https:\/\/lagh-univ.dz\/fr\/wp-json\/wp\/v2\/pages\/9360"}],"wp:attachment":[{"href":"https:\/\/lagh-univ.dz\/fr\/wp-json\/wp\/v2\/media?parent=9452"}],"wp:term":[{"taxonomy":"author","embeddable":true,"href":"https:\/\/lagh-univ.dz\/fr\/wp-json\/wp\/v2\/coauthors?post=9452"}],"curies":[{"name":"wp","href":"https:\/\/api.w.org\/{rel}","templated":true}]}}