{"id":9470,"date":"2018-07-21T11:26:19","date_gmt":"2018-07-21T11:26:19","guid":{"rendered":"https:\/\/lagh-univ.dz\/science-departement-agronomie-formations-master\/"},"modified":"2020-03-12T06:46:48","modified_gmt":"2020-03-12T08:46:48","slug":"science-departement-agronomie-formations-master","status":"publish","type":"page","link":"https:\/\/lagh-univ.dz\/fr\/science-departement-agronomie\/science-departement-agronomie-formations-master\/","title":{"rendered":"Science-Departement- Agronomie- formations-master"},"content":{"rendered":"<p dir=\"ltr\" style=\"text-align: center\"><span style=\"font-size: 18pt\"><strong><span style=\"color: #0000ff;font-family: 'Book Antiqua', Palatino\">\u00a0D\u00e9partement de Sciences Agronomiques<\/span><\/strong><\/span><\/p>\n<p dir=\"ltr\" style=\"text-align: center\"><span style=\"font-size: 18pt\"><strong><span style=\"color: #0000ff;font-family: 'Book Antiqua', Palatino\"> Formation en Master<\/span><\/strong><\/span><\/p>\n<p dir=\"ltr\" style=\"text-align: left\"><a href=\"https:\/\/lagh-univ.dz\/wp-content\/uploads\/2020\/03\/MASTER_AP_FRANCAIS.pdf\" target=\"_blank\" rel=\"noopener noreferrer\"><span style=\"font-size: 14pt\"><strong><span style=\"color: #0000ff;font-family: 'Book Antiqua', Palatino\">&#8211; Am\u00e9lioration des plantes<\/span><\/strong><\/span><\/a><\/p>\n<p dir=\"ltr\" style=\"text-align: left\"><a href=\"https:\/\/lagh-univ.dz\/wp-content\/uploads\/2020\/03\/MASTER_PROTECTION_FRANCAIS.pdf\" target=\"_blank\" rel=\"noopener noreferrer\"><span style=\"font-size: 14pt\"><strong><span style=\"color: #0000ff;font-family: 'Book Antiqua', Palatino\">&#8211; Protection des v\u00e9g\u00e9taux<\/span><\/strong><\/span><\/a><\/p>\n<p dir=\"ltr\" style=\"text-align: left\"><strong><span style=\"font-size: 14pt;color: #0000ff\"><span style=\"font-family: 'Book Antiqua', Palatino\"><a style=\"color: #0000ff\" href=\"https:\/\/lagh-univ.dz\/wp-content\/uploads\/2020\/03\/MASTER_ACQ_FRANCAIS.pdf\" target=\"_blank\" rel=\"noopener noreferrer\">&#8211; Agroalimentaire et contr\u00f4le de qualit\u00e9<\/a> <\/span><\/span><\/strong><\/p>\n<p dir=\"ltr\" style=\"text-align: left\">\n","protected":false},"excerpt":{"rendered":"<p>\u00a0D\u00e9partement de Sciences Agronomiques Formation en Master &#8211; Am\u00e9lioration des plantes &#8211; Protection des v\u00e9g\u00e9taux &#8211; Agroalimentaire et contr\u00f4le de qualit\u00e9<\/p>\n","protected":false},"author":11,"featured_media":0,"parent":9362,"menu_order":0,"comment_status":"closed","ping_status":"closed","template":"elementor_header_footer","meta":{"_exactmetrics_skip_tracking":false,"_exactmetrics_sitenote_active":false,"_exactmetrics_sitenote_note":"","_exactmetrics_sitenote_category":0,"footnotes":""},"coauthors":[530],"class_list":["post-9470","page","type-page","status-publish","hentry"],"_links":{"self":[{"href":"https:\/\/lagh-univ.dz\/fr\/wp-json\/wp\/v2\/pages\/9470","targetHints":{"allow":["GET"]}}],"collection":[{"href":"https:\/\/lagh-univ.dz\/fr\/wp-json\/wp\/v2\/pages"}],"about":[{"href":"https:\/\/lagh-univ.dz\/fr\/wp-json\/wp\/v2\/types\/page"}],"author":[{"embeddable":true,"href":"https:\/\/lagh-univ.dz\/fr\/wp-json\/wp\/v2\/users\/11"}],"replies":[{"embeddable":true,"href":"https:\/\/lagh-univ.dz\/fr\/wp-json\/wp\/v2\/comments?post=9470"}],"version-history":[{"count":10,"href":"https:\/\/lagh-univ.dz\/fr\/wp-json\/wp\/v2\/pages\/9470\/revisions"}],"predecessor-version":[{"id":33074,"href":"https:\/\/lagh-univ.dz\/fr\/wp-json\/wp\/v2\/pages\/9470\/revisions\/33074"}],"up":[{"embeddable":true,"href":"https:\/\/lagh-univ.dz\/fr\/wp-json\/wp\/v2\/pages\/9362"}],"wp:attachment":[{"href":"https:\/\/lagh-univ.dz\/fr\/wp-json\/wp\/v2\/media?parent=9470"}],"wp:term":[{"taxonomy":"author","embeddable":true,"href":"https:\/\/lagh-univ.dz\/fr\/wp-json\/wp\/v2\/coauthors?post=9470"}],"curies":[{"name":"wp","href":"https:\/\/api.w.org\/{rel}","templated":true}]}}