{"id":9480,"date":"2018-07-21T11:26:00","date_gmt":"2018-07-21T11:26:00","guid":{"rendered":"https:\/\/lagh-univ.dz\/science-departement-informatique-formations-master\/"},"modified":"2024-05-22T10:24:06","modified_gmt":"2024-05-22T09:24:06","slug":"science-departement-informatique-formations-master","status":"publish","type":"page","link":"https:\/\/lagh-univ.dz\/fr\/science-departement-informatique\/science-departement-informatique-formations-master\/","title":{"rendered":"Science-Departement- informatique -formations -master"},"content":{"rendered":"<p dir=\"ltr\" style=\"text-align: center\"><strong><span style=\"font-size: 18pt;color: #0000ff\"><span style=\"font-family: 'Book Antiqua', Palatino\">Formation Master<\/span><\/span><\/strong><\/p>\n<p dir=\"ltr\" style=\"text-align: center\"><strong><span style=\"font-family: 'Book Antiqua', Palatino;font-size: 14pt;color: #0000ff\">&#8211;<a style=\"color: #0000ff\" href=\"https:\/\/lagh-univ.dz\/wp-content\/uploads\/2020\/03\/fr.pdf\" target=\"_blank\" rel=\"noopener noreferrer\">Master\u00a0: R\u00e9seaux, Syst\u00e8mes et Applications R\u00e9partis (ReSar)<\/a><\/span><\/strong><\/p>\n<p dir=\"ltr\" style=\"text-align: center\"><span style=\"font-family: 'Book Antiqua', Palatino;font-size: 14pt\"><strong><span style=\"color: #0000ff\">-Master\u00a0: Data Sciences et Intelligence Artificielle<\/span><\/strong><\/span><\/p>\n<p dir=\"ltr\" style=\"text-align: center\"><strong><span style=\"font-family: 'Book Antiqua', Palatino;font-size: 14pt;color: #0000ff\">-Master\u00a0: Syst\u00e8mes d\u2019Information et de d\u00e9cision (SID)<\/span><\/strong><\/p>\n<p dir=\"ltr\" style=\"text-align: left\"><strong><span style=\"font-family: 'Book Antiqua', Palatino;font-size: 14pt;color: #0000ff\">Pr\u00e9sentation :<\/span><\/strong><\/p>\n<p dir=\"ltr\" style=\"text-align: left\"><span style=\"font-family: 'Book Antiqua', Palatino;font-size: 14pt;color: #000000\">Aujourd&rsquo;hui les organisations passent \u00e0 l&rsquo;\u00e8re de l&rsquo;information.<\/span><\/p>\n<p dir=\"ltr\" style=\"text-align: left\"><span style=\"font-family: 'Book Antiqua', Palatino;font-size: 14pt;color: #000000\">Un majeur d\u00e9fi pour ces organisations est de transformer leurs bases de donn\u00e9es en un<\/span><\/p>\n<p dir=\"ltr\" style=\"text-align: left\"><span style=\"font-family: 'Book Antiqua', Palatino;font-size: 14pt;color: #000000\">syst\u00e8me d&rsquo;information appropri\u00e9 \u00e0 la prise de d\u00e9cision, indispensable au pilotage de l&rsquo;entreprise.<\/span><\/p>\n<p dir=\"ltr\" style=\"text-align: left\"><span style=\"font-family: 'Book Antiqua', Palatino;font-size: 14pt;color: #000000\">Dans cette perspective, le Master, SID \u00ab\u00a0Syst\u00e8mes d&rsquo;Information et de d\u00e9cision\u00a0\u00bb, vise la formation<\/span><\/p>\n<p dir=\"ltr\" style=\"text-align: left\"><span style=\"font-family: 'Book Antiqua', Palatino;font-size: 14pt;color: #000000\">des cadres sup\u00e9rieurs ayant une base solide dans la discipline informatique avec<\/span><\/p>\n<p dir=\"ltr\" style=\"text-align: left\"><span style=\"font-family: 'Book Antiqua', Palatino;font-size: 14pt;color: #000000\">une sp\u00e9cialisation dans le domaine de l&rsquo;informatique d\u00e9cisionnelle.<\/span><\/p>\n<p dir=\"ltr\" style=\"text-align: left\"><strong><span style=\"font-family: 'Book Antiqua', Palatino;font-size: 14pt;color: #0000ff\">Objectifs :<\/span><\/strong><\/p>\n<p dir=\"ltr\" style=\"text-align: left\"><span style=\"font-family: 'Book Antiqua', Palatino;font-size: 14pt;color: #000000\">Les objectifs du parcours Master SID visent l&rsquo;acquisition de comp\u00e9tences dans les domaines suivants :<\/span><\/p>\n<p dir=\"ltr\" style=\"text-align: left\"><span style=\"font-family: 'Book Antiqua', Palatino;font-size: 14pt;color: #000000\">&#8211; Aspects fondamentaux de l\u2019Informatique (algorithmique avanc\u00e9e, bases de donn\u00e9es)<\/span><\/p>\n<p dir=\"ltr\" style=\"text-align: left\"><span style=\"font-family: 'Book Antiqua', Palatino;font-size: 14pt;color: #000000\">&#8211; Management des donn\u00e9es et de la prise de d\u00e9cision en situation (recherche op\u00e9rationnelle, fondements de la d\u00e9cision, entrep\u00f4ts de donn\u00e9es, data mining)<\/span><\/p>\n<p dir=\"ltr\" style=\"text-align: left\"><span style=\"font-family: 'Book Antiqua', Palatino;font-size: 14pt;color: #000000\">&#8211; Ing\u00e9nierie des syst\u00e8mes d&rsquo;information (conception des syst\u00e8mes d&rsquo;information, \u00e9valuation de la qualit\u00e9 des syst\u00e8mes d&rsquo;information )<\/span><\/p>\n<p dir=\"ltr\" style=\"text-align: left\"><span style=\"font-family: 'Book Antiqua', Palatino;font-size: 14pt;color: #000000\">&#8211; M\u00e9thodologie de gestion et pilotage des projets informatiques (strat\u00e9gie et gouvernance des syst\u00e8mes d&rsquo;information, gestion des projets)<\/span><\/p>\n<p dir=\"ltr\" style=\"text-align: left\"><span style=\"font-family: 'Book Antiqua', Palatino;font-size: 14pt;color: #000000\">&#8211; Professionnalisation (entrepreneuriat, anglais)<\/span><\/p>\n<p dir=\"ltr\" style=\"text-align: left\"><strong><span style=\"font-family: 'Book Antiqua', Palatino;font-size: 14pt;color: #0000ff\">Conditions d&rsquo;acc\u00e8s :<\/span><\/strong><\/p>\n<p dir=\"ltr\" style=\"text-align: left\"><span style=\"font-family: 'Book Antiqua', Palatino;font-size: 14pt;color: #000000\">Ce parcours s&rsquo;adresse \u00e0 des \u00e9tudiants ayant une Licence (Bac +3) en informatique ou math\u00e9matiques<\/span><span style=\"font-family: 'Book Antiqua', Palatino;font-size: 14pt;color: #000000\">\u00a0et informatique<\/span><\/p>\n<p dir=\"ltr\" style=\"text-align: left\"><strong><span style=\"font-family: 'Book Antiqua', Palatino;font-size: 14pt;color: #0000ff\">D\u00e9bouch\u00e9s professionnels :<\/span><\/strong><\/p>\n<p dir=\"ltr\" style=\"text-align: left\"><span style=\"font-family: 'Book Antiqua', Palatino;font-size: 14pt;color: #000000\">Les \u00e9tudiants form\u00e9s pourront piloter des projets centr\u00e9s sur l&rsquo;ing\u00e9nierie des<\/span><\/p>\n<p dir=\"ltr\" style=\"text-align: left\"><span style=\"font-family: 'Book Antiqua', Palatino;font-size: 14pt;color: #000000\">syst\u00e8mes d&rsquo;information d\u00e9cisionnels. Les d\u00e9bouch\u00e9s sont principalement orient\u00e9s vers :<\/span><\/p>\n<p dir=\"ltr\" style=\"text-align: left\"><span style=\"font-family: 'Book Antiqua', Palatino;font-size: 14pt;color: #000000\">&#8211; Les soci\u00e9t\u00e9s de conseil et bureaux d&rsquo;\u00e9tudes,<\/span><\/p>\n<p dir=\"ltr\" style=\"text-align: left\"><span style=\"font-family: 'Book Antiqua', Palatino;font-size: 14pt;color: #000000\">&#8211; Les entreprises et administrations publics ou priv\u00e9es,<\/span><\/p>\n<p dir=\"ltr\" style=\"text-align: left\"><span style=\"font-family: 'Book Antiqua', Palatino;font-size: 14pt;color: #000000\">&#8211; L&rsquo;enseignement public ou priv\u00e9<\/span>.<\/p>\n","protected":false},"excerpt":{"rendered":"<p>Formation Master &#8211;Master\u00a0: R\u00e9seaux, Syst\u00e8mes et Applications R\u00e9partis (ReSar) -Master\u00a0: Data Sciences et Intelligence Artificielle -Master\u00a0: Syst\u00e8mes d\u2019Information et de d\u00e9cision (SID) Pr\u00e9sentation : Aujourd&rsquo;hui les organisations passent \u00e0 l&rsquo;\u00e8re de l&rsquo;information. Un majeur d\u00e9fi pour ces organisations est de transformer leurs bases de donn\u00e9es en un syst\u00e8me d&rsquo;information appropri\u00e9 \u00e0 la prise de d\u00e9cision, [&hellip;]<\/p>\n","protected":false},"author":11,"featured_media":0,"parent":9364,"menu_order":0,"comment_status":"closed","ping_status":"closed","template":"elementor_header_footer","meta":{"_exactmetrics_skip_tracking":false,"_exactmetrics_sitenote_active":false,"_exactmetrics_sitenote_note":"","_exactmetrics_sitenote_category":0,"footnotes":""},"coauthors":[530],"class_list":["post-9480","page","type-page","status-publish","hentry"],"_links":{"self":[{"href":"https:\/\/lagh-univ.dz\/fr\/wp-json\/wp\/v2\/pages\/9480","targetHints":{"allow":["GET"]}}],"collection":[{"href":"https:\/\/lagh-univ.dz\/fr\/wp-json\/wp\/v2\/pages"}],"about":[{"href":"https:\/\/lagh-univ.dz\/fr\/wp-json\/wp\/v2\/types\/page"}],"author":[{"embeddable":true,"href":"https:\/\/lagh-univ.dz\/fr\/wp-json\/wp\/v2\/users\/11"}],"replies":[{"embeddable":true,"href":"https:\/\/lagh-univ.dz\/fr\/wp-json\/wp\/v2\/comments?post=9480"}],"version-history":[{"count":17,"href":"https:\/\/lagh-univ.dz\/fr\/wp-json\/wp\/v2\/pages\/9480\/revisions"}],"predecessor-version":[{"id":59611,"href":"https:\/\/lagh-univ.dz\/fr\/wp-json\/wp\/v2\/pages\/9480\/revisions\/59611"}],"up":[{"embeddable":true,"href":"https:\/\/lagh-univ.dz\/fr\/wp-json\/wp\/v2\/pages\/9364"}],"wp:attachment":[{"href":"https:\/\/lagh-univ.dz\/fr\/wp-json\/wp\/v2\/media?parent=9480"}],"wp:term":[{"taxonomy":"author","embeddable":true,"href":"https:\/\/lagh-univ.dz\/fr\/wp-json\/wp\/v2\/coauthors?post=9480"}],"curies":[{"name":"wp","href":"https:\/\/api.w.org\/{rel}","templated":true}]}}