{"id":9495,"date":"2018-07-21T11:23:31","date_gmt":"2018-07-21T11:23:31","guid":{"rendered":"https:\/\/lagh-univ.dz\/science-departement-mathematique-administration\/"},"modified":"2024-05-23T10:35:14","modified_gmt":"2024-05-23T09:35:14","slug":"science-departement-mathematique-administration","status":"publish","type":"page","link":"https:\/\/lagh-univ.dz\/fr\/science-departement-mathematique\/science-departement-mathematique-administration\/","title":{"rendered":"Science-Departement- mathematique -administration"},"content":{"rendered":"<p style=\"text-align: center\"><span style=\"color: #000000;font-family: 'Book Antiqua', Palatino\"><strong><span style=\"font-size: 18pt;color: #0000ff\">Administration\u00a0<\/span><\/strong><\/span><\/p>\n<p dir=\"ltr\"><span style=\"color: #0000ff;font-family: 'Book Antiqua', Palatino;font-size: 14pt\"><strong>Chef du D\u00e9partement:\u00a0<\/strong><\/span><\/p>\n<p style=\"text-align: left\"><span style=\"font-family: 'Book Antiqua', Palatino;font-size: 14pt;color: #000000\"><strong>Dr.\u00a0 <\/strong>YAZID Fares<\/span><\/p>\n<p dir=\"ltr\"><span style=\"font-family: 'Book Antiqua', Palatino;font-size: 14pt;color: #000000\"><strong>E-mail\u00a0:\u00a0<\/strong> f.yazid@lagh-univ.dz<\/span><\/p>\n<p dir=\"ltr\"><span style=\"font-family: 'Book Antiqua', Palatino;font-size: 14pt;color: #0000ff\"><strong>Adjoint Chef du D\u00e9partement Charg\u00e9 des \u00c9tudes de Graduation :<\/strong><\/span><\/p>\n<p style=\"text-align: left\"><span style=\"font-family: 'Book Antiqua', Palatino;font-size: 14pt;color: #000000\"><strong> Dr.\u00a0 \u00a0<\/strong>MERRAD Boulerbah<\/span><\/p>\n<p dir=\"ltr\"><span style=\"font-family: 'Book Antiqua', Palatino;font-size: 14pt;color: #000000\"><strong>E-mail\u00a0:\u00a0<\/strong> b.merrad@lagh-univ.dz<\/span><\/p>\n<p><span style=\"font-family: 'Book Antiqua', Palatino;font-size: 14pt;color: #000000\"><strong>\u00a0<\/strong><\/span><\/p>\n<p>&nbsp;<\/p>\n<p>&nbsp;<\/p>\n","protected":false},"excerpt":{"rendered":"<p>Administration\u00a0 Chef du D\u00e9partement:\u00a0 Dr.\u00a0 YAZID Fares E-mail\u00a0:\u00a0 f.yazid@lagh-univ.dz Adjoint Chef du D\u00e9partement Charg\u00e9 des \u00c9tudes de Graduation : Dr.\u00a0 \u00a0MERRAD Boulerbah E-mail\u00a0:\u00a0 b.merrad@lagh-univ.dz \u00a0 &nbsp; &nbsp;<\/p>\n","protected":false},"author":11,"featured_media":0,"parent":9366,"menu_order":0,"comment_status":"closed","ping_status":"closed","template":"elementor_header_footer","meta":{"_exactmetrics_skip_tracking":false,"_exactmetrics_sitenote_active":false,"_exactmetrics_sitenote_note":"","_exactmetrics_sitenote_category":0,"footnotes":""},"coauthors":[530],"class_list":["post-9495","page","type-page","status-publish","hentry"],"_links":{"self":[{"href":"https:\/\/lagh-univ.dz\/fr\/wp-json\/wp\/v2\/pages\/9495","targetHints":{"allow":["GET"]}}],"collection":[{"href":"https:\/\/lagh-univ.dz\/fr\/wp-json\/wp\/v2\/pages"}],"about":[{"href":"https:\/\/lagh-univ.dz\/fr\/wp-json\/wp\/v2\/types\/page"}],"author":[{"embeddable":true,"href":"https:\/\/lagh-univ.dz\/fr\/wp-json\/wp\/v2\/users\/11"}],"replies":[{"embeddable":true,"href":"https:\/\/lagh-univ.dz\/fr\/wp-json\/wp\/v2\/comments?post=9495"}],"version-history":[{"count":13,"href":"https:\/\/lagh-univ.dz\/fr\/wp-json\/wp\/v2\/pages\/9495\/revisions"}],"predecessor-version":[{"id":59634,"href":"https:\/\/lagh-univ.dz\/fr\/wp-json\/wp\/v2\/pages\/9495\/revisions\/59634"}],"up":[{"embeddable":true,"href":"https:\/\/lagh-univ.dz\/fr\/wp-json\/wp\/v2\/pages\/9366"}],"wp:attachment":[{"href":"https:\/\/lagh-univ.dz\/fr\/wp-json\/wp\/v2\/media?parent=9495"}],"wp:term":[{"taxonomy":"author","embeddable":true,"href":"https:\/\/lagh-univ.dz\/fr\/wp-json\/wp\/v2\/coauthors?post=9495"}],"curies":[{"name":"wp","href":"https:\/\/api.w.org\/{rel}","templated":true}]}}