{"id":9505,"date":"2018-07-21T11:25:05","date_gmt":"2018-07-21T11:25:05","guid":{"rendered":"https:\/\/lagh-univ.dz\/science-departement-mathematique-formations-licence\/"},"modified":"2024-05-23T10:25:52","modified_gmt":"2024-05-23T09:25:52","slug":"science-departement-mathematique-formations-licence","status":"publish","type":"page","link":"https:\/\/lagh-univ.dz\/fr\/science-departement-mathematique\/science-departement-mathematique-formations-licence\/","title":{"rendered":"Science-Departement- mathematique -formations-licence"},"content":{"rendered":"<p>&nbsp;<\/p>\n<p style=\"text-align: center\"><span style=\"font-size: 18pt;font-family: 'Book Antiqua', Palatino;color: #0000ff\"><strong><span style=\"color: #ff0000\">\u00a0Formation Licence Math\u00e9matiques<\/span>\u00a0 \u00a0 \u00a0 \u00a0 \u00a0 \u00a0 \u00a0 \u00a0 \u00a0 \u00a0 \u00a0 \u00a0 \u00a0 \u00a0 \u00a0<\/strong><\/span><\/p>\n<p>&nbsp;<\/p>\n<table style=\"width: 79.5801%\">\n<tbody>\n<tr style=\"height: 54px\">\n<td style=\"height: 54px;width: 25.8333%;background-color: #b8c9f2;text-align: center\"><strong><span style=\"font-family: 'Book Antiqua', Palatino;font-size: 14pt;color: #000000\">Domaine<\/span><\/strong><\/td>\n<td style=\"height: 54px;width: 27.6389%;background-color: #b8c9f2;text-align: center\"><strong><span style=\"font-family: 'Book Antiqua', Palatino;font-size: 14pt;color: #000000\">Fili\u00e8re<\/span><\/strong><\/td>\n<td style=\"height: 54px;width: 26.3889%;background-color: #b8c9f2;text-align: center\"><strong><span style=\"font-family: 'Book Antiqua', Palatino;font-size: 14pt;color: #000000\">Sp\u00e9cialit\u00e9<\/span><\/strong><\/td>\n<td style=\"height: 54px;width: 71.5929%;background-color: #b8c9f2;text-align: center\"><strong><span style=\"font-family: 'Book Antiqua', Palatino;font-size: 14pt;color: #000000\">Arr\u00eat\u00e9 N\u00b0:<\/span><\/strong><\/td>\n<\/tr>\n<tr style=\"height: 102px\">\n<td style=\"text-align: center;height: 208px;width: 25.8333%\" rowspan=\"2\"><span style=\"font-family: 'Book Antiqua', Palatino;font-size: 14pt;color: #000000\">Math\u00e9matiques\u00a0 <\/span><\/p>\n<p><span style=\"font-family: 'Book Antiqua', Palatino;font-size: 14pt;color: #000000\">et Informatique<\/span><span style=\"font-family: 'Book Antiqua', Palatino;font-size: 14pt;color: #000000\">\u00a0<\/span><\/p>\n<p><span style=\"font-family: 'Book Antiqua', Palatino;font-size: 14pt;color: #000000\">D 03<\/span><\/td>\n<td style=\"text-align: center;height: 102px;width: 27.6389%\"><span style=\"font-family: 'Book Antiqua', Palatino;font-size: 14pt;color: #000000\">Math\u00e9matiques<\/span><\/td>\n<td style=\"text-align: center;height: 102px;width: 26.3889%\"><span style=\"font-family: 'Book Antiqua', Palatino;font-size: 14pt;color: #000000\">Math\u00e9matiques<\/span><\/td>\n<td style=\"text-align: center;height: 102px;width: 71.5929%\"><span style=\"font-size: 14pt;font-family: Book Antiqua, Palatino;color: #000000\">575\u00a0<\/span><\/p>\n<p><span style=\"font-size: 14pt;font-family: Book Antiqua, Palatino;color: #000000\"> du\u00a0 05\/08\/2015<\/span><\/td>\n<\/tr>\n<tr>\n<td style=\"text-align: center;width: 27.6389%\"><span style=\"font-family: arabic-kufi;font-size: 14pt;color: #000000\">Math\u00e9matiques Appliqu\u00e9es<\/span><\/td>\n<td style=\"text-align: center;width: 26.3889%\"><span style=\"font-family: arabic-kufi;font-size: 14pt;color: #000000\">Math\u00e9matiques Appliqu\u00e9es<\/span><\/td>\n<td style=\"text-align: center;width: 71.5929%\"><span style=\"font-size: 14pt;font-family: arabic-kufi;color: #000000\">1029<\/span><\/p>\n<p><span style=\"font-size: 14pt;font-family: arabic-kufi;color: #000000\"> du 01\/08\/2023<\/span><\/td>\n<\/tr>\n<\/tbody>\n<\/table>\n","protected":false},"excerpt":{"rendered":"<p>&nbsp; \u00a0Formation Licence Math\u00e9matiques\u00a0 \u00a0 \u00a0 \u00a0 \u00a0 \u00a0 \u00a0 \u00a0 \u00a0 \u00a0 \u00a0 \u00a0 \u00a0 \u00a0 \u00a0 &nbsp; Domaine Fili\u00e8re Sp\u00e9cialit\u00e9 Arr\u00eat\u00e9 N\u00b0: Math\u00e9matiques\u00a0 et Informatique\u00a0 D 03 Math\u00e9matiques Math\u00e9matiques 575\u00a0 du\u00a0 05\/08\/2015 Math\u00e9matiques Appliqu\u00e9es Math\u00e9matiques Appliqu\u00e9es 1029 du 01\/08\/2023<\/p>\n","protected":false},"author":11,"featured_media":0,"parent":9366,"menu_order":0,"comment_status":"closed","ping_status":"closed","template":"elementor_header_footer","meta":{"_exactmetrics_skip_tracking":false,"_exactmetrics_sitenote_active":false,"_exactmetrics_sitenote_note":"","_exactmetrics_sitenote_category":0,"footnotes":""},"coauthors":[530],"class_list":["post-9505","page","type-page","status-publish","hentry"],"_links":{"self":[{"href":"https:\/\/lagh-univ.dz\/fr\/wp-json\/wp\/v2\/pages\/9505","targetHints":{"allow":["GET"]}}],"collection":[{"href":"https:\/\/lagh-univ.dz\/fr\/wp-json\/wp\/v2\/pages"}],"about":[{"href":"https:\/\/lagh-univ.dz\/fr\/wp-json\/wp\/v2\/types\/page"}],"author":[{"embeddable":true,"href":"https:\/\/lagh-univ.dz\/fr\/wp-json\/wp\/v2\/users\/11"}],"replies":[{"embeddable":true,"href":"https:\/\/lagh-univ.dz\/fr\/wp-json\/wp\/v2\/comments?post=9505"}],"version-history":[{"count":11,"href":"https:\/\/lagh-univ.dz\/fr\/wp-json\/wp\/v2\/pages\/9505\/revisions"}],"predecessor-version":[{"id":59631,"href":"https:\/\/lagh-univ.dz\/fr\/wp-json\/wp\/v2\/pages\/9505\/revisions\/59631"}],"up":[{"embeddable":true,"href":"https:\/\/lagh-univ.dz\/fr\/wp-json\/wp\/v2\/pages\/9366"}],"wp:attachment":[{"href":"https:\/\/lagh-univ.dz\/fr\/wp-json\/wp\/v2\/media?parent=9505"}],"wp:term":[{"taxonomy":"author","embeddable":true,"href":"https:\/\/lagh-univ.dz\/fr\/wp-json\/wp\/v2\/coauthors?post=9505"}],"curies":[{"name":"wp","href":"https:\/\/api.w.org\/{rel}","templated":true}]}}