{"id":9517,"date":"2018-07-18T18:56:51","date_gmt":"2018-07-18T18:56:51","guid":{"rendered":"https:\/\/lagh-univ.dz\/medcine-faculte-fac-en-chiffre\/"},"modified":"2023-05-04T14:47:40","modified_gmt":"2023-05-04T13:47:40","slug":"medcine-faculte-fac-en-chiffre","status":"publish","type":"page","link":"https:\/\/lagh-univ.dz\/fr\/medcine-faculte\/medcine-faculte-fac-en-chiffre\/","title":{"rendered":"Medcine-Facult\u00c3\u0083\u00c2\u00a9-Fac en chiffre"},"content":{"rendered":"<p dir=\"ltr\" style=\"text-align: center\"><span style=\"font-size: 18pt;font-family: Book Antiqua, Palatino;color: #000080\"><strong>La Facult\u00e9 en Chiffres<\/strong><\/span><\/p>\n<p><img fetchpriority=\"high\" decoding=\"async\" class=\" wp-image-52054 alignright\" src=\"https:\/\/lagh-univ.dz\/wp-content\/uploads\/2023\/05\/sit-fr-300x129.png\" alt=\"\" width=\"477\" height=\"205\" srcset=\"https:\/\/lagh-univ.dz\/wp-content\/uploads\/2023\/05\/sit-fr-300x129.png 300w, https:\/\/lagh-univ.dz\/wp-content\/uploads\/2023\/05\/sit-fr.png 489w\" sizes=\"(max-width: 477px) 100vw, 477px\" \/><\/p>\n<p dir=\"ltr\" style=\"text-align: left\"><span style=\"font-size: 14pt;font-family: Book Antiqua, Palatino\"><strong><span style=\"color: #f255a4\">\u00a0Effectifs \u00e9tudiants :<\/span> 711<\/strong><\/span><\/p>\n<ul dir=\"ltr\" style=\"text-align: left\">\n<li><strong><span style=\"font-family: 'Book Antiqua', Palatino;font-size: 14pt\">Premi\u00e8re ann\u00e9e:\u00a0180<\/span><\/strong><\/li>\n<li><strong><span style=\"font-family: 'Book Antiqua', Palatino;font-size: 14pt\">Deuxi\u00e8me ann\u00e9e:\u00a0151<\/span><\/strong><\/li>\n<li><strong><span style=\"font-family: 'Book Antiqua', Palatino;font-size: 14pt\">Troisi\u00e8me ann\u00e9e:\u00a0112<\/span><\/strong><\/li>\n<li><strong><span style=\"font-family: 'Book Antiqua', Palatino;font-size: 14pt\">Quatri\u00e8me ann\u00e9e:\u00a091<\/span><\/strong><\/li>\n<li><strong><span style=\"font-family: 'Book Antiqua', Palatino;font-size: 14pt\">Cinqui\u00e8me ann\u00e9e:\u00a055<\/span><\/strong><\/li>\n<li><strong><span style=\"font-family: 'Book Antiqua', Palatino;font-size: 14pt\">Sixi\u00e8me ann\u00e9e:\u00a071<\/span><\/strong><\/li>\n<li><strong><span style=\"font-family: 'Book Antiqua', Palatino;font-size: 14pt\">septi\u00e8me ann\u00e9e : 51<\/span><\/strong><\/li>\n<\/ul>\n<p dir=\"ltr\" style=\"text-align: left\"><span style=\"font-size: 14pt;font-family: Book Antiqua, Palatino\"><strong><span style=\"color: #f255a4\">Encadrement p\u00e9dagogique :<\/span> 42<\/strong><\/span><\/p>\n<ul dir=\"ltr\" style=\"text-align: left\">\n<li><span style=\"font-family: 'Book Antiqua', Palatino;font-size: 14pt\"><strong>Professeur H.U : 0<\/strong><\/span><\/li>\n<li><span style=\"font-family: 'Book Antiqua', Palatino;font-size: 14pt\"><strong>C \u00ab\u00a0A\u00a0\u00bb\u00a0: 02<\/strong><\/span><\/li>\n<li><span style=\"font-family: 'Book Antiqua', Palatino;font-size: 14pt\"><strong>H.U \u00ab A \u00bb : 05<\/strong><\/span><\/li>\n<li><span style=\"font-family: 'Book Antiqua', Palatino;font-size: 14pt\"><strong>H.U \u00ab B \u00bb : 0<\/strong><\/span><\/li>\n<li><span style=\"font-family: 'Book Antiqua', Palatino;font-size: 14pt\"><strong>H.U : 35<\/strong><\/span><\/li>\n<\/ul>\n<p dir=\"ltr\" style=\"text-align: left\"><span style=\"font-size: 14pt;font-family: Book Antiqua, Palatino\"><strong><span style=\"color: #f255a4\">Encadrement Administratif, technique et des services :<\/span> 45<\/strong><\/span><\/p>\n<p dir=\"ltr\" style=\"text-align: left\"><span style=\"font-size: 14pt;font-family: Book Antiqua, Palatino\"><strong><span style=\"color: #f255a4\">Personnels contractuels\u00a0 :<\/span> 0<\/strong><\/span><\/p>\n","protected":false},"excerpt":{"rendered":"<p>La Facult\u00e9 en Chiffres \u00a0Effectifs \u00e9tudiants : 711 Premi\u00e8re ann\u00e9e:\u00a0180 Deuxi\u00e8me ann\u00e9e:\u00a0151 Troisi\u00e8me ann\u00e9e:\u00a0112 Quatri\u00e8me ann\u00e9e:\u00a091 Cinqui\u00e8me ann\u00e9e:\u00a055 Sixi\u00e8me ann\u00e9e:\u00a071 septi\u00e8me ann\u00e9e : 51 Encadrement p\u00e9dagogique : 42 Professeur H.U : 0 C \u00ab\u00a0A\u00a0\u00bb\u00a0: 02 H.U \u00ab A \u00bb : 05 H.U \u00ab B \u00bb : 0 H.U : 35 Encadrement Administratif, technique et des [&hellip;]<\/p>\n","protected":false},"author":10,"featured_media":0,"parent":9511,"menu_order":0,"comment_status":"closed","ping_status":"closed","template":"elementor_header_footer","meta":{"_exactmetrics_skip_tracking":false,"_exactmetrics_sitenote_active":false,"_exactmetrics_sitenote_note":"","_exactmetrics_sitenote_category":0,"footnotes":""},"coauthors":[528,562],"class_list":["post-9517","page","type-page","status-publish","hentry"],"_links":{"self":[{"href":"https:\/\/lagh-univ.dz\/fr\/wp-json\/wp\/v2\/pages\/9517","targetHints":{"allow":["GET"]}}],"collection":[{"href":"https:\/\/lagh-univ.dz\/fr\/wp-json\/wp\/v2\/pages"}],"about":[{"href":"https:\/\/lagh-univ.dz\/fr\/wp-json\/wp\/v2\/types\/page"}],"author":[{"embeddable":true,"href":"https:\/\/lagh-univ.dz\/fr\/wp-json\/wp\/v2\/users\/10"}],"replies":[{"embeddable":true,"href":"https:\/\/lagh-univ.dz\/fr\/wp-json\/wp\/v2\/comments?post=9517"}],"version-history":[{"count":18,"href":"https:\/\/lagh-univ.dz\/fr\/wp-json\/wp\/v2\/pages\/9517\/revisions"}],"predecessor-version":[{"id":52057,"href":"https:\/\/lagh-univ.dz\/fr\/wp-json\/wp\/v2\/pages\/9517\/revisions\/52057"}],"up":[{"embeddable":true,"href":"https:\/\/lagh-univ.dz\/fr\/wp-json\/wp\/v2\/pages\/9511"}],"wp:attachment":[{"href":"https:\/\/lagh-univ.dz\/fr\/wp-json\/wp\/v2\/media?parent=9517"}],"wp:term":[{"taxonomy":"author","embeddable":true,"href":"https:\/\/lagh-univ.dz\/fr\/wp-json\/wp\/v2\/coauthors?post=9517"}],"curies":[{"name":"wp","href":"https:\/\/api.w.org\/{rel}","templated":true}]}}