{"id":9537,"date":"2018-07-18T19:44:33","date_gmt":"2018-07-18T19:44:33","guid":{"rendered":"https:\/\/lagh-univ.dz\/medcine-graduation-service-scolarite\/"},"modified":"2020-02-15T11:15:30","modified_gmt":"2020-02-15T13:15:30","slug":"medcine-graduation-service-scolarite","status":"publish","type":"page","link":"https:\/\/lagh-univ.dz\/fr\/medcine-faculte\/medcine-graduation-service-scolarite\/","title":{"rendered":"Medcine- Graduation-service scolarit\u00e9"},"content":{"rendered":"<p dir=\"ltr\"><strong><span style=\"color: #f255a4;font-family: Book Antiqua, Palatino;font-size: 14pt\">Chef Service de La Scolarit\u00e9 :<\/span><\/strong><\/p>\n<p dir=\"ltr\"><span style=\"font-size: 14pt;font-family: Book Antiqua, Palatino;color: #000000\">HARIA Fatna\u00a0 <\/span><\/p>\n<p dir=\"ltr\"><span style=\"font-size: 14pt;font-family: Book Antiqua, Palatino;color: #000000\">Administrateur<\/span><\/p>\n<p dir=\"ltr\"><span style=\"font-size: 14pt;font-family: Book Antiqua, Palatino;color: #000000\">Le service de scolarit\u00e9 du d\u00e9canat de la facult\u00e9 de \u00a0m\u00e9decine a pour t\u00e2ches de :<\/span><\/p>\n<ul>\n<li><span style=\"font-size: 14pt;font-family: Book Antiqua, Palatino;color: #000000\">Assurer la gestion et le suivi des r\u00e9inscriptions des \u00e9tudiants en graduation<\/span><\/li>\n<li><span style=\"font-size: 14pt;font-family: Book Antiqua, Palatino;color: #000000\">Suivre les op\u00e9rations des inscriptions et des transferts<\/span><\/li>\n<li><span style=\"font-size: 14pt;font-family: Book Antiqua, Palatino;color: #000000\">Tenir le fichier nominatif des \u00e9tudiants<\/span><\/li>\n<li><span style=\"font-size: 14pt;font-family: Book Antiqua, Palatino;color: #000000\">Recueillir, traiter et diffuser l\u2019information p\u00e9dagogique au profit des \u00e9tudiants<\/span><\/li>\n<li><span style=\"font-size: 14pt;font-family: Book Antiqua, Palatino;color: #000000\">Archiver les dossiers p\u00e9dagogiques<\/span><\/li>\n<li><span style=\"font-size: 14pt;font-family: Book Antiqua, Palatino;color: #000000\">Assurer le suivi administratif des \u00e9tudiants de l&rsquo;inscription \u00e0 la d\u00e9livrance des dipl\u00f4mes en leur offrant une assistance p\u00e9dagogique en lien direct avec les enseignants<\/span><\/li>\n<li><span style=\"font-size: 14pt;font-family: Book Antiqua, Palatino;color: #000000\">Veiller \u00e0 la bonne gestion de la scolarit\u00e9 des \u00e9tudiants.<\/span><\/li>\n<\/ul>\n<p dir=\"ltr\"><span style=\"font-size: 14pt;font-family: Book Antiqua, Palatino;color: #000000\"><strong>Dossier\u00a0 de\u00a0 demande\u00a0 d\u2019une ann\u00e9e acad\u00e9mique<\/strong><\/span><\/p>\n<ul>\n<li><span style=\"font-size: 14pt;font-family: Book Antiqua, Palatino;color: #000000\">Demande manuscrite (fichier \u00e0 t\u00e9l\u00e9charger)<\/span><\/li>\n<li><span style=\"font-size: 14pt;font-family: Book Antiqua, Palatino;color: #000000\">justification (m\u00e9dicale- service nationale \u2026.etc)<\/span><\/li>\n<li><span style=\"font-size: 14pt;font-family: Book Antiqua, Palatino;color: #000000\">attestation, d\u2019inscription<\/span><\/li>\n<li><span style=\"font-size: 14pt;font-family: Book Antiqua, Palatino;color: #000000\">carte d\u2019\u00e9tudiant original<\/span><\/li>\n<\/ul>\n<p dir=\"ltr\"><span style=\"font-size: 14pt;font-family: Book Antiqua, Palatino;color: #000000\"><strong>Dossier\u00a0 de\u00a0 demande\u00a0 d\u2019int\u00e9gration des \u00e9tudiants abondants :<\/strong><\/span><\/p>\n<ul>\n<li><span style=\"font-size: 14pt;font-family: Book Antiqua, Palatino;color: #000000\">Demande manuscrite<\/span><\/li>\n<li><span style=\"font-size: 14pt;font-family: Book Antiqua, Palatino;color: #000000\">copie de l\u2019attestation d\u2019inscription de la derni\u00e8re ann\u00e9e d\u2019\u00e9tude<\/span><\/li>\n<li><span style=\"font-size: 14pt;font-family: Book Antiqua, Palatino;color: #000000\">tout document qui peu aide l\u2019\u00e9tudiant a s\u2019int\u00e9gr\u00e9 (certificat m\u00e9dicale, carte de service national \u2026)<\/span><\/li>\n<\/ul>\n<p dir=\"ltr\"><span style=\"font-size: 14pt;font-family: Book Antiqua, Palatino;color: #000000\"><strong>Dossier\u00a0 de\u00a0 demande\u00a0 pour avoir une deuxi\u00e8me carte d\u2019\u00e9tudiant\u00a0:<\/strong><\/span><\/p>\n<ul>\n<li><span style=\"font-size: 14pt;font-family: Book Antiqua, Palatino;color: #000000\">Demande manuscrite<\/span><\/li>\n<li><span style=\"font-size: 14pt;font-family: Book Antiqua, Palatino;color: #000000\">d\u00e9claration de perte ou vole\u00a0 (doit \u00eatre\u00a0 d\u00e9livr\u00e9 par les services suret\u00e9 nationale)<\/span><\/li>\n<li><span style=\"font-size: 14pt;font-family: Book Antiqua, Palatino;color: #000000\">copie de l\u2019attestation d\u2019inscription<\/span><\/li>\n<li><span style=\"font-size: 14pt;font-family: Book Antiqua, Palatino;color: #000000\">photo d\u2019identit\u00e9<\/span><\/li>\n<\/ul>\n<p dir=\"ltr\"><span style=\"font-size: 14pt;font-family: Book Antiqua, Palatino\"><strong><span style=\"color: #000000\">fiches a t\u00e9l\u00e9charger<\/span><\/strong><\/span><\/p>\n<p dir=\"ltr\"><span style=\"color: #000000;font-family: Book Antiqua, Palatino;font-size: 14pt\">\u00a0<div class='w3eden'><!-- WPDM Link Template: Default Template -->\n\n<div class=\"link-template-default card mb-2\">\n    <div class=\"card-body\">\n        <div class=\"media\">\n            <div class=\"mr-3 img-48\"><img decoding=\"async\" class=\"wpdm_icon\" alt=\"Ic\u00f4ne\"   src=\"https:\/\/lagh-univ.dz\/wp-content\/plugins\/download-manager\/assets\/file-type-icons\/docx.png\" \/><\/div>\n            <div class=\"media-body\">\n                <h3 class=\"package-title\"><a href='https:\/\/lagh-univ.dz\/fr\/download\/demande-de-reintegration-medecine\/'>Demande de r\u00e9int\u00e9gration  medecine<\/a><\/h3>\n                <div class=\"text-muted text-small\"><i class=\"fas fa-copy\"><\/i> 1 fichier\u00b7s <i class=\"fas fa-hdd ml-3\"><\/i> 67.12 KB<\/div>\n            <\/div>\n            <div class=\"ml-3\">\n                <a class='wpdm-download-link download-on-click btn btn-primary btn-xs' rel='nofollow' href='#' data-downloadurl=\"https:\/\/lagh-univ.dz\/fr\/download\/demande-de-reintegration-medecine\/?wpdmdl=25869&refresh=69f54e39971191777684025\">T\u00e9l\u00e9charger<\/a>\n            <\/div>\n        <\/div>\n    <\/div>\n<\/div>\n\n<\/div> <\/span><\/p>\n<p dir=\"ltr\" style=\"text-align: left\"><span style=\"font-size: 14pt;font-family: Book Antiqua, Palatino;color: #000000\"><div class='w3eden'><!-- WPDM Link Template: Default Template -->\n\n<div class=\"link-template-default card mb-2\">\n    <div class=\"card-body\">\n        <div class=\"media\">\n            <div class=\"mr-3 img-48\"><img decoding=\"async\" class=\"wpdm_icon\" alt=\"Ic\u00f4ne\"   src=\"https:\/\/lagh-univ.dz\/wp-content\/plugins\/download-manager\/assets\/file-type-icons\/pdf.svg\" \/><\/div>\n            <div class=\"media-body\">\n                <h3 class=\"package-title\"><a href='https:\/\/lagh-univ.dz\/fr\/download\/fiche-de-transfert\/'>fiche de transfert<\/a><\/h3>\n                <div class=\"text-muted text-small\"><i class=\"fas fa-copy\"><\/i> 1 fichier\u00b7s <i class=\"fas fa-hdd ml-3\"><\/i> 645.13 KB<\/div>\n            <\/div>\n            <div class=\"ml-3\">\n                <a class='wpdm-download-link download-on-click btn btn-primary btn-xs' rel='nofollow' href='#' data-downloadurl=\"https:\/\/lagh-univ.dz\/fr\/download\/fiche-de-transfert\/?wpdmdl=25872&refresh=69f54e399e8b01777684025\">T\u00e9l\u00e9charger<\/a>\n            <\/div>\n        <\/div>\n    <\/div>\n<\/div>\n\n<\/div><\/span><\/p>\n<p dir=\"ltr\"><span style=\"font-size: 14pt;font-family: Book Antiqua, Palatino;color: #000000\"><div class='w3eden'><!-- WPDM Link Template: Default Template -->\n\n<div class=\"link-template-default card mb-2\">\n    <div class=\"card-body\">\n        <div class=\"media\">\n            <div class=\"mr-3 img-48\"><img decoding=\"async\" class=\"wpdm_icon\" alt=\"Ic\u00f4ne\"   src=\"https:\/\/lagh-univ.dz\/wp-content\/plugins\/download-manager\/assets\/file-type-icons\/docx.png\" \/><\/div>\n            <div class=\"media-body\">\n                <h3 class=\"package-title\"><a href='https:\/\/lagh-univ.dz\/fr\/download\/fiche-de-depart\/'>Fiche de d\u00e9part<\/a><\/h3>\n                <div class=\"text-muted text-small\"><i class=\"fas fa-copy\"><\/i> 1 fichier\u00b7s <i class=\"fas fa-hdd ml-3\"><\/i> 46.50 KB<\/div>\n            <\/div>\n            <div class=\"ml-3\">\n                <a class='wpdm-download-link download-on-click btn btn-primary btn-xs' rel='nofollow' href='#' data-downloadurl=\"https:\/\/lagh-univ.dz\/fr\/download\/fiche-de-depart\/?wpdmdl=25874&refresh=69f54e39a59851777684025\">T\u00e9l\u00e9charger<\/a>\n            <\/div>\n        <\/div>\n    <\/div>\n<\/div>\n\n<\/div><\/span><\/p>\n<p>&nbsp;<\/p>\n","protected":false},"excerpt":{"rendered":"<p>Chef Service de La Scolarit\u00e9 : HARIA Fatna\u00a0 Administrateur Le service de scolarit\u00e9 du d\u00e9canat de la facult\u00e9 de \u00a0m\u00e9decine a pour t\u00e2ches de : Assurer la gestion et le suivi des r\u00e9inscriptions des \u00e9tudiants en graduation Suivre les op\u00e9rations des inscriptions et des transferts Tenir le fichier nominatif des \u00e9tudiants Recueillir, traiter et diffuser [&hellip;]<\/p>\n","protected":false},"author":10,"featured_media":0,"parent":9511,"menu_order":0,"comment_status":"closed","ping_status":"closed","template":"elementor_header_footer","meta":{"_exactmetrics_skip_tracking":false,"_exactmetrics_sitenote_active":false,"_exactmetrics_sitenote_note":"","_exactmetrics_sitenote_category":0,"footnotes":""},"coauthors":[528],"class_list":["post-9537","page","type-page","status-publish","hentry"],"_links":{"self":[{"href":"https:\/\/lagh-univ.dz\/fr\/wp-json\/wp\/v2\/pages\/9537","targetHints":{"allow":["GET"]}}],"collection":[{"href":"https:\/\/lagh-univ.dz\/fr\/wp-json\/wp\/v2\/pages"}],"about":[{"href":"https:\/\/lagh-univ.dz\/fr\/wp-json\/wp\/v2\/types\/page"}],"author":[{"embeddable":true,"href":"https:\/\/lagh-univ.dz\/fr\/wp-json\/wp\/v2\/users\/10"}],"replies":[{"embeddable":true,"href":"https:\/\/lagh-univ.dz\/fr\/wp-json\/wp\/v2\/comments?post=9537"}],"version-history":[{"count":12,"href":"https:\/\/lagh-univ.dz\/fr\/wp-json\/wp\/v2\/pages\/9537\/revisions"}],"predecessor-version":[{"id":26787,"href":"https:\/\/lagh-univ.dz\/fr\/wp-json\/wp\/v2\/pages\/9537\/revisions\/26787"}],"up":[{"embeddable":true,"href":"https:\/\/lagh-univ.dz\/fr\/wp-json\/wp\/v2\/pages\/9511"}],"wp:attachment":[{"href":"https:\/\/lagh-univ.dz\/fr\/wp-json\/wp\/v2\/media?parent=9537"}],"wp:term":[{"taxonomy":"author","embeddable":true,"href":"https:\/\/lagh-univ.dz\/fr\/wp-json\/wp\/v2\/coauthors?post=9537"}],"curies":[{"name":"wp","href":"https:\/\/api.w.org\/{rel}","templated":true}]}}