{"id":9539,"date":"2018-07-18T19:50:59","date_gmt":"2018-07-18T19:50:59","guid":{"rendered":"https:\/\/lagh-univ.dz\/medcine-graduation-services-diplomes\/"},"modified":"2020-02-18T08:11:56","modified_gmt":"2020-02-18T10:11:56","slug":"medcine-graduation-services-diplomes","status":"publish","type":"page","link":"https:\/\/lagh-univ.dz\/fr\/medcine-faculte\/medcine-graduation-services-diplomes\/","title":{"rendered":"Medcine- Graduation-services diplomes"},"content":{"rendered":"<p>&nbsp;<\/p>\n<p><span style=\"color: #000080\"><strong>\u00a0<\/strong><\/span><\/p>\n<p dir=\"ltr\" style=\"text-align: center\"><span style=\"font-size: 18pt;font-family: Book Antiqua, Palatino;color: #000080\"><strong>Service <\/strong><strong>statistiques de l\u2019information et de l\u2019orientation<\/strong><\/span><\/p>\n<p dir=\"ltr\"><span style=\"font-size: 14pt;font-family: Book Antiqua, Palatino;color: #800000\">Chef de service\u00a0 <\/span><span style=\"font-size: 14pt;font-family: Book Antiqua, Palatino;color: #000000\"><strong>DJABER Dahmane<\/strong><\/span><\/p>\n<p dir=\"ltr\"><span style=\"font-size: 14pt;font-family: Book Antiqua, Palatino;color: #000000\">Administrateur<\/span><\/p>\n<p dir=\"ltr\"><span style=\"font-size: 14pt;font-family: Book Antiqua, Palatino;color: #000000\">Le service des statistiques de l\u2019information et de l\u2019orientation du d\u00e9canat de la facult\u00e9 de \u00a0m\u00e9decine a pour t\u00e2ches :<\/span><\/p>\n<ul>\n<li><span style=\"font-size: 14pt;font-family: Book Antiqua, Palatino;color: #000000\">de tenir le fichier nominatif et statistique des \u00e9tudiants,<\/span><\/li>\n<li><span style=\"font-size: 14pt;font-family: Book Antiqua, Palatino;color: #000000\">de recueillir, traiter et diffuser l\u2019information p\u00e9dagogique au profil des \u00e9tudiants,<\/span><\/li>\n<li><span style=\"font-size: 14pt;font-family: Book Antiqua, Palatino;color: #000000\">publier les d\u00e9lib\u00e9rations sur le site web de la Facult\u00e9,<\/span><\/li>\n<li><span style=\"font-size: 14pt;font-family: Book Antiqua, Palatino;color: #000000\">d\u2019\u00e9laborer le guide de l\u2019\u00e9tudiant et les diff\u00e9rents supports de la communication pour la facult\u00e9.<\/span><\/li>\n<\/ul>\n<p dir=\"ltr\"><span style=\"font-size: 14pt;font-family: Book Antiqua, Palatino;color: #000000\">Cellule site web et num\u00e9risation<\/span><\/p>\n<p>&nbsp;<\/p>\n<p dir=\"ltr\"><span style=\"color: #000080\"><strong><span style=\"font-size: 14pt;font-family: arabic-kufi\">\u00a0<\/span><\/strong><\/span><\/p>\n","protected":false},"excerpt":{"rendered":"<p>&nbsp; \u00a0 Service statistiques de l\u2019information et de l\u2019orientation Chef de service\u00a0 DJABER Dahmane Administrateur Le service des statistiques de l\u2019information et de l\u2019orientation du d\u00e9canat de la facult\u00e9 de \u00a0m\u00e9decine a pour t\u00e2ches : de tenir le fichier nominatif et statistique des \u00e9tudiants, de recueillir, traiter et diffuser l\u2019information p\u00e9dagogique au profil des \u00e9tudiants, [&hellip;]<\/p>\n","protected":false},"author":10,"featured_media":0,"parent":9511,"menu_order":0,"comment_status":"closed","ping_status":"closed","template":"elementor_header_footer","meta":{"_exactmetrics_skip_tracking":false,"_exactmetrics_sitenote_active":false,"_exactmetrics_sitenote_note":"","_exactmetrics_sitenote_category":0,"footnotes":""},"coauthors":[528,562],"class_list":["post-9539","page","type-page","status-publish","hentry"],"_links":{"self":[{"href":"https:\/\/lagh-univ.dz\/fr\/wp-json\/wp\/v2\/pages\/9539","targetHints":{"allow":["GET"]}}],"collection":[{"href":"https:\/\/lagh-univ.dz\/fr\/wp-json\/wp\/v2\/pages"}],"about":[{"href":"https:\/\/lagh-univ.dz\/fr\/wp-json\/wp\/v2\/types\/page"}],"author":[{"embeddable":true,"href":"https:\/\/lagh-univ.dz\/fr\/wp-json\/wp\/v2\/users\/10"}],"replies":[{"embeddable":true,"href":"https:\/\/lagh-univ.dz\/fr\/wp-json\/wp\/v2\/comments?post=9539"}],"version-history":[{"count":9,"href":"https:\/\/lagh-univ.dz\/fr\/wp-json\/wp\/v2\/pages\/9539\/revisions"}],"predecessor-version":[{"id":28542,"href":"https:\/\/lagh-univ.dz\/fr\/wp-json\/wp\/v2\/pages\/9539\/revisions\/28542"}],"up":[{"embeddable":true,"href":"https:\/\/lagh-univ.dz\/fr\/wp-json\/wp\/v2\/pages\/9511"}],"wp:attachment":[{"href":"https:\/\/lagh-univ.dz\/fr\/wp-json\/wp\/v2\/media?parent=9539"}],"wp:term":[{"taxonomy":"author","embeddable":true,"href":"https:\/\/lagh-univ.dz\/fr\/wp-json\/wp\/v2\/coauthors?post=9539"}],"curies":[{"name":"wp","href":"https:\/\/api.w.org\/{rel}","templated":true}]}}