{"id":9541,"date":"2018-07-18T19:53:38","date_gmt":"2018-07-18T19:53:38","guid":{"rendered":"https:\/\/lagh-univ.dz\/medcine-graduation-service-denseignement-et-evaluation\/"},"modified":"2020-02-16T10:37:33","modified_gmt":"2020-02-16T12:37:33","slug":"medcine-graduation-service-denseignement-et-evaluation","status":"publish","type":"page","link":"https:\/\/lagh-univ.dz\/fr\/medcine-faculte\/medcine-graduation-service-denseignement-et-evaluation\/","title":{"rendered":"Medcine- Graduation-service d\u2019enseignement et evaluation"},"content":{"rendered":"<p dir=\"ltr\" style=\"text-align: left\"><span style=\"font-size: 14pt;font-family: Book Antiqua, Palatino;color: #000080\"><strong><span style=\"font-size: 18pt\">Le service de l\u2019enseignement, de l\u2019\u00e9valuation et des stages<\/span> <\/strong><\/span><\/p>\n<p dir=\"ltr\" style=\"text-align: left\">\n<p dir=\"ltr\" style=\"text-align: left\"><span style=\"font-size: 14pt;font-family: Book Antiqua, Palatino;color: #000000\">Le service de l\u2019enseignement, de l\u2019\u00e9valuation et des stages du d\u00e9canat de la facult\u00e9 de \u00a0m\u00e9decine en coordination avec le d\u00e9partement a pour t\u00e2ches :<\/span><\/p>\n<ul>\n<li style=\"text-align: left\"><span style=\"font-size: 14pt;font-family: Book Antiqua, Palatino;color: #000000\">de suivre et d\u2019\u00e9valuer les enseignements<\/span><\/li>\n<li style=\"text-align: left\"><span style=\"font-size: 14pt;font-family: Book Antiqua, Palatino;color: #000000\">de suivre et d\u2019\u00e9valuer les le d\u00e9roulement des stages des \u00e9tudiants<\/span><\/li>\n<li style=\"text-align: left\"><span style=\"font-size: 14pt;font-family: Book Antiqua, Palatino;color: #000000\">de contr\u00f4ler v\u00e9rifier les PV des d\u00e9lib\u00e9rations.<\/span><\/li>\n<li style=\"text-align: left\"><span style=\"font-size: 14pt;font-family: Book Antiqua, Palatino;color: #000000\">Suivre l\u2019op\u00e9ration d\u2019authentification des documents d\u00e9livr\u00e9s par la facult\u00e9.<\/span><\/li>\n<li style=\"text-align: left\"><span style=\"font-size: 14pt;font-family: Book Antiqua, Palatino;color: #000000\">de Suivre le d\u00e9roulement des cours et des programmes p\u00e9dagogiques (et les rendre disponibles sur le web);<\/span><\/li>\n<li style=\"text-align: left\"><span style=\"font-size: 14pt;font-family: Book Antiqua, Palatino;color: #000000\">de maintenir et archiver les cours et les travaux dirig\u00e9s sous forme \u00e9lectronique et papier (en particulier ceux qui ont \u00e9t\u00e9 approuv\u00e9s par les comit\u00e9s scientifiques et le conseil scientifique de la facult\u00e9 ;<\/span><\/li>\n<li style=\"text-align: left\"><span style=\"font-size: 14pt;font-family: Book Antiqua, Palatino;color: #000000\">de suivre le programme d\u2019exploitation des salles de cours ;<\/span><\/li>\n<li style=\"text-align: left\"><span style=\"font-size: 14pt;font-family: Book Antiqua, Palatino;color: #000000\">de fixer le calendrier des examens et assurer son bon fonctionnement<\/span><\/li>\n<li style=\"text-align: left\"><span style=\"font-size: 14pt;font-family: Book Antiqua, Palatino;color: #000000\">de collecte, traiter et diffuser l&rsquo;information p\u00e9dagogique<\/span><\/li>\n<li style=\"text-align: left\"><span style=\"font-size: 14pt;font-family: Book Antiqua, Palatino;color: #000000\">d\u2019Archiver les sujets d&rsquo;examen et les corrig\u00e9s \u2013types et bar\u00e8mes de notation sous forme \u00e9lectronique et papier<\/span><\/li>\n<\/ul>\n","protected":false},"excerpt":{"rendered":"<p>Le service de l\u2019enseignement, de l\u2019\u00e9valuation et des stages Le service de l\u2019enseignement, de l\u2019\u00e9valuation et des stages du d\u00e9canat de la facult\u00e9 de \u00a0m\u00e9decine en coordination avec le d\u00e9partement a pour t\u00e2ches : de suivre et d\u2019\u00e9valuer les enseignements de suivre et d\u2019\u00e9valuer les le d\u00e9roulement des stages des \u00e9tudiants de contr\u00f4ler v\u00e9rifier les [&hellip;]<\/p>\n","protected":false},"author":10,"featured_media":0,"parent":9511,"menu_order":0,"comment_status":"closed","ping_status":"closed","template":"elementor_header_footer","meta":{"_exactmetrics_skip_tracking":false,"_exactmetrics_sitenote_active":false,"_exactmetrics_sitenote_note":"","_exactmetrics_sitenote_category":0,"footnotes":""},"coauthors":[528,562],"class_list":["post-9541","page","type-page","status-publish","hentry"],"_links":{"self":[{"href":"https:\/\/lagh-univ.dz\/fr\/wp-json\/wp\/v2\/pages\/9541","targetHints":{"allow":["GET"]}}],"collection":[{"href":"https:\/\/lagh-univ.dz\/fr\/wp-json\/wp\/v2\/pages"}],"about":[{"href":"https:\/\/lagh-univ.dz\/fr\/wp-json\/wp\/v2\/types\/page"}],"author":[{"embeddable":true,"href":"https:\/\/lagh-univ.dz\/fr\/wp-json\/wp\/v2\/users\/10"}],"replies":[{"embeddable":true,"href":"https:\/\/lagh-univ.dz\/fr\/wp-json\/wp\/v2\/comments?post=9541"}],"version-history":[{"count":3,"href":"https:\/\/lagh-univ.dz\/fr\/wp-json\/wp\/v2\/pages\/9541\/revisions"}],"predecessor-version":[{"id":27406,"href":"https:\/\/lagh-univ.dz\/fr\/wp-json\/wp\/v2\/pages\/9541\/revisions\/27406"}],"up":[{"embeddable":true,"href":"https:\/\/lagh-univ.dz\/fr\/wp-json\/wp\/v2\/pages\/9511"}],"wp:attachment":[{"href":"https:\/\/lagh-univ.dz\/fr\/wp-json\/wp\/v2\/media?parent=9541"}],"wp:term":[{"taxonomy":"author","embeddable":true,"href":"https:\/\/lagh-univ.dz\/fr\/wp-json\/wp\/v2\/coauthors?post=9541"}],"curies":[{"name":"wp","href":"https:\/\/api.w.org\/{rel}","templated":true}]}}