{"id":9549,"date":"2018-07-18T19:27:27","date_gmt":"2018-07-18T19:27:27","guid":{"rendered":"https:\/\/lagh-univ.dz\/medcine-post-graduation-service-de-relation-et-cooperation-externe\/"},"modified":"2020-02-16T10:43:50","modified_gmt":"2020-02-16T12:43:50","slug":"medcine-post-graduation-service-de-relation-et-cooperation-externe","status":"publish","type":"page","link":"https:\/\/lagh-univ.dz\/fr\/medcine-faculte\/medcine-post-graduation-service-de-relation-et-cooperation-externe\/","title":{"rendered":"Medcine- post Graduation-service de relation et coop\u00e9ration externe"},"content":{"rendered":"<p>&nbsp;<\/p>\n<p dir=\"ltr\"><span style=\"font-size: 14pt;font-family: Book Antiqua, Palatino;color: #800000\"><strong>Le service de la coop\u00e9ration et des relations ext\u00e9rieures<\/strong> est charg\u00e9 de\u00a0:<\/span><\/p>\n<p>&nbsp;<\/p>\n<p dir=\"ltr\">&#8211; <span style=\"color: #000000;font-size: 14pt;font-family: Book Antiqua, Palatino\">de suivre l\u2019ex\u00e9cution des clauses et conditions des diff\u00e9rentes \u00a0conventions de coop\u00e9ration et de partenariat sign\u00e9es avec les diff\u00e9rentes parties\u00a0:<\/span><\/p>\n<p dir=\"ltr\"><span style=\"color: #000000;font-size: 14pt;font-family: Book Antiqua, Palatino\">&#8211; d\u2019Assurer le suivi des programmes de perfectionnement et de recyclage des enseignants et des doctorants non-salari\u00e9s.<\/span><\/p>\n<p dir=\"ltr\"><span style=\"color: #000000;font-size: 14pt;font-family: Book Antiqua, Palatino\">&#8211; d\u2019Organiser et promouvoir l\u2019activit\u00e9 scientifique (journ\u00e9es d\u2019\u00e9tude, journ\u00e9e th\u00e9matique, congr\u00e8s et s\u00e9minaires\u2026)<\/span><\/p>\n<p dir=\"ltr\"><span style=\"color: #000000;font-size: 14pt;font-family: Book Antiqua, Palatino\">&#8211; de diffuser les informations et actualit\u00e9s internationales sur le site web.<\/span><\/p>\n<p dir=\"ltr\"><span style=\"color: #000000;font-size: 14pt;font-family: Book Antiqua, Palatino\">&#8211; de suivre la publication du journal de la facult\u00e9 de m\u00e9decine de Laghouat (en projet).<\/span><\/p>\n<p dir=\"ltr\"><span style=\"color: #000000;font-size: 14pt;font-family: Book Antiqua, Palatino\">&#8211; de collecter et diffuser les informations relatives aux bourses \u00e0 l\u2019\u00e9tranger<\/span>.<\/p>\n","protected":false},"excerpt":{"rendered":"<p>&nbsp; Le service de la coop\u00e9ration et des relations ext\u00e9rieures est charg\u00e9 de\u00a0: &nbsp; &#8211; de suivre l\u2019ex\u00e9cution des clauses et conditions des diff\u00e9rentes \u00a0conventions de coop\u00e9ration et de partenariat sign\u00e9es avec les diff\u00e9rentes parties\u00a0: &#8211; d\u2019Assurer le suivi des programmes de perfectionnement et de recyclage des enseignants et des doctorants non-salari\u00e9s. &#8211; d\u2019Organiser et [&hellip;]<\/p>\n","protected":false},"author":10,"featured_media":0,"parent":9511,"menu_order":0,"comment_status":"closed","ping_status":"closed","template":"elementor_header_footer","meta":{"_exactmetrics_skip_tracking":false,"_exactmetrics_sitenote_active":false,"_exactmetrics_sitenote_note":"","_exactmetrics_sitenote_category":0,"footnotes":""},"coauthors":[528,562],"class_list":["post-9549","page","type-page","status-publish","hentry"],"_links":{"self":[{"href":"https:\/\/lagh-univ.dz\/fr\/wp-json\/wp\/v2\/pages\/9549","targetHints":{"allow":["GET"]}}],"collection":[{"href":"https:\/\/lagh-univ.dz\/fr\/wp-json\/wp\/v2\/pages"}],"about":[{"href":"https:\/\/lagh-univ.dz\/fr\/wp-json\/wp\/v2\/types\/page"}],"author":[{"embeddable":true,"href":"https:\/\/lagh-univ.dz\/fr\/wp-json\/wp\/v2\/users\/10"}],"replies":[{"embeddable":true,"href":"https:\/\/lagh-univ.dz\/fr\/wp-json\/wp\/v2\/comments?post=9549"}],"version-history":[{"count":2,"href":"https:\/\/lagh-univ.dz\/fr\/wp-json\/wp\/v2\/pages\/9549\/revisions"}],"predecessor-version":[{"id":27410,"href":"https:\/\/lagh-univ.dz\/fr\/wp-json\/wp\/v2\/pages\/9549\/revisions\/27410"}],"up":[{"embeddable":true,"href":"https:\/\/lagh-univ.dz\/fr\/wp-json\/wp\/v2\/pages\/9511"}],"wp:attachment":[{"href":"https:\/\/lagh-univ.dz\/fr\/wp-json\/wp\/v2\/media?parent=9549"}],"wp:term":[{"taxonomy":"author","embeddable":true,"href":"https:\/\/lagh-univ.dz\/fr\/wp-json\/wp\/v2\/coauthors?post=9549"}],"curies":[{"name":"wp","href":"https:\/\/api.w.org\/{rel}","templated":true}]}}