{"id":9565,"date":"2019-01-24T14:42:03","date_gmt":"2019-01-24T16:42:03","guid":{"rendered":"https:\/\/lagh-univ.dz\/medcine-departement-medcine-presentation\/"},"modified":"2020-02-17T08:33:57","modified_gmt":"2020-02-17T10:33:57","slug":"medcine-departement-medcine-presentation","status":"publish","type":"page","link":"https:\/\/lagh-univ.dz\/fr\/medcine-departement\/medcine-departement-medcine-administration\/medcine-departement-medcine-presentation\/","title":{"rendered":"Medcine-Departement- M\u00e9dcine- pr\u00e9sentation"},"content":{"rendered":"<p dir=\"ltr\" style=\"text-align: center\"><span style=\"font-size: 18pt;font-family: Book Antiqua, Palatino;color: #000080\"><strong>D\u00e9partement de la facult\u00e9<\/strong><\/span><\/p>\n<p dir=\"ltr\">\n<p dir=\"ltr\"><span style=\"font-size: 14pt;font-family: Book Antiqua, Palatino;color: #800000\"><strong>D\u00e9partement de m\u00e9decine\u00a0\u00a0<\/strong><\/span><\/p>\n<p dir=\"ltr\"><span style=\"font-size: 14pt;font-family: Book Antiqua, Palatino;color: #000000\">Le d\u00e9partement de m\u00e9decine, composante de la facult\u00e9 de <\/span><span style=\"font-size: 14pt;font-family: Book Antiqua, Palatino;color: #000000\"><img fetchpriority=\"high\" decoding=\"async\" class=\"size-medium wp-image-22850 alignright\" src=\"https:\/\/lagh-univ.dz\/wp-content\/uploads\/2020\/02\/medecine-300x215.jpg\" alt=\"\" width=\"300\" height=\"215\" srcset=\"https:\/\/lagh-univ.dz\/wp-content\/uploads\/2020\/02\/medecine-300x215.jpg 300w, https:\/\/lagh-univ.dz\/wp-content\/uploads\/2020\/02\/medecine.jpg 418w\" sizes=\"(max-width: 300px) 100vw, 300px\" \/><\/span><span style=\"font-size: 14pt;font-family: Book Antiqua, Palatino;color: #000000\">m\u00e9decine de Laghouat est cr\u00e9\u00e9 par l\u2019arr\u00eat\u00e9 n\u00b0<span style=\"color: #800000\"> 1151<\/span> du <span style=\"color: #800000\">10\/11\/2015<\/span><\/span><\/p>\n<p dir=\"ltr\">\n<p dir=\"ltr\"><span style=\"font-size: 14pt;font-family: Book Antiqua, Palatino;color: #008000\"><strong>Staff administratif du d\u00e9partement<\/strong>\u00a0<\/span><\/p>\n<p dir=\"ltr\"><span style=\"font-size: 14pt;font-family: Book Antiqua, Palatino;color: #000000\">Le chef de d\u00e9partement est responsable du fonctionnement p\u00e9dagogique et administratif du d\u00e9partement et il exerce l\u2019autorit\u00e9 hi\u00e9rarchique sur le personnel plac\u00e9 sous sa responsabilit\u00e9.<\/span><\/p>\n<p dir=\"ltr\"><span style=\"font-size: 14pt;font-family: Book Antiqua, Palatino;color: #000000\"><strong>\u00a0<\/strong><\/span><\/p>\n<p dir=\"ltr\"><span style=\"font-size: 14pt;font-family: Book Antiqua, Palatino;color: #000000\">Le Chef de d\u00e9partement adjoint charg\u00e9 de la scolarit\u00e9 et des enseignements de graduation a pour t\u00e2ches :<\/span><\/p>\n<p dir=\"ltr\"><span style=\"font-size: 14pt;font-family: Book Antiqua, Palatino;color: #000000\">* De suivre les op\u00e9rations d\u2019inscriptions et de r\u00e9inscription des \u00e9tudiants en graduation<\/span><\/p>\n<p dir=\"ltr\"><span style=\"font-size: 14pt;font-family: Book Antiqua, Palatino;color: #000000\">* De veiller au bon d\u00e9roulement des enseignements\u00a0;<\/span><\/p>\n<p dir=\"ltr\"><span style=\"font-size: 14pt;font-family: Book Antiqua, Palatino;color: #000000\">* De veiller au bon d\u00e9roulent des examens et \u00e9preuves de contr\u00f4le des connaissances.<\/span><\/p>\n<p dir=\"ltr\"><span style=\"font-size: 14pt;font-family: Book Antiqua, Palatino;color: #000000\">Il est assist\u00e9 par\u00a0:<\/span><\/p>\n<ul>\n<li><span style=\"font-size: 14pt;font-family: Book Antiqua, Palatino;color: #000000\">Le Chef de service de scolarit\u00e9<\/span><\/li>\n<li><span style=\"font-size: 14pt;font-family: Book Antiqua, Palatino;color: #000000\">Le Chef de service du suivi des enseignements et de l\u2019\u00e9valuation.<\/span><\/li>\n<\/ul>\n<p dir=\"ltr\"><span style=\"color: #800000\"><strong><span style=\"font-size: 14pt;font-family: Book Antiqua, Palatino\">Le Chef de d\u00e9partement<\/span><\/strong><\/span><\/p>\n<p dir=\"ltr\"><span style=\"font-size: 14pt;font-family: Book Antiqua, Palatino;color: #000000\">Dr BENYAGOUB Massinissa<\/span><\/p>\n<p dir=\"ltr\"><span style=\"font-size: 14pt;font-family: Book Antiqua, Palatino;color: #000000\">M.A.H.U\u00a0 en m\u00e9decine l\u00e9gale<\/span><\/p>\n<p dir=\"ltr\"><span style=\"font-size: 14pt;font-family: Book Antiqua, Palatino\"><span style=\"color: #000000\">E-mail\u00a0:<\/span> <a href=\"mailto:m.benyagoub@lagh-univ.dz\"><strong>m.benyagoub@lagh-univ.dz<\/strong><\/a><\/span><\/p>\n<p dir=\"ltr\"><span style=\"font-size: 14pt;font-family: Book Antiqua, Palatino;color: #000000\">Assist\u00e9 par\u00a0:<\/span><\/p>\n<ul>\n<li><strong><span style=\"font-size: 14pt;font-family: Book Antiqua, Palatino;color: #008000\">SOUFFI Ibtissam<\/span><\/strong><\/li>\n<\/ul>\n<p dir=\"ltr\"><span style=\"font-size: 14pt;font-family: Book Antiqua, Palatino;color: #000000\">Maitre-assistant<\/span><\/p>\n<p dir=\"ltr\"><span style=\"font-size: 14pt;font-family: Book Antiqua, Palatino;color: #000000\">Chef de d\u00e9partement adjoint charg\u00e9 de la scolarit\u00e9 et des enseignements de graduation<\/span><\/p>\n<p dir=\"ltr\"><span style=\"font-size: 14pt;font-family: Book Antiqua, Palatino\"><span style=\"color: #000000\">E-mail\u00a0:<\/span> <a href=\"mailto:i.souffi@lagh-univ.dz\">i.souffi@lagh-univ.dz<\/a><\/span><\/p>\n<ul>\n<li><span style=\"font-size: 14pt;font-family: Book Antiqua, Palatino;color: #800000\"><strong>BENDAOUD Amal<\/strong><\/span><\/li>\n<\/ul>\n<p dir=\"ltr\"><span style=\"font-size: 14pt;font-family: Book Antiqua, Palatino;color: #000000\">Administrateur Analyste<\/span><\/p>\n<p dir=\"ltr\"><span style=\"font-size: 14pt;font-family: Book Antiqua, Palatino;color: #000000\">Chef de service de la scolarit\u00e9<\/span><\/p>\n<p dir=\"ltr\"><span style=\"font-size: 14pt;font-family: Book Antiqua, Palatino\"><span style=\"color: #000000\">E-mail\u00a0:<\/span> <a href=\"mailto:am.bendaoud21@gmail.com\">am.bendaoud21@gmail.com<\/a> \/ <a href=\"mailto:am.bendaoud@lagh(univ.dz\">am.bendaoud@lagh(univ.dz<\/a><\/span><\/p>\n<ul>\n<li><span style=\"font-size: 14pt;font-family: Book Antiqua, Palatino;color: #008000\"><strong>ZAABTA Khalil<\/strong><\/span><\/li>\n<\/ul>\n<p dir=\"ltr\"><span style=\"font-size: 14pt;font-family: Book Antiqua, Palatino;color: #000000\">Ing\u00e9nieur des laboratoires universitaire<\/span><\/p>\n<p dir=\"ltr\"><span style=\"font-size: 14pt;font-family: Book Antiqua, Palatino;color: #000000\">Chef de labos<\/span><\/p>\n<p dir=\"ltr\"><span style=\"font-size: 14pt;font-family: Book Antiqua, Palatino\"><span style=\"color: #000000\">E-mail\u00a0:<\/span> <a href=\"mailto:k.zaabta@lagh-univ.dz\">k.zaabta@lagh-univ.dz<\/a><\/span><\/p>\n","protected":false},"excerpt":{"rendered":"<p>D\u00e9partement de la facult\u00e9 D\u00e9partement de m\u00e9decine\u00a0\u00a0 Le d\u00e9partement de m\u00e9decine, composante de la facult\u00e9 de m\u00e9decine de Laghouat est cr\u00e9\u00e9 par l\u2019arr\u00eat\u00e9 n\u00b0 1151 du 10\/11\/2015 Staff administratif du d\u00e9partement\u00a0 Le chef de d\u00e9partement est responsable du fonctionnement p\u00e9dagogique et administratif du d\u00e9partement et il exerce l\u2019autorit\u00e9 hi\u00e9rarchique sur le personnel plac\u00e9 sous sa [&hellip;]<\/p>\n","protected":false},"author":10,"featured_media":0,"parent":9567,"menu_order":0,"comment_status":"closed","ping_status":"closed","template":"elementor_header_footer","meta":{"_exactmetrics_skip_tracking":false,"_exactmetrics_sitenote_active":false,"_exactmetrics_sitenote_note":"","_exactmetrics_sitenote_category":0,"footnotes":""},"coauthors":[528,562],"class_list":["post-9565","page","type-page","status-publish","hentry"],"_links":{"self":[{"href":"https:\/\/lagh-univ.dz\/fr\/wp-json\/wp\/v2\/pages\/9565","targetHints":{"allow":["GET"]}}],"collection":[{"href":"https:\/\/lagh-univ.dz\/fr\/wp-json\/wp\/v2\/pages"}],"about":[{"href":"https:\/\/lagh-univ.dz\/fr\/wp-json\/wp\/v2\/types\/page"}],"author":[{"embeddable":true,"href":"https:\/\/lagh-univ.dz\/fr\/wp-json\/wp\/v2\/users\/10"}],"replies":[{"embeddable":true,"href":"https:\/\/lagh-univ.dz\/fr\/wp-json\/wp\/v2\/comments?post=9565"}],"version-history":[{"count":8,"href":"https:\/\/lagh-univ.dz\/fr\/wp-json\/wp\/v2\/pages\/9565\/revisions"}],"predecessor-version":[{"id":27792,"href":"https:\/\/lagh-univ.dz\/fr\/wp-json\/wp\/v2\/pages\/9565\/revisions\/27792"}],"up":[{"embeddable":true,"href":"https:\/\/lagh-univ.dz\/fr\/wp-json\/wp\/v2\/pages\/9567"}],"wp:attachment":[{"href":"https:\/\/lagh-univ.dz\/fr\/wp-json\/wp\/v2\/media?parent=9565"}],"wp:term":[{"taxonomy":"author","embeddable":true,"href":"https:\/\/lagh-univ.dz\/fr\/wp-json\/wp\/v2\/coauthors?post=9565"}],"curies":[{"name":"wp","href":"https:\/\/api.w.org\/{rel}","templated":true}]}}