{"id":9571,"date":"2019-01-24T14:43:01","date_gmt":"2019-01-24T16:43:01","guid":{"rendered":"https:\/\/lagh-univ.dz\/medcine-departement-medcine-formations\/"},"modified":"2020-02-17T08:45:28","modified_gmt":"2020-02-17T10:45:28","slug":"medcine-departement-medcine-formations","status":"publish","type":"page","link":"https:\/\/lagh-univ.dz\/fr\/medcine-departement\/medcine-departement-medcine-administration\/medcine-departement-medcine-formations\/","title":{"rendered":"Medcine-Departement- M\u00e9dcine- Formations"},"content":{"rendered":"<p dir=\"ltr\" style=\"text-align: center\"><span style=\"color: #000080\"><strong><span style=\"font-size: 18pt;font-family: Book Antiqua, Palatino\">Syst\u00e8me annuel <\/span><\/strong><\/span><\/p>\n<p dir=\"ltr\" style=\"text-align: left\"><span style=\"font-family: Book Antiqua, Palatino;font-size: 14pt;color: #000000\">La dur\u00e9e actuelle des \u00e9tudes est de sept ans, elle est divis\u00e9e en trois cycles\u00a0:<\/span><\/p>\n<ol>\n<li style=\"text-align: left\"><span style=\"font-family: Book Antiqua, Palatino;font-size: 14pt;color: #000000\">Un cycle pr\u00e9clinique de trois ans (<span style=\"color: #800000\">1<sup>\u00e8re<\/sup> <\/span>, <span style=\"color: #800000\">2<sup>\u00e8me<\/sup><\/span> et <span style=\"color: #800000\">3<sup>\u00e8me<\/sup><\/span> Ann\u00e9e), dont une ann\u00e9e d\u2019immersion hospitali\u00e8re.<\/span><\/li>\n<li style=\"text-align: left\"><span style=\"font-family: Book Antiqua, Palatino;font-size: 14pt;color: #000000\">Un cycle clinique de trois ans (<span style=\"color: #800000\">4<sup>\u00e8me<\/sup><\/span> , <span style=\"color: #800000\">5<sup>\u00e8me<\/sup><\/span> et <span style=\"color: #800000\">6<sup>\u00e8me<\/sup> <\/span>Ann\u00e9e)<\/span><\/li>\n<li style=\"text-align: left\"><span style=\"font-family: Book Antiqua, Palatino;font-size: 14pt;color: #000000\">Une ann\u00e9e de stage interne (<span style=\"color: #800000\">7<sup>\u00e8me<\/sup><\/span> Ann\u00e9e)<\/span><\/li>\n<\/ol>\n<p dir=\"ltr\" style=\"text-align: left\"><span style=\"font-family: Book Antiqua, Palatino;font-size: 14pt;color: #000000\">Apr\u00e8s validation des sept ann\u00e9es d\u2019\u00e9tudes, l\u2019\u00e9tudiant est d\u00e9clar\u00e9 titulaire du titre de docteur en M\u00e9decine.<\/span><\/p>\n<p dir=\"ltr\"><img fetchpriority=\"high\" decoding=\"async\" class=\" wp-image-26534 aligncenter\" src=\"https:\/\/lagh-univ.dz\/wp-content\/uploads\/2020\/02\/Systeme-annuel-M\u00e9decine-pdf-1-270x300.png\" alt=\"\" width=\"554\" height=\"615\" srcset=\"https:\/\/lagh-univ.dz\/wp-content\/uploads\/2020\/02\/Systeme-annuel-M\u00e9decine-pdf-1-270x300.png 270w, https:\/\/lagh-univ.dz\/wp-content\/uploads\/2020\/02\/Systeme-annuel-M\u00e9decine-pdf-1-768x854.png 768w, https:\/\/lagh-univ.dz\/wp-content\/uploads\/2020\/02\/Systeme-annuel-M\u00e9decine-pdf-1-921x1024.png 921w, https:\/\/lagh-univ.dz\/wp-content\/uploads\/2020\/02\/Systeme-annuel-M\u00e9decine-pdf-1.png 1212w\" sizes=\"(max-width: 554px) 100vw, 554px\" \/> <img decoding=\"async\" class=\" wp-image-26537 aligncenter\" src=\"https:\/\/lagh-univ.dz\/wp-content\/uploads\/2020\/02\/Systeme-annuel-M\u00e9decine-pdf-2-235x300.png\" alt=\"\" width=\"552\" height=\"705\" srcset=\"https:\/\/lagh-univ.dz\/wp-content\/uploads\/2020\/02\/Systeme-annuel-M\u00e9decine-pdf-2-235x300.png 235w, https:\/\/lagh-univ.dz\/wp-content\/uploads\/2020\/02\/Systeme-annuel-M\u00e9decine-pdf-2-768x982.png 768w, https:\/\/lagh-univ.dz\/wp-content\/uploads\/2020\/02\/Systeme-annuel-M\u00e9decine-pdf-2-801x1024.png 801w, https:\/\/lagh-univ.dz\/wp-content\/uploads\/2020\/02\/Systeme-annuel-M\u00e9decine-pdf-2.png 1248w\" sizes=\"(max-width: 552px) 100vw, 552px\" \/> <img decoding=\"async\" class=\" wp-image-26540 aligncenter\" src=\"https:\/\/lagh-univ.dz\/wp-content\/uploads\/2020\/02\/Systeme-annuel-M\u00e9decine-pdf-3-247x300.png\" alt=\"\" width=\"610\" height=\"741\" srcset=\"https:\/\/lagh-univ.dz\/wp-content\/uploads\/2020\/02\/Systeme-annuel-M\u00e9decine-pdf-3-247x300.png 247w, https:\/\/lagh-univ.dz\/wp-content\/uploads\/2020\/02\/Systeme-annuel-M\u00e9decine-pdf-3-768x934.png 768w, https:\/\/lagh-univ.dz\/wp-content\/uploads\/2020\/02\/Systeme-annuel-M\u00e9decine-pdf-3-842x1024.png 842w, https:\/\/lagh-univ.dz\/wp-content\/uploads\/2020\/02\/Systeme-annuel-M\u00e9decine-pdf-3.png 1336w\" sizes=\"(max-width: 610px) 100vw, 610px\" \/><\/p>\n<p dir=\"ltr\" style=\"text-align: left\"><span style=\"color: #008000\">\u00a0<\/span><span style=\"font-family: Book Antiqua, Palatino;font-size: 14pt\"> <strong><span style=\"color: #008000\">7<sup>\u00e8me<\/sup> ann\u00e9e\u00a0: l\u2019internat<\/span> <\/strong><\/span><\/p>\n<p dir=\"ltr\" style=\"text-align: left\"><span style=\"font-family: Book Antiqua, Palatino;font-size: 14pt\"><span style=\"color: #000000\">L\u2019\u00e9tudiant doit effectuer et valider<\/span> <span style=\"color: #008000\">04<\/span><span style=\"color: #000000\"> stages d\u2019internat de<\/span> <span style=\"color: #008000\">03<\/span><span style=\"color: #000000\"> Mois chacun\u00a0: stage de M\u00e9decine, stage de P\u00e9diatrie, stage de Chirurgie et stage de Gyn\u00e9cologie-Obst\u00e9trique.<\/span><\/span><\/p>\n<ul style=\"text-align: left\">\n<li><span style=\"font-family: Book Antiqua, Palatino;font-size: 14pt;color: #800000\"><strong>Conditions d\u2019acc\u00e8s \u00e0 l\u2019ann\u00e9e sup\u00e9rieure en M\u00e9decine\u00a0: <\/strong><\/span><\/li>\n<\/ul>\n<ol>\n<li style=\"text-align: left\"><span style=\"font-family: Book Antiqua, Palatino;font-size: 14pt\"><span style=\"color: #000000\">De la premi\u00e8re ann\u00e9e \u00e0 la troisi\u00e8me ann\u00e9e M\u00e9decine, le passage \u00e0 l\u2019ann\u00e9e sup\u00e9rieure est sanctionn\u00e9 par une moyenne annuelle \u00e9gale ou sup\u00e9rieure \u00e0 <\/span><span style=\"color: #800000\">10\/20<\/span><\/span><\/li>\n<li style=\"text-align: left\"><span style=\"font-family: Book Antiqua, Palatino;font-size: 14pt\"><span style=\"color: #000000\">A partir de la quatri\u00e8me ann\u00e9e, le syst\u00e8me d\u2019examination est modulaire et le passage \u00e0 l\u2019ann\u00e9e sup\u00e9rieure est sanctionn\u00e9 par un nombre de semaines des modules non acquis inf\u00e9rieur ou \u00e9gale \u00e0<\/span><span style=\"color: #800000\"> 12<\/span> <span style=\"color: #000000\">semaines.<\/span><\/span><\/li>\n<li style=\"text-align: left\"><span style=\"font-family: Book Antiqua, Palatino;font-size: 14pt\"><span style=\"color: #000000\">L\u2019acc\u00e8s \u00e0 l\u2019internat ( stage de fin d\u2019\u00e9tude en M\u00e9decine) est sanctionn\u00e9 par des moyennes de passage sup\u00e9rieures ou \u00e9gales \u00e0<\/span><span style=\"color: #800000\"> <strong>10\/20<\/strong><\/span> <span style=\"color: #000000\">de la premi\u00e8re \u00e0 la troisi\u00e8me ann\u00e9e et l\u2019acquisition de tous les modules de clinique ( de la quatri\u00e8me ann\u00e9e \u00e0 la sixi\u00e8me ann\u00e9e) par une moyenne modulaire sup\u00e9rieure ou \u00e9gale \u00e0<\/span><span style=\"color: #800000\"> <strong>10\/20<\/strong><\/span><\/span><\/li>\n<\/ol>\n<p>&nbsp;<\/p>\n<p dir=\"ltr\">\n","protected":false},"excerpt":{"rendered":"<p>Syst\u00e8me annuel La dur\u00e9e actuelle des \u00e9tudes est de sept ans, elle est divis\u00e9e en trois cycles\u00a0: Un cycle pr\u00e9clinique de trois ans (1\u00e8re , 2\u00e8me et 3\u00e8me Ann\u00e9e), dont une ann\u00e9e d\u2019immersion hospitali\u00e8re. Un cycle clinique de trois ans (4\u00e8me , 5\u00e8me et 6\u00e8me Ann\u00e9e) Une ann\u00e9e de stage interne (7\u00e8me Ann\u00e9e) Apr\u00e8s validation [&hellip;]<\/p>\n","protected":false},"author":10,"featured_media":0,"parent":9567,"menu_order":0,"comment_status":"closed","ping_status":"closed","template":"elementor_header_footer","meta":{"_exactmetrics_skip_tracking":false,"_exactmetrics_sitenote_active":false,"_exactmetrics_sitenote_note":"","_exactmetrics_sitenote_category":0,"footnotes":""},"coauthors":[528,562],"class_list":["post-9571","page","type-page","status-publish","hentry"],"_links":{"self":[{"href":"https:\/\/lagh-univ.dz\/fr\/wp-json\/wp\/v2\/pages\/9571","targetHints":{"allow":["GET"]}}],"collection":[{"href":"https:\/\/lagh-univ.dz\/fr\/wp-json\/wp\/v2\/pages"}],"about":[{"href":"https:\/\/lagh-univ.dz\/fr\/wp-json\/wp\/v2\/types\/page"}],"author":[{"embeddable":true,"href":"https:\/\/lagh-univ.dz\/fr\/wp-json\/wp\/v2\/users\/10"}],"replies":[{"embeddable":true,"href":"https:\/\/lagh-univ.dz\/fr\/wp-json\/wp\/v2\/comments?post=9571"}],"version-history":[{"count":11,"href":"https:\/\/lagh-univ.dz\/fr\/wp-json\/wp\/v2\/pages\/9571\/revisions"}],"predecessor-version":[{"id":27841,"href":"https:\/\/lagh-univ.dz\/fr\/wp-json\/wp\/v2\/pages\/9571\/revisions\/27841"}],"up":[{"embeddable":true,"href":"https:\/\/lagh-univ.dz\/fr\/wp-json\/wp\/v2\/pages\/9567"}],"wp:attachment":[{"href":"https:\/\/lagh-univ.dz\/fr\/wp-json\/wp\/v2\/media?parent=9571"}],"wp:term":[{"taxonomy":"author","embeddable":true,"href":"https:\/\/lagh-univ.dz\/fr\/wp-json\/wp\/v2\/coauthors?post=9571"}],"curies":[{"name":"wp","href":"https:\/\/api.w.org\/{rel}","templated":true}]}}