{"id":9605,"date":"2018-07-23T18:52:06","date_gmt":"2018-07-23T18:52:06","guid":{"rendered":"https:\/\/lagh-univ.dz\/genie-civil-graduation-service-denseignement-et-evaluation-2\/"},"modified":"2019-02-20T21:33:06","modified_gmt":"2019-02-20T23:33:06","slug":"genie-civil-graduation-service-denseignement-et-evaluation-2","status":"publish","type":"page","link":"https:\/\/lagh-univ.dz\/fr\/faculte-de-genie-civil-et-architecture\/genie-civil-graduation-service-denseignement-et-evaluation-2\/","title":{"rendered":"G\u00e9nie Civil -Graduation-service d\u2019enseignement et \u00e9valuation"},"content":{"rendered":"<p dir=\"ltr\" style=\"text-align: center\"><strong><span style=\"font-size: 18pt;font-family: 'Book Antiqua', Palatino\">Service d\u2019enseignement et \u00e9valuation<\/span><\/strong><\/p>\n<p dir=\"ltr\">\n<p dir=\"ltr\" style=\"text-align: center\"><span style=\"font-size: 14pt;font-family: 'Book Antiqua', Palatino\"><strong>Chef du service :<\/strong> Ali BenDjedia<\/span><\/p>\n<p dir=\"ltr\"><img decoding=\"async\" class=\"size-full wp-image-13793 aligncenter\" src=\"https:\/\/lagh-univ.dz\/wp-content\/uploads\/2019\/02\/4.png\" alt=\"\" width=\"109\" height=\"134\" \/><\/p>\n<p dir=\"ltr\" style=\"text-align: center\"><span style=\"font-size: 14pt;font-family: 'Book Antiqua', Palatino\"><strong>E-mail:<\/strong> alipro03@gmail.com<\/span><\/p>\n<p dir=\"ltr\" style=\"text-align: center\"><span style=\"font-size: 14pt;font-family: 'Book Antiqua', Palatino\"><strong>T\u00e9l\u00e9phone: 0663063308<\/strong><\/span><\/p>\n<p dir=\"ltr\"><span style=\"font-size: 14pt;font-family: 'Book Antiqua', Palatino\"><strong>Fonctions du service\u00a0:<\/strong><\/span><\/p>\n<p dir=\"ltr\"><span style=\"font-size: 14pt;font-family: 'Book Antiqua', Palatino\">\u2022 Suivi des cours et des programmes p\u00e9dagogiques .<\/span><\/p>\n<p dir=\"ltr\"><span style=\"font-size: 14pt;font-family: 'Book Antiqua', Palatino\">\u2022 Archivage des le\u00e7ons, conf\u00e9rences et travaux dirig\u00e9s sous forme \u00e9lectronique et papier (en particulier qui sont approuv\u00e9s par les comit\u00e9s scientifiques de la facult\u00e9 et publi\u00e9s apr\u00e8s l&rsquo;approbation du comit\u00e9\u00a0 scientifique de la facult\u00e9\u00a0.<\/span><\/p>\n<p dir=\"ltr\"><span style=\"font-size: 14pt;font-family: 'Book Antiqua', Palatino\">\u2022 Suivi de l\u2019occupation des salles et des amphis\u00a0.<\/span><\/p>\n<p dir=\"ltr\"><span style=\"font-size: 14pt;font-family: 'Book Antiqua', Palatino\">\u2022 La mise en place d\u2019un calendrier des examens et l\u2019assurance du bon d\u00e9roulement des examens\u00a0<\/span><\/p>\n<p dir=\"ltr\"><span style=\"font-size: 14pt;font-family: 'Book Antiqua', Palatino\">\u2022 Collecte, traitement , et diffusion d\u2019information p\u00e9dagogique\u00a0;<\/span><\/p>\n<p dir=\"ltr\"><span style=\"font-size: 14pt;font-family: 'Book Antiqua', Palatino\">\u2022 Suivi du travail des \u00e9quipes de formation\u00a0;<\/span><\/p>\n<p dir=\"ltr\"><span style=\"font-size: 14pt;font-family: 'Book Antiqua', Palatino\">\u2022 Archive des sujets\u00a0 d\u2019examen et des corrig\u00e9s types en formats \u00e9lectronique et papier.<\/span><strong><br \/>\n<\/strong><\/p>\n<p>&nbsp;<\/p>\n","protected":false},"excerpt":{"rendered":"<p>Service d\u2019enseignement et \u00e9valuation Chef du service : Ali BenDjedia E-mail: alipro03@gmail.com T\u00e9l\u00e9phone: 0663063308 Fonctions du service\u00a0: \u2022 Suivi des cours et des programmes p\u00e9dagogiques . \u2022 Archivage des le\u00e7ons, conf\u00e9rences et travaux dirig\u00e9s sous forme \u00e9lectronique et papier (en particulier qui sont approuv\u00e9s par les comit\u00e9s scientifiques de la facult\u00e9 et publi\u00e9s apr\u00e8s l&rsquo;approbation [&hellip;]<\/p>\n","protected":false},"author":18,"featured_media":0,"parent":6792,"menu_order":0,"comment_status":"closed","ping_status":"closed","template":"elementor_header_footer","meta":{"_exactmetrics_skip_tracking":false,"_exactmetrics_sitenote_active":false,"_exactmetrics_sitenote_note":"","_exactmetrics_sitenote_category":0,"footnotes":""},"coauthors":[527],"class_list":["post-9605","page","type-page","status-publish","hentry"],"_links":{"self":[{"href":"https:\/\/lagh-univ.dz\/fr\/wp-json\/wp\/v2\/pages\/9605","targetHints":{"allow":["GET"]}}],"collection":[{"href":"https:\/\/lagh-univ.dz\/fr\/wp-json\/wp\/v2\/pages"}],"about":[{"href":"https:\/\/lagh-univ.dz\/fr\/wp-json\/wp\/v2\/types\/page"}],"author":[{"embeddable":true,"href":"https:\/\/lagh-univ.dz\/fr\/wp-json\/wp\/v2\/users\/18"}],"replies":[{"embeddable":true,"href":"https:\/\/lagh-univ.dz\/fr\/wp-json\/wp\/v2\/comments?post=9605"}],"version-history":[{"count":3,"href":"https:\/\/lagh-univ.dz\/fr\/wp-json\/wp\/v2\/pages\/9605\/revisions"}],"predecessor-version":[{"id":13799,"href":"https:\/\/lagh-univ.dz\/fr\/wp-json\/wp\/v2\/pages\/9605\/revisions\/13799"}],"up":[{"embeddable":true,"href":"https:\/\/lagh-univ.dz\/fr\/wp-json\/wp\/v2\/pages\/6792"}],"wp:attachment":[{"href":"https:\/\/lagh-univ.dz\/fr\/wp-json\/wp\/v2\/media?parent=9605"}],"wp:term":[{"taxonomy":"author","embeddable":true,"href":"https:\/\/lagh-univ.dz\/fr\/wp-json\/wp\/v2\/coauthors?post=9605"}],"curies":[{"name":"wp","href":"https:\/\/api.w.org\/{rel}","templated":true}]}}