{"id":9609,"date":"2018-07-23T18:52:47","date_gmt":"2018-07-23T18:52:47","guid":{"rendered":"https:\/\/lagh-univ.dz\/genie-civil-post-graduation-mot-de-vice-doyen\/"},"modified":"2022-12-19T18:27:40","modified_gmt":"2022-12-19T17:27:40","slug":"genie-civil-post-graduation-mot-de-vice-doyen","status":"publish","type":"page","link":"https:\/\/lagh-univ.dz\/fr\/faculte-de-genie-civil-et-architecture\/genie-civil-post-graduation-mot-de-vice-doyen\/","title":{"rendered":"G\u00e9nie Civil &#8211; post Graduation-mot de vice doyen"},"content":{"rendered":"<p dir=\"ltr\" style=\"text-align: center\"><span style=\"font-size: 14pt;font-family: 'Book Antiqua', Palatino;color: #ff0000\"><strong>Vice Doyen charg\u00e9 de la post-graduation, de recherche scientifique et des relations ext\u00e9rieurs <\/strong><\/span><\/p>\n<p dir=\"ltr\" style=\"text-align: center\"><span style=\"font-size: 14pt;font-family: 'Book Antiqua', Palatino;color: #000000\">\u00a0Pr : Sofrani Khelifa<\/span><\/p>\n<p style=\"text-align: center\"><span style=\"font-family: 'Book Antiqua', Palatino\">E-mail :k.sofrani@lagh-univ.dz\u00a0<\/span><\/p>\n<p>&nbsp;<\/p>\n<table style=\"height: 77px\">\n<tbody>\n<tr style=\"height: 77px\">\n<td style=\"height: 77px;width: 976.8px\">\n<p style=\"text-align: left\"><span style=\"font-size: 12pt;font-family: 'Book Antiqua', Palatino;color: #000000\">La recherche scientifique est un outil vital du d\u00e9veloppement socio-\u00e9conomique et culturel des nations et des peuples. Elle constitue une part importante des fonctions de l&rsquo;universit\u00e9 et des t\u00e2ches de ses enseignants. La recherche scientifique cibl\u00e9e et ambitieuse fait que l&rsquo;universit\u00e9 soit innovante et visible au niveau national et international.<\/span><\/p>\n<\/td>\n<\/tr>\n<\/tbody>\n<\/table>\n<p style=\"text-align: left\"><span style=\"font-size: 14pt;font-family: 'Book Antiqua', Palatino;color: #000000\">L<span style=\"font-size: 12pt\">e Vice D\u00e9canat\u00a0 charg\u00e9 de post-graduation, de la recherche scientifique et des relations ext\u00e9rieures joue un r\u00f4le<\/span><\/span><\/p>\n<p style=\"text-align: left\"><span style=\"font-size: 12pt;font-family: 'Book Antiqua', Palatino;color: #000000\">cl\u00e9\u00a0 dans la politique de d\u00e9veloppement de l&rsquo;Universit\u00e9. Une politique qui compte parmi ses objectifs l\u2019offre d\u2019une formation post-gradu\u00e9e d\u2019excellence et la production des recherches \u00a0cr\u00e9atives et innovantes, afin de r\u00e9pondre aux besoins et aux pr\u00e9occupations du secteur socio-\u00e9conomique.<\/span><\/p>\n<p style=\"text-align: left\"><span style=\"color: #000000;font-size: 14pt;font-family: 'Book Antiqua', Palatino\"><span style=\"font-size: 12pt\">En post-graduation, le Vice D\u00e9canat\u00a0 veille \u00e0 acqu\u00e9rir et \u00e0 diffuser de nouvelles connaissances dans le but d&rsquo;assurer\u00a0 une formation qui r\u00e9pond aux crit\u00e8res d\u2019excellente pour les \u00e9tudiants doctorants.\u00a0 Il travaille \u00e9galement pour stimuler la recherche par le suivi des activit\u00e9s de laboratoires de recherche et des unit\u00e9s de recherche, ainsi que par la r\u00e9alisation de toute activit\u00e9 qui valoriserait les r\u00e9sultats de la recherche, et par la collecte et la diffusion d&rsquo;informations sur les activit\u00e9s de recherche r\u00e9alis\u00e9es au sein de la facult\u00e9. De plus, le service des relations ext\u00e9rieures\u00a0 fait que le Vice D\u00e9canat\u00a0 soit une fen\u00eatre vers l&rsquo;ext\u00e9rieur\u00a0 \u00e0 travers le\u00a0 suivi et l\u2019 organisation de diff\u00e9rentes\u00a0 manifestations scientifiques telle que les\u00a0 conf\u00e9rences nationales et internationales\u00a0 de haut niveau et\u00a0 des journ\u00e9es d\u2019\u00e9tudes\u00a0 qui contribuent \u00e0 relever le d\u00e9fi\u00a0 scientifique qui se pose autant \u00e0 la facult\u00e9 qu\u2019\u00e0 \u00a0l\u2019universit\u00e9<\/span> <span style=\"font-size: 12pt\">enti\u00e8re<\/span>.<\/span><\/p>\n<table style=\"width: 5px;height: 5px\">\n<tbody>\n<tr style=\"height: 10px\">\n<td style=\"width: 5.6px;height: 10px\"><\/td>\n<\/tr>\n<\/tbody>\n<\/table>\n<p>&nbsp;<\/p>\n","protected":false},"excerpt":{"rendered":"<p>Vice Doyen charg\u00e9 de la post-graduation, de recherche scientifique et des relations ext\u00e9rieurs \u00a0Pr : Sofrani Khelifa E-mail :k.sofrani@lagh-univ.dz\u00a0 &nbsp; La recherche scientifique est un outil vital du d\u00e9veloppement socio-\u00e9conomique et culturel des nations et des peuples. Elle constitue une part importante des fonctions de l&rsquo;universit\u00e9 et des t\u00e2ches de ses enseignants. La recherche scientifique [&hellip;]<\/p>\n","protected":false},"author":18,"featured_media":0,"parent":6792,"menu_order":0,"comment_status":"closed","ping_status":"closed","template":"elementor_header_footer","meta":{"_exactmetrics_skip_tracking":false,"_exactmetrics_sitenote_active":false,"_exactmetrics_sitenote_note":"","_exactmetrics_sitenote_category":0,"footnotes":""},"coauthors":[527],"class_list":["post-9609","page","type-page","status-publish","hentry"],"_links":{"self":[{"href":"https:\/\/lagh-univ.dz\/fr\/wp-json\/wp\/v2\/pages\/9609","targetHints":{"allow":["GET"]}}],"collection":[{"href":"https:\/\/lagh-univ.dz\/fr\/wp-json\/wp\/v2\/pages"}],"about":[{"href":"https:\/\/lagh-univ.dz\/fr\/wp-json\/wp\/v2\/types\/page"}],"author":[{"embeddable":true,"href":"https:\/\/lagh-univ.dz\/fr\/wp-json\/wp\/v2\/users\/18"}],"replies":[{"embeddable":true,"href":"https:\/\/lagh-univ.dz\/fr\/wp-json\/wp\/v2\/comments?post=9609"}],"version-history":[{"count":5,"href":"https:\/\/lagh-univ.dz\/fr\/wp-json\/wp\/v2\/pages\/9609\/revisions"}],"predecessor-version":[{"id":48549,"href":"https:\/\/lagh-univ.dz\/fr\/wp-json\/wp\/v2\/pages\/9609\/revisions\/48549"}],"up":[{"embeddable":true,"href":"https:\/\/lagh-univ.dz\/fr\/wp-json\/wp\/v2\/pages\/6792"}],"wp:attachment":[{"href":"https:\/\/lagh-univ.dz\/fr\/wp-json\/wp\/v2\/media?parent=9609"}],"wp:term":[{"taxonomy":"author","embeddable":true,"href":"https:\/\/lagh-univ.dz\/fr\/wp-json\/wp\/v2\/coauthors?post=9609"}],"curies":[{"name":"wp","href":"https:\/\/api.w.org\/{rel}","templated":true}]}}