{"id":9619,"date":"2018-07-23T18:56:12","date_gmt":"2018-07-23T18:56:12","guid":{"rendered":"https:\/\/lagh-univ.dz\/genie-civil-recherche-laboratoires-des-recherches-2\/"},"modified":"2020-02-06T10:10:52","modified_gmt":"2020-02-06T12:10:52","slug":"genie-civil-recherche-laboratoires-des-recherches-2","status":"publish","type":"page","link":"https:\/\/lagh-univ.dz\/fr\/faculte-de-genie-civil-et-architecture\/genie-civil-recherche-laboratoires-des-recherches-2\/","title":{"rendered":"G\u00e9nie Civil &#8211; recherche-laboratoires des recherches"},"content":{"rendered":"<p style=\"text-align: center\"><span style=\"font-size: 14pt;font-family: 'Book Antiqua', Palatino\"><strong><span style=\"color: #000000\">Laboratoire de recherche de G\u00e9nie Civil \u00ab LRGC \u00bb<\/span><\/strong><\/span><\/p>\n<p style=\"text-align: left\"><strong><span style=\"color: #000000;font-family: 'Arial Black', 'Avant Garde'\">\u00a0<\/span><\/strong><\/p>\n<p style=\"text-align: left\"><span style=\"font-family: 'Book Antiqua', Palatino\"><strong><span style=\"color: #000000\">CREATION ET FONCTIONNEMENT DU LABORATOIRE<\/span><\/strong><\/span><\/p>\n<p style=\"text-align: left\"><strong><span style=\"color: #000000;font-family: 'Arial Black', 'Avant Garde'\">Les grands \u00e9quipements du LRGC peuvent \u00eatre mis, par convention ou contrat de recherche, \u00e0 la Le LRGC est<\/span><\/strong><span style=\"color: #000000;font-family: 'Arial Black', 'Avant Garde'\"><span style=\"font-family: 'Book Antiqua', Palatino\"> une unit\u00e9 mixte de recherche de l\u2019universit\u00e9 Amar T\u00e9lidji de Laghouat agr\u00e9e par arr\u00eat\u00e9 N\u00b0 88 du 25 juillet 2000, a pour objectifs :<\/span><\/span><\/p>\n<ul style=\"text-align: left\">\n<li><span style=\"font-family: 'Book Antiqua', Palatino\"><span style=\"color: #000000\">Initier et d\u00e9velopper des recherches dans les domaines de g\u00e9nie civil et sciences de l\u2019habitat ;<\/span><\/span><\/li>\n<li><span style=\"font-family: 'Book Antiqua', Palatino\"><span style=\"color: #000000\">Former des \u00e9tudiants par et pour la recherche.<\/span><\/span><\/li>\n<\/ul>\n<p style=\"text-align: left\"><span style=\"font-family: 'Book Antiqua', Palatino\"><span style=\"color: #000000\">Le LRGC a, de ce fait, une vocation pluridisciplinaire et peut donc \u00eatre associer \u00e0 d\u2019autres laboratoires ou entit\u00e9s de recherches nationales ou internationales.<\/span><\/span><\/p>\n<p style=\"text-align: left\"><span style=\"font-family: 'Book Antiqua', Palatino\"><span style=\"color: #000000\">Ces comp\u00e9tences techniques et disposition de la communaut\u00e9 scientifique universitaire ainsi qu\u2019\u00e0 celle des secteurs \u00e9conomiques et publics.<\/span><\/span><\/p>\n<p style=\"text-align: left\"><span style=\"font-family: 'Book Antiqua', Palatino\"><span style=\"color: #000000\">La mission de formation du LRGC s\u2019exerce principalement dans le cadre de l\u2019enseignement universitaire d\u00e9livr\u00e9 par les enseignants chercheurs dans le cycle de post graduation et dans l\u2019encadrement des masters.<\/span><\/span><\/p>\n<p style=\"text-align: left\"><span style=\"font-family: 'Book Antiqua', Palatino\"><span style=\"color: #000000\">Les actions de formation, dites \u00e0 la carte, sont destin\u00e9es aux autres secteurs que l\u2019enseignement sup\u00e9rieur, \u00e9largissant le champ d\u2019intervention du LRGC dans les domaines de la recherche et de la formation.<\/span><\/span><\/p>\n<p style=\"text-align: left\"><strong><span style=\"font-family: 'Book Antiqua', Palatino\"><span style=\"color: #000000\">STRUCTURATION DU LABORATOIRE<\/span><\/span><\/strong><\/p>\n<p style=\"text-align: left\"><span style=\"font-family: 'Book Antiqua', Palatino\"><span style=\"color: #000000\">Le laboratoire, dot\u00e9 d\u2019un conseil de laboratoire et compos\u00e9 de chefs d\u2019\u00e9quipes, est structur\u00e9 en cinq \u00e9quipes de recherche reconnues par le conseil scientifique de l\u2019\u00e9tablissement apr\u00e8s avis du comit\u00e9 sectoriel permanent.<\/span><\/span><\/p>\n<p style=\"text-align: left\"><span style=\"font-family: 'Book Antiqua', Palatino\"><span style=\"color: #000000\">Chaque \u00e9quipe de recherche, dirig\u00e9e par un chercheur qualifi\u00e9, a pour mission principale l\u2019ex\u00e9cution d\u2019un ou plusieurs projets de recherche entrant dans le programme du laboratoire.<\/span><\/span><\/p>\n<p style=\"text-align: left\"><strong><span style=\"font-family: 'Book Antiqua', Palatino\"><span style=\"color: #000000\">Le laboratoire et dot\u00e9 de 41 chercheurs class\u00e9s comme suite :<\/span><\/span><\/strong><\/p>\n<table class=\" alignleft\">\n<tbody>\n<tr>\n<td width=\"196\"><\/td>\n<td width=\"38\"><span style=\"font-family: 'Book Antiqua', Palatino\"><span style=\"color: #000000\">Pr.<\/span><\/span><\/td>\n<td width=\"44\"><span style=\"font-family: 'Book Antiqua', Palatino\"><span style=\"color: #000000\">MCA<\/span><\/span><\/td>\n<td width=\"41\"><span style=\"font-family: 'Book Antiqua', Palatino\"><span style=\"color: #000000\">MCB<\/span><\/span><\/td>\n<td width=\"47\"><span style=\"font-family: 'Book Antiqua', Palatino\"><span style=\"color: #000000\">MAA<\/span><\/span><\/td>\n<td width=\"42\"><span style=\"font-family: 'Book Antiqua', Palatino\"><span style=\"color: #000000\">MAB<\/span><\/span><\/td>\n<td width=\"70\"><span style=\"font-family: 'Book Antiqua', Palatino\"><span style=\"color: #000000\">Doctorant<\/span><\/span><\/td>\n<\/tr>\n<tr>\n<td width=\"196\"><span style=\"font-family: 'Book Antiqua', Palatino\"><span style=\"color: #000000\">Nombre de chercheurs de l&rsquo;\u00e9tablissement<\/span><\/span><\/td>\n<td width=\"38\"><span style=\"font-family: 'Book Antiqua', Palatino\"><span style=\"color: #000000\">06<\/span><\/span><\/td>\n<td width=\"44\"><span style=\"font-family: 'Book Antiqua', Palatino\"><span style=\"color: #000000\">03<\/span><\/span><\/td>\n<td width=\"41\"><span style=\"font-family: 'Book Antiqua', Palatino\"><span style=\"color: #000000\">04<\/span><\/span><\/td>\n<td width=\"47\"><span style=\"font-family: 'Book Antiqua', Palatino\"><span style=\"color: #000000\">07<\/span><\/span><\/td>\n<td width=\"42\"><\/td>\n<td width=\"70\"><span style=\"font-family: 'Book Antiqua', Palatino\"><span style=\"color: #000000\">20<\/span><\/span><\/td>\n<\/tr>\n<tr>\n<td width=\"196\"><span style=\"font-family: 'Book Antiqua', Palatino\"><span style=\"color: #000000\">Nombre de chercheurs hors \u00e9tablissement<\/span><\/span><\/td>\n<td width=\"38\"><\/td>\n<td width=\"44\"><\/td>\n<td width=\"41\"><\/td>\n<td width=\"47\"><span style=\"font-family: 'Book Antiqua', Palatino\"><span style=\"color: #000000\">01<\/span><\/span><\/td>\n<td width=\"42\"><\/td>\n<td width=\"70\"><\/td>\n<\/tr>\n<\/tbody>\n<\/table>\n<p style=\"text-align: left\"><span style=\"font-family: 'Book Antiqua', Palatino\"><span style=\"color: #000000\">\u00a0<\/span><\/span><\/p>\n<table class=\" alignleft\">\n<tbody>\n<tr>\n<td width=\"75\"><span style=\"font-family: 'Book Antiqua', Palatino\"><span style=\"color: #000000\">Equipes<\/span><\/span><\/td>\n<td width=\"189\"><span style=\"font-family: 'Book Antiqua', Palatino\"><span style=\"color: #000000\">Intitul\u00e9 de l&rsquo;\u00e9quipe<\/span><\/span><\/td>\n<td width=\"85\"><span style=\"font-family: 'Book Antiqua', Palatino\"><span style=\"color: #000000\">Acronyme de l&rsquo;\u00e9quipe<\/span><\/span><\/td>\n<td width=\"131\"><span style=\"font-family: 'Book Antiqua', Palatino\"><span style=\"color: #000000\">Chef d\u2019\u00e9quipe<\/span><\/span><\/td>\n<\/tr>\n<tr>\n<td width=\"75\"><span style=\"font-family: 'Book Antiqua', Palatino\"><span style=\"color: #000000\">Equipe 01<\/span><\/span><\/td>\n<td width=\"189\"><span style=\"font-family: 'Book Antiqua', Palatino\"><span style=\"color: #000000\">G\u00e9omat\u00e9riaux<\/span><\/span><\/td>\n<td width=\"85\"><span style=\"font-family: 'Book Antiqua', Palatino\"><span style=\"color: #000000\">GEOMAT<\/span><\/span><\/td>\n<td width=\"131\"><span style=\"font-family: 'Book Antiqua', Palatino\"><span style=\"color: #000000\">Dr. BENCHAA Benabed<\/span><\/span><\/td>\n<\/tr>\n<tr>\n<td width=\"75\"><span style=\"font-family: 'Book Antiqua', Palatino\"><span style=\"color: #000000\">Equipe 02<\/span><\/span><\/td>\n<td width=\"189\"><span style=\"font-family: 'Book Antiqua', Palatino\"><span style=\"color: #000000\">D\u00e9veloppement des Mat\u00e9riaux Composites locaux<\/span><\/span><\/td>\n<td width=\"85\"><span style=\"font-family: 'Book Antiqua', Palatino\"><span style=\"color: #000000\">DMCL<\/span><\/span><\/td>\n<td width=\"131\"><span style=\"font-family: 'Book Antiqua', Palatino\"><span style=\"color: #000000\">Pr. KHENFER Mohammed Mouldi<\/span><\/span><\/td>\n<\/tr>\n<tr>\n<td width=\"75\"><span style=\"font-family: 'Book Antiqua', Palatino\"><span style=\"color: #000000\">Equipe 03<\/span><\/span><\/td>\n<td width=\"189\"><span style=\"font-family: 'Book Antiqua', Palatino\"><span style=\"color: #000000\">Bioclimatique et ph\u00e9nom\u00e8ne de transfert<\/span><\/span><\/td>\n<td width=\"85\"><span style=\"font-family: 'Book Antiqua', Palatino\"><span style=\"color: #000000\">BIOCLI<\/span><\/span><\/td>\n<td width=\"131\"><span style=\"font-family: 'Book Antiqua', Palatino\"><span style=\"color: #000000\">Pr. BENCHEIKH Hmida<\/span><\/span><\/td>\n<\/tr>\n<tr>\n<td width=\"75\"><span style=\"font-family: 'Book Antiqua', Palatino\"><span style=\"color: #000000\">Equipe 04<\/span><\/span><\/td>\n<td width=\"189\"><span style=\"font-family: 'Book Antiqua', Palatino\"><span style=\"color: #000000\">Valorisation et d\u00e9veloppement des mat\u00e9riaux locaux<\/span><\/span><\/td>\n<td width=\"85\"><span style=\"font-family: 'Book Antiqua', Palatino\"><span style=\"color: #000000\">VDML<\/span><\/span><\/td>\n<td width=\"131\"><span style=\"font-family: 'Book Antiqua', Palatino\"><span style=\"color: #000000\">Pr. GOUAL Idriss<\/span><\/span><\/td>\n<\/tr>\n<tr>\n<td width=\"75\"><span style=\"font-family: 'Book Antiqua', Palatino\"><span style=\"color: #000000\">Equipe 05<\/span><\/span><\/td>\n<td width=\"189\"><span style=\"font-family: 'Book Antiqua', Palatino\"><span style=\"color: #000000\">G\u00e9otechnique et Environnement<\/span><\/span><\/td>\n<td width=\"85\"><span style=\"font-family: 'Book Antiqua', Palatino\"><span style=\"color: #000000\">GEOTEN<\/span><\/span><\/td>\n<td width=\"131\"><span style=\"font-family: 'Book Antiqua', Palatino\"><span style=\"color: #000000\">Pr. GUEDDOUDA Mohamed Kamal<\/span><\/span><\/td>\n<\/tr>\n<\/tbody>\n<\/table>\n","protected":false},"excerpt":{"rendered":"<p>Laboratoire de recherche de G\u00e9nie Civil \u00ab LRGC \u00bb \u00a0 CREATION ET FONCTIONNEMENT DU LABORATOIRE Les grands \u00e9quipements du LRGC peuvent \u00eatre mis, par convention ou contrat de recherche, \u00e0 la Le LRGC est une unit\u00e9 mixte de recherche de l\u2019universit\u00e9 Amar T\u00e9lidji de Laghouat agr\u00e9e par arr\u00eat\u00e9 N\u00b0 88 du 25 juillet 2000, a [&hellip;]<\/p>\n","protected":false},"author":18,"featured_media":0,"parent":6792,"menu_order":0,"comment_status":"closed","ping_status":"closed","template":"elementor_header_footer","meta":{"_exactmetrics_skip_tracking":false,"_exactmetrics_sitenote_active":false,"_exactmetrics_sitenote_note":"","_exactmetrics_sitenote_category":0,"footnotes":""},"coauthors":[527],"class_list":["post-9619","page","type-page","status-publish","hentry"],"_links":{"self":[{"href":"https:\/\/lagh-univ.dz\/fr\/wp-json\/wp\/v2\/pages\/9619","targetHints":{"allow":["GET"]}}],"collection":[{"href":"https:\/\/lagh-univ.dz\/fr\/wp-json\/wp\/v2\/pages"}],"about":[{"href":"https:\/\/lagh-univ.dz\/fr\/wp-json\/wp\/v2\/types\/page"}],"author":[{"embeddable":true,"href":"https:\/\/lagh-univ.dz\/fr\/wp-json\/wp\/v2\/users\/18"}],"replies":[{"embeddable":true,"href":"https:\/\/lagh-univ.dz\/fr\/wp-json\/wp\/v2\/comments?post=9619"}],"version-history":[{"count":9,"href":"https:\/\/lagh-univ.dz\/fr\/wp-json\/wp\/v2\/pages\/9619\/revisions"}],"predecessor-version":[{"id":22400,"href":"https:\/\/lagh-univ.dz\/fr\/wp-json\/wp\/v2\/pages\/9619\/revisions\/22400"}],"up":[{"embeddable":true,"href":"https:\/\/lagh-univ.dz\/fr\/wp-json\/wp\/v2\/pages\/6792"}],"wp:attachment":[{"href":"https:\/\/lagh-univ.dz\/fr\/wp-json\/wp\/v2\/media?parent=9619"}],"wp:term":[{"taxonomy":"author","embeddable":true,"href":"https:\/\/lagh-univ.dz\/fr\/wp-json\/wp\/v2\/coauthors?post=9619"}],"curies":[{"name":"wp","href":"https:\/\/api.w.org\/{rel}","templated":true}]}}