{"id":9697,"date":"2019-01-20T07:47:44","date_gmt":"2019-01-20T09:47:44","guid":{"rendered":"https:\/\/lagh-univ.dz\/sociale-graduation-responsable-pedagogique\/"},"modified":"2020-02-15T08:06:04","modified_gmt":"2020-02-15T10:06:04","slug":"sociale-graduation-responsable-pedagogique","status":"publish","type":"page","link":"https:\/\/lagh-univ.dz\/fr\/sociale-formation\/sociale-graduation-responsable-pedagogique\/","title":{"rendered":"sociale- Graduation-responsable pedagogique"},"content":{"rendered":"<table class=\" aligncenter\" dir=\"ltr\" style=\"height: 2052px\" width=\"821\">\n<tbody>\n<tr style=\"height: 27px\">\n<td style=\"width: 486px;height: 27px\" colspan=\"2\"><strong><span style=\"font-size: 14pt;color: #0000ff;font-family: 'Book Antiqua', Palatino\">Coordon\u00e9es des responsables des facult\u00e9s<\/span><\/strong><\/td>\n<td style=\"width: 303px;height: 27px\"><\/td>\n<td style=\"width: 10px;height: 27px\"><\/td>\n<\/tr>\n<tr style=\"height: 27px\">\n<td style=\"width: 174px;height: 27px\"><strong><span style=\"font-size: 14pt;color: #0000ff;font-family: 'Book Antiqua', Palatino\">Facult\u00e9\/Institut :<\/span><\/strong><\/td>\n<td style=\"width: 306px;height: 27px\"><strong><span style=\"font-size: 14pt;color: #0000ff;font-family: 'Book Antiqua', Palatino\">Sciences Sociales\u00a0<\/span><\/strong><\/td>\n<td style=\"width: 303px;height: 27px\"><\/td>\n<td style=\"width: 10px;height: 27px\"><\/td>\n<\/tr>\n<tr style=\"height: 27px\">\n<td style=\"width: 174px;height: 27px\"><strong><span style=\"font-size: 14pt;color: #008000;font-family: 'Book Antiqua', Palatino\">Nom et pr\u00e9nom<\/span><\/strong><\/td>\n<td style=\"width: 306px;height: 27px\"><strong><span style=\"font-size: 14pt;color: #008000;font-family: 'Book Antiqua', Palatino\">Fonction<\/span><\/strong><\/td>\n<td style=\"width: 303px;height: 27px\"><strong><span style=\"font-size: 14pt;color: #008000;font-family: 'Book Antiqua', Palatino\">e-mail institutionnel<\/span><\/strong><\/td>\n<td style=\"width: 10px;height: 27px\"><\/td>\n<\/tr>\n<tr style=\"height: 27px\">\n<td style=\"width: 174px;height: 27px\"><span style=\"font-size: 14pt;color: #000000;font-family: 'Book Antiqua', Palatino\">Bentahar Tidjani\u00a0<\/span><\/td>\n<td style=\"width: 306px;height: 27px\"><span style=\"font-size: 14pt;color: #000000;font-family: 'Book Antiqua', Palatino\">\u00a0Doyen\u00a0 de facult\u00e9\u00a0<\/span><\/td>\n<td style=\"width: 303px;height: 27px\"><span style=\"font-size: 14pt;color: #000000;font-family: 'Book Antiqua', Palatino\"><a style=\"color: #000000\" href=\"mailto:t.bentahar@lagh-univ.dz\">t.bentahar@lagh-univ.dz<\/a><\/span><\/td>\n<td style=\"width: 10px;height: 27px\"><\/td>\n<\/tr>\n<tr style=\"height: 108px\">\n<td style=\"width: 174px;height: 108px\"><span style=\"font-size: 14pt;color: #000000;font-family: 'Book Antiqua', Palatino\">Hamidat Miloud<\/span><\/td>\n<td style=\"width: 306px;height: 108px\"><span style=\"font-size: 14pt;color: #000000;font-family: 'Book Antiqua', Palatino\">Vice doyen charg\u00e9 de Post-graduation, de la recherche scientifique et et Relations Ext\u00e9rieures\u00a0<\/span><\/td>\n<td style=\"width: 303px;height: 108px\"><span style=\"font-size: 14pt;color: #000000;font-family: 'Book Antiqua', Palatino\"><a style=\"color: #000000\" href=\"mailto:m.hamidat@mail.lagh-univ.dz\">m.hamidat@mail.lagh-univ.dz<\/a><\/span><\/td>\n<td style=\"width: 10px;height: 108px\"><\/td>\n<\/tr>\n<tr style=\"height: 54px\">\n<td style=\"width: 174px;height: 54px\"><span style=\"font-size: 14pt;color: #000000;font-family: 'Book Antiqua', Palatino\">Benaitia Atia<\/span><\/td>\n<td style=\"width: 306px;height: 54px\"><span style=\"font-size: 14pt;color: #000000;font-family: 'Book Antiqua', Palatino\">\u00a0Vice Doyen des Etudes et des Questions li\u00e9es aux Etudiants<\/span><\/td>\n<td style=\"width: 303px;height: 54px\"><span style=\"font-size: 14pt;color: #000000;font-family: 'Book Antiqua', Palatino\"><a style=\"color: #000000\" href=\"mailto:a.benatia@lagh-univ.dz\">a.benatia@lagh-univ.dz<\/a><\/span><\/td>\n<td style=\"width: 10px;height: 54px\"><\/td>\n<\/tr>\n<tr style=\"height: 54px\">\n<td style=\"width: 174px;height: 54px\"><span style=\"font-size: 14pt;color: #000000;font-family: 'Book Antiqua', Palatino\">Bahi\u00a0 Selami\u00a0<\/span><\/td>\n<td style=\"width: 306px;height: 54px\"><span style=\"font-size: 14pt;color: #000000;font-family: 'Book Antiqua', Palatino\">Pr\u00e9sidant du conseil scientifique de la facult\u00e9<\/span><\/td>\n<td style=\"width: 303px;height: 54px\"><span style=\"font-size: 14pt;color: #000000;font-family: 'Book Antiqua', Palatino\"><a style=\"color: #000000\" href=\"mailto:s.bahi@lagh-univ.dz\">s.bahi@lagh-univ.dz<\/a><\/span><\/td>\n<td style=\"width: 10px;height: 54px\"><\/td>\n<\/tr>\n<tr style=\"height: 27px\">\n<td style=\"width: 174px;height: 27px\"><span style=\"font-size: 14pt;color: #000000;font-family: 'Book Antiqua', Palatino\">Miloudi Belkacem<\/span><\/td>\n<td style=\"width: 306px;height: 27px\"><span style=\"font-size: 14pt;color: #000000;font-family: 'Book Antiqua', Palatino\">Secr\u00e9taire G\u00e9n\u00e9rale de la Facult\u00e9<\/span><\/td>\n<td style=\"width: 303px;height: 27px\"><span style=\"font-size: 14pt;color: #000000;font-family: 'Book Antiqua', Palatino\"><a style=\"color: #000000\" href=\"mailto:b.miloudi@lagh-univ.dz\">b.miloudi@lagh-univ.dz<\/a><\/span><\/td>\n<td style=\"width: 10px;height: 27px\"><\/td>\n<\/tr>\n<tr style=\"height: 81px\">\n<td style=\"width: 174px;height: 81px\"><span style=\"font-size: 14pt;color: #000000;font-family: 'Book Antiqua', Palatino\">Charef Saadia<\/span><\/td>\n<td style=\"width: 306px;height: 81px\"><span style=\"font-size: 14pt;color: #000000;font-family: 'Book Antiqua', Palatino\">Chef d\u00e9partement de Psychologie et Sciences de l\u2019Education et Orthophonie\u00a0<\/span><\/td>\n<td style=\"width: 303px;height: 81px\"><span style=\"font-size: 14pt;color: #000000;font-family: 'Book Antiqua', Palatino\"><a style=\"color: #000000\" href=\"mailto:s.charef@lagh-univ.dz\">s.charef@lagh-univ.dz<\/a><\/span><\/td>\n<td style=\"width: 10px;height: 81px\"><\/td>\n<\/tr>\n<tr style=\"height: 135px\">\n<td style=\"width: 174px;height: 135px\"><span style=\"font-size: 14pt;color: #000000;font-family: 'Book Antiqua', Palatino\">Fettam Djamel Eddine<\/span><\/td>\n<td style=\"width: 306px;height: 135px\"><span style=\"font-size: 14pt;color: #000000;font-family: 'Book Antiqua', Palatino\">Adjoint-Chef de Chef d\u00e9partement de Psychologie et Sciences de l\u2019Education et Orthophonie charg\u00e9 des Etudes et des Questions li\u00e9es aux Etudiants<\/span><\/td>\n<td style=\"width: 303px;height: 135px\"><span style=\"font-size: 14pt;color: #000000;font-family: 'Book Antiqua', Palatino\"><a style=\"color: #000000\" href=\"mailto:d.fattam@lagh-univ.dz\">d.fattam@lagh-univ.dz<\/a><\/span><\/td>\n<td style=\"width: 10px;height: 135px\"><\/td>\n<\/tr>\n<tr style=\"height: 162px\">\n<td style=\"width: 174px;height: 162px\"><span style=\"font-size: 14pt;color: #000000;font-family: 'Book Antiqua', Palatino\">\u00a0Sakhri Mohammed<\/span><\/td>\n<td style=\"width: 306px;height: 162px\"><span style=\"font-size: 14pt;color: #000000;font-family: 'Book Antiqua', Palatino\">Adjoint-Chef de Chef d\u00e9partement de Psychologie et Sciences de l\u2019Education et Orthophonie charg\u00e9 de Post-graduation, de la recherche scientifique et et Relations Ext\u00e9rieures<\/span><\/td>\n<td style=\"width: 303px;height: 162px\"><span style=\"font-size: 14pt;color: #000000;font-family: 'Book Antiqua', Palatino\"><a style=\"color: #000000\" href=\"mailto:m.sakhri@lagh-univ.dz\">m.sakhri@lagh-univ.dz<\/a><\/span><\/td>\n<td style=\"width: 10px;height: 162px\"><\/td>\n<\/tr>\n<tr style=\"height: 108px\">\n<td style=\"width: 174px;height: 108px\"><span style=\"font-size: 14pt;color: #000000;font-family: 'Book Antiqua', Palatino\">Amoumen Ramdan<\/span><\/td>\n<td style=\"width: 306px;height: 108px\"><span style=\"font-size: 14pt;color: #000000;font-family: 'Book Antiqua', Palatino\">Pr\u00e9sidant du Comit\u00e9 scientifique du d\u00e9partement de Psychologie et Sciences de l\u2019Education et Orthophonie<\/span><\/td>\n<td style=\"width: 303px;height: 108px\"><span style=\"font-size: 14pt;color: #000000;font-family: 'Book Antiqua', Palatino\"><a style=\"color: #000000\" href=\"mailto:r.amoumen@lagh-univ.dz\">r.amoumen@lagh-univ.dz<\/a><\/span><\/td>\n<td style=\"width: 10px;height: 108px\"><\/td>\n<\/tr>\n<tr style=\"height: 54px\">\n<td style=\"width: 174px;height: 54px\"><span style=\"font-size: 14pt;color: #000000;font-family: 'Book Antiqua', Palatino\">Benaissa Lezhari\u00a0<\/span><\/td>\n<td style=\"width: 306px;height: 54px\"><span style=\"font-size: 14pt;color: #000000;font-family: 'Book Antiqua', Palatino\">Chef d\u00e9partement de Sociologie et D\u00e9mographie\u00a0<\/span><\/td>\n<td style=\"width: 303px;height: 54px\"><span style=\"font-size: 14pt;color: #000000;font-family: 'Book Antiqua', Palatino\"><a style=\"color: #000000\" href=\"mailto:l.benaissa@lagh-univ.dz\">l.benaissa@lagh-univ.dz\u00a0<\/a><\/span><\/td>\n<td style=\"width: 10px;height: 54px\"><\/td>\n<\/tr>\n<tr style=\"height: 108px\">\n<td style=\"width: 174px;height: 108px\"><span style=\"font-size: 14pt;color: #000000;font-family: 'Book Antiqua', Palatino\">Boukhalkhal Ali\u00a0<\/span><\/td>\n<td style=\"width: 306px;height: 108px\"><span style=\"font-size: 14pt;color: #000000;font-family: 'Book Antiqua', Palatino\">Adjoint-Chef de Chef d\u00e9partement de Sociologie et D\u00e9mographie charg\u00e9 Charg\u00e9 charg\u00e9 des Etudes et des Questions li\u00e9es aux Etudiants<\/span><\/td>\n<td style=\"width: 303px;height: 108px\"><span style=\"font-size: 14pt;color: #000000;font-family: 'Book Antiqua', Palatino\"><a style=\"color: #000000\" href=\"mailto:a.boukhalkhal@lagh-univ.dz\">a.boukhalkhal@lagh-univ.dz<\/a><\/span><\/td>\n<td style=\"width: 10px;height: 108px\"><\/td>\n<\/tr>\n<tr style=\"height: 135px\">\n<td style=\"width: 174px;height: 135px\"><span style=\"font-size: 14pt;color: #000000;font-family: 'Book Antiqua', Palatino\">Naoui Attalah<\/span><\/td>\n<td style=\"width: 306px;height: 135px\"><span style=\"font-size: 14pt;color: #000000;font-family: 'Book Antiqua', Palatino\">Adjoint-Chef de Chef d\u00e9partement de Sociologie et D\u00e9mographie charg\u00e9 de Post-graduation, de la recherche scientifique et et Relations Ext\u00e9rieures<\/span><\/td>\n<td style=\"width: 303px;height: 135px\"><span style=\"font-size: 14pt;color: #000000;font-family: 'Book Antiqua', Palatino\"><a style=\"color: #000000\" href=\"mailto:a.naouai@lagh-univ.dz\">a.naouai@lagh-univ.dz<\/a><\/span><\/td>\n<td style=\"width: 10px;height: 135px\"><\/td>\n<\/tr>\n<tr style=\"height: 81px\">\n<td style=\"width: 174px;height: 81px\"><span style=\"font-size: 14pt;color: #000000;font-family: 'Book Antiqua', Palatino\">Harrane Larbi<\/span><\/td>\n<td style=\"width: 306px;height: 81px\"><span style=\"font-size: 14pt;color: #000000;font-family: 'Book Antiqua', Palatino\">\u00a0 Pr\u00e9sidant du Comit\u00e9 scientifique du d\u00e9partement de Sociologie et D\u00e9mographie<\/span><\/td>\n<td style=\"width: 303px;height: 81px\"><span style=\"font-size: 14pt;color: #000000;font-family: 'Book Antiqua', Palatino\"><a style=\"color: #000000\" href=\"mailto:l.harrane@lagh-univ.dz\">l.harrane@lagh-univ.dz<\/a><\/span><\/td>\n<td style=\"width: 10px;height: 81px\"><\/td>\n<\/tr>\n<tr style=\"height: 54px\">\n<td style=\"width: 174px;height: 54px\"><span style=\"font-size: 14pt;color: #000000;font-family: 'Book Antiqua', Palatino\">Karchi Abderrahman<\/span><\/td>\n<td style=\"width: 306px;height: 54px\"><span style=\"font-size: 14pt;color: #000000;font-family: 'Book Antiqua', Palatino\">Chef d\u00e9partement de Philosophie\u00a0<\/span><\/td>\n<td style=\"width: 303px;height: 54px\"><span style=\"font-size: 14pt;color: #000000;font-family: 'Book Antiqua', Palatino\"><a style=\"color: #000000\" href=\"mailto:a.kharchi@lagh-univ.dz\">a.kharchi@lagh-univ.dz<\/a><\/span><\/td>\n<td style=\"width: 10px;height: 54px\"><\/td>\n<\/tr>\n<tr style=\"height: 81px\">\n<td style=\"width: 174px;height: 81px\"><span style=\"font-size: 14pt;color: #000000;font-family: 'Book Antiqua', Palatino\">Nedjem Moulay\u00a0<\/span><\/td>\n<td style=\"width: 306px;height: 81px\"><span style=\"font-size: 14pt;color: #000000;font-family: 'Book Antiqua', Palatino\">Adjoint-Chef de Chef d\u00e9partement\u00a0 charg\u00e9 des Etudes et des Questions li\u00e9es aux Etudiants<\/span><\/td>\n<td style=\"width: 303px;height: 81px\"><span style=\"font-size: 14pt;color: #000000;font-family: 'Book Antiqua', Palatino\"><a style=\"color: #000000\" href=\"mailto:n.moulay@lagh-univ.dz\">n.moulay@lagh-univ.dz<\/a><\/span><\/td>\n<td style=\"width: 10px;height: 81px\"><\/td>\n<\/tr>\n<tr style=\"height: 135px\">\n<td style=\"width: 174px;height: 135px\"><span style=\"font-size: 14pt;color: #000000;font-family: 'Book Antiqua', Palatino\">Tounsi Mohamed<\/span><\/td>\n<td style=\"width: 306px;height: 135px\"><span style=\"font-size: 14pt;color: #000000;font-family: 'Book Antiqua', Palatino\">Adjoint-Chef de Chef d\u00e9partement Philosophie charg\u00e9 de Post-graduation, de la recherche scientifique et et Relations Ext\u00e9rieures<\/span><\/td>\n<td style=\"width: 303px;height: 135px\"><span style=\"font-size: 14pt;color: #000000;font-family: 'Book Antiqua', Palatino\"><a style=\"color: #000000\" href=\"mailto:m.tounsi@lagh-univ.dz\">m.tounsi@lagh-univ.dz<\/a><\/span><\/td>\n<td style=\"width: 10px;height: 135px\"><\/td>\n<\/tr>\n<tr style=\"height: 54px\">\n<td style=\"width: 174px;height: 54px\"><span style=\"font-size: 14pt;color: #000000;font-family: 'Book Antiqua', Palatino\">Kouidri Lakhdar\u00a0<\/span><\/td>\n<td style=\"width: 306px;height: 54px\"><span style=\"font-size: 14pt;color: #000000;font-family: 'Book Antiqua', Palatino\">Pr\u00e9sidant du Comit\u00e9 scientifique du d\u00e9partement de\u00a0 Philosophie\u00a0<\/span><\/td>\n<td style=\"width: 303px;height: 54px\"><span style=\"font-size: 14pt;color: #000000;font-family: 'Book Antiqua', Palatino\"><a style=\"color: #000000\" href=\"mailto:l.kouidri@lagh-univ.dz\">l.kouidri@lagh-univ.dz<\/a><\/span><\/td>\n<td style=\"width: 10px;height: 54px\"><\/td>\n<\/tr>\n<tr style=\"height: 54px\">\n<td style=\"width: 174px;height: 54px\"><span style=\"font-size: 14pt;color: #000000;font-family: 'Book Antiqua', Palatino\">Kouidri Ali<\/span><\/td>\n<td style=\"width: 306px;height: 54px\"><span style=\"font-size: 14pt;color: #000000;font-family: 'Book Antiqua', Palatino\">Chef d\u00e9partement de Sciences Sociales Tronc Commun<\/span><\/td>\n<td style=\"width: 303px;height: 54px\"><span style=\"font-size: 14pt;color: #000000;font-family: 'Book Antiqua', Palatino\"><a style=\"color: #000000\" href=\"mailto:ali.kouidri@lagh-univ.dz\">ali.kouidri@lagh-univ.dz\u00a0<\/a><\/span><\/td>\n<td style=\"width: 10px;height: 54px\"><\/td>\n<\/tr>\n<tr style=\"height: 81px\">\n<td style=\"width: 174px;height: 81px\"><span style=\"font-size: 14pt;color: #000000;font-family: 'Book Antiqua', Palatino\">\u00a0 Adjeb Boumediane\u00a0<\/span><\/td>\n<td style=\"width: 306px;height: 81px\"><span style=\"font-size: 14pt;color: #000000;font-family: 'Book Antiqua', Palatino\">Responsables de l\u2019\u00e9quipe du domaine de de formation\u00a0 Sciences Humaines et Sociales\u00a0<\/span><\/td>\n<td style=\"width: 303px;height: 81px\"><span style=\"font-size: 14pt;color: #000000;font-family: 'Book Antiqua', Palatino\"><a style=\"color: #000000\" href=\"mailto:b.adjeb@lagh-univ.dz\">b.adjeb@lagh-univ.dz<\/a><\/span><\/td>\n<td style=\"width: 10px;height: 81px\"><\/td>\n<\/tr>\n<tr style=\"height: 54px\">\n<td style=\"width: 174px;height: 54px\"><span style=\"font-size: 14pt;color: #000000;font-family: 'Book Antiqua', Palatino\">Karroum Mohamed<\/span><\/td>\n<td style=\"width: 306px;height: 54px\"><span style=\"font-size: 14pt;color: #000000;font-family: 'Book Antiqua', Palatino\">Responsable de l&rsquo;\u00e9quipe de la fili\u00e8re de formation Sciences Sociales<\/span><\/td>\n<td style=\"width: 303px;height: 54px\"><span style=\"font-size: 14pt;color: #000000;font-family: 'Book Antiqua', Palatino\"><a style=\"color: #000000\" href=\"mailto:m.kerroum@lagh-univ.dz\">m.kerroum@lagh-univ.dz<\/a><\/span><\/td>\n<td style=\"width: 10px;height: 54px\"><\/td>\n<\/tr>\n<tr style=\"height: 54px\">\n<td style=\"width: 174px;height: 54px\"><span style=\"font-size: 14pt;color: #000000;font-family: 'Book Antiqua', Palatino\">Zaroug Saadia<\/span><\/td>\n<td style=\"width: 306px;height: 54px\"><span style=\"font-size: 14pt;color: #000000;font-family: 'Book Antiqua', Palatino\">Responsable de l&rsquo;\u00e9quipe de la sp\u00e9cialit\u00e9 Orthophonie\u00a0<\/span><\/td>\n<td style=\"width: 303px;height: 54px\"><span style=\"font-size: 14pt;color: #000000;font-family: 'Book Antiqua', Palatino\"><a style=\"color: #000000\" href=\"mailto:s.zaroug@lagh-univ.dz\">s.zaroug@lagh-univ.dz<\/a><\/span><\/td>\n<td style=\"width: 10px;height: 54px\"><\/td>\n<\/tr>\n<tr style=\"height: 54px\">\n<td style=\"width: 174px;height: 54px\"><span style=\"font-size: 14pt;color: #000000;font-family: 'Book Antiqua', Palatino\">Djellali\u00a0 Naceur\u00a0\u00a0<\/span><\/td>\n<td style=\"width: 306px;height: 54px\"><span style=\"font-size: 14pt;color: #000000;font-family: 'Book Antiqua', Palatino\">Responsable de l&rsquo;\u00e9quipe de la sp\u00e9cialit\u00e9 Sciences de l\u2019Education<\/span><\/td>\n<td style=\"width: 303px;height: 54px\"><span style=\"font-size: 14pt;color: #000000;font-family: 'Book Antiqua', Palatino\"><a style=\"color: #000000\" href=\"mailto:n.djellali@lagh-univ.dz\">n.djellali@lagh-univ.dz<\/a><\/span><\/td>\n<td style=\"width: 10px;height: 54px\"><\/td>\n<\/tr>\n<tr style=\"height: 54px\">\n<td style=\"width: 174px;height: 54px\"><span style=\"font-size: 14pt;color: #000000;font-family: 'Book Antiqua', Palatino\">\u00a0Meridja Abbas\u00a0\u00a0\u00a0<\/span><\/td>\n<td style=\"width: 306px;height: 54px\"><span style=\"font-size: 14pt;color: #000000;font-family: 'Book Antiqua', Palatino\">\u00a0Responsable de l&rsquo;\u00e9quipe de la\u00a0 Sp\u00e9cialit\u00e9 Psychologie\u00a0<\/span><\/td>\n<td style=\"width: 303px;height: 54px\"><span style=\"font-size: 14pt;color: #000000;font-family: 'Book Antiqua', Palatino\"><a style=\"color: #000000\" href=\"mailto:a.meridja@lagh-univ.dz\">a.meridja@lagh-univ.dz<\/a><\/span><\/td>\n<td style=\"width: 10px;height: 54px\"><\/td>\n<\/tr>\n<tr style=\"height: 54px\">\n<td style=\"width: 174px;height: 54px\"><span style=\"font-size: 14pt;color: #000000;font-family: 'Book Antiqua', Palatino\">Tounsi Faiza<\/span><\/td>\n<td style=\"width: 306px;height: 54px\"><span style=\"font-size: 14pt;color: #000000;font-family: 'Book Antiqua', Palatino\">Responsable de l&rsquo;\u00e9quipe de la Sp\u00e9cialit\u00e9 Sociologie\u00a0<\/span><\/td>\n<td style=\"width: 303px;height: 54px\"><span style=\"font-size: 14pt;color: #000000;font-family: 'Book Antiqua', Palatino\"><a style=\"color: #000000\" href=\"mailto:f.tounsi@lagh-univ.dz\">f.tounsi@lagh-univ.dz<\/a><\/span><\/td>\n<td style=\"width: 10px;height: 54px\"><\/td>\n<\/tr>\n<tr style=\"height: 54px\">\n<td style=\"width: 174px;height: 54px\"><span style=\"font-size: 14pt;color: #000000;font-family: 'Book Antiqua', Palatino\">Maache Tayeb<\/span><\/td>\n<td style=\"width: 306px;height: 54px\"><span style=\"font-size: 14pt;color: #000000;font-family: 'Book Antiqua', Palatino\">Responsable de l&rsquo;\u00e9quipe de la Sp\u00e9cialit\u00e9 D\u00e9mographie<\/span><\/td>\n<td style=\"width: 303px;height: 54px\"><span style=\"font-size: 14pt;color: #000000;font-family: 'Book Antiqua', Palatino\"><a style=\"color: #000000\" href=\"mailto:t.maache@lagh-univ.dz\">t.maache@lagh-univ.dz<\/a><\/span><\/td>\n<td style=\"width: 10px;height: 54px\"><\/td>\n<\/tr>\n<tr style=\"height: 54px\">\n<td style=\"width: 174px;height: 54px\"><span style=\"font-size: 14pt;color: #000000;font-family: 'Book Antiqua', Palatino\">Karboune Ali\u00a0<\/span><\/td>\n<td style=\"width: 306px;height: 54px\"><span style=\"font-size: 14pt;color: #000000;font-family: 'Book Antiqua', Palatino\">\u00a0Responsable de l&rsquo;\u00e9quipe de la Sp\u00e9cialit\u00e9 Philosophie<\/span><\/td>\n<td style=\"width: 303px;height: 54px\"><span style=\"font-size: 14pt;color: #000000;font-family: 'Book Antiqua', Palatino\"><a style=\"color: #000000\" href=\"mailto:a.karboune@lagh-univ.dz\">a.karboune@lagh-univ.dz<\/a><\/span><\/td>\n<td style=\"width: 10px;height: 54px\"><\/td>\n<\/tr>\n<\/tbody>\n<\/table>\n<p dir=\"ltr\">\n","protected":false},"excerpt":{"rendered":"<p>Coordon\u00e9es des responsables des facult\u00e9s Facult\u00e9\/Institut : Sciences Sociales\u00a0 Nom et pr\u00e9nom Fonction e-mail institutionnel Bentahar Tidjani\u00a0 \u00a0Doyen\u00a0 de facult\u00e9\u00a0 t.bentahar@lagh-univ.dz Hamidat Miloud Vice doyen charg\u00e9 de Post-graduation, de la recherche scientifique et et Relations Ext\u00e9rieures\u00a0 m.hamidat@mail.lagh-univ.dz Benaitia Atia \u00a0Vice Doyen des Etudes et des Questions li\u00e9es aux Etudiants a.benatia@lagh-univ.dz Bahi\u00a0 Selami\u00a0 Pr\u00e9sidant du conseil [&hellip;]<\/p>\n","protected":false},"author":16,"featured_media":0,"parent":9723,"menu_order":0,"comment_status":"closed","ping_status":"closed","template":"elementor_header_footer","meta":{"_exactmetrics_skip_tracking":false,"_exactmetrics_sitenote_active":false,"_exactmetrics_sitenote_note":"","_exactmetrics_sitenote_category":0,"footnotes":""},"coauthors":[532],"class_list":["post-9697","page","type-page","status-publish","hentry"],"_links":{"self":[{"href":"https:\/\/lagh-univ.dz\/fr\/wp-json\/wp\/v2\/pages\/9697","targetHints":{"allow":["GET"]}}],"collection":[{"href":"https:\/\/lagh-univ.dz\/fr\/wp-json\/wp\/v2\/pages"}],"about":[{"href":"https:\/\/lagh-univ.dz\/fr\/wp-json\/wp\/v2\/types\/page"}],"author":[{"embeddable":true,"href":"https:\/\/lagh-univ.dz\/fr\/wp-json\/wp\/v2\/users\/16"}],"replies":[{"embeddable":true,"href":"https:\/\/lagh-univ.dz\/fr\/wp-json\/wp\/v2\/comments?post=9697"}],"version-history":[{"count":6,"href":"https:\/\/lagh-univ.dz\/fr\/wp-json\/wp\/v2\/pages\/9697\/revisions"}],"predecessor-version":[{"id":26544,"href":"https:\/\/lagh-univ.dz\/fr\/wp-json\/wp\/v2\/pages\/9697\/revisions\/26544"}],"up":[{"embeddable":true,"href":"https:\/\/lagh-univ.dz\/fr\/wp-json\/wp\/v2\/pages\/9723"}],"wp:attachment":[{"href":"https:\/\/lagh-univ.dz\/fr\/wp-json\/wp\/v2\/media?parent=9697"}],"wp:term":[{"taxonomy":"author","embeddable":true,"href":"https:\/\/lagh-univ.dz\/fr\/wp-json\/wp\/v2\/coauthors?post=9697"}],"curies":[{"name":"wp","href":"https:\/\/api.w.org\/{rel}","templated":true}]}}