{"id":9705,"date":"2019-01-20T07:48:17","date_gmt":"2019-01-20T09:48:17","guid":{"rendered":"https:\/\/lagh-univ.dz\/sociale-graduation-service-denseignement-et-evaluation\/"},"modified":"2020-02-23T13:54:16","modified_gmt":"2020-02-23T15:54:16","slug":"sociale-graduation-service-denseignement-et-evaluation","status":"publish","type":"page","link":"https:\/\/lagh-univ.dz\/fr\/sociale-formation\/sociale-graduation-service-denseignement-et-evaluation\/","title":{"rendered":"sociale- Graduation-service d\u2019enseignement et evaluation"},"content":{"rendered":"<p dir=\"ltr\">\n<p dir=\"ltr\"><span style=\"color: #000000;font-size: 14pt;font-family: 'Book Antiqua', Palatino\"><strong><span class=\"tlid-translation translation\" lang=\"fr\"><span class=\"\" title=\"\">Service d\u2019\u00e9ducation et d\u2019\u00e9valuation:<\/span><\/span><\/strong><\/span><\/p>\n<p dir=\"ltr\"><span style=\"color: #000000;font-size: 14pt;font-family: 'Book Antiqua', Palatino\">chef de service:\u00a0<span style=\"color: #800000\"><strong>mekdem tayeb<\/strong><\/span><\/span><\/p>\n<p dir=\"ltr\"><span style=\"color: #000000;font-size: 14pt;font-family: 'Book Antiqua', Palatino\">Email: <a style=\"color: #000000\" href=\"mailto:t.bentahar@lagh-univ.dz\">t.mekdem @lagh-univ.dz<\/a><\/span><\/p>\n<p dir=\"ltr\"><span style=\"color: #000000;font-size: 14pt;font-family: 'Book Antiqua', Palatino\">Tel: 06 61 88 28 12<\/span><\/p>\n<p dir=\"ltr\"><span class=\"tlid-translation translation\" lang=\"fr\" style=\"color: #000000;font-size: 14pt;font-family: 'Book Antiqua', Palatino\"><strong><span title=\"\">Les t\u00e2ches de service:<\/span><\/strong><br \/>\n<\/span><\/p>\n<ul>\n<li><span style=\"color: #000000;font-size: 14pt;font-family: 'Book Antiqua', Palatino\">Contr\u00f4le v\u00e9rifie les PV des d\u00e9lib\u00e9rations.<\/span><\/li>\n<li><span style=\"color: #000000;font-size: 14pt;font-family: 'Book Antiqua', Palatino\">D\u00e9livre les certificats de scolarit\u00e9s, les cartes \u00e9tudiants et les relev\u00e9s des notes pour les promos ant\u00e9rieurs.<\/span><\/li>\n<li><span style=\"color: #000000;font-size: 14pt;font-family: 'Book Antiqua', Palatino\">Suivre l\u2019op\u00e9ration d\u2019authentification des documents d\u00e9livr\u00e9s par la facult\u00e9.<\/span><\/li>\n<\/ul>\n","protected":false},"excerpt":{"rendered":"<p>Service d\u2019\u00e9ducation et d\u2019\u00e9valuation: chef de service:\u00a0mekdem tayeb Email: t.mekdem @lagh-univ.dz Tel: 06 61 88 28 12 Les t\u00e2ches de service: Contr\u00f4le v\u00e9rifie les PV des d\u00e9lib\u00e9rations. D\u00e9livre les certificats de scolarit\u00e9s, les cartes \u00e9tudiants et les relev\u00e9s des notes pour les promos ant\u00e9rieurs. Suivre l\u2019op\u00e9ration d\u2019authentification des documents d\u00e9livr\u00e9s par la facult\u00e9.<\/p>\n","protected":false},"author":1,"featured_media":0,"parent":9723,"menu_order":0,"comment_status":"closed","ping_status":"closed","template":"elementor_header_footer","meta":{"_exactmetrics_skip_tracking":false,"_exactmetrics_sitenote_active":false,"_exactmetrics_sitenote_note":"","_exactmetrics_sitenote_category":0,"footnotes":""},"coauthors":[217,532],"class_list":["post-9705","page","type-page","status-publish","hentry"],"_links":{"self":[{"href":"https:\/\/lagh-univ.dz\/fr\/wp-json\/wp\/v2\/pages\/9705","targetHints":{"allow":["GET"]}}],"collection":[{"href":"https:\/\/lagh-univ.dz\/fr\/wp-json\/wp\/v2\/pages"}],"about":[{"href":"https:\/\/lagh-univ.dz\/fr\/wp-json\/wp\/v2\/types\/page"}],"author":[{"embeddable":true,"href":"https:\/\/lagh-univ.dz\/fr\/wp-json\/wp\/v2\/users\/1"}],"replies":[{"embeddable":true,"href":"https:\/\/lagh-univ.dz\/fr\/wp-json\/wp\/v2\/comments?post=9705"}],"version-history":[{"count":3,"href":"https:\/\/lagh-univ.dz\/fr\/wp-json\/wp\/v2\/pages\/9705\/revisions"}],"predecessor-version":[{"id":30554,"href":"https:\/\/lagh-univ.dz\/fr\/wp-json\/wp\/v2\/pages\/9705\/revisions\/30554"}],"up":[{"embeddable":true,"href":"https:\/\/lagh-univ.dz\/fr\/wp-json\/wp\/v2\/pages\/9723"}],"wp:attachment":[{"href":"https:\/\/lagh-univ.dz\/fr\/wp-json\/wp\/v2\/media?parent=9705"}],"wp:term":[{"taxonomy":"author","embeddable":true,"href":"https:\/\/lagh-univ.dz\/fr\/wp-json\/wp\/v2\/coauthors?post=9705"}],"curies":[{"name":"wp","href":"https:\/\/api.w.org\/{rel}","templated":true}]}}