{"id":9711,"date":"2019-01-20T07:48:44","date_gmt":"2019-01-20T09:48:44","guid":{"rendered":"https:\/\/lagh-univ.dz\/sociale-post-graduation-service-de-suivi-de-la-formation\/"},"modified":"2020-02-23T13:39:16","modified_gmt":"2020-02-23T15:39:16","slug":"sociale-post-graduation-service-de-suivi-de-la-formation","status":"publish","type":"page","link":"https:\/\/lagh-univ.dz\/fr\/sociale-post-graduation-service-de-suivi-de-la-formation\/","title":{"rendered":"sociale- post Graduation-service de suivi de la formation"},"content":{"rendered":"<p dir=\"ltr\"><strong><span style=\"font-size: 14pt;color: #000000;font-family: 'Book Antiqua', Palatino\">Le service de suivi de la formation en post-Graduation\u00a0est charg\u00e9\u00a0:<\/span><\/strong><\/p>\n<p dir=\"ltr\"><span style=\"font-size: 14pt;color: #000000;font-family: 'Book Antiqua', Palatino\">\u2013\u00a0de suivre le d\u00e9roulement des formations en 1<sup>\u00e8re<\/sup> et 2\u00e8me post-graduation .<\/span><\/p>\n<p dir=\"ltr\"><span style=\"font-size: 14pt;color: #000000;font-family: 'Book Antiqua', Palatino\">\u2013 d\u2019assurer la gestion des dossiers des r\u00e9sidents admis au concours de r\u00e9sidanat qui pr\u00e9parent une sp\u00e9cialit\u00e9<\/span><\/p>\n<p dir=\"ltr\"><span style=\"font-size: 14pt;color: #000000;font-family: 'Book Antiqua', Palatino\">\u2013 d\u2019assurer la gestion des dossiers des ma\u00eetres assistants pr\u00e9parant une th\u00e8se de doctorat .<\/span><\/p>\n<p dir=\"ltr\"><span style=\"font-size: 14pt;color: #000000;font-family: 'Book Antiqua', Palatino\">\u2013 d\u2019assurer les inscriptions et les r\u00e9inscriptions des \u00e9tudiants .<\/span><\/p>\n<p dir=\"ltr\"><span style=\"font-size: 14pt;color: #000000;font-family: 'Book Antiqua', Palatino\">\u2013 de d\u00e9livrer des dipl\u00f4mes\u00a0<\/span><\/p>\n<p dir=\"ltr\"><span style=\"font-size: 14pt;color: #000000;font-family: 'Book Antiqua', Palatino\">\u2013 d\u2019Authentifier les dipl\u00f4mes.<\/span><\/p>\n<p dir=\"ltr\"><span style=\"font-size: 14pt;color: #000000;font-family: 'Book Antiqua', Palatino\">\u2013 de fournir toutes les informations et d\u2019\u00e9tablir les diff\u00e9rents bilans et canevas<\/span><\/p>\n<p dir=\"ltr\"><span style=\"font-size: 14pt;color: #000000;font-family: 'Book Antiqua', Palatino\">Le service du suivi des activit\u00e9s de recherche\u00a0est charg\u00e9\u00a0:<\/span><\/p>\n<p dir=\"ltr\"><span style=\"font-size: 14pt;color: #000000;font-family: 'Book Antiqua', Palatino\">\u2013 de suivre les questions li\u00e9es au d\u00e9roulement des formations sup\u00e9rieures en\u00a0post- graduation et de formation continue<\/span><\/p>\n<p dir=\"ltr\"><span style=\"font-size: 14pt;color: #000000;font-family: 'Book Antiqua', Palatino\">\u2013 de veiller \u00e0 l\u2019application de la r\u00e9glementation en vigueur en la mati\u00e8re.<\/span><\/p>\n<p dir=\"ltr\"><span style=\"font-size: 14pt;color: #000000;font-family: 'Book Antiqua', Palatino\">\u2013 de suivre les activit\u00e9s des laboratoires de recherche et en dresser le bilan.<\/span><\/p>\n<p dir=\"ltr\"><span style=\"font-size: 14pt;color: #000000;font-family: 'Book Antiqua', Palatino\">\u2013 de mener toute action de valorisation des r\u00e9sultats de la recherche.<\/span><\/p>\n<p dir=\"ltr\"><span style=\"font-size: 14pt;color: #000000;font-family: 'Book Antiqua', Palatino\">\u2013 d\u2019assurer le secr\u00e9tariat du conseil scientifique de la facult\u00e9 et en conserver les archives,<\/span><\/p>\n<p dir=\"ltr\"><span style=\"font-size: 14pt;color: #000000;font-family: 'Book Antiqua', Palatino\">\u2013 de collecter et diffuser les informations sur les activit\u00e9s de recherche men\u00e9es par la facult\u00e9.<\/span><\/p>\n<p dir=\"ltr\">\n","protected":false},"excerpt":{"rendered":"<p>Le service de suivi de la formation en post-Graduation\u00a0est charg\u00e9\u00a0: \u2013\u00a0de suivre le d\u00e9roulement des formations en 1\u00e8re et 2\u00e8me post-graduation . \u2013 d\u2019assurer la gestion des dossiers des r\u00e9sidents admis au concours de r\u00e9sidanat qui pr\u00e9parent une sp\u00e9cialit\u00e9 \u2013 d\u2019assurer la gestion des dossiers des ma\u00eetres assistants pr\u00e9parant une th\u00e8se de doctorat . \u2013 [&hellip;]<\/p>\n","protected":false},"author":1,"featured_media":0,"parent":0,"menu_order":0,"comment_status":"closed","ping_status":"closed","template":"elementor_header_footer","meta":{"_exactmetrics_skip_tracking":false,"_exactmetrics_sitenote_active":false,"_exactmetrics_sitenote_note":"","_exactmetrics_sitenote_category":0,"footnotes":""},"coauthors":[217,532],"class_list":["post-9711","page","type-page","status-publish","hentry"],"_links":{"self":[{"href":"https:\/\/lagh-univ.dz\/fr\/wp-json\/wp\/v2\/pages\/9711","targetHints":{"allow":["GET"]}}],"collection":[{"href":"https:\/\/lagh-univ.dz\/fr\/wp-json\/wp\/v2\/pages"}],"about":[{"href":"https:\/\/lagh-univ.dz\/fr\/wp-json\/wp\/v2\/types\/page"}],"author":[{"embeddable":true,"href":"https:\/\/lagh-univ.dz\/fr\/wp-json\/wp\/v2\/users\/1"}],"replies":[{"embeddable":true,"href":"https:\/\/lagh-univ.dz\/fr\/wp-json\/wp\/v2\/comments?post=9711"}],"version-history":[{"count":7,"href":"https:\/\/lagh-univ.dz\/fr\/wp-json\/wp\/v2\/pages\/9711\/revisions"}],"predecessor-version":[{"id":30547,"href":"https:\/\/lagh-univ.dz\/fr\/wp-json\/wp\/v2\/pages\/9711\/revisions\/30547"}],"wp:attachment":[{"href":"https:\/\/lagh-univ.dz\/fr\/wp-json\/wp\/v2\/media?parent=9711"}],"wp:term":[{"taxonomy":"author","embeddable":true,"href":"https:\/\/lagh-univ.dz\/fr\/wp-json\/wp\/v2\/coauthors?post=9711"}],"curies":[{"name":"wp","href":"https:\/\/api.w.org\/{rel}","templated":true}]}}