{"id":9713,"date":"2019-01-20T07:48:57","date_gmt":"2019-01-20T09:48:57","guid":{"rendered":"https:\/\/lagh-univ.dz\/sociale-post-graduation-service-de-relation-et-cooperation-externe\/"},"modified":"2020-02-23T13:15:46","modified_gmt":"2020-02-23T15:15:46","slug":"sociale-post-graduation-service-de-relation-et-cooperation-externe","status":"publish","type":"page","link":"https:\/\/lagh-univ.dz\/fr\/sociale-formation\/sociale-post-graduation-service-de-relation-et-cooperation-externe\/","title":{"rendered":"sociale- post Graduation-service de relation et coop\u00e9ration externe"},"content":{"rendered":"<p dir=\"ltr\"><strong><span style=\"color: #000000;font-size: 14pt;font-family: 'Book Antiqua', Palatino\">Le service de la coop\u00e9ration et des relations ext\u00e9rieures\u00a0est charg\u00e9 de\u00a0:<\/span><\/strong><\/p>\n<p dir=\"ltr\">\n<p dir=\"ltr\"><span style=\"color: #000000;font-size: 14pt;font-family: 'Book Antiqua', Palatino\">\u2013\u00a0de suivre l\u2019ex\u00e9cution des clauses et conditions des diff\u00e9rentes \u00a0conventions de coop\u00e9ration et de partenariat sign\u00e9es avec les diff\u00e9rentes parties\u00a0:<\/span><\/p>\n<p dir=\"ltr\"><span style=\"color: #000000;font-size: 14pt;font-family: 'Book Antiqua', Palatino\">\u2013 d\u2019Assurer le suivi des programmes de perfectionnement et de recyclage des enseignants et des doctorants non-salari\u00e9s.<\/span><\/p>\n<p dir=\"ltr\"><span style=\"color: #000000;font-size: 14pt;font-family: 'Book Antiqua', Palatino\">\u2013 d\u2019Organiser et promouvoir l\u2019activit\u00e9 scientifique (journ\u00e9es d\u2019\u00e9tude, journ\u00e9e th\u00e9matique, congr\u00e8s et s\u00e9minaires\u2026)<\/span><\/p>\n<p dir=\"ltr\"><span style=\"color: #000000;font-size: 14pt;font-family: 'Book Antiqua', Palatino\">\u2013 de diffuser les informations et actualit\u00e9s internationales sur le site web.<\/span><\/p>\n<p dir=\"ltr\"><span style=\"color: #000000;font-size: 14pt;font-family: 'Book Antiqua', Palatino\">\u2013 de suivre la publication du journal de la facult\u00e9 des Sciences Sociales de Laghouat (en projet).<\/span><\/p>\n<p dir=\"ltr\"><span style=\"color: #000000;font-size: 14pt;font-family: 'Book Antiqua', Palatino\">\u2013 de collecter et diffuser les informations relatives aux bourses \u00e0 l\u2019\u00e9tranger.<\/span><\/p>\n<p dir=\"ltr\">\n<p dir=\"ltr\">\n<p dir=\"ltr\">\n<p dir=\"ltr\">\n","protected":false},"excerpt":{"rendered":"<p>Le service de la coop\u00e9ration et des relations ext\u00e9rieures\u00a0est charg\u00e9 de\u00a0: \u2013\u00a0de suivre l\u2019ex\u00e9cution des clauses et conditions des diff\u00e9rentes \u00a0conventions de coop\u00e9ration et de partenariat sign\u00e9es avec les diff\u00e9rentes parties\u00a0: \u2013 d\u2019Assurer le suivi des programmes de perfectionnement et de recyclage des enseignants et des doctorants non-salari\u00e9s. \u2013 d\u2019Organiser et promouvoir l\u2019activit\u00e9 scientifique (journ\u00e9es [&hellip;]<\/p>\n","protected":false},"author":1,"featured_media":0,"parent":9723,"menu_order":0,"comment_status":"closed","ping_status":"closed","template":"elementor_header_footer","meta":{"_exactmetrics_skip_tracking":false,"_exactmetrics_sitenote_active":false,"_exactmetrics_sitenote_note":"","_exactmetrics_sitenote_category":0,"footnotes":""},"coauthors":[217,532],"class_list":["post-9713","page","type-page","status-publish","hentry"],"_links":{"self":[{"href":"https:\/\/lagh-univ.dz\/fr\/wp-json\/wp\/v2\/pages\/9713","targetHints":{"allow":["GET"]}}],"collection":[{"href":"https:\/\/lagh-univ.dz\/fr\/wp-json\/wp\/v2\/pages"}],"about":[{"href":"https:\/\/lagh-univ.dz\/fr\/wp-json\/wp\/v2\/types\/page"}],"author":[{"embeddable":true,"href":"https:\/\/lagh-univ.dz\/fr\/wp-json\/wp\/v2\/users\/1"}],"replies":[{"embeddable":true,"href":"https:\/\/lagh-univ.dz\/fr\/wp-json\/wp\/v2\/comments?post=9713"}],"version-history":[{"count":3,"href":"https:\/\/lagh-univ.dz\/fr\/wp-json\/wp\/v2\/pages\/9713\/revisions"}],"predecessor-version":[{"id":30533,"href":"https:\/\/lagh-univ.dz\/fr\/wp-json\/wp\/v2\/pages\/9713\/revisions\/30533"}],"up":[{"embeddable":true,"href":"https:\/\/lagh-univ.dz\/fr\/wp-json\/wp\/v2\/pages\/9723"}],"wp:attachment":[{"href":"https:\/\/lagh-univ.dz\/fr\/wp-json\/wp\/v2\/media?parent=9713"}],"wp:term":[{"taxonomy":"author","embeddable":true,"href":"https:\/\/lagh-univ.dz\/fr\/wp-json\/wp\/v2\/coauthors?post=9713"}],"curies":[{"name":"wp","href":"https:\/\/api.w.org\/{rel}","templated":true}]}}