{"id":9715,"date":"2019-01-20T07:50:27","date_gmt":"2019-01-20T09:50:27","guid":{"rendered":"https:\/\/lagh-univ.dz\/sociale-post-graduation-service-de-suivit-des-activites-des-recherches\/"},"modified":"2020-02-23T13:45:29","modified_gmt":"2020-02-23T15:45:29","slug":"sociale-post-graduation-service-de-suivit-des-activites-des-recherches","status":"publish","type":"page","link":"https:\/\/lagh-univ.dz\/fr\/sociale-formation\/sociale-post-graduation-service-de-suivit-des-activites-des-recherches\/","title":{"rendered":"sociale- post Graduation-service de suivit des activit\u00e9s des recherches"},"content":{"rendered":"<p dir=\"ltr\"><span style=\"color: #000000;font-size: 14pt;font-family: 'Book Antiqua', Palatino\"><strong>Chef du Service : <span style=\"color: #800000\">Saad maalem<\/span><\/strong><\/span><\/p>\n<p dir=\"ltr\"><span style=\"font-family: 'Book Antiqua', Palatino;font-size: 14pt;color: #000000\"><span lang=\"AR-DZ\">Email: S.maalem@lagh-univ.dz<\/span><\/span><\/p>\n<p dir=\"ltr\"><span style=\"color: #000000;font-size: 14pt;font-family: 'Book Antiqua', Palatino\">Tel: <span lang=\"AR-DZ\"><strong>0658924754<\/strong><\/span><\/span><\/p>\n<ul>\n<li><span style=\"color: #000000;font-size: 14pt;font-family: 'Book Antiqua', Palatino\"><strong><u>Mission :<\/u><\/strong><\/span><\/li>\n<\/ul>\n<p dir=\"ltr\"><span style=\"color: #000000;font-size: 14pt;font-family: 'Book Antiqua', Palatino\">\u00a0 \u00a0 \u00a0Le service du suivi des activit\u00e9s de recherche et de la valorisation de ses r\u00e9sultats a pour mission les taches suivantes\u00a0: \u00a0<\/span><\/p>\n<ol>\n<li><span style=\"color: #000000;font-size: 14pt;font-family: 'Book Antiqua', Palatino\">Suivre les questions li\u00e9es au d\u00e9roulement des formations sup\u00e9rieures de\u00a0post graduation,\u00a0de post-graduation\u00a0sp\u00e9cialis\u00e9e\u00a0et de \u00a0l\u2019habilitation universitaire et veiller \u00e0 l\u2019application de la r\u00e9glementation en vigueur en la mati\u00e8re.<\/span><\/li>\n<li><span style=\"color: #000000;font-size: 14pt;font-family: 'Book Antiqua', Palatino\">\u00a0Suivre les activit\u00e9s des laboratoires de recherche et en \u00e9laborer le bilan.<\/span><\/li>\n<li><span style=\"color: #000000;font-size: 14pt;font-family: 'Book Antiqua', Palatino\">\u00a0Mener toute action de valorisation des r\u00e9sultats de la recherche.<\/span><\/li>\n<li><span style=\"color: #000000;font-size: 14pt;font-family: 'Book Antiqua', Palatino\">\u00a0Assurer le suivi du fonctionnement du conseil scientifique de la facult\u00e9 et en conserver les archives,<\/span><\/li>\n<li><span style=\"color: #000000;font-size: 14pt;font-family: 'Book Antiqua', Palatino\">\u00a0Collecter et diffuser les informations sur les activit\u00e9s de recherche men\u00e9es par la facult\u00e9.<\/span><\/li>\n<\/ol>\n<p dir=\"ltr\">\n","protected":false},"excerpt":{"rendered":"<p>Chef du Service : Saad maalem Email: S.maalem@lagh-univ.dz Tel: 0658924754 Mission : \u00a0 \u00a0 \u00a0Le service du suivi des activit\u00e9s de recherche et de la valorisation de ses r\u00e9sultats a pour mission les taches suivantes\u00a0: \u00a0 Suivre les questions li\u00e9es au d\u00e9roulement des formations sup\u00e9rieures de\u00a0post graduation,\u00a0de post-graduation\u00a0sp\u00e9cialis\u00e9e\u00a0et de \u00a0l\u2019habilitation universitaire et veiller \u00e0 l\u2019application [&hellip;]<\/p>\n","protected":false},"author":1,"featured_media":0,"parent":9723,"menu_order":0,"comment_status":"closed","ping_status":"closed","template":"elementor_header_footer","meta":{"_exactmetrics_skip_tracking":false,"_exactmetrics_sitenote_active":false,"_exactmetrics_sitenote_note":"","_exactmetrics_sitenote_category":0,"footnotes":""},"coauthors":[217,532],"class_list":["post-9715","page","type-page","status-publish","hentry"],"_links":{"self":[{"href":"https:\/\/lagh-univ.dz\/fr\/wp-json\/wp\/v2\/pages\/9715","targetHints":{"allow":["GET"]}}],"collection":[{"href":"https:\/\/lagh-univ.dz\/fr\/wp-json\/wp\/v2\/pages"}],"about":[{"href":"https:\/\/lagh-univ.dz\/fr\/wp-json\/wp\/v2\/types\/page"}],"author":[{"embeddable":true,"href":"https:\/\/lagh-univ.dz\/fr\/wp-json\/wp\/v2\/users\/1"}],"replies":[{"embeddable":true,"href":"https:\/\/lagh-univ.dz\/fr\/wp-json\/wp\/v2\/comments?post=9715"}],"version-history":[{"count":5,"href":"https:\/\/lagh-univ.dz\/fr\/wp-json\/wp\/v2\/pages\/9715\/revisions"}],"predecessor-version":[{"id":30549,"href":"https:\/\/lagh-univ.dz\/fr\/wp-json\/wp\/v2\/pages\/9715\/revisions\/30549"}],"up":[{"embeddable":true,"href":"https:\/\/lagh-univ.dz\/fr\/wp-json\/wp\/v2\/pages\/9723"}],"wp:attachment":[{"href":"https:\/\/lagh-univ.dz\/fr\/wp-json\/wp\/v2\/media?parent=9715"}],"wp:term":[{"taxonomy":"author","embeddable":true,"href":"https:\/\/lagh-univ.dz\/fr\/wp-json\/wp\/v2\/coauthors?post=9715"}],"curies":[{"name":"wp","href":"https:\/\/api.w.org\/{rel}","templated":true}]}}