{"id":9792,"date":"2019-01-20T08:59:08","date_gmt":"2019-01-20T10:59:08","guid":{"rendered":"https:\/\/lagh-univ.dz\/sociale-departement-demographie-formations-licence\/"},"modified":"2020-02-19T09:54:38","modified_gmt":"2020-02-19T11:54:38","slug":"sociale-departement-demographie-formations-licence","status":"publish","type":"page","link":"https:\/\/lagh-univ.dz\/fr\/sociale-departement-demographie\/sociale-departement-demographie-formations-licence\/","title":{"rendered":"Sociale-Departement- Demographie- formations -licence"},"content":{"rendered":"<p dir=\"ltr\" style=\"text-align: justify\"><span style=\"color: #000000;font-size: 14pt;font-family: 'Book Antiqua', Palatino\"><strong>Sp\u00e9cialit\u00e9s<\/strong><\/span><\/p>\n<p dir=\"ltr\" style=\"text-align: justify\"><span style=\"color: #000000;font-size: 14pt;font-family: 'Book Antiqua', Palatino\">Plusieurs sp\u00e9cialit\u00e9s sont propos\u00e9es aux \u00e9tudiants comme suit\u00a0:<\/span><\/p>\n<p dir=\"ltr\" style=\"text-align: left\"><span style=\"color: #000000;font-size: 14pt;font-family: 'Book Antiqua', Palatino\">Sociologie de l\u2019\u00e9ducation, Sociologie du travail et organisation, Sociologie de la communication, D\u00e9mographie, Sociologie urbaine.<\/span><\/p>\n<table class=\" alignleft\" dir=\"ltr\" width=\"464\">\n<tbody>\n<tr>\n<td width=\"167\"><span style=\"color: #000000;font-size: 14pt;font-family: 'Book Antiqua', Palatino\"><strong>Sp\u00e9cialit\u00e9<\/strong><\/span><\/td>\n<td width=\"80\"><span style=\"color: #000000;font-size: 14pt;font-family: 'Book Antiqua', Palatino\"><strong>Niveau<\/strong><\/span><\/td>\n<td width=\"217\"><span style=\"color: #000000;font-size: 14pt;font-family: 'Book Antiqua', Palatino\"><strong>Nombre<\/strong><\/span><\/td>\n<\/tr>\n<tr>\n<td width=\"167\"><span style=\"color: #000000;font-size: 14pt;font-family: 'Book Antiqua', Palatino\">Sociologie<\/span><\/td>\n<td width=\"80\"><span style=\"color: #000000;font-size: 14pt;font-family: 'Book Antiqua', Palatino\">2<\/span><\/td>\n<td width=\"217\"><span style=\"color: #000000;font-size: 14pt;font-family: 'Book Antiqua', Palatino\">272<\/span><\/td>\n<\/tr>\n<tr>\n<td width=\"167\"><span style=\"color: #000000;font-size: 14pt;font-family: 'Book Antiqua', Palatino\">Sociologie<\/span><\/td>\n<td width=\"80\"><span style=\"color: #000000;font-size: 14pt;font-family: 'Book Antiqua', Palatino\">3<\/span><\/td>\n<td width=\"217\"><span style=\"color: #000000;font-size: 14pt;font-family: 'Book Antiqua', Palatino\">238<\/span><\/td>\n<\/tr>\n<\/tbody>\n<\/table>\n","protected":false},"excerpt":{"rendered":"<p>Sp\u00e9cialit\u00e9s Plusieurs sp\u00e9cialit\u00e9s sont propos\u00e9es aux \u00e9tudiants comme suit\u00a0: Sociologie de l\u2019\u00e9ducation, Sociologie du travail et organisation, Sociologie de la communication, D\u00e9mographie, Sociologie urbaine. Sp\u00e9cialit\u00e9 Niveau Nombre Sociologie 2 272 Sociologie 3 238<\/p>\n","protected":false},"author":16,"featured_media":0,"parent":9691,"menu_order":0,"comment_status":"closed","ping_status":"closed","template":"elementor_header_footer","meta":{"_exactmetrics_skip_tracking":false,"_exactmetrics_sitenote_active":false,"_exactmetrics_sitenote_note":"","_exactmetrics_sitenote_category":0,"footnotes":""},"coauthors":[532],"class_list":["post-9792","page","type-page","status-publish","hentry"],"_links":{"self":[{"href":"https:\/\/lagh-univ.dz\/fr\/wp-json\/wp\/v2\/pages\/9792","targetHints":{"allow":["GET"]}}],"collection":[{"href":"https:\/\/lagh-univ.dz\/fr\/wp-json\/wp\/v2\/pages"}],"about":[{"href":"https:\/\/lagh-univ.dz\/fr\/wp-json\/wp\/v2\/types\/page"}],"author":[{"embeddable":true,"href":"https:\/\/lagh-univ.dz\/fr\/wp-json\/wp\/v2\/users\/16"}],"replies":[{"embeddable":true,"href":"https:\/\/lagh-univ.dz\/fr\/wp-json\/wp\/v2\/comments?post=9792"}],"version-history":[{"count":4,"href":"https:\/\/lagh-univ.dz\/fr\/wp-json\/wp\/v2\/pages\/9792\/revisions"}],"predecessor-version":[{"id":29491,"href":"https:\/\/lagh-univ.dz\/fr\/wp-json\/wp\/v2\/pages\/9792\/revisions\/29491"}],"up":[{"embeddable":true,"href":"https:\/\/lagh-univ.dz\/fr\/wp-json\/wp\/v2\/pages\/9691"}],"wp:attachment":[{"href":"https:\/\/lagh-univ.dz\/fr\/wp-json\/wp\/v2\/media?parent=9792"}],"wp:term":[{"taxonomy":"author","embeddable":true,"href":"https:\/\/lagh-univ.dz\/fr\/wp-json\/wp\/v2\/coauthors?post=9792"}],"curies":[{"name":"wp","href":"https:\/\/api.w.org\/{rel}","templated":true}]}}