{"id":9815,"date":"2018-07-18T18:58:51","date_gmt":"2018-07-18T18:58:51","guid":{"rendered":"https:\/\/lagh-univ.dz\/droit-faculte-secretaire-generale\/"},"modified":"2020-02-22T22:22:29","modified_gmt":"2020-02-23T00:22:29","slug":"droit-faculte-secretaire-generale","status":"publish","type":"page","link":"https:\/\/lagh-univ.dz\/fr\/droit-formation\/droit-faculte-secretaire-generale\/","title":{"rendered":"Droit-Facult\u00e9-Secr\u00e9taire g\u00e9n\u00e9rale"},"content":{"rendered":"<p dir=\"RTL\" style=\"text-align: center\"><span style=\"font-family: arabic-kufi;font-size: 14pt;color: #000000\"><b style=\"color: #000000;font-family: arabic-kufi;font-size: 14pt\">le <\/b><span style=\"color: #000000;font-family: arabic-kufi\"><span style=\"font-size: 18.6667px\"><b>Secr\u00e9taire<\/b><\/span><\/span><b style=\"color: #000000;font-family: arabic-kufi;font-size: 14pt\">\u00a0<\/b><span style=\"color: #000000;font-family: arabic-kufi\"><span style=\"font-size: 18.6667px\"><b>G\u00e9n\u00e9rale<\/b><\/span><\/span><b style=\"color: #000000;font-family: arabic-kufi;font-size: 14pt\"> de la Facult\u00e9<\/b><\/span><\/p>\n<p dir=\"RTL\" style=\"text-align: left\"><span style=\"font-family: arabic-kufi\">\u00a0 \u00a0 Mr. Teggari Tahar\u00a0 \u00a0E-mail\/teggaritahar@gmail.com<\/span><\/p>\n<p dir=\"RTL\" style=\"text-align: left\"><span style=\"font-family: 'Times New Roman', Times;font-size: 14pt\">\u00a0fonction<\/span><\/p>\n<p dir=\"RTL\" style=\"text-align: left\"><span style=\"font-family: 'Times New Roman', Times;font-size: 14pt\">\u00a0Pr\u00e9parer le projet de plan de ressources humaines pour la\u00a0 facult\u00e9\u00a0 et <\/span><span style=\"font-family: 'Times New Roman', Times;font-size: 14pt\">assurer sa mise en \u0153uvre<\/span><\/p>\n<p style=\"text-align: left\"><span style=\"font-family: 'Times New Roman', Times;font-size: 14pt\">Assurer la conservation des archives<\/span><\/p>\n<p style=\"text-align: left\"><span style=\"font-family: 'Times New Roman', Times;font-size: 14pt\">\u00a0Pr\u00e9paration du projet de budget et poursuite de son ex\u00e9cution<\/span><\/p>\n<p style=\"text-align: left\"><span style=\"font-family: 'Times New Roman', Times;font-size: 14pt\">&#8211; Programmation avec les organes comp\u00e9tents de la pr\u00e9sidence de l&rsquo;universit\u00e9 pour des activit\u00e9s scientifiques, culturelles et sportives en faveur des \u00e9tudiants<\/span><\/p>\n<p style=\"text-align: left\"><span style=\"font-family: 'Times New Roman', Times;font-size: 14pt\">\u00a0Le fonctionnement des moyens de mobilier et des structures et travaux d&rsquo;entretien et de maintenance<\/span><\/p>\n<p style=\"text-align: left\"><span style=\"font-family: 'Times New Roman', Times;font-size: 14pt\">\u00a0Pr\u00e9parer le plan de s\u00e9curit\u00e9 interne de la facult<\/span>\u00e9<\/p>\n","protected":false},"excerpt":{"rendered":"<p>le Secr\u00e9taire\u00a0G\u00e9n\u00e9rale de la Facult\u00e9 \u00a0 \u00a0 Mr. Teggari Tahar\u00a0 \u00a0E-mail\/teggaritahar@gmail.com \u00a0fonction \u00a0Pr\u00e9parer le projet de plan de ressources humaines pour la\u00a0 facult\u00e9\u00a0 et assurer sa mise en \u0153uvre Assurer la conservation des archives \u00a0Pr\u00e9paration du projet de budget et poursuite de son ex\u00e9cution &#8211; Programmation avec les organes comp\u00e9tents de la pr\u00e9sidence de l&rsquo;universit\u00e9 [&hellip;]<\/p>\n","protected":false},"author":9,"featured_media":0,"parent":9857,"menu_order":0,"comment_status":"closed","ping_status":"closed","template":"elementor_header_footer","meta":{"_exactmetrics_skip_tracking":false,"_exactmetrics_sitenote_active":false,"_exactmetrics_sitenote_note":"","_exactmetrics_sitenote_category":0,"footnotes":""},"coauthors":[525],"class_list":["post-9815","page","type-page","status-publish","hentry"],"_links":{"self":[{"href":"https:\/\/lagh-univ.dz\/fr\/wp-json\/wp\/v2\/pages\/9815","targetHints":{"allow":["GET"]}}],"collection":[{"href":"https:\/\/lagh-univ.dz\/fr\/wp-json\/wp\/v2\/pages"}],"about":[{"href":"https:\/\/lagh-univ.dz\/fr\/wp-json\/wp\/v2\/types\/page"}],"author":[{"embeddable":true,"href":"https:\/\/lagh-univ.dz\/fr\/wp-json\/wp\/v2\/users\/9"}],"replies":[{"embeddable":true,"href":"https:\/\/lagh-univ.dz\/fr\/wp-json\/wp\/v2\/comments?post=9815"}],"version-history":[{"count":7,"href":"https:\/\/lagh-univ.dz\/fr\/wp-json\/wp\/v2\/pages\/9815\/revisions"}],"predecessor-version":[{"id":30400,"href":"https:\/\/lagh-univ.dz\/fr\/wp-json\/wp\/v2\/pages\/9815\/revisions\/30400"}],"up":[{"embeddable":true,"href":"https:\/\/lagh-univ.dz\/fr\/wp-json\/wp\/v2\/pages\/9857"}],"wp:attachment":[{"href":"https:\/\/lagh-univ.dz\/fr\/wp-json\/wp\/v2\/media?parent=9815"}],"wp:term":[{"taxonomy":"author","embeddable":true,"href":"https:\/\/lagh-univ.dz\/fr\/wp-json\/wp\/v2\/coauthors?post=9815"}],"curies":[{"name":"wp","href":"https:\/\/api.w.org\/{rel}","templated":true}]}}