{"id":9909,"date":"2018-07-18T18:59:22","date_gmt":"2018-07-18T18:59:22","guid":{"rendered":"https:\/\/lagh-univ.dz\/sport-faculte-secretaire-generale\/"},"modified":"2022-03-18T14:30:03","modified_gmt":"2022-03-18T13:30:03","slug":"sport-faculte-secretaire-generale","status":"publish","type":"page","link":"https:\/\/lagh-univ.dz\/fr\/sport-formation\/sport-faculte-secretaire-generale\/","title":{"rendered":"Sport-Facult\u00e9-Secr\u00e9taire g\u00e9n\u00e9rale"},"content":{"rendered":"<p>&nbsp;<\/p>\n<p style=\"text-align: center\"><strong><span style=\"color: #0000ff;font-family: 'Times New Roman', Times;font-size: 14pt\"><em><span style=\"text-decoration: underline\">Secr\u00e9tariat G\u00e9n\u00e9ral De L&rsquo;Institut Des Sciences Et Techniques Des Activit\u00e9s Physiques Et Sportives<\/span><\/em><\/span><\/strong><\/p>\n<p>&nbsp;<\/p>\n<p style=\"text-align: left\"><span style=\"font-family: 'Times New Roman', Times;font-size: 14pt;color: #000000\"><img decoding=\"async\" class=\"size-full wp-image-23785 alignright\" style=\"color: #333333;font-family: Tahoma, 'Times New Roman', 'Bitstream Charter', Times, serif;font-size: 16px\" src=\"https:\/\/lagh-univ.dz\/wp-content\/uploads\/2020\/02\/\u0627\u0644\u0633\u064a\u062f-\u0639\u0628\u062f-\u0627\u0644\u062c\u0628\u0627\u0631-\u0628\u0646-\u062b\u0627\u0628\u062a.png\" alt=\"\" width=\"126\" height=\"133\" \/><\/span><\/p>\n<p style=\"text-align: left\"><span style=\"text-decoration: underline;color: #ff0000\"><strong><span style=\"font-family: 'Times New Roman', Times;font-size: 14pt\">:Secr\u00e9taire G\u00e9n\u00e9ral<\/span><\/strong><\/span><\/p>\n<p style=\"text-align: left\"><strong><span style=\"font-family: 'Times New Roman', Times;font-size: 14pt;color: #000000\"><u>Nom et pr\u00e9nom:<\/u> Benthabet Abdeldjabbar<\/span><\/strong><\/p>\n<p style=\"text-align: left\"><strong><span style=\"font-family: 'Times New Roman', Times;font-size: 14pt;color: #000000\"><u>:Num\u00e9ro de t\u00e9l\u00e9phone<\/u><\/span><\/strong><\/p>\n<p style=\"text-align: left\"><strong><span style=\"font-family: 'Times New Roman', Times;font-size: 14pt;color: #000000\"><u>Gmail:<\/u> ben.abdeldjbar@lagh-univ.dz<\/span><\/strong><\/p>\n<p dir=\"ltr\" style=\"text-align: justify\"><strong><span style=\"text-decoration: underline;color: #ff0000\"><span style=\"font-family: 'Times New Roman', Times;font-size: 14pt\">MOT DU SECRETAIRE GENERAL DE LINSTITUT STAPS LAGHOUAT\u00a0:<\/span><\/span><\/strong><\/p>\n<p dir=\"ltr\" style=\"text-align: justify\"><span style=\"font-family: 'Times New Roman', Times;font-size: 14pt;color: #000000\">Cher(e)s coll\u00e8gues, soyez les bienvenus \u00e0 l\u2019institut STAPS DE LAGHOUAT des <\/span><span style=\"font-family: 'Times New Roman', Times;font-size: 14pt;color: #000000\">C\u2019est avec grand plaisir que je vous \u00e9cris ces quelques mots, au nom de notre \u00e9tablissement nouvellement cr\u00e9\u00e9, pour vous souhaiter plein succ\u00e8s dans l\u2019exercice de vos nouvelles missions et importantes responsabilit\u00e9s.<\/span><\/p>\n<p dir=\"ltr\" style=\"text-align: justify\"><span style=\"text-decoration: underline;color: #ff0000\"><strong><span style=\"font-family: 'Times New Roman', Times;font-size: 14pt\">Le secr\u00e9taire g\u00e9n\u00e9ral \u00a0de l\u2019institut STAPS de Laghouat\u00a0 est charg\u00e9:<\/span><\/strong><\/span><\/p>\n<p dir=\"ltr\" style=\"text-align: justify\"><span style=\"font-family: 'Times New Roman', Times;font-size: 14pt;color: #000000\">d&rsquo;assurer la gestion des carri\u00e8res des personnels de l&rsquo;universit\u00e9 dans le respect des attributions des instituts, <\/span><span style=\"font-family: 'Times New Roman', Times;font-size: 14pt;color: #000000\">de pr\u00e9parer le projet de budget de l\u2019institut et d&rsquo;en suivre l&rsquo;ex\u00e9cution, <\/span><span style=\"font-family: 'Times New Roman', Times;font-size: 14pt;color: #000000\">d&rsquo;assurer le suivi du financement des activit\u00e9s des laboratoires de recherche, <\/span><span style=\"font-family: 'Times New Roman', Times;font-size: 14pt;color: #000000\">de veiller au bon fonctionnement des services communs de l\u2019universit\u00e9, <\/span><span style=\"font-family: 'Times New Roman', Times;font-size: 14pt;color: #000000\">de mettre en \u0153uvre les programmes d\u2019activit\u00e9s culturelles et sportives de l\u2019institut et de les promouvoir, <\/span><span style=\"font-family: 'Times New Roman', Times;font-size: 14pt;color: #000000\">d&rsquo;assurer le suivi et la coordination des plans de s\u00fbret\u00e9 interne de l&rsquo;institut en relation avec le bureau du rectorat de s\u00fbret\u00e9 interne, <\/span><span style=\"font-family: 'Times New Roman', Times;font-size: 14pt;color: #000000\">d&rsquo;assurer la gestion et la conservation des archives et de la documentation du rectorat, <\/span><span style=\"font-family: 'Times New Roman', Times;font-size: 14pt;color: #000000\">d&rsquo;assurer le fonctionnement et la gestion du bureau d\u2019ordre de l\u2019universit\u00e9.<\/span><\/p>\n<p dir=\"ltr\"><strong><span style=\"text-decoration: underline;color: #ff0000\"><span style=\"font-family: 'Times New Roman', Times;font-size: 14pt\">Les services du Secr\u00e9tariat g\u00e9n\u00e9ral:<\/span><\/span><\/strong><\/p>\n<p dir=\"ltr\"><span style=\"text-decoration: underline;color: #339966\"><strong>Service\u00a0 des personnels:<\/strong><\/span><\/p>\n<p dir=\"ltr\"><span style=\"color: #000000\"><strong><span style=\"text-decoration: underline\"><span style=\"font-family: 'Times New Roman', Times;font-size: 14pt\">Chef de service: <\/span><\/span><\/strong><span style=\"text-decoration: underline\"><span style=\"font-family: 'Times New Roman', Times;font-size: 14pt\">Khalat Kihal Mohamed Lamin<\/span><\/span><\/span><\/p>\n<p dir=\"ltr\"><strong><u><span style=\"font-family: 'Times New Roman', Times;font-size: 14pt;color: #000000\">Gmail: <\/span><\/u><\/strong><u><span style=\"font-family: 'Times New Roman', Times;font-size: 14pt;color: #000000\"><span style=\"font-family: arabic-kufi;color: #000000;font-size: 14pt\">amine_joy@hotmail.com<\/span><\/span><\/u><\/p>\n<p dir=\"ltr\"><strong><u><span style=\"font-family: 'Times New Roman', Times;font-size: 14pt;color: #000000\">Num\u00e9ro de t\u00e9l\u00e9phone:<\/span><\/u><\/strong><\/p>\n<p dir=\"ltr\" style=\"text-align: left\"><span style=\"color: #339966\"><strong><u>Service des finances et de la comptabilit\u00e9:<\/u><\/strong><\/span><\/p>\n<p dir=\"ltr\"><span style=\"color: #000000\"><strong><span style=\"text-decoration: underline\"><span style=\"font-family: 'Times New Roman', Times;font-size: 14pt\">Chef de service: <\/span><\/span><\/strong><span style=\"text-decoration: underline\"><span style=\"font-family: 'Times New Roman', Times;font-size: 14pt\">Zaabta Widade<\/span><\/span><\/span><\/p>\n<p dir=\"ltr\"><strong><u><span style=\"font-family: 'Times New Roman', Times;font-size: 14pt;color: #000000\">Gmail: <\/span><\/u><\/strong><u><span style=\"font-family: 'Times New Roman', Times;font-size: 14pt;color: #000000\"><span style=\"font-family: arabic-kufi;color: #000000;font-size: 14pt\">widade_za@hotmail.com<\/span><\/span><\/u><\/p>\n<p dir=\"ltr\"><strong><u><span style=\"font-family: 'Times New Roman', Times;font-size: 14pt;color: #000000\">Num\u00e9ro de t\u00e9l\u00e9phone:<\/span><\/u><\/strong><\/p>\n<p dir=\"ltr\"><span style=\"color: #339966\"><strong><u>Service des moyens et de la maintenance:<\/u><\/strong><\/span><\/p>\n<p dir=\"ltr\"><span style=\"color: #000000\"><strong><span style=\"text-decoration: underline\"><span style=\"font-family: 'Times New Roman', Times;font-size: 14pt\">Chef de service:<\/span><\/span><\/strong><span style=\"text-decoration: underline\"><span style=\"font-family: 'Times New Roman', Times;font-size: 14pt\"> Ben Atia Ismaaille<\/span><\/span><\/span><\/p>\n<p dir=\"ltr\"><strong><u><span style=\"font-family: 'Times New Roman', Times;font-size: 14pt;color: #000000\">Gmail: <\/span><\/u><\/strong><u><span style=\"font-family: 'Times New Roman', Times;font-size: 14pt;color: #000000\"><span style=\"font-family: arabic-kufi;color: #000000;font-size: 14pt\">isma_ben@gmail.com<\/span><\/span><\/u><\/p>\n<p dir=\"ltr\" style=\"text-align: left\"><strong><u><span style=\"font-family: 'Times New Roman', Times;font-size: 14pt;color: #000000\">Num\u00e9ro de t\u00e9l\u00e9phone:<\/span><\/u><\/strong><\/p>\n","protected":false},"excerpt":{"rendered":"<p>&nbsp; Secr\u00e9tariat G\u00e9n\u00e9ral De L&rsquo;Institut Des Sciences Et Techniques Des Activit\u00e9s Physiques Et Sportives &nbsp; :Secr\u00e9taire G\u00e9n\u00e9ral Nom et pr\u00e9nom: Benthabet Abdeldjabbar :Num\u00e9ro de t\u00e9l\u00e9phone Gmail: ben.abdeldjbar@lagh-univ.dz MOT DU SECRETAIRE GENERAL DE LINSTITUT STAPS LAGHOUAT\u00a0: Cher(e)s coll\u00e8gues, soyez les bienvenus \u00e0 l\u2019institut STAPS DE LAGHOUAT des C\u2019est avec grand plaisir que je vous \u00e9cris ces [&hellip;]<\/p>\n","protected":false},"author":15,"featured_media":0,"parent":9945,"menu_order":0,"comment_status":"closed","ping_status":"closed","template":"elementor_header_footer","meta":{"_exactmetrics_skip_tracking":false,"_exactmetrics_sitenote_active":false,"_exactmetrics_sitenote_note":"","_exactmetrics_sitenote_category":0,"footnotes":""},"coauthors":[534],"class_list":["post-9909","page","type-page","status-publish","hentry"],"_links":{"self":[{"href":"https:\/\/lagh-univ.dz\/fr\/wp-json\/wp\/v2\/pages\/9909","targetHints":{"allow":["GET"]}}],"collection":[{"href":"https:\/\/lagh-univ.dz\/fr\/wp-json\/wp\/v2\/pages"}],"about":[{"href":"https:\/\/lagh-univ.dz\/fr\/wp-json\/wp\/v2\/types\/page"}],"author":[{"embeddable":true,"href":"https:\/\/lagh-univ.dz\/fr\/wp-json\/wp\/v2\/users\/15"}],"replies":[{"embeddable":true,"href":"https:\/\/lagh-univ.dz\/fr\/wp-json\/wp\/v2\/comments?post=9909"}],"version-history":[{"count":8,"href":"https:\/\/lagh-univ.dz\/fr\/wp-json\/wp\/v2\/pages\/9909\/revisions"}],"predecessor-version":[{"id":30293,"href":"https:\/\/lagh-univ.dz\/fr\/wp-json\/wp\/v2\/pages\/9909\/revisions\/30293"}],"up":[{"embeddable":true,"href":"https:\/\/lagh-univ.dz\/fr\/wp-json\/wp\/v2\/pages\/9945"}],"wp:attachment":[{"href":"https:\/\/lagh-univ.dz\/fr\/wp-json\/wp\/v2\/media?parent=9909"}],"wp:term":[{"taxonomy":"author","embeddable":true,"href":"https:\/\/lagh-univ.dz\/fr\/wp-json\/wp\/v2\/coauthors?post=9909"}],"curies":[{"name":"wp","href":"https:\/\/api.w.org\/{rel}","templated":true}]}}