{"id":9917,"date":"2019-01-24T14:54:55","date_gmt":"2019-01-24T16:54:55","guid":{"rendered":"https:\/\/lagh-univ.dz\/sport-departement-activites-physiques-et-educations-sportives\/"},"modified":"2022-03-18T14:29:11","modified_gmt":"2022-03-18T13:29:11","slug":"sport-departement-activites-physiques-et-educations-sportives","status":"publish","type":"page","link":"https:\/\/lagh-univ.dz\/fr\/sport-departement-activites-physiques-et-educations-sportives\/","title":{"rendered":"Sport-Departement- activit\u00e9s physiques et \u00e9ducations sportives"},"content":{"rendered":"<p dir=\"ltr\" style=\"text-align: center\"><span style=\"text-decoration: underline;color: #ff0000;font-size: 18pt\"><span style=\"font-family: 'Times New Roman', Times\"><strong>D\u00e9partement des activit\u00e9s physique\u00a0 et sportive \u00e9ducative:<\/strong><\/span><\/span><\/p>\n<p dir=\"ltr\" style=\"text-align: justify\"><span style=\"font-family: 'Times New Roman', Times;font-size: 14pt;color: #000000\">La Mention\u00a0<strong>activit\u00e9 physique et sportive \u00e9ducative \u00a0<\/strong>(EM) forme des professionnels de l\u2019enseignement, de l\u2019animation sportive et, plus largement, de l\u2019intervention \u00e9ducative dans le champ des activit\u00e9s physiques, sportives et \u00e9ducatif. Plus pr\u00e9cis\u00e9ment, elle pr\u00e9pare les \u00e9tudiants \u00e0 concevoir et encadrer des activit\u00e9s de formation dans les domaines de l\u2019\u00e9ducation physique et sportive (EPS), du sport et de l\u2019\u00e9ducation \u00e0 (pour) la sant\u00e9 et \u00e0 (pour) la citoyennet\u00e9.<\/span><\/p>\n<p dir=\"ltr\"><img fetchpriority=\"high\" decoding=\"async\" class=\" wp-image-27636 aligncenter\" src=\"https:\/\/lagh-univ.dz\/wp-content\/uploads\/2020\/02\/2-300x200.png\" alt=\"\" width=\"460\" height=\"306\" srcset=\"https:\/\/lagh-univ.dz\/wp-content\/uploads\/2020\/02\/2-300x200.png 300w, https:\/\/lagh-univ.dz\/wp-content\/uploads\/2020\/02\/2-768x511.png 768w, https:\/\/lagh-univ.dz\/wp-content\/uploads\/2020\/02\/2.png 920w\" sizes=\"(max-width: 460px) 100vw, 460px\" \/><\/p>\n","protected":false},"excerpt":{"rendered":"<p>D\u00e9partement des activit\u00e9s physique\u00a0 et sportive \u00e9ducative: La Mention\u00a0activit\u00e9 physique et sportive \u00e9ducative \u00a0(EM) forme des professionnels de l\u2019enseignement, de l\u2019animation sportive et, plus largement, de l\u2019intervention \u00e9ducative dans le champ des activit\u00e9s physiques, sportives et \u00e9ducatif. Plus pr\u00e9cis\u00e9ment, elle pr\u00e9pare les \u00e9tudiants \u00e0 concevoir et encadrer des activit\u00e9s de formation dans les domaines de [&hellip;]<\/p>\n","protected":false},"author":15,"featured_media":0,"parent":0,"menu_order":0,"comment_status":"closed","ping_status":"closed","template":"elementor_header_footer","meta":{"_exactmetrics_skip_tracking":false,"_exactmetrics_sitenote_active":false,"_exactmetrics_sitenote_note":"","_exactmetrics_sitenote_category":0,"footnotes":""},"coauthors":[534],"class_list":["post-9917","page","type-page","status-publish","hentry"],"_links":{"self":[{"href":"https:\/\/lagh-univ.dz\/fr\/wp-json\/wp\/v2\/pages\/9917","targetHints":{"allow":["GET"]}}],"collection":[{"href":"https:\/\/lagh-univ.dz\/fr\/wp-json\/wp\/v2\/pages"}],"about":[{"href":"https:\/\/lagh-univ.dz\/fr\/wp-json\/wp\/v2\/types\/page"}],"author":[{"embeddable":true,"href":"https:\/\/lagh-univ.dz\/fr\/wp-json\/wp\/v2\/users\/15"}],"replies":[{"embeddable":true,"href":"https:\/\/lagh-univ.dz\/fr\/wp-json\/wp\/v2\/comments?post=9917"}],"version-history":[{"count":9,"href":"https:\/\/lagh-univ.dz\/fr\/wp-json\/wp\/v2\/pages\/9917\/revisions"}],"predecessor-version":[{"id":27627,"href":"https:\/\/lagh-univ.dz\/fr\/wp-json\/wp\/v2\/pages\/9917\/revisions\/27627"}],"wp:attachment":[{"href":"https:\/\/lagh-univ.dz\/fr\/wp-json\/wp\/v2\/media?parent=9917"}],"wp:term":[{"taxonomy":"author","embeddable":true,"href":"https:\/\/lagh-univ.dz\/fr\/wp-json\/wp\/v2\/coauthors?post=9917"}],"curies":[{"name":"wp","href":"https:\/\/api.w.org\/{rel}","templated":true}]}}