{"id":9923,"date":"2018-07-19T19:42:30","date_gmt":"2018-07-19T19:42:30","guid":{"rendered":"https:\/\/lagh-univ.dz\/sport-graduation-mot-de-vice-doyen-2\/"},"modified":"2022-03-18T14:28:26","modified_gmt":"2022-03-18T13:28:26","slug":"sport-graduation-mot-de-vice-doyen-2","status":"publish","type":"page","link":"https:\/\/lagh-univ.dz\/fr\/sport-formation\/sport-graduation-mot-de-vice-doyen-2\/","title":{"rendered":"Sport- Graduation-mot de vice doyen"},"content":{"rendered":"<p dir=\"ltr\" style=\"text-align: center\"><span style=\"text-decoration: underline;color: #0000ff\"><span style=\"font-family: 'Times New Roman', Times;font-size: 14pt\"><strong>Mot de HAMMADI Djamal Directeur adjoint charge de la p\u00e9dagogie <\/strong><\/span><\/span><\/p>\n<p dir=\"ltr\" style=\"text-align: justify\"><span style=\"font-family: 'Times New Roman', Times;font-size: 14pt;color: #000000\">Bienvenue \u00e0 l&rsquo;institut des sciences et techniques des activit\u00e9s physiques et sportives<\/span><\/p>\n<p dir=\"ltr\" style=\"text-align: justify\"><span style=\"font-family: 'Times New Roman', Times;font-size: 14pt;color: #000000\">\u00a0\u00a0\u00a0\u00a0\u00a0L&rsquo;Institut des sciences et techniques de l&rsquo;activit\u00e9 physique et sportives\u00a0 \u00e0\u00a0 l&rsquo;Universit\u00e9 de Laghouat a \u00e9t\u00e9 incorpor\u00e9 \u00e0 l&rsquo;Universit\u00e9 de Laghouat en tant que d\u00e9partement de l&rsquo;\u00e9ducation physique et du sport en 2007 et en tant qu&rsquo;institut en 2010. Sa mission est de former des \u00e9tudiants et\u00a0 professionnels du sport et \u00e9ducation physique (pour enfants, adultes, et des professionnels de sport\u00a0 avec et sans doute avec aussi des personnes a des\u00a0 besoins particuliers), gestion du sport, loisirs et entra\u00eenement. Les programmes de licence et de master\u00a0 reposent \u00e0 la fois sur la th\u00e9orie et la pratique. Les programmes d&rsquo;\u00e9tudes de l&rsquo;\u00e9ducation physique et du sport sont \u00e9galement enseign\u00e9s en arabe fran\u00e7ais et anglais<\/span><\/p>\n<p dir=\"ltr\" style=\"text-align: justify\"><span style=\"font-family: 'Times New Roman', Times;font-size: 14pt;color: #000000\">\u00a0 \u00a0 \u00a0 L&rsquo;institut fait \u00e9galement partie des programmes de master\u00a0 et du doctorat, offrant un master en sport et en \u00e9ducation et gestion du sport sportif et aussi\u00a0 en coop\u00e9ration avec d&rsquo;autres universit\u00e9s et institutions scientifiques telles que la direction de la jeunesse et sport\u00a0 et l&rsquo;universit\u00e9 d&rsquo;Alger. Au niveau doctoral, l&rsquo;institut propose des programmes dans le domaine des activit\u00e9s physiques et sportives r\u00e9cr\u00e9atives\u00a0\u00a0\u00a0 et des activit\u00e9s physiques et sportives scolaire.<\/span><\/p>\n<p dir=\"ltr\" style=\"text-align: justify\"><span style=\"font-family: 'Times New Roman', Times;font-size: 14pt;color: #000000\">\u00a0\u00a0 \u00a0\u00a0\u00a0Les programmes d&rsquo;\u00e9tudes sont soutenus par des recherches pertinentes et enrichis par une coop\u00e9ration au niveau local avec les autorit\u00e9s locales et diverses organisations professionnelles, et au niveau international avec diverses universit\u00e9s \u00e9trang\u00e8res et organisations internationales comme les facult\u00e9s fran\u00e7aises et les universit\u00e9s turques et arabes. L&rsquo;Institut a d\u00e9velopp\u00e9 un nombre consid\u00e9rable de contacts avec des universit\u00e9s externes et locales qui facilitent les \u00e9changes d&rsquo;\u00e9tudiants et de personnel acad\u00e9mique et permettent la participation \u00e0 des projets de recherche conjoints. L&rsquo;Institut a des strat\u00e9gies pour offrir des opportunit\u00e9s pour l&rsquo;enseignement\u00a0 du grand public dans un proche avenir, offrant un large \u00e9ventail de cours d&rsquo;apprentissage tout au long de la vie.<\/span><\/p>\n<p dir=\"ltr\"><img decoding=\"async\" class=\"size-full wp-image-25947 alignright\" style=\"text-align: right\" src=\"https:\/\/lagh-univ.dz\/wp-content\/uploads\/2020\/02\/\u0627\u0644\u062f\u0643\u062a\u0648\u0631-\u062c\u0645\u0627\u0644-\u062d\u0645\u0627\u062f\u064a.png\" alt=\"\" width=\"144\" height=\"147\" \/><\/p>\n<p dir=\"ltr\">\n<p dir=\"ltr\" style=\"text-align: left\"><strong><span style=\"color: #000000;font-family: 'Times New Roman', Times;font-size: 14pt\"><span style=\"color: #ff0000\"><u>Nom et pr\u00e9nom:<\/u><\/span> Hammadi Djamal<\/span><\/strong><\/p>\n<p dir=\"ltr\" style=\"text-align: justify\"><strong><span style=\"color: #000000;font-family: 'Times New Roman', Times;font-size: 14pt\"><span style=\"color: #ff0000\"><u>Num\u00e9ro de t\u00e9l\u00e9phone:<\/u><\/span> <span style=\"font-family: arabic-kufi;font-size: 14pt\"><span style=\"color: #000000\">0.555.684.460<\/span><\/span><\/span><\/strong><\/p>\n<p dir=\"ltr\" style=\"text-align: justify\"><strong><span style=\"color: #000000;font-family: 'Times New Roman', Times;font-size: 14pt\"><span style=\"color: #ff0000\"><u>Gmail:<\/u><\/span> <span style=\"color: #000000\"><span style=\"font-family: arabic-kufi;font-size: 18.6667px\">d<\/span><span style=\"font-family: arabic-kufi;font-size: 14pt\">.hamadi@lagh-univ.dz<\/span><\/span><\/span><\/strong><\/p>\n<p style=\"text-align: right\">\n","protected":false},"excerpt":{"rendered":"<p>Mot de HAMMADI Djamal Directeur adjoint charge de la p\u00e9dagogie Bienvenue \u00e0 l&rsquo;institut des sciences et techniques des activit\u00e9s physiques et sportives \u00a0\u00a0\u00a0\u00a0\u00a0L&rsquo;Institut des sciences et techniques de l&rsquo;activit\u00e9 physique et sportives\u00a0 \u00e0\u00a0 l&rsquo;Universit\u00e9 de Laghouat a \u00e9t\u00e9 incorpor\u00e9 \u00e0 l&rsquo;Universit\u00e9 de Laghouat en tant que d\u00e9partement de l&rsquo;\u00e9ducation physique et du sport en 2007 [&hellip;]<\/p>\n","protected":false},"author":15,"featured_media":0,"parent":9945,"menu_order":0,"comment_status":"closed","ping_status":"closed","template":"elementor_header_footer","meta":{"_exactmetrics_skip_tracking":false,"_exactmetrics_sitenote_active":false,"_exactmetrics_sitenote_note":"","_exactmetrics_sitenote_category":0,"footnotes":""},"coauthors":[534],"class_list":["post-9923","page","type-page","status-publish","hentry"],"_links":{"self":[{"href":"https:\/\/lagh-univ.dz\/fr\/wp-json\/wp\/v2\/pages\/9923","targetHints":{"allow":["GET"]}}],"collection":[{"href":"https:\/\/lagh-univ.dz\/fr\/wp-json\/wp\/v2\/pages"}],"about":[{"href":"https:\/\/lagh-univ.dz\/fr\/wp-json\/wp\/v2\/types\/page"}],"author":[{"embeddable":true,"href":"https:\/\/lagh-univ.dz\/fr\/wp-json\/wp\/v2\/users\/15"}],"replies":[{"embeddable":true,"href":"https:\/\/lagh-univ.dz\/fr\/wp-json\/wp\/v2\/comments?post=9923"}],"version-history":[{"count":8,"href":"https:\/\/lagh-univ.dz\/fr\/wp-json\/wp\/v2\/pages\/9923\/revisions"}],"predecessor-version":[{"id":26500,"href":"https:\/\/lagh-univ.dz\/fr\/wp-json\/wp\/v2\/pages\/9923\/revisions\/26500"}],"up":[{"embeddable":true,"href":"https:\/\/lagh-univ.dz\/fr\/wp-json\/wp\/v2\/pages\/9945"}],"wp:attachment":[{"href":"https:\/\/lagh-univ.dz\/fr\/wp-json\/wp\/v2\/media?parent=9923"}],"wp:term":[{"taxonomy":"author","embeddable":true,"href":"https:\/\/lagh-univ.dz\/fr\/wp-json\/wp\/v2\/coauthors?post=9923"}],"curies":[{"name":"wp","href":"https:\/\/api.w.org\/{rel}","templated":true}]}}