{"id":9951,"date":"2018-07-18T19:43:54","date_gmt":"2018-07-18T19:43:54","guid":{"rendered":"https:\/\/lagh-univ.dz\/sport-formation-doctorat\/"},"modified":"2022-03-18T14:28:17","modified_gmt":"2022-03-18T13:28:17","slug":"sport-formation-doctorat","status":"publish","type":"page","link":"https:\/\/lagh-univ.dz\/fr\/sport-formation\/sport-formation-doctorat\/","title":{"rendered":"Sport- formation-doctorat"},"content":{"rendered":"<p dir=\"ltr\" style=\"text-align: center\"><span style=\"text-decoration: underline;color: #0000ff;font-size: 18pt\"><span style=\"font-family: 'Times New Roman', Times\"><strong>Doctorat<\/strong><\/span><\/span><\/p>\n<p dir=\"ltr\" style=\"text-align: justify\"><span style=\"font-family: 'Times New Roman', Times;font-size: 14pt;color: #000000\">La formation doctorale est reconnue comme un atout strat\u00e9gique pour enrichir le savoir et les connaissances sp\u00e9cialis\u00e9es\u00a0\u00a0\u00a0 Le doctorat peut vous offrir des possibilit\u00e9s:<\/span><\/p>\n<p dir=\"ltr\" style=\"text-align: justify\"><span style=\"font-family: 'Times New Roman', Times;font-size: 14pt;color: #000000\"><strong><span style=\"font-size: 18pt\">.<\/span><\/strong> Pour <strong>travailler dans des entreprise<\/strong>s (grandes ou petites),\u00a0<strong>des collectivit\u00e9s ou des administrations<\/strong>\u00a0: le doctorant peut se r\u00e9v\u00e9ler \u00eatre un atout, un collaborateur innovant.<\/span><\/p>\n<p dir=\"ltr\" style=\"text-align: justify\"><span style=\"font-family: 'Times New Roman', Times;font-size: 14pt;color: #000000\"><strong><span style=\"font-size: 18pt\">. <\/span><\/strong>Pour\u00a0<strong>devenir chercheur<\/strong>\u00a0et passer les concours d\u2019entr\u00e9e dans des organismes de recherche nationaux et internationaux.<\/span><\/p>\n<p dir=\"ltr\" style=\"text-align: justify\"><span style=\"font-family: 'Times New Roman', Times;font-size: 14pt;color: #000000\"><strong><span style=\"font-size: 18pt\">. <\/span><\/strong>Pour<strong>\u00a0acc\u00e9der au concours de Ma\u00eetre de Conf\u00e9rences<\/strong>, puis de\u00a0<strong>Professeur des Universit\u00e9s<\/strong>\u00a0en Alg\u00e9rie.<\/span><\/p>\n<p dir=\"ltr\" style=\"text-align: justify\"><span style=\"font-family: 'Times New Roman', Times;font-size: 14pt;color: #000000\"><strong>Les sp\u00e9cialit\u00e9s de doctorat DLMD au STAPS de LGHOUAT pour l\u2019ann\u00e9e 2019\/2020\u00a0:<\/strong><\/span><\/p>\n<p dir=\"ltr\" style=\"text-align: justify\"><span style=\"font-family: 'Times New Roman', Times;font-size: 14pt;color: #000000\">-Activit\u00e9 physique et sportive scolaire<\/span><\/p>\n<p dir=\"ltr\" style=\"text-align: justify\"><span style=\"font-family: 'Times New Roman', Times;font-size: 14pt;color: #000000\">&#8211; Activit\u00e9 physique et sportive r\u00e9cr\u00e9ative<\/span><\/p>\n<p dir=\"ltr\"><img fetchpriority=\"high\" decoding=\"async\" class=\" wp-image-27636 aligncenter\" src=\"https:\/\/lagh-univ.dz\/wp-content\/uploads\/2020\/02\/2-300x200.png\" alt=\"\" width=\"449\" height=\"299\" srcset=\"https:\/\/lagh-univ.dz\/wp-content\/uploads\/2020\/02\/2-300x200.png 300w, https:\/\/lagh-univ.dz\/wp-content\/uploads\/2020\/02\/2-768x511.png 768w, https:\/\/lagh-univ.dz\/wp-content\/uploads\/2020\/02\/2.png 920w\" sizes=\"(max-width: 449px) 100vw, 449px\" \/><\/p>\n<p dir=\"ltr\"><img decoding=\"async\" class=\"wp-image-25992 aligncenter\" src=\"https:\/\/lagh-univ.dz\/wp-content\/uploads\/2020\/02\/DSC_0061-300x200.jpg\" alt=\"\" width=\"444\" height=\"296\" srcset=\"https:\/\/lagh-univ.dz\/wp-content\/uploads\/2020\/02\/DSC_0061-300x200.jpg 300w, https:\/\/lagh-univ.dz\/wp-content\/uploads\/2020\/02\/DSC_0061-768x512.jpg 768w, https:\/\/lagh-univ.dz\/wp-content\/uploads\/2020\/02\/DSC_0061-1024x683.jpg 1024w\" sizes=\"(max-width: 444px) 100vw, 444px\" \/><\/p>\n<p dir=\"ltr\"><img decoding=\"async\" class=\" wp-image-29629 aligncenter\" src=\"https:\/\/lagh-univ.dz\/wp-content\/uploads\/2020\/02\/DSC_0043-300x200.jpg\" alt=\"\" width=\"442\" height=\"294\" srcset=\"https:\/\/lagh-univ.dz\/wp-content\/uploads\/2020\/02\/DSC_0043-300x200.jpg 300w, https:\/\/lagh-univ.dz\/wp-content\/uploads\/2020\/02\/DSC_0043-768x512.jpg 768w, https:\/\/lagh-univ.dz\/wp-content\/uploads\/2020\/02\/DSC_0043-1024x683.jpg 1024w\" sizes=\"(max-width: 442px) 100vw, 442px\" \/><\/p>\n","protected":false},"excerpt":{"rendered":"<p>Doctorat La formation doctorale est reconnue comme un atout strat\u00e9gique pour enrichir le savoir et les connaissances sp\u00e9cialis\u00e9es\u00a0\u00a0\u00a0 Le doctorat peut vous offrir des possibilit\u00e9s: . Pour travailler dans des entreprises (grandes ou petites),\u00a0des collectivit\u00e9s ou des administrations\u00a0: le doctorant peut se r\u00e9v\u00e9ler \u00eatre un atout, un collaborateur innovant. . Pour\u00a0devenir chercheur\u00a0et passer les concours [&hellip;]<\/p>\n","protected":false},"author":15,"featured_media":0,"parent":9945,"menu_order":0,"comment_status":"closed","ping_status":"closed","template":"elementor_header_footer","meta":{"_exactmetrics_skip_tracking":false,"_exactmetrics_sitenote_active":false,"_exactmetrics_sitenote_note":"","_exactmetrics_sitenote_category":0,"footnotes":""},"coauthors":[534],"class_list":["post-9951","page","type-page","status-publish","hentry"],"_links":{"self":[{"href":"https:\/\/lagh-univ.dz\/fr\/wp-json\/wp\/v2\/pages\/9951","targetHints":{"allow":["GET"]}}],"collection":[{"href":"https:\/\/lagh-univ.dz\/fr\/wp-json\/wp\/v2\/pages"}],"about":[{"href":"https:\/\/lagh-univ.dz\/fr\/wp-json\/wp\/v2\/types\/page"}],"author":[{"embeddable":true,"href":"https:\/\/lagh-univ.dz\/fr\/wp-json\/wp\/v2\/users\/15"}],"replies":[{"embeddable":true,"href":"https:\/\/lagh-univ.dz\/fr\/wp-json\/wp\/v2\/comments?post=9951"}],"version-history":[{"count":9,"href":"https:\/\/lagh-univ.dz\/fr\/wp-json\/wp\/v2\/pages\/9951\/revisions"}],"predecessor-version":[{"id":29707,"href":"https:\/\/lagh-univ.dz\/fr\/wp-json\/wp\/v2\/pages\/9951\/revisions\/29707"}],"up":[{"embeddable":true,"href":"https:\/\/lagh-univ.dz\/fr\/wp-json\/wp\/v2\/pages\/9945"}],"wp:attachment":[{"href":"https:\/\/lagh-univ.dz\/fr\/wp-json\/wp\/v2\/media?parent=9951"}],"wp:term":[{"taxonomy":"author","embeddable":true,"href":"https:\/\/lagh-univ.dz\/fr\/wp-json\/wp\/v2\/coauthors?post=9951"}],"curies":[{"name":"wp","href":"https:\/\/api.w.org\/{rel}","templated":true}]}}