{"id":9955,"date":"2019-01-24T14:55:10","date_gmt":"2019-01-24T16:55:10","guid":{"rendered":"https:\/\/lagh-univ.dz\/sport-departement-activites-physiques-et-educations-sportives-presentation\/"},"modified":"2022-03-18T14:29:28","modified_gmt":"2022-03-18T13:29:28","slug":"sport-departement-activites-physiques-et-educations-sportives-presentation","status":"publish","type":"page","link":"https:\/\/lagh-univ.dz\/fr\/sport-departement-activites-physiques-et-educations-sportives\/sport-departement-activites-physiques-et-educations-sportives-presentation\/","title":{"rendered":"Sport-Departement- activit\u00e9s physiques et \u00e9ducations sportives-presentation"},"content":{"rendered":"<p dir=\"ltr\" style=\"text-align: center\"><span style=\"text-decoration: underline;color: #0000ff;font-size: 18pt\"><span style=\"font-family: 'Times New Roman', Times\"><strong>D\u00e9partement Des Activit\u00e9s Physique\u00a0 Et Sportive Educative<\/strong><\/span><\/span><\/p>\n<p dir=\"ltr\" style=\"text-align: justify\"><span style=\"font-family: 'Times New Roman', Times;font-size: 14pt;color: #000000\">La Mention\u00a0activit\u00e9 physique et sportive \u00e9ducative \u00a0forme des professionnels de l\u2019enseignement, de l\u2019animation sportive et, plus largement, de l\u2019intervention \u00e9ducative dans le champ des activit\u00e9s physiques, sportives et \u00e9ducatif. Plus pr\u00e9cis\u00e9ment, elle pr\u00e9pare les \u00e9tudiants \u00e0 concevoir et encadrer des activit\u00e9s de formation dans les domaines de l\u2019\u00e9ducation physique et sportive (EPS), du sport et de l\u2019\u00e9ducation \u00e0 (pour) la sant\u00e9 et \u00e0 (pour) la citoyennet\u00e9.<\/span><\/p>\n<p dir=\"ltr\" style=\"text-align: justify\"><span style=\"font-family: 'Times New Roman', Times;font-size: 14pt;color: #000000\"><strong>\u00a0\u00a0\u00a0 -D\u00e9partement Education et motricit\u00e9<\/strong><\/span><\/p>\n<p dir=\"ltr\" style=\"text-align: justify\"><span style=\"font-family: 'Times New Roman', Times;font-size: 14pt;color: #000000\">\u00a0Elle s&rsquo;appuie sur des connaissances scientifiques et pratiques qui constituent le r\u00e9f\u00e9rentiel de l&rsquo;intervention p\u00e9dagogique en toute autonomie en secteur public ou priv\u00e9.<\/span><\/p>\n<p dir=\"ltr\" style=\"text-align: justify\"><span style=\"font-family: 'Times New Roman', Times;font-size: 14pt;color: #000000\">Cette sp\u00e9cialisation lui permet d&rsquo;encadrer des activit\u00e9s physiques et sportives dans les milieux scolaires, sportifs et de loisirs.<\/span><\/p>\n","protected":false},"excerpt":{"rendered":"<p>D\u00e9partement Des Activit\u00e9s Physique\u00a0 Et Sportive Educative La Mention\u00a0activit\u00e9 physique et sportive \u00e9ducative \u00a0forme des professionnels de l\u2019enseignement, de l\u2019animation sportive et, plus largement, de l\u2019intervention \u00e9ducative dans le champ des activit\u00e9s physiques, sportives et \u00e9ducatif. Plus pr\u00e9cis\u00e9ment, elle pr\u00e9pare les \u00e9tudiants \u00e0 concevoir et encadrer des activit\u00e9s de formation dans les domaines de l\u2019\u00e9ducation [&hellip;]<\/p>\n","protected":false},"author":15,"featured_media":0,"parent":9917,"menu_order":0,"comment_status":"closed","ping_status":"closed","template":"elementor_header_footer","meta":{"_exactmetrics_skip_tracking":false,"_exactmetrics_sitenote_active":false,"_exactmetrics_sitenote_note":"","_exactmetrics_sitenote_category":0,"footnotes":""},"coauthors":[534],"class_list":["post-9955","page","type-page","status-publish","hentry"],"_links":{"self":[{"href":"https:\/\/lagh-univ.dz\/fr\/wp-json\/wp\/v2\/pages\/9955","targetHints":{"allow":["GET"]}}],"collection":[{"href":"https:\/\/lagh-univ.dz\/fr\/wp-json\/wp\/v2\/pages"}],"about":[{"href":"https:\/\/lagh-univ.dz\/fr\/wp-json\/wp\/v2\/types\/page"}],"author":[{"embeddable":true,"href":"https:\/\/lagh-univ.dz\/fr\/wp-json\/wp\/v2\/users\/15"}],"replies":[{"embeddable":true,"href":"https:\/\/lagh-univ.dz\/fr\/wp-json\/wp\/v2\/comments?post=9955"}],"version-history":[{"count":3,"href":"https:\/\/lagh-univ.dz\/fr\/wp-json\/wp\/v2\/pages\/9955\/revisions"}],"predecessor-version":[{"id":29793,"href":"https:\/\/lagh-univ.dz\/fr\/wp-json\/wp\/v2\/pages\/9955\/revisions\/29793"}],"up":[{"embeddable":true,"href":"https:\/\/lagh-univ.dz\/fr\/wp-json\/wp\/v2\/pages\/9917"}],"wp:attachment":[{"href":"https:\/\/lagh-univ.dz\/fr\/wp-json\/wp\/v2\/media?parent=9955"}],"wp:term":[{"taxonomy":"author","embeddable":true,"href":"https:\/\/lagh-univ.dz\/fr\/wp-json\/wp\/v2\/coauthors?post=9955"}],"curies":[{"name":"wp","href":"https:\/\/api.w.org\/{rel}","templated":true}]}}