{"id":9959,"date":"2019-01-24T14:56:24","date_gmt":"2019-01-24T16:56:24","guid":{"rendered":"https:\/\/lagh-univ.dz\/sport-departement-activites-physiques-et-educations-sportives-emploi-du-temps-licence\/"},"modified":"2022-03-18T14:29:15","modified_gmt":"2022-03-18T13:29:15","slug":"sport-departement-activites-physiques-et-educations-sportives-emploi-du-temps-licence","status":"publish","type":"page","link":"https:\/\/lagh-univ.dz\/fr\/sport-departement-activites-physiques-et-educations-sportives\/sport-departement-activites-physiques-et-educations-sportives-emploi-du-temps-licence\/","title":{"rendered":"Sport-Departement- activit\u00e9s physiques et \u00e9ducations sportives-Emploi du temps-licence"},"content":{"rendered":"<p style=\"text-align: center\"><span style=\"text-decoration: underline;color: #000000\"><strong><span style=\"font-family: 'Times New Roman', Times;font-size: 14pt\">Emploi du temps-licence<\/span><\/strong><\/span><\/p>\n<p><span style=\"text-decoration: underline;color: #000000\"><strong><span style=\"font-family: 'Times New Roman', Times;font-size: 14pt\">Premi\u00e8re Ann\u00e9e<\/span><\/strong><\/span><\/p>\n<p><a href=\"https:\/\/lagh-univ.dz\/wp-content\/uploads\/2020\/02\/1ER-ANNEE-SPORT.pdf\">1ER ANNEE SPORT<\/a><\/p>\n<p><span style=\"text-decoration: underline;color: #000000\"><strong><span style=\"font-family: 'Times New Roman', Times;font-size: 14pt\">Deuxi\u00e8me ann\u00e9e de licence<\/span><\/strong><\/span><\/p>\n<p><a href=\"https:\/\/lagh-univ.dz\/wp-content\/uploads\/2020\/02\/2eme-licence.pdf\">2eme licence<\/a><\/p>\n<p><span style=\"text-decoration: underline;color: #000000\"><strong><span style=\"font-family: 'Times New Roman', Times;font-size: 14pt\">Troisi\u00e8me ann\u00e9e de licence<\/span><\/strong><\/span><\/p>\n<p><a href=\"https:\/\/lagh-univ.dz\/wp-content\/uploads\/2020\/02\/3EME-ANNEE.pdf\">3EME ANNEE<\/a><\/p>\n","protected":false},"excerpt":{"rendered":"<p>Emploi du temps-licence Premi\u00e8re Ann\u00e9e 1ER ANNEE SPORT Deuxi\u00e8me ann\u00e9e de licence 2eme licence Troisi\u00e8me ann\u00e9e de licence 3EME ANNEE<\/p>\n","protected":false},"author":15,"featured_media":0,"parent":9917,"menu_order":0,"comment_status":"closed","ping_status":"closed","template":"elementor_header_footer","meta":{"_exactmetrics_skip_tracking":false,"_exactmetrics_sitenote_active":false,"_exactmetrics_sitenote_note":"","_exactmetrics_sitenote_category":0,"footnotes":""},"coauthors":[534],"class_list":["post-9959","page","type-page","status-publish","hentry"],"_links":{"self":[{"href":"https:\/\/lagh-univ.dz\/fr\/wp-json\/wp\/v2\/pages\/9959","targetHints":{"allow":["GET"]}}],"collection":[{"href":"https:\/\/lagh-univ.dz\/fr\/wp-json\/wp\/v2\/pages"}],"about":[{"href":"https:\/\/lagh-univ.dz\/fr\/wp-json\/wp\/v2\/types\/page"}],"author":[{"embeddable":true,"href":"https:\/\/lagh-univ.dz\/fr\/wp-json\/wp\/v2\/users\/15"}],"replies":[{"embeddable":true,"href":"https:\/\/lagh-univ.dz\/fr\/wp-json\/wp\/v2\/comments?post=9959"}],"version-history":[{"count":8,"href":"https:\/\/lagh-univ.dz\/fr\/wp-json\/wp\/v2\/pages\/9959\/revisions"}],"predecessor-version":[{"id":30615,"href":"https:\/\/lagh-univ.dz\/fr\/wp-json\/wp\/v2\/pages\/9959\/revisions\/30615"}],"up":[{"embeddable":true,"href":"https:\/\/lagh-univ.dz\/fr\/wp-json\/wp\/v2\/pages\/9917"}],"wp:attachment":[{"href":"https:\/\/lagh-univ.dz\/fr\/wp-json\/wp\/v2\/media?parent=9959"}],"wp:term":[{"taxonomy":"author","embeddable":true,"href":"https:\/\/lagh-univ.dz\/fr\/wp-json\/wp\/v2\/coauthors?post=9959"}],"curies":[{"name":"wp","href":"https:\/\/api.w.org\/{rel}","templated":true}]}}