{"id":9961,"date":"2019-01-24T14:56:43","date_gmt":"2019-01-24T16:56:43","guid":{"rendered":"https:\/\/lagh-univ.dz\/sport-departement-activites-physiques-et-educations-sportives-emploi-du-temps-master\/"},"modified":"2022-03-18T14:29:17","modified_gmt":"2022-03-18T13:29:17","slug":"sport-departement-activites-physiques-et-educations-sportives-emploi-du-temps-master","status":"publish","type":"page","link":"https:\/\/lagh-univ.dz\/fr\/sport-departement-activites-physiques-et-educations-sportives\/sport-departement-activites-physiques-et-educations-sportives-emploi-du-temps-master\/","title":{"rendered":"Sport-Departement- activit\u00e9s physiques et \u00e9ducations sportives-Emploi du temps-master"},"content":{"rendered":"<p style=\"text-align: center\"><span style=\"text-decoration: underline;color: #000000\"><strong><span style=\"font-family: 'Times New Roman', Times;font-size: 14pt\">Emploi du temps-master<\/span><\/strong><\/span><\/p>\n<p dir=\"ltr\"><span style=\"text-decoration: underline;color: #000000\"><strong><span style=\"font-family: 'Times New Roman', Times;font-size: 14pt\">Premi\u00e8re Ann\u00e9e<\/span><\/strong><\/span><\/p>\n<p dir=\"ltr\"><a href=\"https:\/\/lagh-univ.dz\/wp-content\/uploads\/2020\/02\/1ER-ANNEE-MASTER-SCOLAIRE.pdf\">1ER ANNEE MASTER SCOLAIRE<\/a><\/p>\n<p dir=\"ltr\"><span style=\"text-decoration: underline;color: #000000\"><strong><span style=\"font-family: 'Times New Roman', Times;font-size: 14pt\">Deuxi\u00e8me ann\u00e9e<\/span><\/strong><\/span><\/p>\n<p dir=\"ltr\"><a href=\"https:\/\/lagh-univ.dz\/wp-content\/uploads\/2020\/02\/Master-2-scolaire.pdf\">Master 2 scolaire<\/a><\/p>\n","protected":false},"excerpt":{"rendered":"<p>Emploi du temps-master Premi\u00e8re Ann\u00e9e 1ER ANNEE MASTER SCOLAIRE Deuxi\u00e8me ann\u00e9e Master 2 scolaire<\/p>\n","protected":false},"author":15,"featured_media":0,"parent":9917,"menu_order":0,"comment_status":"closed","ping_status":"closed","template":"elementor_header_footer","meta":{"_exactmetrics_skip_tracking":false,"_exactmetrics_sitenote_active":false,"_exactmetrics_sitenote_note":"","_exactmetrics_sitenote_category":0,"footnotes":""},"coauthors":[534],"class_list":["post-9961","page","type-page","status-publish","hentry"],"_links":{"self":[{"href":"https:\/\/lagh-univ.dz\/fr\/wp-json\/wp\/v2\/pages\/9961","targetHints":{"allow":["GET"]}}],"collection":[{"href":"https:\/\/lagh-univ.dz\/fr\/wp-json\/wp\/v2\/pages"}],"about":[{"href":"https:\/\/lagh-univ.dz\/fr\/wp-json\/wp\/v2\/types\/page"}],"author":[{"embeddable":true,"href":"https:\/\/lagh-univ.dz\/fr\/wp-json\/wp\/v2\/users\/15"}],"replies":[{"embeddable":true,"href":"https:\/\/lagh-univ.dz\/fr\/wp-json\/wp\/v2\/comments?post=9961"}],"version-history":[{"count":4,"href":"https:\/\/lagh-univ.dz\/fr\/wp-json\/wp\/v2\/pages\/9961\/revisions"}],"predecessor-version":[{"id":30633,"href":"https:\/\/lagh-univ.dz\/fr\/wp-json\/wp\/v2\/pages\/9961\/revisions\/30633"}],"up":[{"embeddable":true,"href":"https:\/\/lagh-univ.dz\/fr\/wp-json\/wp\/v2\/pages\/9917"}],"wp:attachment":[{"href":"https:\/\/lagh-univ.dz\/fr\/wp-json\/wp\/v2\/media?parent=9961"}],"wp:term":[{"taxonomy":"author","embeddable":true,"href":"https:\/\/lagh-univ.dz\/fr\/wp-json\/wp\/v2\/coauthors?post=9961"}],"curies":[{"name":"wp","href":"https:\/\/api.w.org\/{rel}","templated":true}]}}