{"id":9973,"date":"2019-01-24T15:06:35","date_gmt":"2019-01-24T17:06:35","guid":{"rendered":"https:\/\/lagh-univ.dz\/sport-departement-gestion-sportive-administration\/"},"modified":"2022-03-18T14:29:32","modified_gmt":"2022-03-18T13:29:32","slug":"sport-departement-gestion-sportive-administration","status":"publish","type":"page","link":"https:\/\/lagh-univ.dz\/fr\/sport-departement-gestion-sportive\/sport-departement-gestion-sportive-administration\/","title":{"rendered":"Sport-Departement- G\u00e9stion sportive-administration"},"content":{"rendered":"<p dir=\"ltr\" style=\"text-align: center\"><span style=\"text-decoration: underline;color: #0000ff\"><strong><span style=\"font-family: 'Times New Roman', Times;font-size: 18pt\">Departement\u00a0 Management Et Gestion De Sport <\/span><\/strong><\/span><\/p>\n<h2 style=\"text-align: left\"><span style=\"color: #000000\"><strong><span style=\"font-family: 'Times New Roman', Times;font-size: 14pt\">chef departement\u00a0 management et gestion de sport<img decoding=\"async\" class=\"size-full wp-image-23865 alignright\" src=\"https:\/\/lagh-univ.dz\/wp-content\/uploads\/2020\/02\/\u062f\u0643\u062a\u0648\u0631-\u0642\u0637\u0627\u0641-\u0645\u062d\u0645\u062f.png\" alt=\"\" width=\"125\" height=\"149\" \/> <\/span><\/strong><\/span><\/h2>\n<h2 style=\"text-align: left\"><span style=\"color: #000000\"><strong><span style=\"font-family: 'Times New Roman', Times;font-size: 14pt\">M\/ GUETTAF Mohammed <\/span><\/strong><\/span><\/h2>\n<p dir=\"ltr\" style=\"text-align: left\"><span style=\"color: #000000\"><strong><span style=\"font-family: 'Times New Roman', Times;font-size: 14pt\"><u>Num\u00e9ro de t\u00e9l\u00e9phone:<\/u> 029.107.433<\/span><\/strong><\/span><\/p>\n<p dir=\"ltr\" style=\"text-align: left\"><span style=\"color: #000000\"><strong><span style=\"font-family: 'Times New Roman', Times;font-size: 14pt\"><u>Gmail:<\/u> <\/span><\/strong><\/span><\/p>\n","protected":false},"excerpt":{"rendered":"<p>Departement\u00a0 Management Et Gestion De Sport chef departement\u00a0 management et gestion de sport M\/ GUETTAF Mohammed Num\u00e9ro de t\u00e9l\u00e9phone: 029.107.433 Gmail:<\/p>\n","protected":false},"author":15,"featured_media":0,"parent":9919,"menu_order":0,"comment_status":"closed","ping_status":"closed","template":"elementor_header_footer","meta":{"_exactmetrics_skip_tracking":false,"_exactmetrics_sitenote_active":false,"_exactmetrics_sitenote_note":"","_exactmetrics_sitenote_category":0,"footnotes":""},"coauthors":[534],"class_list":["post-9973","page","type-page","status-publish","hentry"],"_links":{"self":[{"href":"https:\/\/lagh-univ.dz\/fr\/wp-json\/wp\/v2\/pages\/9973","targetHints":{"allow":["GET"]}}],"collection":[{"href":"https:\/\/lagh-univ.dz\/fr\/wp-json\/wp\/v2\/pages"}],"about":[{"href":"https:\/\/lagh-univ.dz\/fr\/wp-json\/wp\/v2\/types\/page"}],"author":[{"embeddable":true,"href":"https:\/\/lagh-univ.dz\/fr\/wp-json\/wp\/v2\/users\/15"}],"replies":[{"embeddable":true,"href":"https:\/\/lagh-univ.dz\/fr\/wp-json\/wp\/v2\/comments?post=9973"}],"version-history":[{"count":7,"href":"https:\/\/lagh-univ.dz\/fr\/wp-json\/wp\/v2\/pages\/9973\/revisions"}],"predecessor-version":[{"id":29789,"href":"https:\/\/lagh-univ.dz\/fr\/wp-json\/wp\/v2\/pages\/9973\/revisions\/29789"}],"up":[{"embeddable":true,"href":"https:\/\/lagh-univ.dz\/fr\/wp-json\/wp\/v2\/pages\/9919"}],"wp:attachment":[{"href":"https:\/\/lagh-univ.dz\/fr\/wp-json\/wp\/v2\/media?parent=9973"}],"wp:term":[{"taxonomy":"author","embeddable":true,"href":"https:\/\/lagh-univ.dz\/fr\/wp-json\/wp\/v2\/coauthors?post=9973"}],"curies":[{"name":"wp","href":"https:\/\/api.w.org\/{rel}","templated":true}]}}